{"id":9752,"date":"2022-11-03T13:16:39","date_gmt":"2022-11-03T12:16:39","guid":{"rendered":"https:\/\/lieselehof.com\/wines\/senza-categoria\/julian\/"},"modified":"2025-04-30T17:31:35","modified_gmt":"2025-04-30T15:31:35","slug":"julian","status":"publish","type":"product","link":"https:\/\/lieselehof.com\/it\/wines\/classic\/julian\/","title":{"rendered":"Julian"},"content":{"rendered":"<p><strong>Origine:<\/strong> All\u2019Istituto Nazionale di Freiburg (D) nel 1975 si incominciava a captare, il valore dell\u2019 incrocio BRONNER (Seyve-Villard 5-276 x (Riesling x Pinot Grigio)) e (Zarya Severa x Saint Laurent). Il vitigno non necessita trattamenti con antiparassiti o altri veleni. \u00c8 resistente contro Oidium e Peronospora.<\/p>\n<p>&nbsp;<\/p>\n<p><strong>Sviluppo:<\/strong> Forte e piuttosto verticale.<\/p>\n<p>&nbsp;<\/p>\n<p><strong>Rendimento:<\/strong> Per ogni ramo ci sono da 2 a 3 grappoli di dimensione media. Si rende quindi necessario potare con decisione. Per migliorare la qualit\u00e0 del vino il carico della vite non deve superare 1.5 chilogrammi \u00e0 pianta. Con questa resa riusciamo a produrre vini di qualit\u00e0 eccezionale.<\/p>\n<p>&nbsp;<\/p>\n<p><strong>Maturazione:<\/strong> Una settimana dopo il Pinot Bianco. La vendemmia ha inizio alla fine di settembre fino i primi giorni di ottobre.<\/p>\n<p>&nbsp;<\/p>\n<p><strong>Zucchero:<\/strong> 18,5\u00b0 &#8211; 19,5\u00b0 Babo<\/p>\n<p>&nbsp;<\/p>\n<p><strong>Vino:<\/strong> All\u2019olfatto si presenta fruttato, con sentori di miele (Riesling), limone e frutti esotici. Il vino \u00e8 concentrato, abbondante ed ha una struttura complessa. Intenso e pieno al palato con un elegante nota minerale e una vivace nota acidula nel finale. \u00c8 di lunghissima persistenza nel palato.<\/p>\n<p>&nbsp;<\/p>\n<p><strong>Abbinamenti consigliati:<\/strong> Si accompagna ottimamente \u00e0 piatti a base di pesce, carni bianche e la cucina asiatica. Si apprezza anche come vino da aperitivo.<\/p>\n<p>&nbsp;<\/p>\n<p><strong>Temperatura di servizio:<\/strong> 13\u00b0C, nella stagione fredda anche 14\/15\u00b0C<\/p>\n","protected":false},"excerpt":{"rendered":"<p>Le viti crescono su un terreno argilloso e ghiaioso, disseminato di pietra calcarea. Con i suoi delicati aromi floreali, lo Julian ricorda la pesca, il litchi e il pompelmo. \u00c8 di colore giallo-oro, corposo e possiede un\u2018ottima struttura.   <strong>Uno straordinario vino da aperitivo. Si abbina molto bene con carni bianche e pesce speziato. \u00c8 l\u2018ideale anche con la cucina asiatica.<\/strong><\/p>\n","protected":false},"featured_media":6857,"template":"","meta":{"_acf_changed":false,"inline_featured_image":false},"product_brand":[],"product_cat":[87],"product_tag":[],"class_list":{"0":"post-9752","1":"product","2":"type-product","3":"status-publish","4":"has-post-thumbnail","6":"product_cat-classic","8":"first","9":"instock","10":"taxable","11":"shipping-taxable","12":"purchasable","13":"product-type-simple"},"acf":[],"yoast_head":"<!-- This site is optimized with the Yoast SEO plugin v26.4 - https:\/\/yoast.com\/wordpress\/plugins\/seo\/ -->\n<title>Julian - Lieselehof<\/title>\n<meta name=\"robots\" content=\"index, follow, max-snippet:-1, max-image-preview:large, max-video-preview:-1\" \/>\n<link rel=\"canonical\" href=\"https:\/\/lieselehof.com\/it\/wines\/classic\/julian\/\" \/>\n<meta property=\"og:locale\" content=\"it_IT\" \/>\n<meta property=\"og:type\" content=\"article\" \/>\n<meta property=\"og:title\" content=\"Julian - Lieselehof\" \/>\n<meta property=\"og:description\" content=\"Le viti crescono su un terreno argilloso e ghiaioso, disseminato di pietra calcarea. Con i suoi delicati aromi floreali, lo Julian ricorda la pesca, il litchi e il pompelmo. \u00c8 di colore giallo-oro, corposo e possiede un\u2018ottima struttura.  Uno straordinario vino da aperitivo. Si abbina molto bene con carni bianche e pesce speziato. \u00c8 l\u2018ideale anche con la cucina asiatica.\" \/>\n<meta property=\"og:url\" content=\"https:\/\/lieselehof.com\/it\/wines\/classic\/julian\/\" \/>\n<meta property=\"og:site_name\" content=\"Lieselehof\" \/>\n<meta property=\"article:publisher\" content=\"https:\/\/www.facebook.com\/lieselehof\" \/>\n<meta property=\"article:modified_time\" content=\"2025-04-30T15:31:35+00:00\" \/>\n<meta property=\"og:image\" content=\"https:\/\/lieselehof.com\/wp-content\/uploads\/2022\/11\/lieselehof-julian-e1687793390257.webp\" \/>\n\t<meta property=\"og:image:width\" content=\"1081\" \/>\n\t<meta property=\"og:image:height\" content=\"2560\" \/>\n\t<meta property=\"og:image:type\" content=\"image\/webp\" \/>\n<meta name=\"twitter:card\" content=\"summary_large_image\" \/>\n<meta name=\"twitter:label1\" content=\"Tempo di lettura stimato\" \/>\n\t<meta name=\"twitter:data1\" content=\"1 minuto\" \/>\n<script type=\"application\/ld+json\" class=\"yoast-schema-graph\">{\"@context\":\"https:\/\/schema.org\",\"@graph\":[{\"@type\":\"WebPage\",\"@id\":\"https:\/\/lieselehof.com\/it\/wines\/classic\/julian\/\",\"url\":\"https:\/\/lieselehof.com\/it\/wines\/classic\/julian\/\",\"name\":\"Julian - Lieselehof\",\"isPartOf\":{\"@id\":\"https:\/\/lieselehof.com\/it\/#website\"},\"primaryImageOfPage\":{\"@id\":\"https:\/\/lieselehof.com\/it\/wines\/classic\/julian\/#primaryimage\"},\"image\":{\"@id\":\"https:\/\/lieselehof.com\/it\/wines\/classic\/julian\/#primaryimage\"},\"thumbnailUrl\":\"https:\/\/lieselehof.com\/wp-content\/uploads\/2022\/11\/lieselehof-julian-e1687793390257.webp\",\"datePublished\":\"2022-11-03T12:16:39+00:00\",\"dateModified\":\"2025-04-30T15:31:35+00:00\",\"breadcrumb\":{\"@id\":\"https:\/\/lieselehof.com\/it\/wines\/classic\/julian\/#breadcrumb\"},\"inLanguage\":\"it-IT\",\"potentialAction\":[{\"@type\":\"ReadAction\",\"target\":[\"https:\/\/lieselehof.com\/it\/wines\/classic\/julian\/\"]}]},{\"@type\":\"ImageObject\",\"inLanguage\":\"it-IT\",\"@id\":\"https:\/\/lieselehof.com\/it\/wines\/classic\/julian\/#primaryimage\",\"url\":\"https:\/\/lieselehof.com\/wp-content\/uploads\/2022\/11\/lieselehof-julian-e1687793390257.webp\",\"contentUrl\":\"https:\/\/lieselehof.com\/wp-content\/uploads\/2022\/11\/lieselehof-julian-e1687793390257.webp\",\"width\":1081,\"height\":2560},{\"@type\":\"BreadcrumbList\",\"@id\":\"https:\/\/lieselehof.com\/it\/wines\/classic\/julian\/#breadcrumb\",\"itemListElement\":[{\"@type\":\"ListItem\",\"position\":1,\"name\":\"home\",\"item\":\"https:\/\/lieselehof.com\/it\/\"},{\"@type\":\"ListItem\",\"position\":2,\"name\":\"Vini\",\"item\":\"https:\/\/lieselehof.com\/it\/vini\/\"},{\"@type\":\"ListItem\",\"position\":3,\"name\":\"Classic\",\"item\":\"https:\/\/lieselehof.com\/it\/categoria\/classic\/\"},{\"@type\":\"ListItem\",\"position\":4,\"name\":\"Julian\"}]},{\"@type\":\"WebSite\",\"@id\":\"https:\/\/lieselehof.com\/it\/#website\",\"url\":\"https:\/\/lieselehof.com\/it\/\",\"name\":\"Lieselehof\",\"description\":\"Quality Wines\",\"publisher\":{\"@id\":\"https:\/\/lieselehof.com\/it\/#organization\"},\"potentialAction\":[{\"@type\":\"SearchAction\",\"target\":{\"@type\":\"EntryPoint\",\"urlTemplate\":\"https:\/\/lieselehof.com\/it\/?s={search_term_string}\"},\"query-input\":{\"@type\":\"PropertyValueSpecification\",\"valueRequired\":true,\"valueName\":\"search_term_string\"}}],\"inLanguage\":\"it-IT\"},{\"@type\":\"Organization\",\"@id\":\"https:\/\/lieselehof.com\/it\/#organization\",\"name\":\"Lieselehof\",\"url\":\"https:\/\/lieselehof.com\/it\/\",\"logo\":{\"@type\":\"ImageObject\",\"inLanguage\":\"it-IT\",\"@id\":\"https:\/\/lieselehof.com\/it\/#\/schema\/logo\/image\/\",\"url\":\"https:\/\/lieselehof.com\/wp-content\/uploads\/lieselehof-logo.svg\",\"contentUrl\":\"https:\/\/lieselehof.com\/wp-content\/uploads\/lieselehof-logo.svg\",\"width\":240,\"height\":124,\"caption\":\"Lieselehof\"},\"image\":{\"@id\":\"https:\/\/lieselehof.com\/it\/#\/schema\/logo\/image\/\"},\"sameAs\":[\"https:\/\/www.facebook.com\/lieselehof\",\"https:\/\/www.instagram.com\/lieselehof_tenuta\/\"]}]}<\/script>\n<!-- \/ Yoast SEO plugin. -->","yoast_head_json":{"title":"Julian - Lieselehof","robots":{"index":"index","follow":"follow","max-snippet":"max-snippet:-1","max-image-preview":"max-image-preview:large","max-video-preview":"max-video-preview:-1"},"canonical":"https:\/\/lieselehof.com\/it\/wines\/classic\/julian\/","og_locale":"it_IT","og_type":"article","og_title":"Julian - Lieselehof","og_description":"Le viti crescono su un terreno argilloso e ghiaioso, disseminato di pietra calcarea. Con i suoi delicati aromi floreali, lo Julian ricorda la pesca, il litchi e il pompelmo. \u00c8 di colore giallo-oro, corposo e possiede un\u2018ottima struttura.  Uno straordinario vino da aperitivo. Si abbina molto bene con carni bianche e pesce speziato. \u00c8 l\u2018ideale anche con la cucina asiatica.","og_url":"https:\/\/lieselehof.com\/it\/wines\/classic\/julian\/","og_site_name":"Lieselehof","article_publisher":"https:\/\/www.facebook.com\/lieselehof","article_modified_time":"2025-04-30T15:31:35+00:00","og_image":[{"width":1081,"height":2560,"url":"https:\/\/lieselehof.com\/wp-content\/uploads\/2022\/11\/lieselehof-julian-e1687793390257.webp","type":"image\/webp"}],"twitter_card":"summary_large_image","twitter_misc":{"Tempo di lettura stimato":"1 minuto"},"schema":{"@context":"https:\/\/schema.org","@graph":[{"@type":"WebPage","@id":"https:\/\/lieselehof.com\/it\/wines\/classic\/julian\/","url":"https:\/\/lieselehof.com\/it\/wines\/classic\/julian\/","name":"Julian - Lieselehof","isPartOf":{"@id":"https:\/\/lieselehof.com\/it\/#website"},"primaryImageOfPage":{"@id":"https:\/\/lieselehof.com\/it\/wines\/classic\/julian\/#primaryimage"},"image":{"@id":"https:\/\/lieselehof.com\/it\/wines\/classic\/julian\/#primaryimage"},"thumbnailUrl":"https:\/\/lieselehof.com\/wp-content\/uploads\/2022\/11\/lieselehof-julian-e1687793390257.webp","datePublished":"2022-11-03T12:16:39+00:00","dateModified":"2025-04-30T15:31:35+00:00","breadcrumb":{"@id":"https:\/\/lieselehof.com\/it\/wines\/classic\/julian\/#breadcrumb"},"inLanguage":"it-IT","potentialAction":[{"@type":"ReadAction","target":["https:\/\/lieselehof.com\/it\/wines\/classic\/julian\/"]}]},{"@type":"ImageObject","inLanguage":"it-IT","@id":"https:\/\/lieselehof.com\/it\/wines\/classic\/julian\/#primaryimage","url":"https:\/\/lieselehof.com\/wp-content\/uploads\/2022\/11\/lieselehof-julian-e1687793390257.webp","contentUrl":"https:\/\/lieselehof.com\/wp-content\/uploads\/2022\/11\/lieselehof-julian-e1687793390257.webp","width":1081,"height":2560},{"@type":"BreadcrumbList","@id":"https:\/\/lieselehof.com\/it\/wines\/classic\/julian\/#breadcrumb","itemListElement":[{"@type":"ListItem","position":1,"name":"home","item":"https:\/\/lieselehof.com\/it\/"},{"@type":"ListItem","position":2,"name":"Vini","item":"https:\/\/lieselehof.com\/it\/vini\/"},{"@type":"ListItem","position":3,"name":"Classic","item":"https:\/\/lieselehof.com\/it\/categoria\/classic\/"},{"@type":"ListItem","position":4,"name":"Julian"}]},{"@type":"WebSite","@id":"https:\/\/lieselehof.com\/it\/#website","url":"https:\/\/lieselehof.com\/it\/","name":"Lieselehof","description":"Quality Wines","publisher":{"@id":"https:\/\/lieselehof.com\/it\/#organization"},"potentialAction":[{"@type":"SearchAction","target":{"@type":"EntryPoint","urlTemplate":"https:\/\/lieselehof.com\/it\/?s={search_term_string}"},"query-input":{"@type":"PropertyValueSpecification","valueRequired":true,"valueName":"search_term_string"}}],"inLanguage":"it-IT"},{"@type":"Organization","@id":"https:\/\/lieselehof.com\/it\/#organization","name":"Lieselehof","url":"https:\/\/lieselehof.com\/it\/","logo":{"@type":"ImageObject","inLanguage":"it-IT","@id":"https:\/\/lieselehof.com\/it\/#\/schema\/logo\/image\/","url":"https:\/\/lieselehof.com\/wp-content\/uploads\/lieselehof-logo.svg","contentUrl":"https:\/\/lieselehof.com\/wp-content\/uploads\/lieselehof-logo.svg","width":240,"height":124,"caption":"Lieselehof"},"image":{"@id":"https:\/\/lieselehof.com\/it\/#\/schema\/logo\/image\/"},"sameAs":["https:\/\/www.facebook.com\/lieselehof","https:\/\/www.instagram.com\/lieselehof_tenuta\/"]}]}},"jetpack_sharing_enabled":true,"_links":{"self":[{"href":"https:\/\/lieselehof.com\/it\/wp-json\/wp\/v2\/product\/9752","targetHints":{"allow":["GET"]}}],"collection":[{"href":"https:\/\/lieselehof.com\/it\/wp-json\/wp\/v2\/product"}],"about":[{"href":"https:\/\/lieselehof.com\/it\/wp-json\/wp\/v2\/types\/product"}],"version-history":[{"count":1,"href":"https:\/\/lieselehof.com\/it\/wp-json\/wp\/v2\/product\/9752\/revisions"}],"predecessor-version":[{"id":31316,"href":"https:\/\/lieselehof.com\/it\/wp-json\/wp\/v2\/product\/9752\/revisions\/31316"}],"wp:featuredmedia":[{"embeddable":true,"href":"https:\/\/lieselehof.com\/it\/wp-json\/wp\/v2\/media\/6857"}],"wp:attachment":[{"href":"https:\/\/lieselehof.com\/it\/wp-json\/wp\/v2\/media?parent=9752"}],"wp:term":[{"taxonomy":"product_brand","embeddable":true,"href":"https:\/\/lieselehof.com\/it\/wp-json\/wp\/v2\/product_brand?post=9752"},{"taxonomy":"product_cat","embeddable":true,"href":"https:\/\/lieselehof.com\/it\/wp-json\/wp\/v2\/product_cat?post=9752"},{"taxonomy":"product_tag","embeddable":true,"href":"https:\/\/lieselehof.com\/it\/wp-json\/wp\/v2\/product_tag?post=9752"}],"curies":[{"name":"wp","href":"https:\/\/api.w.org\/{rel}","templated":true}]}}