{"id":9751,"date":"2022-11-03T15:51:00","date_gmt":"2022-11-03T14:51:00","guid":{"rendered":"https:\/\/lieselehof.com\/wines\/senza-categoria\/weissburgunder\/"},"modified":"2025-04-30T17:31:10","modified_gmt":"2025-04-30T15:31:10","slug":"weissburgunder","status":"publish","type":"product","link":"https:\/\/lieselehof.com\/it\/wines\/classic\/weissburgunder\/","title":{"rendered":"Weissburgunder (Pinot Bianco)"},"content":{"rendered":"<p><strong>Requisiti del vitigno (Terroir):<\/strong> L\u2019 origine della vite Pinot Bianco \u00e8 da ricercarsi in Francia (Pinot Blanc). Le nostre uve Pinot Bianco maturano nella posizione \u201cKardatsch\u201d \u00e0 Caldaro ad un altitudine di 500mt. Le viti sono state piantate nell\u2018anno 1985.  <\/p>\n<p>&nbsp;<\/p>\n<p><strong>Rendimento:<\/strong> Per ogni ramo ci sono 2 grappoli di dimensione media. Si rende quindi necessario potare con decisione. Per migliorare la qualit\u00e0 del vino il carico della vite non deve superare nel sistema pergola 2 chilogrammi \u00e0 pianta. Con questa resa riusciamo a produrre vini di qualit\u00e0 eccezionale.   <\/p>\n<p>&nbsp;<\/p>\n<p><strong>Sviluppo:<\/strong> Forte e piuttosto verticale.<\/p>\n<p>&nbsp;<\/p>\n<p><strong>Resa:<\/strong> Le nostre uve Weissburgunder sono di media grandezza e compatte e producono 60 ettolitri per ettaro.<\/p>\n<p>&nbsp;<\/p>\n<p><strong>Vendemmia:<\/strong> Dalla met\u00e0 alla fine di settembre.<\/p>\n<p>&nbsp;<\/p>\n<p><strong>Peso maggiore (contenuto di zucchero):<\/strong> 18\u00b0 a 19\u00b0<\/p>\n<p>&nbsp;<\/p>\n<p><strong>Vino:<\/strong> Di colore giallo paglierino con riflessi verdognoli, ha un profumo fruttato e complesso che ricorda la frutta matura, le mele con un bel fondo vanigliato. In bocca \u00e8 ricco, maestoso con tanta di polpa, ma anche grande finezza. Un Pinot Bianco biologico che, si far\u00e0 la strada e sar\u00e0 uno dei nostri gioielli pi\u00f9 preziosi. <\/p>\n<p>&nbsp;<\/p>\n<p><strong>Abbinamenti consigliati:<\/strong> Ottimo anche come aperitivo, \u00e8 adatto ad antipasti leggeri e piatti a base di pesce.<\/p>\n<p>&nbsp;<\/p>\n<p><strong>Temperatura di Servizio:<\/strong> da 11\u00b0 a 13\u00b0 C<\/p>\n","protected":false},"excerpt":{"rendered":"<p>Le viti sono coltivate su un terreno argilloso leggermente ghiaioso, disseminato di pietra calcarea. Il nostro Weissburgunder ha un carattere intenso con aromi fruttati pieni. Sono la pera, mela e il fiore di biancospino. Uno straordinario vino da aperitivo.    <strong>Un eccellente vino che si accompagna con carni bianche e con pesce d\u2018acqua dolce.<\/strong><\/p>\n","protected":false},"featured_media":6875,"template":"","meta":{"_acf_changed":false,"inline_featured_image":false},"product_brand":[],"product_cat":[87],"product_tag":[],"class_list":{"0":"post-9751","1":"product","2":"type-product","3":"status-publish","4":"has-post-thumbnail","6":"product_cat-classic","8":"first","9":"instock","10":"taxable","11":"shipping-taxable","12":"purchasable","13":"product-type-simple"},"acf":[],"yoast_head":"<!-- This site is optimized with the Yoast SEO plugin v26.4 - https:\/\/yoast.com\/wordpress\/plugins\/seo\/ -->\n<title>Weissburgunder (Pinot Bianco) - Lieselehof<\/title>\n<meta name=\"robots\" content=\"index, follow, max-snippet:-1, max-image-preview:large, max-video-preview:-1\" \/>\n<link rel=\"canonical\" href=\"https:\/\/lieselehof.com\/it\/wines\/classic\/weissburgunder\/\" \/>\n<meta property=\"og:locale\" content=\"it_IT\" \/>\n<meta property=\"og:type\" content=\"article\" \/>\n<meta property=\"og:title\" content=\"Weissburgunder (Pinot Bianco) - Lieselehof\" \/>\n<meta property=\"og:description\" content=\"Le viti sono coltivate su un terreno argilloso leggermente ghiaioso, disseminato di pietra calcarea. Il nostro Weissburgunder ha un carattere intenso con aromi fruttati pieni. Sono la pera, mela e il fiore di biancospino. Uno straordinario vino da aperitivo.  Un eccellente vino che si accompagna con carni bianche e con pesce d\u2018acqua dolce.\" \/>\n<meta property=\"og:url\" content=\"https:\/\/lieselehof.com\/it\/wines\/classic\/weissburgunder\/\" \/>\n<meta property=\"og:site_name\" content=\"Lieselehof\" \/>\n<meta property=\"article:publisher\" content=\"https:\/\/www.facebook.com\/lieselehof\" \/>\n<meta property=\"article:modified_time\" content=\"2025-04-30T15:31:10+00:00\" \/>\n<meta property=\"og:image\" content=\"https:\/\/lieselehof.com\/wp-content\/uploads\/2022\/11\/lieselehof-weissburgunder.webp\" \/>\n\t<meta property=\"og:image:width\" content=\"948\" \/>\n\t<meta property=\"og:image:height\" content=\"2560\" \/>\n\t<meta property=\"og:image:type\" content=\"image\/webp\" \/>\n<meta name=\"twitter:card\" content=\"summary_large_image\" \/>\n<meta name=\"twitter:label1\" content=\"Tempo di lettura stimato\" \/>\n\t<meta name=\"twitter:data1\" content=\"1 minuto\" \/>\n<script type=\"application\/ld+json\" class=\"yoast-schema-graph\">{\"@context\":\"https:\/\/schema.org\",\"@graph\":[{\"@type\":\"WebPage\",\"@id\":\"https:\/\/lieselehof.com\/it\/wines\/classic\/weissburgunder\/\",\"url\":\"https:\/\/lieselehof.com\/it\/wines\/classic\/weissburgunder\/\",\"name\":\"Weissburgunder (Pinot Bianco) - Lieselehof\",\"isPartOf\":{\"@id\":\"https:\/\/lieselehof.com\/it\/#website\"},\"primaryImageOfPage\":{\"@id\":\"https:\/\/lieselehof.com\/it\/wines\/classic\/weissburgunder\/#primaryimage\"},\"image\":{\"@id\":\"https:\/\/lieselehof.com\/it\/wines\/classic\/weissburgunder\/#primaryimage\"},\"thumbnailUrl\":\"https:\/\/lieselehof.com\/wp-content\/uploads\/2022\/11\/lieselehof-weissburgunder.webp\",\"datePublished\":\"2022-11-03T14:51:00+00:00\",\"dateModified\":\"2025-04-30T15:31:10+00:00\",\"breadcrumb\":{\"@id\":\"https:\/\/lieselehof.com\/it\/wines\/classic\/weissburgunder\/#breadcrumb\"},\"inLanguage\":\"it-IT\",\"potentialAction\":[{\"@type\":\"ReadAction\",\"target\":[\"https:\/\/lieselehof.com\/it\/wines\/classic\/weissburgunder\/\"]}]},{\"@type\":\"ImageObject\",\"inLanguage\":\"it-IT\",\"@id\":\"https:\/\/lieselehof.com\/it\/wines\/classic\/weissburgunder\/#primaryimage\",\"url\":\"https:\/\/lieselehof.com\/wp-content\/uploads\/2022\/11\/lieselehof-weissburgunder.webp\",\"contentUrl\":\"https:\/\/lieselehof.com\/wp-content\/uploads\/2022\/11\/lieselehof-weissburgunder.webp\",\"width\":948,\"height\":2560},{\"@type\":\"BreadcrumbList\",\"@id\":\"https:\/\/lieselehof.com\/it\/wines\/classic\/weissburgunder\/#breadcrumb\",\"itemListElement\":[{\"@type\":\"ListItem\",\"position\":1,\"name\":\"home\",\"item\":\"https:\/\/lieselehof.com\/it\/\"},{\"@type\":\"ListItem\",\"position\":2,\"name\":\"Vini\",\"item\":\"https:\/\/lieselehof.com\/it\/vini\/\"},{\"@type\":\"ListItem\",\"position\":3,\"name\":\"Classic\",\"item\":\"https:\/\/lieselehof.com\/it\/categoria\/classic\/\"},{\"@type\":\"ListItem\",\"position\":4,\"name\":\"Weissburgunder (Pinot Bianco)\"}]},{\"@type\":\"WebSite\",\"@id\":\"https:\/\/lieselehof.com\/it\/#website\",\"url\":\"https:\/\/lieselehof.com\/it\/\",\"name\":\"Lieselehof\",\"description\":\"Quality Wines\",\"publisher\":{\"@id\":\"https:\/\/lieselehof.com\/it\/#organization\"},\"potentialAction\":[{\"@type\":\"SearchAction\",\"target\":{\"@type\":\"EntryPoint\",\"urlTemplate\":\"https:\/\/lieselehof.com\/it\/?s={search_term_string}\"},\"query-input\":{\"@type\":\"PropertyValueSpecification\",\"valueRequired\":true,\"valueName\":\"search_term_string\"}}],\"inLanguage\":\"it-IT\"},{\"@type\":\"Organization\",\"@id\":\"https:\/\/lieselehof.com\/it\/#organization\",\"name\":\"Lieselehof\",\"url\":\"https:\/\/lieselehof.com\/it\/\",\"logo\":{\"@type\":\"ImageObject\",\"inLanguage\":\"it-IT\",\"@id\":\"https:\/\/lieselehof.com\/it\/#\/schema\/logo\/image\/\",\"url\":\"https:\/\/lieselehof.com\/wp-content\/uploads\/lieselehof-logo.svg\",\"contentUrl\":\"https:\/\/lieselehof.com\/wp-content\/uploads\/lieselehof-logo.svg\",\"width\":240,\"height\":124,\"caption\":\"Lieselehof\"},\"image\":{\"@id\":\"https:\/\/lieselehof.com\/it\/#\/schema\/logo\/image\/\"},\"sameAs\":[\"https:\/\/www.facebook.com\/lieselehof\",\"https:\/\/www.instagram.com\/lieselehof_tenuta\/\"]}]}<\/script>\n<!-- \/ Yoast SEO plugin. -->","yoast_head_json":{"title":"Weissburgunder (Pinot Bianco) - Lieselehof","robots":{"index":"index","follow":"follow","max-snippet":"max-snippet:-1","max-image-preview":"max-image-preview:large","max-video-preview":"max-video-preview:-1"},"canonical":"https:\/\/lieselehof.com\/it\/wines\/classic\/weissburgunder\/","og_locale":"it_IT","og_type":"article","og_title":"Weissburgunder (Pinot Bianco) - Lieselehof","og_description":"Le viti sono coltivate su un terreno argilloso leggermente ghiaioso, disseminato di pietra calcarea. Il nostro Weissburgunder ha un carattere intenso con aromi fruttati pieni. Sono la pera, mela e il fiore di biancospino. Uno straordinario vino da aperitivo.  Un eccellente vino che si accompagna con carni bianche e con pesce d\u2018acqua dolce.","og_url":"https:\/\/lieselehof.com\/it\/wines\/classic\/weissburgunder\/","og_site_name":"Lieselehof","article_publisher":"https:\/\/www.facebook.com\/lieselehof","article_modified_time":"2025-04-30T15:31:10+00:00","og_image":[{"width":948,"height":2560,"url":"https:\/\/lieselehof.com\/wp-content\/uploads\/2022\/11\/lieselehof-weissburgunder.webp","type":"image\/webp"}],"twitter_card":"summary_large_image","twitter_misc":{"Tempo di lettura stimato":"1 minuto"},"schema":{"@context":"https:\/\/schema.org","@graph":[{"@type":"WebPage","@id":"https:\/\/lieselehof.com\/it\/wines\/classic\/weissburgunder\/","url":"https:\/\/lieselehof.com\/it\/wines\/classic\/weissburgunder\/","name":"Weissburgunder (Pinot Bianco) - Lieselehof","isPartOf":{"@id":"https:\/\/lieselehof.com\/it\/#website"},"primaryImageOfPage":{"@id":"https:\/\/lieselehof.com\/it\/wines\/classic\/weissburgunder\/#primaryimage"},"image":{"@id":"https:\/\/lieselehof.com\/it\/wines\/classic\/weissburgunder\/#primaryimage"},"thumbnailUrl":"https:\/\/lieselehof.com\/wp-content\/uploads\/2022\/11\/lieselehof-weissburgunder.webp","datePublished":"2022-11-03T14:51:00+00:00","dateModified":"2025-04-30T15:31:10+00:00","breadcrumb":{"@id":"https:\/\/lieselehof.com\/it\/wines\/classic\/weissburgunder\/#breadcrumb"},"inLanguage":"it-IT","potentialAction":[{"@type":"ReadAction","target":["https:\/\/lieselehof.com\/it\/wines\/classic\/weissburgunder\/"]}]},{"@type":"ImageObject","inLanguage":"it-IT","@id":"https:\/\/lieselehof.com\/it\/wines\/classic\/weissburgunder\/#primaryimage","url":"https:\/\/lieselehof.com\/wp-content\/uploads\/2022\/11\/lieselehof-weissburgunder.webp","contentUrl":"https:\/\/lieselehof.com\/wp-content\/uploads\/2022\/11\/lieselehof-weissburgunder.webp","width":948,"height":2560},{"@type":"BreadcrumbList","@id":"https:\/\/lieselehof.com\/it\/wines\/classic\/weissburgunder\/#breadcrumb","itemListElement":[{"@type":"ListItem","position":1,"name":"home","item":"https:\/\/lieselehof.com\/it\/"},{"@type":"ListItem","position":2,"name":"Vini","item":"https:\/\/lieselehof.com\/it\/vini\/"},{"@type":"ListItem","position":3,"name":"Classic","item":"https:\/\/lieselehof.com\/it\/categoria\/classic\/"},{"@type":"ListItem","position":4,"name":"Weissburgunder (Pinot Bianco)"}]},{"@type":"WebSite","@id":"https:\/\/lieselehof.com\/it\/#website","url":"https:\/\/lieselehof.com\/it\/","name":"Lieselehof","description":"Quality Wines","publisher":{"@id":"https:\/\/lieselehof.com\/it\/#organization"},"potentialAction":[{"@type":"SearchAction","target":{"@type":"EntryPoint","urlTemplate":"https:\/\/lieselehof.com\/it\/?s={search_term_string}"},"query-input":{"@type":"PropertyValueSpecification","valueRequired":true,"valueName":"search_term_string"}}],"inLanguage":"it-IT"},{"@type":"Organization","@id":"https:\/\/lieselehof.com\/it\/#organization","name":"Lieselehof","url":"https:\/\/lieselehof.com\/it\/","logo":{"@type":"ImageObject","inLanguage":"it-IT","@id":"https:\/\/lieselehof.com\/it\/#\/schema\/logo\/image\/","url":"https:\/\/lieselehof.com\/wp-content\/uploads\/lieselehof-logo.svg","contentUrl":"https:\/\/lieselehof.com\/wp-content\/uploads\/lieselehof-logo.svg","width":240,"height":124,"caption":"Lieselehof"},"image":{"@id":"https:\/\/lieselehof.com\/it\/#\/schema\/logo\/image\/"},"sameAs":["https:\/\/www.facebook.com\/lieselehof","https:\/\/www.instagram.com\/lieselehof_tenuta\/"]}]}},"jetpack_sharing_enabled":true,"_links":{"self":[{"href":"https:\/\/lieselehof.com\/it\/wp-json\/wp\/v2\/product\/9751","targetHints":{"allow":["GET"]}}],"collection":[{"href":"https:\/\/lieselehof.com\/it\/wp-json\/wp\/v2\/product"}],"about":[{"href":"https:\/\/lieselehof.com\/it\/wp-json\/wp\/v2\/types\/product"}],"version-history":[{"count":2,"href":"https:\/\/lieselehof.com\/it\/wp-json\/wp\/v2\/product\/9751\/revisions"}],"predecessor-version":[{"id":31319,"href":"https:\/\/lieselehof.com\/it\/wp-json\/wp\/v2\/product\/9751\/revisions\/31319"}],"wp:featuredmedia":[{"embeddable":true,"href":"https:\/\/lieselehof.com\/it\/wp-json\/wp\/v2\/media\/6875"}],"wp:attachment":[{"href":"https:\/\/lieselehof.com\/it\/wp-json\/wp\/v2\/media?parent=9751"}],"wp:term":[{"taxonomy":"product_brand","embeddable":true,"href":"https:\/\/lieselehof.com\/it\/wp-json\/wp\/v2\/product_brand?post=9751"},{"taxonomy":"product_cat","embeddable":true,"href":"https:\/\/lieselehof.com\/it\/wp-json\/wp\/v2\/product_cat?post=9751"},{"taxonomy":"product_tag","embeddable":true,"href":"https:\/\/lieselehof.com\/it\/wp-json\/wp\/v2\/product_tag?post=9751"}],"curies":[{"name":"wp","href":"https:\/\/api.w.org\/{rel}","templated":true}]}}