{"id":9750,"date":"2022-11-03T15:53:21","date_gmt":"2022-11-03T14:53:21","guid":{"rendered":"https:\/\/lieselehof.com\/wines\/senza-categoria\/gewurztraminer\/"},"modified":"2025-03-27T09:48:21","modified_gmt":"2025-03-27T08:48:21","slug":"gewuerztraminer","status":"publish","type":"product","link":"https:\/\/lieselehof.com\/it\/wines\/classic\/gewuerztraminer\/","title":{"rendered":"Gew\u00fcrztraminer"},"content":{"rendered":"<p><strong>Requisiti del vitigno (Terroir):<\/strong> L\u2019origine della vite Gewu\u0308rztraminer \u00e8 incerta. Sicuramente vi \u00e8 un collegamento con il paese Tramin, localit\u00e0 confinante con il nostro paese Caldaro. I vini Gewu\u0308rztraminer pi\u00f9 conosciuti vengono dall\u2019Alsazia e dall\u2019Alto Adige, ove vi si coltivano circa 500 ettari. Le nostre uve Gewu\u0308rztraminer maturano a pochi metri a est dalla cantina ad un\u2019altitudine di 500 metri sul livello del mare. Un terzo delle viti sono state piantate nell\u2018anno 1999 e due terzi nel 2009, tutte con il sistema Guyot. Il terreno calcareo e argilloso \u00e8 la base per la coltivazione di vini di grande aroma.<\/p>\n<p>&nbsp;<\/p>\n<p><strong>Sviluppo:<\/strong> Forte e piuttosto verticale.<\/p>\n<p>&nbsp;<\/p>\n<p><strong>Resa:<\/strong> Per ogni ramo ci sono 2 grappoli di piccola dimensione. E\u2019 quindi necessario potare con decisione. Per migliorare la qualit\u00e0 del vino, il carico della vite non deve superare un chilo a pianta. Con questa resa riusciamo a produrre vini di qualit\u00e0 eccezionale.<\/p>\n<p>&nbsp;<\/p>\n<p><strong>Vendemmia:<\/strong> Dalla met\u00e0 alla fine di settembre<\/p>\n<p>&nbsp;<\/p>\n<p><strong>Vino:<\/strong> Di colore giallo oro, ha un profumo fruttato e complesso che ricorda la rosa, i fiori di tiglio, la cannella. Di sapore morbido con un retrogusto aromatico. In bocca \u00e8 ricco, maestoso con tanta di polpa, ma anche grande finezza. Un Gewu\u0308rztraminer biologico che difficilmente si scorda, anche dopo tanto tempo. Eccellente vino d\u2019aperitivo, accompagna bene anche gamberetti, aragoste, crostacei in generale, la cucina asiatica, pat\u00e9 di tacchino e risotti.<\/p>\n<p>&nbsp;<\/p>\n<p><strong>Abbinamento:<\/strong>Eccellente vino d\u2019aperitivo, accompagna bene anche gamberetti, aragoste, crostacei in generale, la cucina asiatica, pat\u00e9 di tacchino e risotti.<\/p>\n<p>&nbsp;<\/p>\n<p><strong>Temperatura di Servizio:<\/strong> da 11\u00b0 C a 13\u00b0 C<\/p>\n","protected":false},"excerpt":{"rendered":"<p>Cresce su terreni argillosi e leggermente ghiaiosi, disseminati di pietra calcarea. Gewu\u0308rztraminer di colore giallo-oro intenso, dal marcato profumo di rose e spezie aromatiche. Vino dal sapore corposo, pieno, con una lieve acidit\u00e0. Finale molto lungo e aromatico. \u00c8 un pregiato ed eccellente vino da aperitivo.    <strong>Vino da pasto che si abbina a crostacei, granchi, astici e ai piatti asiatici.<\/strong><\/p>\n","protected":false},"featured_media":6877,"template":"","meta":{"_acf_changed":false,"inline_featured_image":false},"product_brand":[],"product_cat":[87],"product_tag":[],"class_list":{"0":"post-9750","1":"product","2":"type-product","3":"status-publish","4":"has-post-thumbnail","6":"product_cat-classic","8":"first","9":"outofstock","10":"taxable","11":"shipping-taxable","12":"purchasable","13":"product-type-simple"},"acf":[],"yoast_head":"<!-- This site is optimized with the Yoast SEO plugin v26.4 - https:\/\/yoast.com\/wordpress\/plugins\/seo\/ -->\n<title>Gew\u00fcrztraminer - Lieselehof<\/title>\n<meta name=\"robots\" content=\"index, follow, max-snippet:-1, max-image-preview:large, max-video-preview:-1\" \/>\n<link rel=\"canonical\" href=\"https:\/\/lieselehof.com\/it\/wines\/classic\/gewuerztraminer\/\" \/>\n<meta property=\"og:locale\" content=\"it_IT\" \/>\n<meta property=\"og:type\" content=\"article\" \/>\n<meta property=\"og:title\" content=\"Gew\u00fcrztraminer - Lieselehof\" \/>\n<meta property=\"og:description\" content=\"Cresce su terreni argillosi e leggermente ghiaiosi, disseminati di pietra calcarea. Gewu\u0308rztraminer di colore giallo-oro intenso, dal marcato profumo di rose e spezie aromatiche. Vino dal sapore corposo, pieno, con una lieve acidit\u00e0. Finale molto lungo e aromatico. \u00c8 un pregiato ed eccellente vino da aperitivo.  Vino da pasto che si abbina a crostacei, granchi, astici e ai piatti asiatici.\" \/>\n<meta property=\"og:url\" content=\"https:\/\/lieselehof.com\/it\/wines\/classic\/gewuerztraminer\/\" \/>\n<meta property=\"og:site_name\" content=\"Lieselehof\" \/>\n<meta property=\"article:publisher\" content=\"https:\/\/www.facebook.com\/lieselehof\" \/>\n<meta property=\"article:modified_time\" content=\"2025-03-27T08:48:21+00:00\" \/>\n<meta property=\"og:image\" content=\"https:\/\/lieselehof.com\/wp-content\/uploads\/2022\/11\/lieselehof-gewuerztraminer.webp\" \/>\n\t<meta property=\"og:image:width\" content=\"948\" \/>\n\t<meta property=\"og:image:height\" content=\"2560\" \/>\n\t<meta property=\"og:image:type\" content=\"image\/webp\" \/>\n<meta name=\"twitter:card\" content=\"summary_large_image\" \/>\n<meta name=\"twitter:label1\" content=\"Tempo di lettura stimato\" \/>\n\t<meta name=\"twitter:data1\" content=\"1 minuto\" \/>\n<script type=\"application\/ld+json\" class=\"yoast-schema-graph\">{\"@context\":\"https:\/\/schema.org\",\"@graph\":[{\"@type\":\"WebPage\",\"@id\":\"https:\/\/lieselehof.com\/it\/wines\/classic\/gewuerztraminer\/\",\"url\":\"https:\/\/lieselehof.com\/it\/wines\/classic\/gewuerztraminer\/\",\"name\":\"Gew\u00fcrztraminer - Lieselehof\",\"isPartOf\":{\"@id\":\"https:\/\/lieselehof.com\/it\/#website\"},\"primaryImageOfPage\":{\"@id\":\"https:\/\/lieselehof.com\/it\/wines\/classic\/gewuerztraminer\/#primaryimage\"},\"image\":{\"@id\":\"https:\/\/lieselehof.com\/it\/wines\/classic\/gewuerztraminer\/#primaryimage\"},\"thumbnailUrl\":\"https:\/\/lieselehof.com\/wp-content\/uploads\/2022\/11\/lieselehof-gewuerztraminer.webp\",\"datePublished\":\"2022-11-03T14:53:21+00:00\",\"dateModified\":\"2025-03-27T08:48:21+00:00\",\"breadcrumb\":{\"@id\":\"https:\/\/lieselehof.com\/it\/wines\/classic\/gewuerztraminer\/#breadcrumb\"},\"inLanguage\":\"it-IT\",\"potentialAction\":[{\"@type\":\"ReadAction\",\"target\":[\"https:\/\/lieselehof.com\/it\/wines\/classic\/gewuerztraminer\/\"]}]},{\"@type\":\"ImageObject\",\"inLanguage\":\"it-IT\",\"@id\":\"https:\/\/lieselehof.com\/it\/wines\/classic\/gewuerztraminer\/#primaryimage\",\"url\":\"https:\/\/lieselehof.com\/wp-content\/uploads\/2022\/11\/lieselehof-gewuerztraminer.webp\",\"contentUrl\":\"https:\/\/lieselehof.com\/wp-content\/uploads\/2022\/11\/lieselehof-gewuerztraminer.webp\",\"width\":948,\"height\":2560},{\"@type\":\"BreadcrumbList\",\"@id\":\"https:\/\/lieselehof.com\/it\/wines\/classic\/gewuerztraminer\/#breadcrumb\",\"itemListElement\":[{\"@type\":\"ListItem\",\"position\":1,\"name\":\"home\",\"item\":\"https:\/\/lieselehof.com\/it\/\"},{\"@type\":\"ListItem\",\"position\":2,\"name\":\"Vini\",\"item\":\"https:\/\/lieselehof.com\/it\/vini\/\"},{\"@type\":\"ListItem\",\"position\":3,\"name\":\"Classic\",\"item\":\"https:\/\/lieselehof.com\/it\/categoria\/classic\/\"},{\"@type\":\"ListItem\",\"position\":4,\"name\":\"Gew\u00fcrztraminer\"}]},{\"@type\":\"WebSite\",\"@id\":\"https:\/\/lieselehof.com\/it\/#website\",\"url\":\"https:\/\/lieselehof.com\/it\/\",\"name\":\"Lieselehof\",\"description\":\"Quality Wines\",\"publisher\":{\"@id\":\"https:\/\/lieselehof.com\/it\/#organization\"},\"potentialAction\":[{\"@type\":\"SearchAction\",\"target\":{\"@type\":\"EntryPoint\",\"urlTemplate\":\"https:\/\/lieselehof.com\/it\/?s={search_term_string}\"},\"query-input\":{\"@type\":\"PropertyValueSpecification\",\"valueRequired\":true,\"valueName\":\"search_term_string\"}}],\"inLanguage\":\"it-IT\"},{\"@type\":\"Organization\",\"@id\":\"https:\/\/lieselehof.com\/it\/#organization\",\"name\":\"Lieselehof\",\"url\":\"https:\/\/lieselehof.com\/it\/\",\"logo\":{\"@type\":\"ImageObject\",\"inLanguage\":\"it-IT\",\"@id\":\"https:\/\/lieselehof.com\/it\/#\/schema\/logo\/image\/\",\"url\":\"https:\/\/lieselehof.com\/wp-content\/uploads\/lieselehof-logo.svg\",\"contentUrl\":\"https:\/\/lieselehof.com\/wp-content\/uploads\/lieselehof-logo.svg\",\"width\":240,\"height\":124,\"caption\":\"Lieselehof\"},\"image\":{\"@id\":\"https:\/\/lieselehof.com\/it\/#\/schema\/logo\/image\/\"},\"sameAs\":[\"https:\/\/www.facebook.com\/lieselehof\",\"https:\/\/www.instagram.com\/lieselehof_tenuta\/\"]}]}<\/script>\n<!-- \/ Yoast SEO plugin. -->","yoast_head_json":{"title":"Gew\u00fcrztraminer - Lieselehof","robots":{"index":"index","follow":"follow","max-snippet":"max-snippet:-1","max-image-preview":"max-image-preview:large","max-video-preview":"max-video-preview:-1"},"canonical":"https:\/\/lieselehof.com\/it\/wines\/classic\/gewuerztraminer\/","og_locale":"it_IT","og_type":"article","og_title":"Gew\u00fcrztraminer - Lieselehof","og_description":"Cresce su terreni argillosi e leggermente ghiaiosi, disseminati di pietra calcarea. Gewu\u0308rztraminer di colore giallo-oro intenso, dal marcato profumo di rose e spezie aromatiche. Vino dal sapore corposo, pieno, con una lieve acidit\u00e0. Finale molto lungo e aromatico. \u00c8 un pregiato ed eccellente vino da aperitivo.  Vino da pasto che si abbina a crostacei, granchi, astici e ai piatti asiatici.","og_url":"https:\/\/lieselehof.com\/it\/wines\/classic\/gewuerztraminer\/","og_site_name":"Lieselehof","article_publisher":"https:\/\/www.facebook.com\/lieselehof","article_modified_time":"2025-03-27T08:48:21+00:00","og_image":[{"width":948,"height":2560,"url":"https:\/\/lieselehof.com\/wp-content\/uploads\/2022\/11\/lieselehof-gewuerztraminer.webp","type":"image\/webp"}],"twitter_card":"summary_large_image","twitter_misc":{"Tempo di lettura stimato":"1 minuto"},"schema":{"@context":"https:\/\/schema.org","@graph":[{"@type":"WebPage","@id":"https:\/\/lieselehof.com\/it\/wines\/classic\/gewuerztraminer\/","url":"https:\/\/lieselehof.com\/it\/wines\/classic\/gewuerztraminer\/","name":"Gew\u00fcrztraminer - Lieselehof","isPartOf":{"@id":"https:\/\/lieselehof.com\/it\/#website"},"primaryImageOfPage":{"@id":"https:\/\/lieselehof.com\/it\/wines\/classic\/gewuerztraminer\/#primaryimage"},"image":{"@id":"https:\/\/lieselehof.com\/it\/wines\/classic\/gewuerztraminer\/#primaryimage"},"thumbnailUrl":"https:\/\/lieselehof.com\/wp-content\/uploads\/2022\/11\/lieselehof-gewuerztraminer.webp","datePublished":"2022-11-03T14:53:21+00:00","dateModified":"2025-03-27T08:48:21+00:00","breadcrumb":{"@id":"https:\/\/lieselehof.com\/it\/wines\/classic\/gewuerztraminer\/#breadcrumb"},"inLanguage":"it-IT","potentialAction":[{"@type":"ReadAction","target":["https:\/\/lieselehof.com\/it\/wines\/classic\/gewuerztraminer\/"]}]},{"@type":"ImageObject","inLanguage":"it-IT","@id":"https:\/\/lieselehof.com\/it\/wines\/classic\/gewuerztraminer\/#primaryimage","url":"https:\/\/lieselehof.com\/wp-content\/uploads\/2022\/11\/lieselehof-gewuerztraminer.webp","contentUrl":"https:\/\/lieselehof.com\/wp-content\/uploads\/2022\/11\/lieselehof-gewuerztraminer.webp","width":948,"height":2560},{"@type":"BreadcrumbList","@id":"https:\/\/lieselehof.com\/it\/wines\/classic\/gewuerztraminer\/#breadcrumb","itemListElement":[{"@type":"ListItem","position":1,"name":"home","item":"https:\/\/lieselehof.com\/it\/"},{"@type":"ListItem","position":2,"name":"Vini","item":"https:\/\/lieselehof.com\/it\/vini\/"},{"@type":"ListItem","position":3,"name":"Classic","item":"https:\/\/lieselehof.com\/it\/categoria\/classic\/"},{"@type":"ListItem","position":4,"name":"Gew\u00fcrztraminer"}]},{"@type":"WebSite","@id":"https:\/\/lieselehof.com\/it\/#website","url":"https:\/\/lieselehof.com\/it\/","name":"Lieselehof","description":"Quality Wines","publisher":{"@id":"https:\/\/lieselehof.com\/it\/#organization"},"potentialAction":[{"@type":"SearchAction","target":{"@type":"EntryPoint","urlTemplate":"https:\/\/lieselehof.com\/it\/?s={search_term_string}"},"query-input":{"@type":"PropertyValueSpecification","valueRequired":true,"valueName":"search_term_string"}}],"inLanguage":"it-IT"},{"@type":"Organization","@id":"https:\/\/lieselehof.com\/it\/#organization","name":"Lieselehof","url":"https:\/\/lieselehof.com\/it\/","logo":{"@type":"ImageObject","inLanguage":"it-IT","@id":"https:\/\/lieselehof.com\/it\/#\/schema\/logo\/image\/","url":"https:\/\/lieselehof.com\/wp-content\/uploads\/lieselehof-logo.svg","contentUrl":"https:\/\/lieselehof.com\/wp-content\/uploads\/lieselehof-logo.svg","width":240,"height":124,"caption":"Lieselehof"},"image":{"@id":"https:\/\/lieselehof.com\/it\/#\/schema\/logo\/image\/"},"sameAs":["https:\/\/www.facebook.com\/lieselehof","https:\/\/www.instagram.com\/lieselehof_tenuta\/"]}]}},"jetpack_sharing_enabled":true,"_links":{"self":[{"href":"https:\/\/lieselehof.com\/it\/wp-json\/wp\/v2\/product\/9750","targetHints":{"allow":["GET"]}}],"collection":[{"href":"https:\/\/lieselehof.com\/it\/wp-json\/wp\/v2\/product"}],"about":[{"href":"https:\/\/lieselehof.com\/it\/wp-json\/wp\/v2\/types\/product"}],"version-history":[{"count":1,"href":"https:\/\/lieselehof.com\/it\/wp-json\/wp\/v2\/product\/9750\/revisions"}],"predecessor-version":[{"id":31330,"href":"https:\/\/lieselehof.com\/it\/wp-json\/wp\/v2\/product\/9750\/revisions\/31330"}],"wp:featuredmedia":[{"embeddable":true,"href":"https:\/\/lieselehof.com\/it\/wp-json\/wp\/v2\/media\/6877"}],"wp:attachment":[{"href":"https:\/\/lieselehof.com\/it\/wp-json\/wp\/v2\/media?parent=9750"}],"wp:term":[{"taxonomy":"product_brand","embeddable":true,"href":"https:\/\/lieselehof.com\/it\/wp-json\/wp\/v2\/product_brand?post=9750"},{"taxonomy":"product_cat","embeddable":true,"href":"https:\/\/lieselehof.com\/it\/wp-json\/wp\/v2\/product_cat?post=9750"},{"taxonomy":"product_tag","embeddable":true,"href":"https:\/\/lieselehof.com\/it\/wp-json\/wp\/v2\/product_tag?post=9750"}],"curies":[{"name":"wp","href":"https:\/\/api.w.org\/{rel}","templated":true}]}}