{"id":9743,"date":"2023-06-27T14:06:51","date_gmt":"2023-06-27T12:06:51","guid":{"rendered":"https:\/\/lieselehof.com\/wines\/senza-categoria\/sweet-claire-r\/"},"modified":"2025-04-30T17:29:02","modified_gmt":"2025-04-30T15:29:02","slug":"sweet-claire-r","status":"publish","type":"product","link":"https:\/\/lieselehof.com\/it\/wines\/passiti\/sweet-claire-r\/","title":{"rendered":"Sweet Claire R."},"content":{"rendered":"<p><strong>Vitigno:<\/strong> Bronner.<br \/>\nL\u2019uva non viene trattata chimicamente.<\/p>\n<p>&nbsp;<\/p>\n<p><strong>Requisiti riguardo a posizione e terreno (Terroir):<\/strong> In riguardo ai requisiti richiesti, il vitigno Bronner \u00e8 analogo al Pinot bianco. Le nostre uve Bronner maturano nei vigneti della localit\u00e0 Lavardi e Kardatsch, ad un\u2019altitudine di 450\/500 mt sul livello del mare. Le viti sono state piantate nel 2003. <\/p>\n<p>&nbsp;<\/p>\n<p><strong>Resa:<\/strong> per ciascun ramo vi sono di regola 2 grappoli di media dimensione, in parte di un certo peso, che presentano acini di media grandezza. Al fine di migliorare la qualit\u00e0 del vino, occorre una potatura decisa. Per una qualit\u00e0 del vino ottimale, il carico di ciascuna vite non dovrebbe superare gli 1,2 chilogrammi. <\/p>\n<p>&nbsp;<\/p>\n<p><strong>Periodo di maturazione e vendemmia:<\/strong> da met\u00e0 a fine settembre<\/p>\n<p>&nbsp;<\/p>\n<p><strong>Vino:<\/strong> prima della vendemmia vera e propria, si raccolgono con cura i grappoli pi\u00f9 maturi e belli, li si posa con delicatezza in delle cassette bianche per alimenti e successivamente li si lascia seccare (passire) all\u2019aria aperta durante l\u2019inverno. L\u2019uva, quindi, perde circa il 75% del suo peso. A febbraio si esegue la pressatura. La resa di 1000 kg d\u2019uva corrisponde a ca. 200 litri di nettare altamente concentrato. Il successivo processo di fermentazione si protrae per diversi mesi. Il vino rosso matura per 18 mesi in una speciale botte di legno.     <\/p>\n<p>&nbsp;<\/p>\n<p><strong>Bouquet:<\/strong> Il vino, di un colore giallo-oro acceso e intenso, possiede un eccezionale aroma di pino mugo e menta, con un gusto inconfondibile di caramello e miele. Il sapore, con una complessa nota armonica acidula, caratterizza questo vino. La perdurante vena finale lascia una sensazione indimenticabile. <\/p>\n<p>&nbsp;<\/p>\n<p><strong>Abbinamento:<\/strong> Il vino pu\u00f2 essere bevuto da solo, come vino da dessert, oppure in abbinamento con la Creme Caramel.<\/p>\n<p>&nbsp;<\/p>\n<p><strong>Temperatura di servizio:<\/strong> 12\u00b0 C<\/p>\n","protected":false},"excerpt":{"rendered":"<p>Le viti crescono su un terreno argilloso e ghiaioso, disseminato di pietra calcarea. Passito da uve essiccate in inverno. L\u2018uva viene pressata a febbraio\/marzo. Colore giallo-oro acceso, col tempo ambrato. Bouquet di limone, mela cotogna, vaniglia, fiori di acacia e miele. Gusto delicato di pesca e menta con un\u2018acidit\u00e0 complessa.   <strong>Ottimo con formaggi muffati e paste, creme br\u00fbl\u00e8e.<\/strong><\/p>\n","protected":false},"featured_media":6867,"template":"","meta":{"_acf_changed":false,"inline_featured_image":false},"product_brand":[],"product_cat":[88],"product_tag":[],"class_list":{"0":"post-9743","1":"product","2":"type-product","3":"status-publish","4":"has-post-thumbnail","6":"product_cat-passiti","8":"first","9":"instock","10":"taxable","11":"shipping-taxable","12":"purchasable","13":"product-type-simple"},"acf":[],"yoast_head":"<!-- This site is optimized with the Yoast SEO plugin v26.4 - https:\/\/yoast.com\/wordpress\/plugins\/seo\/ -->\n<title>Sweet Claire R. - Lieselehof<\/title>\n<meta name=\"robots\" content=\"index, follow, max-snippet:-1, max-image-preview:large, max-video-preview:-1\" \/>\n<link rel=\"canonical\" href=\"https:\/\/lieselehof.com\/it\/wines\/passiti\/sweet-claire-r\/\" \/>\n<meta property=\"og:locale\" content=\"it_IT\" \/>\n<meta property=\"og:type\" content=\"article\" \/>\n<meta property=\"og:title\" content=\"Sweet Claire R. - Lieselehof\" \/>\n<meta property=\"og:description\" content=\"Le viti crescono su un terreno argilloso e ghiaioso, disseminato di pietra calcarea. Passito da uve essiccate in inverno. L\u2018uva viene pressata a febbraio\/marzo. Colore giallo-oro acceso, col tempo ambrato. Bouquet di limone, mela cotogna, vaniglia, fiori di acacia e miele. Gusto delicato di pesca e menta con un\u2018acidit\u00e0 complessa.  Ottimo con formaggi muffati e paste, creme br\u00fbl\u00e8e.\" \/>\n<meta property=\"og:url\" content=\"https:\/\/lieselehof.com\/it\/wines\/passiti\/sweet-claire-r\/\" \/>\n<meta property=\"og:site_name\" content=\"Lieselehof\" \/>\n<meta property=\"article:publisher\" content=\"https:\/\/www.facebook.com\/lieselehof\" \/>\n<meta property=\"article:modified_time\" content=\"2025-04-30T15:29:02+00:00\" \/>\n<meta property=\"og:image\" content=\"https:\/\/lieselehof.com\/wp-content\/uploads\/2023\/06\/lieselehof-sweet-claire-r.webp\" \/>\n\t<meta property=\"og:image:width\" content=\"948\" \/>\n\t<meta property=\"og:image:height\" content=\"2560\" \/>\n\t<meta property=\"og:image:type\" content=\"image\/webp\" \/>\n<meta name=\"twitter:card\" content=\"summary_large_image\" \/>\n<meta name=\"twitter:label1\" content=\"Tempo di lettura stimato\" \/>\n\t<meta name=\"twitter:data1\" content=\"1 minuto\" \/>\n<script type=\"application\/ld+json\" class=\"yoast-schema-graph\">{\"@context\":\"https:\/\/schema.org\",\"@graph\":[{\"@type\":\"WebPage\",\"@id\":\"https:\/\/lieselehof.com\/it\/wines\/passiti\/sweet-claire-r\/\",\"url\":\"https:\/\/lieselehof.com\/it\/wines\/passiti\/sweet-claire-r\/\",\"name\":\"Sweet Claire R. - Lieselehof\",\"isPartOf\":{\"@id\":\"https:\/\/lieselehof.com\/it\/#website\"},\"primaryImageOfPage\":{\"@id\":\"https:\/\/lieselehof.com\/it\/wines\/passiti\/sweet-claire-r\/#primaryimage\"},\"image\":{\"@id\":\"https:\/\/lieselehof.com\/it\/wines\/passiti\/sweet-claire-r\/#primaryimage\"},\"thumbnailUrl\":\"https:\/\/lieselehof.com\/wp-content\/uploads\/2023\/06\/lieselehof-sweet-claire-r.webp\",\"datePublished\":\"2023-06-27T12:06:51+00:00\",\"dateModified\":\"2025-04-30T15:29:02+00:00\",\"breadcrumb\":{\"@id\":\"https:\/\/lieselehof.com\/it\/wines\/passiti\/sweet-claire-r\/#breadcrumb\"},\"inLanguage\":\"it-IT\",\"potentialAction\":[{\"@type\":\"ReadAction\",\"target\":[\"https:\/\/lieselehof.com\/it\/wines\/passiti\/sweet-claire-r\/\"]}]},{\"@type\":\"ImageObject\",\"inLanguage\":\"it-IT\",\"@id\":\"https:\/\/lieselehof.com\/it\/wines\/passiti\/sweet-claire-r\/#primaryimage\",\"url\":\"https:\/\/lieselehof.com\/wp-content\/uploads\/2023\/06\/lieselehof-sweet-claire-r.webp\",\"contentUrl\":\"https:\/\/lieselehof.com\/wp-content\/uploads\/2023\/06\/lieselehof-sweet-claire-r.webp\",\"width\":948,\"height\":2560},{\"@type\":\"BreadcrumbList\",\"@id\":\"https:\/\/lieselehof.com\/it\/wines\/passiti\/sweet-claire-r\/#breadcrumb\",\"itemListElement\":[{\"@type\":\"ListItem\",\"position\":1,\"name\":\"home\",\"item\":\"https:\/\/lieselehof.com\/it\/\"},{\"@type\":\"ListItem\",\"position\":2,\"name\":\"Vini\",\"item\":\"https:\/\/lieselehof.com\/it\/vini\/\"},{\"@type\":\"ListItem\",\"position\":3,\"name\":\"Passiti\",\"item\":\"https:\/\/lieselehof.com\/it\/categoria\/passiti\/\"},{\"@type\":\"ListItem\",\"position\":4,\"name\":\"Sweet Claire R.\"}]},{\"@type\":\"WebSite\",\"@id\":\"https:\/\/lieselehof.com\/it\/#website\",\"url\":\"https:\/\/lieselehof.com\/it\/\",\"name\":\"Lieselehof\",\"description\":\"Quality Wines\",\"publisher\":{\"@id\":\"https:\/\/lieselehof.com\/it\/#organization\"},\"potentialAction\":[{\"@type\":\"SearchAction\",\"target\":{\"@type\":\"EntryPoint\",\"urlTemplate\":\"https:\/\/lieselehof.com\/it\/?s={search_term_string}\"},\"query-input\":{\"@type\":\"PropertyValueSpecification\",\"valueRequired\":true,\"valueName\":\"search_term_string\"}}],\"inLanguage\":\"it-IT\"},{\"@type\":\"Organization\",\"@id\":\"https:\/\/lieselehof.com\/it\/#organization\",\"name\":\"Lieselehof\",\"url\":\"https:\/\/lieselehof.com\/it\/\",\"logo\":{\"@type\":\"ImageObject\",\"inLanguage\":\"it-IT\",\"@id\":\"https:\/\/lieselehof.com\/it\/#\/schema\/logo\/image\/\",\"url\":\"https:\/\/lieselehof.com\/wp-content\/uploads\/lieselehof-logo.svg\",\"contentUrl\":\"https:\/\/lieselehof.com\/wp-content\/uploads\/lieselehof-logo.svg\",\"width\":240,\"height\":124,\"caption\":\"Lieselehof\"},\"image\":{\"@id\":\"https:\/\/lieselehof.com\/it\/#\/schema\/logo\/image\/\"},\"sameAs\":[\"https:\/\/www.facebook.com\/lieselehof\",\"https:\/\/www.instagram.com\/lieselehof_tenuta\/\"]}]}<\/script>\n<!-- \/ Yoast SEO plugin. -->","yoast_head_json":{"title":"Sweet Claire R. - Lieselehof","robots":{"index":"index","follow":"follow","max-snippet":"max-snippet:-1","max-image-preview":"max-image-preview:large","max-video-preview":"max-video-preview:-1"},"canonical":"https:\/\/lieselehof.com\/it\/wines\/passiti\/sweet-claire-r\/","og_locale":"it_IT","og_type":"article","og_title":"Sweet Claire R. - Lieselehof","og_description":"Le viti crescono su un terreno argilloso e ghiaioso, disseminato di pietra calcarea. Passito da uve essiccate in inverno. L\u2018uva viene pressata a febbraio\/marzo. Colore giallo-oro acceso, col tempo ambrato. Bouquet di limone, mela cotogna, vaniglia, fiori di acacia e miele. Gusto delicato di pesca e menta con un\u2018acidit\u00e0 complessa.  Ottimo con formaggi muffati e paste, creme br\u00fbl\u00e8e.","og_url":"https:\/\/lieselehof.com\/it\/wines\/passiti\/sweet-claire-r\/","og_site_name":"Lieselehof","article_publisher":"https:\/\/www.facebook.com\/lieselehof","article_modified_time":"2025-04-30T15:29:02+00:00","og_image":[{"width":948,"height":2560,"url":"https:\/\/lieselehof.com\/wp-content\/uploads\/2023\/06\/lieselehof-sweet-claire-r.webp","type":"image\/webp"}],"twitter_card":"summary_large_image","twitter_misc":{"Tempo di lettura stimato":"1 minuto"},"schema":{"@context":"https:\/\/schema.org","@graph":[{"@type":"WebPage","@id":"https:\/\/lieselehof.com\/it\/wines\/passiti\/sweet-claire-r\/","url":"https:\/\/lieselehof.com\/it\/wines\/passiti\/sweet-claire-r\/","name":"Sweet Claire R. - Lieselehof","isPartOf":{"@id":"https:\/\/lieselehof.com\/it\/#website"},"primaryImageOfPage":{"@id":"https:\/\/lieselehof.com\/it\/wines\/passiti\/sweet-claire-r\/#primaryimage"},"image":{"@id":"https:\/\/lieselehof.com\/it\/wines\/passiti\/sweet-claire-r\/#primaryimage"},"thumbnailUrl":"https:\/\/lieselehof.com\/wp-content\/uploads\/2023\/06\/lieselehof-sweet-claire-r.webp","datePublished":"2023-06-27T12:06:51+00:00","dateModified":"2025-04-30T15:29:02+00:00","breadcrumb":{"@id":"https:\/\/lieselehof.com\/it\/wines\/passiti\/sweet-claire-r\/#breadcrumb"},"inLanguage":"it-IT","potentialAction":[{"@type":"ReadAction","target":["https:\/\/lieselehof.com\/it\/wines\/passiti\/sweet-claire-r\/"]}]},{"@type":"ImageObject","inLanguage":"it-IT","@id":"https:\/\/lieselehof.com\/it\/wines\/passiti\/sweet-claire-r\/#primaryimage","url":"https:\/\/lieselehof.com\/wp-content\/uploads\/2023\/06\/lieselehof-sweet-claire-r.webp","contentUrl":"https:\/\/lieselehof.com\/wp-content\/uploads\/2023\/06\/lieselehof-sweet-claire-r.webp","width":948,"height":2560},{"@type":"BreadcrumbList","@id":"https:\/\/lieselehof.com\/it\/wines\/passiti\/sweet-claire-r\/#breadcrumb","itemListElement":[{"@type":"ListItem","position":1,"name":"home","item":"https:\/\/lieselehof.com\/it\/"},{"@type":"ListItem","position":2,"name":"Vini","item":"https:\/\/lieselehof.com\/it\/vini\/"},{"@type":"ListItem","position":3,"name":"Passiti","item":"https:\/\/lieselehof.com\/it\/categoria\/passiti\/"},{"@type":"ListItem","position":4,"name":"Sweet Claire R."}]},{"@type":"WebSite","@id":"https:\/\/lieselehof.com\/it\/#website","url":"https:\/\/lieselehof.com\/it\/","name":"Lieselehof","description":"Quality Wines","publisher":{"@id":"https:\/\/lieselehof.com\/it\/#organization"},"potentialAction":[{"@type":"SearchAction","target":{"@type":"EntryPoint","urlTemplate":"https:\/\/lieselehof.com\/it\/?s={search_term_string}"},"query-input":{"@type":"PropertyValueSpecification","valueRequired":true,"valueName":"search_term_string"}}],"inLanguage":"it-IT"},{"@type":"Organization","@id":"https:\/\/lieselehof.com\/it\/#organization","name":"Lieselehof","url":"https:\/\/lieselehof.com\/it\/","logo":{"@type":"ImageObject","inLanguage":"it-IT","@id":"https:\/\/lieselehof.com\/it\/#\/schema\/logo\/image\/","url":"https:\/\/lieselehof.com\/wp-content\/uploads\/lieselehof-logo.svg","contentUrl":"https:\/\/lieselehof.com\/wp-content\/uploads\/lieselehof-logo.svg","width":240,"height":124,"caption":"Lieselehof"},"image":{"@id":"https:\/\/lieselehof.com\/it\/#\/schema\/logo\/image\/"},"sameAs":["https:\/\/www.facebook.com\/lieselehof","https:\/\/www.instagram.com\/lieselehof_tenuta\/"]}]}},"jetpack_sharing_enabled":true,"_links":{"self":[{"href":"https:\/\/lieselehof.com\/it\/wp-json\/wp\/v2\/product\/9743","targetHints":{"allow":["GET"]}}],"collection":[{"href":"https:\/\/lieselehof.com\/it\/wp-json\/wp\/v2\/product"}],"about":[{"href":"https:\/\/lieselehof.com\/it\/wp-json\/wp\/v2\/types\/product"}],"version-history":[{"count":1,"href":"https:\/\/lieselehof.com\/it\/wp-json\/wp\/v2\/product\/9743\/revisions"}],"predecessor-version":[{"id":31284,"href":"https:\/\/lieselehof.com\/it\/wp-json\/wp\/v2\/product\/9743\/revisions\/31284"}],"wp:featuredmedia":[{"embeddable":true,"href":"https:\/\/lieselehof.com\/it\/wp-json\/wp\/v2\/media\/6867"}],"wp:attachment":[{"href":"https:\/\/lieselehof.com\/it\/wp-json\/wp\/v2\/media?parent=9743"}],"wp:term":[{"taxonomy":"product_brand","embeddable":true,"href":"https:\/\/lieselehof.com\/it\/wp-json\/wp\/v2\/product_brand?post=9743"},{"taxonomy":"product_cat","embeddable":true,"href":"https:\/\/lieselehof.com\/it\/wp-json\/wp\/v2\/product_cat?post=9743"},{"taxonomy":"product_tag","embeddable":true,"href":"https:\/\/lieselehof.com\/it\/wp-json\/wp\/v2\/product_tag?post=9743"}],"curies":[{"name":"wp","href":"https:\/\/api.w.org\/{rel}","templated":true}]}}