{"id":31442,"date":"2025-04-30T16:24:34","date_gmt":"2025-04-30T14:24:34","guid":{"rendered":"https:\/\/lieselehof.com\/?post_type=product&#038;p=31442"},"modified":"2025-10-02T10:15:50","modified_gmt":"2025-10-02T08:15:50","slug":"extra-brut-75","status":"publish","type":"product","link":"https:\/\/lieselehof.com\/it\/wines\/spumante\/extra-brut-75\/","title":{"rendered":"Extra Brut 75"},"content":{"rendered":"<p><strong>Variet\u00e0 d&#8217;uva:<\/strong> Souvignier Gris<\/p>\n<p>&nbsp;<\/p>\n<p><strong>Origine:<\/strong> Risultato di due secoli di lavoro di incrocio condotto da numerosi istituti agricoli e universit\u00e0 in Europa. I genitori sono Seyval \u00d7 Z\u00e4hringer. Appartiene alla famiglia Piwi ed \u00e8 naturalmente resistente alle malattie fungine. Non sono necessari trattamenti chimici nei vigneti, rendendola ideale per la coltivazione biologica.<\/p>\n<p>&nbsp;<\/p>\n<p><strong>Sviluppo:<\/strong> Forte e verticale<\/p>\n<p>&nbsp;<\/p>\n<p><strong>Resa:<\/strong>Due grappoli di media grandezza per germoglio. Per aumentare la qualit\u00e0 del vino, il carico d&#8217;uva per pianta non deve superare 1,8 chilogrammi. Questo permette di produrre spumanti di qualit\u00e0 eccezionale.<\/p>\n<p>&nbsp;<\/p>\n<p><strong>Metodo Lieselehof:<\/strong> &#8220;Metodo rurale&#8221; con sboccatura. Nessuna aggiunta di zucchero di canna o di barbabietola. 75 mesi sui lieviti.<\/p>\n<p>&nbsp;<\/p>\n<p><strong>Vinificazione: <\/strong>Annata del vino base: 2018, Seconda fermentazione: In bottiglia, Affinamento sui lieviti: 75 mesi, Data di sboccatura: Marzo 2025, Dosaggio: Extra Brut<\/p>\n<p>&nbsp;<\/p>\n<p><strong>Maturazione dell\u2019uva: <\/strong>Media, circa una settimana dopo Pinot Bianco o Chardonnay.<\/p>\n<p>&nbsp;<\/p>\n<p><strong>Zuccheri dell\u2018uva:<\/strong> 18\u00b0\u201319\u00b0 KMW (90\u201395\u00b0 Oechsle)<\/p>\n","protected":false},"excerpt":{"rendered":"<p>Un capolavoro di pazienza e precisione: questo Extra Brut rivela una profondit\u00e0 e una finezza straordinarie dopo pi\u00f9 di cinque anni di affinamento sui lieviti. La lunga maturazione conferisce allo spumante una complessit\u00e0 notevole, una texture cremosa e una mousse straordinariamente fine. <strong>Perfetto per occasioni speciali. Si abbina magnificamente a ostriche, frutti di mare pregiati, Parmigiano stagionato, piatti a base di tartufo e alta cucina.<\/strong><\/p>\n","protected":false},"featured_media":31429,"template":"","meta":{"_acf_changed":false,"inline_featured_image":false},"product_brand":[],"product_cat":[82],"product_tag":[],"class_list":{"0":"post-31442","1":"product","2":"type-product","3":"status-publish","4":"has-post-thumbnail","6":"product_cat-spumante","8":"first","9":"instock","10":"taxable","11":"shipping-taxable","12":"purchasable","13":"product-type-simple"},"acf":[],"yoast_head":"<!-- This site is optimized with the Yoast SEO plugin v26.4 - https:\/\/yoast.com\/wordpress\/plugins\/seo\/ -->\n<title>Extra Brut 75 - Lieselehof<\/title>\n<meta name=\"robots\" content=\"index, follow, max-snippet:-1, max-image-preview:large, max-video-preview:-1\" \/>\n<link rel=\"canonical\" href=\"https:\/\/lieselehof.com\/it\/wines\/spumante\/extra-brut-75\/\" \/>\n<meta property=\"og:locale\" content=\"it_IT\" \/>\n<meta property=\"og:type\" content=\"article\" \/>\n<meta property=\"og:title\" content=\"Extra Brut 75 - Lieselehof\" \/>\n<meta property=\"og:description\" content=\"Un capolavoro di pazienza e precisione: questo Extra Brut rivela una profondit\u00e0 e una finezza straordinarie dopo pi\u00f9 di cinque anni di affinamento sui lieviti. La lunga maturazione conferisce allo spumante una complessit\u00e0 notevole, una texture cremosa e una mousse straordinariamente fine. Perfetto per occasioni speciali. Si abbina magnificamente a ostriche, frutti di mare pregiati, Parmigiano stagionato, piatti a base di tartufo e alta cucina.\" \/>\n<meta property=\"og:url\" content=\"https:\/\/lieselehof.com\/it\/wines\/spumante\/extra-brut-75\/\" \/>\n<meta property=\"og:site_name\" content=\"Lieselehof\" \/>\n<meta property=\"article:publisher\" content=\"https:\/\/www.facebook.com\/lieselehof\" \/>\n<meta property=\"article:modified_time\" content=\"2025-10-02T08:15:50+00:00\" \/>\n<meta property=\"og:image\" content=\"https:\/\/lieselehof.com\/wp-content\/uploads\/2025\/04\/lieselehof-extra-brut-75.webp\" \/>\n\t<meta property=\"og:image:width\" content=\"948\" \/>\n\t<meta property=\"og:image:height\" content=\"2560\" \/>\n\t<meta property=\"og:image:type\" content=\"image\/webp\" \/>\n<meta name=\"twitter:card\" content=\"summary_large_image\" \/>\n<meta name=\"twitter:label1\" content=\"Tempo di lettura stimato\" \/>\n\t<meta name=\"twitter:data1\" content=\"1 minuto\" \/>\n<script type=\"application\/ld+json\" class=\"yoast-schema-graph\">{\"@context\":\"https:\/\/schema.org\",\"@graph\":[{\"@type\":\"WebPage\",\"@id\":\"https:\/\/lieselehof.com\/it\/wines\/spumante\/extra-brut-75\/\",\"url\":\"https:\/\/lieselehof.com\/it\/wines\/spumante\/extra-brut-75\/\",\"name\":\"Extra Brut 75 - Lieselehof\",\"isPartOf\":{\"@id\":\"https:\/\/lieselehof.com\/it\/#website\"},\"primaryImageOfPage\":{\"@id\":\"https:\/\/lieselehof.com\/it\/wines\/spumante\/extra-brut-75\/#primaryimage\"},\"image\":{\"@id\":\"https:\/\/lieselehof.com\/it\/wines\/spumante\/extra-brut-75\/#primaryimage\"},\"thumbnailUrl\":\"https:\/\/lieselehof.com\/wp-content\/uploads\/2025\/04\/lieselehof-extra-brut-75.webp\",\"datePublished\":\"2025-04-30T14:24:34+00:00\",\"dateModified\":\"2025-10-02T08:15:50+00:00\",\"breadcrumb\":{\"@id\":\"https:\/\/lieselehof.com\/it\/wines\/spumante\/extra-brut-75\/#breadcrumb\"},\"inLanguage\":\"it-IT\",\"potentialAction\":[{\"@type\":\"ReadAction\",\"target\":[\"https:\/\/lieselehof.com\/it\/wines\/spumante\/extra-brut-75\/\"]}]},{\"@type\":\"ImageObject\",\"inLanguage\":\"it-IT\",\"@id\":\"https:\/\/lieselehof.com\/it\/wines\/spumante\/extra-brut-75\/#primaryimage\",\"url\":\"https:\/\/lieselehof.com\/wp-content\/uploads\/2025\/04\/lieselehof-extra-brut-75.webp\",\"contentUrl\":\"https:\/\/lieselehof.com\/wp-content\/uploads\/2025\/04\/lieselehof-extra-brut-75.webp\",\"width\":948,\"height\":2560},{\"@type\":\"BreadcrumbList\",\"@id\":\"https:\/\/lieselehof.com\/it\/wines\/spumante\/extra-brut-75\/#breadcrumb\",\"itemListElement\":[{\"@type\":\"ListItem\",\"position\":1,\"name\":\"home\",\"item\":\"https:\/\/lieselehof.com\/it\/\"},{\"@type\":\"ListItem\",\"position\":2,\"name\":\"Vini\",\"item\":\"https:\/\/lieselehof.com\/it\/vini\/\"},{\"@type\":\"ListItem\",\"position\":3,\"name\":\"Spumante\",\"item\":\"https:\/\/lieselehof.com\/it\/categoria\/spumante\/\"},{\"@type\":\"ListItem\",\"position\":4,\"name\":\"Extra Brut 75\"}]},{\"@type\":\"WebSite\",\"@id\":\"https:\/\/lieselehof.com\/it\/#website\",\"url\":\"https:\/\/lieselehof.com\/it\/\",\"name\":\"Lieselehof\",\"description\":\"Quality Wines\",\"publisher\":{\"@id\":\"https:\/\/lieselehof.com\/it\/#organization\"},\"potentialAction\":[{\"@type\":\"SearchAction\",\"target\":{\"@type\":\"EntryPoint\",\"urlTemplate\":\"https:\/\/lieselehof.com\/it\/?s={search_term_string}\"},\"query-input\":{\"@type\":\"PropertyValueSpecification\",\"valueRequired\":true,\"valueName\":\"search_term_string\"}}],\"inLanguage\":\"it-IT\"},{\"@type\":\"Organization\",\"@id\":\"https:\/\/lieselehof.com\/it\/#organization\",\"name\":\"Lieselehof\",\"url\":\"https:\/\/lieselehof.com\/it\/\",\"logo\":{\"@type\":\"ImageObject\",\"inLanguage\":\"it-IT\",\"@id\":\"https:\/\/lieselehof.com\/it\/#\/schema\/logo\/image\/\",\"url\":\"https:\/\/lieselehof.com\/wp-content\/uploads\/lieselehof-logo.svg\",\"contentUrl\":\"https:\/\/lieselehof.com\/wp-content\/uploads\/lieselehof-logo.svg\",\"width\":240,\"height\":124,\"caption\":\"Lieselehof\"},\"image\":{\"@id\":\"https:\/\/lieselehof.com\/it\/#\/schema\/logo\/image\/\"},\"sameAs\":[\"https:\/\/www.facebook.com\/lieselehof\",\"https:\/\/www.instagram.com\/lieselehof_tenuta\/\"]}]}<\/script>\n<!-- \/ Yoast SEO plugin. -->","yoast_head_json":{"title":"Extra Brut 75 - Lieselehof","robots":{"index":"index","follow":"follow","max-snippet":"max-snippet:-1","max-image-preview":"max-image-preview:large","max-video-preview":"max-video-preview:-1"},"canonical":"https:\/\/lieselehof.com\/it\/wines\/spumante\/extra-brut-75\/","og_locale":"it_IT","og_type":"article","og_title":"Extra Brut 75 - Lieselehof","og_description":"Un capolavoro di pazienza e precisione: questo Extra Brut rivela una profondit\u00e0 e una finezza straordinarie dopo pi\u00f9 di cinque anni di affinamento sui lieviti. La lunga maturazione conferisce allo spumante una complessit\u00e0 notevole, una texture cremosa e una mousse straordinariamente fine. Perfetto per occasioni speciali. Si abbina magnificamente a ostriche, frutti di mare pregiati, Parmigiano stagionato, piatti a base di tartufo e alta cucina.","og_url":"https:\/\/lieselehof.com\/it\/wines\/spumante\/extra-brut-75\/","og_site_name":"Lieselehof","article_publisher":"https:\/\/www.facebook.com\/lieselehof","article_modified_time":"2025-10-02T08:15:50+00:00","og_image":[{"width":948,"height":2560,"url":"https:\/\/lieselehof.com\/wp-content\/uploads\/2025\/04\/lieselehof-extra-brut-75.webp","type":"image\/webp"}],"twitter_card":"summary_large_image","twitter_misc":{"Tempo di lettura stimato":"1 minuto"},"schema":{"@context":"https:\/\/schema.org","@graph":[{"@type":"WebPage","@id":"https:\/\/lieselehof.com\/it\/wines\/spumante\/extra-brut-75\/","url":"https:\/\/lieselehof.com\/it\/wines\/spumante\/extra-brut-75\/","name":"Extra Brut 75 - Lieselehof","isPartOf":{"@id":"https:\/\/lieselehof.com\/it\/#website"},"primaryImageOfPage":{"@id":"https:\/\/lieselehof.com\/it\/wines\/spumante\/extra-brut-75\/#primaryimage"},"image":{"@id":"https:\/\/lieselehof.com\/it\/wines\/spumante\/extra-brut-75\/#primaryimage"},"thumbnailUrl":"https:\/\/lieselehof.com\/wp-content\/uploads\/2025\/04\/lieselehof-extra-brut-75.webp","datePublished":"2025-04-30T14:24:34+00:00","dateModified":"2025-10-02T08:15:50+00:00","breadcrumb":{"@id":"https:\/\/lieselehof.com\/it\/wines\/spumante\/extra-brut-75\/#breadcrumb"},"inLanguage":"it-IT","potentialAction":[{"@type":"ReadAction","target":["https:\/\/lieselehof.com\/it\/wines\/spumante\/extra-brut-75\/"]}]},{"@type":"ImageObject","inLanguage":"it-IT","@id":"https:\/\/lieselehof.com\/it\/wines\/spumante\/extra-brut-75\/#primaryimage","url":"https:\/\/lieselehof.com\/wp-content\/uploads\/2025\/04\/lieselehof-extra-brut-75.webp","contentUrl":"https:\/\/lieselehof.com\/wp-content\/uploads\/2025\/04\/lieselehof-extra-brut-75.webp","width":948,"height":2560},{"@type":"BreadcrumbList","@id":"https:\/\/lieselehof.com\/it\/wines\/spumante\/extra-brut-75\/#breadcrumb","itemListElement":[{"@type":"ListItem","position":1,"name":"home","item":"https:\/\/lieselehof.com\/it\/"},{"@type":"ListItem","position":2,"name":"Vini","item":"https:\/\/lieselehof.com\/it\/vini\/"},{"@type":"ListItem","position":3,"name":"Spumante","item":"https:\/\/lieselehof.com\/it\/categoria\/spumante\/"},{"@type":"ListItem","position":4,"name":"Extra Brut 75"}]},{"@type":"WebSite","@id":"https:\/\/lieselehof.com\/it\/#website","url":"https:\/\/lieselehof.com\/it\/","name":"Lieselehof","description":"Quality Wines","publisher":{"@id":"https:\/\/lieselehof.com\/it\/#organization"},"potentialAction":[{"@type":"SearchAction","target":{"@type":"EntryPoint","urlTemplate":"https:\/\/lieselehof.com\/it\/?s={search_term_string}"},"query-input":{"@type":"PropertyValueSpecification","valueRequired":true,"valueName":"search_term_string"}}],"inLanguage":"it-IT"},{"@type":"Organization","@id":"https:\/\/lieselehof.com\/it\/#organization","name":"Lieselehof","url":"https:\/\/lieselehof.com\/it\/","logo":{"@type":"ImageObject","inLanguage":"it-IT","@id":"https:\/\/lieselehof.com\/it\/#\/schema\/logo\/image\/","url":"https:\/\/lieselehof.com\/wp-content\/uploads\/lieselehof-logo.svg","contentUrl":"https:\/\/lieselehof.com\/wp-content\/uploads\/lieselehof-logo.svg","width":240,"height":124,"caption":"Lieselehof"},"image":{"@id":"https:\/\/lieselehof.com\/it\/#\/schema\/logo\/image\/"},"sameAs":["https:\/\/www.facebook.com\/lieselehof","https:\/\/www.instagram.com\/lieselehof_tenuta\/"]}]}},"jetpack_sharing_enabled":true,"_links":{"self":[{"href":"https:\/\/lieselehof.com\/it\/wp-json\/wp\/v2\/product\/31442","targetHints":{"allow":["GET"]}}],"collection":[{"href":"https:\/\/lieselehof.com\/it\/wp-json\/wp\/v2\/product"}],"about":[{"href":"https:\/\/lieselehof.com\/it\/wp-json\/wp\/v2\/types\/product"}],"version-history":[{"count":1,"href":"https:\/\/lieselehof.com\/it\/wp-json\/wp\/v2\/product\/31442\/revisions"}],"predecessor-version":[{"id":31443,"href":"https:\/\/lieselehof.com\/it\/wp-json\/wp\/v2\/product\/31442\/revisions\/31443"}],"wp:featuredmedia":[{"embeddable":true,"href":"https:\/\/lieselehof.com\/it\/wp-json\/wp\/v2\/media\/31429"}],"wp:attachment":[{"href":"https:\/\/lieselehof.com\/it\/wp-json\/wp\/v2\/media?parent=31442"}],"wp:term":[{"taxonomy":"product_brand","embeddable":true,"href":"https:\/\/lieselehof.com\/it\/wp-json\/wp\/v2\/product_brand?post=31442"},{"taxonomy":"product_cat","embeddable":true,"href":"https:\/\/lieselehof.com\/it\/wp-json\/wp\/v2\/product_cat?post=31442"},{"taxonomy":"product_tag","embeddable":true,"href":"https:\/\/lieselehof.com\/it\/wp-json\/wp\/v2\/product_tag?post=31442"}],"curies":[{"name":"wp","href":"https:\/\/api.w.org\/{rel}","templated":true}]}}