{"id":31373,"date":"2025-02-25T16:16:39","date_gmt":"2025-02-25T15:16:39","guid":{"rendered":"https:\/\/lieselehof.com\/?post_type=product&#038;p=31373"},"modified":"2025-04-30T13:43:09","modified_gmt":"2025-04-30T11:43:09","slug":"special-edition-gold","status":"publish","type":"product","link":"https:\/\/lieselehof.com\/it\/wines\/spumante\/special-edition-gold\/","title":{"rendered":"Special Edition Gold"},"content":{"rendered":"<p><strong>Variet\u00e0 di uva:<\/strong> Souvignier Gris<\/p>\n<p>&nbsp;<\/p>\n<p><strong>Resa:<\/strong> ha: 9 tonnellate per ettaro<\/p>\n<p>&nbsp;<\/p>\n<p><strong>Posizione:<\/strong> 250 m.s.l.m. Lago di Caldaro, Italia<\/p>\n<p>&nbsp;<\/p>\n<p><strong>Anno di impianto:<\/strong> 2012<\/p>\n<p>&nbsp;<\/p>\n<p><strong>Terreno:<\/strong> argilla rossa sabbiosa.<\/p>\n<p>&nbsp;<\/p>\n<p><strong>Resa:<\/strong> ci sono due acini di medie dimensioni per germoglio. Per aumentare la qualit\u00e0 del vino, il carico di uva per vite non deve superare 1,8 chilogrammi. Questo ci consente di produrre vini spumanti di qualit\u00e0 eccezionale.<\/p>\n<p>&nbsp;<\/p>\n<p><strong>Maturit\u00e0:<\/strong> media, una settimana dopo Pinot Bianco o Chardonnay. Le viti sono state coltivate biologicamente con la massima cura, dal loro primo giorno nel suolo italiano. Le viti non sono mai state a contatto con alcun tipo di erbicida o pesticida. Certificato dall&#8217;associazione &#8220;Green Mountain Wine&#8221; e dall&#8217;UE per la sostenibilit\u00e0 e la qualit\u00e0 biologica. Prodotta a mano, ogni uva viene accuratamente selezionata e raccolta a mano durante la vendemmia che avviene all&#8217;inizio di settembre.<\/p>\n<p>&nbsp;<\/p>\n<p><strong>Metodo Lieselehof:<\/strong> \u201cMetode rurale \u201e con sboccatura. Per la seconda fermentazione in bottiglia, non \u00e8 stato aggiunto zucchero di canna o di barbabietola, assicurando di mantenere il prodotto il pi\u00f9 naturale possibile. Annata 2017 con 55 mesi sui lieviti in bottiglia.<\/p>\n<p>&nbsp;<\/p>\n<p><strong>Profilo di degustazione:<\/strong> Lieselehof Special Edition Gold &#8211; Un vero capolavoro di artigianalit\u00e0, il Lieselehof Special Edition Gold affascina fin dal primo sorso con la sua radiosa tonalit\u00e0 dorata e le sue bollicine fini e persistenti.<\/p>\n<p>&nbsp;<\/p>\n<p>Al naso, offre un bouquet meravigliosamente secco ma complesso, svelando strati di pesche al miele, albicocche maturate al sole, scorza di limone, lime e un delicato sussurro di datteri. Mentre abbellisce il palato, un&#8217;effervescenza vibrante solletica i sensi, portando raffinate note di brioche, pasticcini al burro e panna fresca, elegantemente intrecciate con il suo ricco profilo fruttato.<\/p>\n<p>&nbsp;<\/p>\n<p>La sensazione in bocca \u00e8 setosa ma corroborante, offrendo un armonioso equilibrio di acidit\u00e0 croccante e profondit\u00e0 cremosa, rendendo ogni sorso un&#8217;indulgenza squisita. Il finale \u00e8 lungo e sofisticato, lasciando dietro di s\u00e9 una persistente sensazione sognante che evoca il desiderio di altro.<\/p>\n<p>&nbsp;<\/p>\n<p>Si abbina bene a frutti di mare, crostacei, salumi, tempura, sushi e tartare di carne.<\/p>\n<p>&nbsp;<\/p>\n<p>Uno spumante indimenticabile, perfetto per esaltare qualsiasi celebrazione, occasione speciale o momento di pura indulgenza.<\/p>\n<p>&nbsp;<\/p>\n<p><strong>Temperatura di servizio:<\/strong> 8\u00b0C e 10\u00b0C<\/p>\n<p>&nbsp;<\/p>\n<p><strong>Invecchiamento:<\/strong> 20 anni<\/p>\n","protected":false},"excerpt":{"rendered":"<p>Il Lieselehof Special Edition Gold \u00e8 un esclusivo vino spumante biologico prodotto in una quantit\u00e0 limitata di <strong>sole 848 bottiglie<\/strong>.<\/p>\n","protected":false},"featured_media":31362,"template":"","meta":{"_acf_changed":false,"inline_featured_image":false},"product_brand":[],"product_cat":[82],"product_tag":[103],"class_list":{"0":"post-31373","1":"product","2":"type-product","3":"status-publish","4":"has-post-thumbnail","6":"product_cat-spumante","7":"product_tag-special-edition-gold-it","9":"first","10":"instock","11":"taxable","12":"shipping-taxable","13":"product-type-simple"},"acf":[],"yoast_head":"<!-- This site is optimized with the Yoast SEO plugin v26.4 - https:\/\/yoast.com\/wordpress\/plugins\/seo\/ -->\n<title>Special Edition Gold - Lieselehof<\/title>\n<meta name=\"robots\" content=\"index, follow, max-snippet:-1, max-image-preview:large, max-video-preview:-1\" \/>\n<link rel=\"canonical\" href=\"https:\/\/lieselehof.com\/it\/wines\/spumante\/special-edition-gold\/\" \/>\n<meta property=\"og:locale\" content=\"it_IT\" \/>\n<meta property=\"og:type\" content=\"article\" \/>\n<meta property=\"og:title\" content=\"Special Edition Gold - Lieselehof\" \/>\n<meta property=\"og:description\" content=\"Il Lieselehof Special Edition Gold \u00e8 un esclusivo vino spumante biologico prodotto in una quantit\u00e0 limitata di sole 848 bottiglie.\" \/>\n<meta property=\"og:url\" content=\"https:\/\/lieselehof.com\/it\/wines\/spumante\/special-edition-gold\/\" \/>\n<meta property=\"og:site_name\" content=\"Lieselehof\" \/>\n<meta property=\"article:publisher\" content=\"https:\/\/www.facebook.com\/lieselehof\" \/>\n<meta property=\"article:modified_time\" content=\"2025-04-30T11:43:09+00:00\" \/>\n<meta property=\"og:image\" content=\"https:\/\/lieselehof.com\/wp-content\/uploads\/2025\/02\/special-edition-gold.webp\" \/>\n\t<meta property=\"og:image:width\" content=\"948\" \/>\n\t<meta property=\"og:image:height\" content=\"2560\" \/>\n\t<meta property=\"og:image:type\" content=\"image\/webp\" \/>\n<meta name=\"twitter:card\" content=\"summary_large_image\" \/>\n<meta name=\"twitter:label1\" content=\"Tempo di lettura stimato\" \/>\n\t<meta name=\"twitter:data1\" content=\"2 minuti\" \/>\n<script type=\"application\/ld+json\" class=\"yoast-schema-graph\">{\"@context\":\"https:\/\/schema.org\",\"@graph\":[{\"@type\":\"WebPage\",\"@id\":\"https:\/\/lieselehof.com\/it\/wines\/spumante\/special-edition-gold\/\",\"url\":\"https:\/\/lieselehof.com\/it\/wines\/spumante\/special-edition-gold\/\",\"name\":\"Special Edition Gold - Lieselehof\",\"isPartOf\":{\"@id\":\"https:\/\/lieselehof.com\/it\/#website\"},\"primaryImageOfPage\":{\"@id\":\"https:\/\/lieselehof.com\/it\/wines\/spumante\/special-edition-gold\/#primaryimage\"},\"image\":{\"@id\":\"https:\/\/lieselehof.com\/it\/wines\/spumante\/special-edition-gold\/#primaryimage\"},\"thumbnailUrl\":\"https:\/\/lieselehof.com\/wp-content\/uploads\/2025\/02\/special-edition-gold.webp\",\"datePublished\":\"2025-02-25T15:16:39+00:00\",\"dateModified\":\"2025-04-30T11:43:09+00:00\",\"breadcrumb\":{\"@id\":\"https:\/\/lieselehof.com\/it\/wines\/spumante\/special-edition-gold\/#breadcrumb\"},\"inLanguage\":\"it-IT\",\"potentialAction\":[{\"@type\":\"ReadAction\",\"target\":[\"https:\/\/lieselehof.com\/it\/wines\/spumante\/special-edition-gold\/\"]}]},{\"@type\":\"ImageObject\",\"inLanguage\":\"it-IT\",\"@id\":\"https:\/\/lieselehof.com\/it\/wines\/spumante\/special-edition-gold\/#primaryimage\",\"url\":\"https:\/\/lieselehof.com\/wp-content\/uploads\/2025\/02\/special-edition-gold.webp\",\"contentUrl\":\"https:\/\/lieselehof.com\/wp-content\/uploads\/2025\/02\/special-edition-gold.webp\",\"width\":948,\"height\":2560},{\"@type\":\"BreadcrumbList\",\"@id\":\"https:\/\/lieselehof.com\/it\/wines\/spumante\/special-edition-gold\/#breadcrumb\",\"itemListElement\":[{\"@type\":\"ListItem\",\"position\":1,\"name\":\"home\",\"item\":\"https:\/\/lieselehof.com\/it\/\"},{\"@type\":\"ListItem\",\"position\":2,\"name\":\"Vini\",\"item\":\"https:\/\/lieselehof.com\/it\/vini\/\"},{\"@type\":\"ListItem\",\"position\":3,\"name\":\"Spumante\",\"item\":\"https:\/\/lieselehof.com\/it\/categoria\/spumante\/\"},{\"@type\":\"ListItem\",\"position\":4,\"name\":\"Special Edition Gold\"}]},{\"@type\":\"WebSite\",\"@id\":\"https:\/\/lieselehof.com\/it\/#website\",\"url\":\"https:\/\/lieselehof.com\/it\/\",\"name\":\"Lieselehof\",\"description\":\"Quality Wines\",\"publisher\":{\"@id\":\"https:\/\/lieselehof.com\/it\/#organization\"},\"potentialAction\":[{\"@type\":\"SearchAction\",\"target\":{\"@type\":\"EntryPoint\",\"urlTemplate\":\"https:\/\/lieselehof.com\/it\/?s={search_term_string}\"},\"query-input\":{\"@type\":\"PropertyValueSpecification\",\"valueRequired\":true,\"valueName\":\"search_term_string\"}}],\"inLanguage\":\"it-IT\"},{\"@type\":\"Organization\",\"@id\":\"https:\/\/lieselehof.com\/it\/#organization\",\"name\":\"Lieselehof\",\"url\":\"https:\/\/lieselehof.com\/it\/\",\"logo\":{\"@type\":\"ImageObject\",\"inLanguage\":\"it-IT\",\"@id\":\"https:\/\/lieselehof.com\/it\/#\/schema\/logo\/image\/\",\"url\":\"https:\/\/lieselehof.com\/wp-content\/uploads\/lieselehof-logo.svg\",\"contentUrl\":\"https:\/\/lieselehof.com\/wp-content\/uploads\/lieselehof-logo.svg\",\"width\":240,\"height\":124,\"caption\":\"Lieselehof\"},\"image\":{\"@id\":\"https:\/\/lieselehof.com\/it\/#\/schema\/logo\/image\/\"},\"sameAs\":[\"https:\/\/www.facebook.com\/lieselehof\",\"https:\/\/www.instagram.com\/lieselehof_tenuta\/\"]}]}<\/script>\n<!-- \/ Yoast SEO plugin. -->","yoast_head_json":{"title":"Special Edition Gold - Lieselehof","robots":{"index":"index","follow":"follow","max-snippet":"max-snippet:-1","max-image-preview":"max-image-preview:large","max-video-preview":"max-video-preview:-1"},"canonical":"https:\/\/lieselehof.com\/it\/wines\/spumante\/special-edition-gold\/","og_locale":"it_IT","og_type":"article","og_title":"Special Edition Gold - Lieselehof","og_description":"Il Lieselehof Special Edition Gold \u00e8 un esclusivo vino spumante biologico prodotto in una quantit\u00e0 limitata di sole 848 bottiglie.","og_url":"https:\/\/lieselehof.com\/it\/wines\/spumante\/special-edition-gold\/","og_site_name":"Lieselehof","article_publisher":"https:\/\/www.facebook.com\/lieselehof","article_modified_time":"2025-04-30T11:43:09+00:00","og_image":[{"width":948,"height":2560,"url":"https:\/\/lieselehof.com\/wp-content\/uploads\/2025\/02\/special-edition-gold.webp","type":"image\/webp"}],"twitter_card":"summary_large_image","twitter_misc":{"Tempo di lettura stimato":"2 minuti"},"schema":{"@context":"https:\/\/schema.org","@graph":[{"@type":"WebPage","@id":"https:\/\/lieselehof.com\/it\/wines\/spumante\/special-edition-gold\/","url":"https:\/\/lieselehof.com\/it\/wines\/spumante\/special-edition-gold\/","name":"Special Edition Gold - Lieselehof","isPartOf":{"@id":"https:\/\/lieselehof.com\/it\/#website"},"primaryImageOfPage":{"@id":"https:\/\/lieselehof.com\/it\/wines\/spumante\/special-edition-gold\/#primaryimage"},"image":{"@id":"https:\/\/lieselehof.com\/it\/wines\/spumante\/special-edition-gold\/#primaryimage"},"thumbnailUrl":"https:\/\/lieselehof.com\/wp-content\/uploads\/2025\/02\/special-edition-gold.webp","datePublished":"2025-02-25T15:16:39+00:00","dateModified":"2025-04-30T11:43:09+00:00","breadcrumb":{"@id":"https:\/\/lieselehof.com\/it\/wines\/spumante\/special-edition-gold\/#breadcrumb"},"inLanguage":"it-IT","potentialAction":[{"@type":"ReadAction","target":["https:\/\/lieselehof.com\/it\/wines\/spumante\/special-edition-gold\/"]}]},{"@type":"ImageObject","inLanguage":"it-IT","@id":"https:\/\/lieselehof.com\/it\/wines\/spumante\/special-edition-gold\/#primaryimage","url":"https:\/\/lieselehof.com\/wp-content\/uploads\/2025\/02\/special-edition-gold.webp","contentUrl":"https:\/\/lieselehof.com\/wp-content\/uploads\/2025\/02\/special-edition-gold.webp","width":948,"height":2560},{"@type":"BreadcrumbList","@id":"https:\/\/lieselehof.com\/it\/wines\/spumante\/special-edition-gold\/#breadcrumb","itemListElement":[{"@type":"ListItem","position":1,"name":"home","item":"https:\/\/lieselehof.com\/it\/"},{"@type":"ListItem","position":2,"name":"Vini","item":"https:\/\/lieselehof.com\/it\/vini\/"},{"@type":"ListItem","position":3,"name":"Spumante","item":"https:\/\/lieselehof.com\/it\/categoria\/spumante\/"},{"@type":"ListItem","position":4,"name":"Special Edition Gold"}]},{"@type":"WebSite","@id":"https:\/\/lieselehof.com\/it\/#website","url":"https:\/\/lieselehof.com\/it\/","name":"Lieselehof","description":"Quality Wines","publisher":{"@id":"https:\/\/lieselehof.com\/it\/#organization"},"potentialAction":[{"@type":"SearchAction","target":{"@type":"EntryPoint","urlTemplate":"https:\/\/lieselehof.com\/it\/?s={search_term_string}"},"query-input":{"@type":"PropertyValueSpecification","valueRequired":true,"valueName":"search_term_string"}}],"inLanguage":"it-IT"},{"@type":"Organization","@id":"https:\/\/lieselehof.com\/it\/#organization","name":"Lieselehof","url":"https:\/\/lieselehof.com\/it\/","logo":{"@type":"ImageObject","inLanguage":"it-IT","@id":"https:\/\/lieselehof.com\/it\/#\/schema\/logo\/image\/","url":"https:\/\/lieselehof.com\/wp-content\/uploads\/lieselehof-logo.svg","contentUrl":"https:\/\/lieselehof.com\/wp-content\/uploads\/lieselehof-logo.svg","width":240,"height":124,"caption":"Lieselehof"},"image":{"@id":"https:\/\/lieselehof.com\/it\/#\/schema\/logo\/image\/"},"sameAs":["https:\/\/www.facebook.com\/lieselehof","https:\/\/www.instagram.com\/lieselehof_tenuta\/"]}]}},"jetpack_sharing_enabled":true,"_links":{"self":[{"href":"https:\/\/lieselehof.com\/it\/wp-json\/wp\/v2\/product\/31373","targetHints":{"allow":["GET"]}}],"collection":[{"href":"https:\/\/lieselehof.com\/it\/wp-json\/wp\/v2\/product"}],"about":[{"href":"https:\/\/lieselehof.com\/it\/wp-json\/wp\/v2\/types\/product"}],"version-history":[{"count":1,"href":"https:\/\/lieselehof.com\/it\/wp-json\/wp\/v2\/product\/31373\/revisions"}],"predecessor-version":[{"id":31374,"href":"https:\/\/lieselehof.com\/it\/wp-json\/wp\/v2\/product\/31373\/revisions\/31374"}],"wp:featuredmedia":[{"embeddable":true,"href":"https:\/\/lieselehof.com\/it\/wp-json\/wp\/v2\/media\/31362"}],"wp:attachment":[{"href":"https:\/\/lieselehof.com\/it\/wp-json\/wp\/v2\/media?parent=31373"}],"wp:term":[{"taxonomy":"product_brand","embeddable":true,"href":"https:\/\/lieselehof.com\/it\/wp-json\/wp\/v2\/product_brand?post=31373"},{"taxonomy":"product_cat","embeddable":true,"href":"https:\/\/lieselehof.com\/it\/wp-json\/wp\/v2\/product_cat?post=31373"},{"taxonomy":"product_tag","embeddable":true,"href":"https:\/\/lieselehof.com\/it\/wp-json\/wp\/v2\/product_tag?post=31373"}],"curies":[{"name":"wp","href":"https:\/\/api.w.org\/{rel}","templated":true}]}}