{"id":31246,"date":"2024-12-11T11:58:16","date_gmt":"2024-12-11T10:58:16","guid":{"rendered":"https:\/\/lieselehof.com\/?post_type=product&#038;p=31246"},"modified":"2025-04-30T16:44:19","modified_gmt":"2025-04-30T14:44:19","slug":"brut-junior-rose","status":"publish","type":"product","link":"https:\/\/lieselehof.com\/it\/wines\/spumante\/brut-junior-rose\/","title":{"rendered":"Brut Junior Ros\u00e8"},"content":{"rendered":"<p><strong>Origine:<\/strong> 80% Pino nero, 20% Souvignier gris \u00e8 il risultato di 200 anni di incroci, eseguiti da una decina di istituti agrari e universit\u00e0 in Europa. I genitori sono Seyval x Z\u00e4hringer. Fa parte della famiglia dei Piwi, sono vitigni resistenti alle malattie fungine. In anni normali non deve essere trattato.<\/p>\n<p>&nbsp;<\/p>\n<p><strong>Sviluppo:<\/strong> forte e verticale<\/p>\n<p>&nbsp;<\/p>\n<p><strong>Rendimento:<\/strong> Per migliorare la qualit\u00e0 del vino il carico della vite non deve superare 1,5 kg a pianta per il Pinot nero e 1,8 kg per il Souvignier gris. Con questa resa riusciamo a produrre spumanti di qualit\u00e0 eccezionale.<\/p>\n<p>&nbsp;<\/p>\n<p><strong>Maturazione:<\/strong> Pinot nero matura con lo Chardonnay e il Souvignier gris una settimana dopo.<\/p>\n<p>&nbsp;<\/p>\n<p><strong>Zuchhero:<\/strong> 18\u00b0 &#8211; 19\u00b0 Babo<\/p>\n<p>&nbsp;<\/p>\n<p><strong>Metodo Lieselehof:<\/strong> ancestrale con sboccatura. Nessun\u2019aggiunta di zucchero di canna o barbabietola. 18 mesi sui lieviti.<\/p>\n<p>&nbsp;<\/p>\n<p><strong>Spumante:<\/strong> il bouquet \u00e8 dolce e fruttato con bollicine meravigliosamente eleganti. Aromi di fragola, lamponi, ciliege. Nel palato all\u2019elegante freschezza si aggiunge il limone.<\/p>\n<p>&nbsp;<\/p>\n<p><strong>Abbinamenti:<\/strong> Giovane e dinamico, fruttato, perfetto per aperitivo, tempura, formaggi cremosi e sushi. Ottimo anche con i dolci a base di frutta, con il cioccolato.<\/p>\n<p>&nbsp;<\/p>\n<p><strong>Temperatura di servizio:<\/strong> 8\u00b0C nella stagione fredda anche 10\u00b0C<\/p>\n<p>&nbsp;<\/p>\n<p><strong>Invecchiamento:<\/strong> fino a 10 anni<\/p>\n","protected":false},"excerpt":{"rendered":"<p>Invecchiato sui lieviti per 18 mesi. Rosa vibrante, rinfrescante e fruttato con bollicine splendidamente eleganti. Aromi audaci di lamponi maturi, anguria e mirtilli rossi.    <strong>Delizioso e versatile Si abbina magnificamente a antipasti e fragole. Perfetto per feste e serate romantiche. <\/strong><\/p>\n","protected":false},"featured_media":31241,"template":"","meta":{"_acf_changed":false,"inline_featured_image":false},"product_brand":[],"product_cat":[82],"product_tag":[],"class_list":{"0":"post-31246","1":"product","2":"type-product","3":"status-publish","4":"has-post-thumbnail","6":"product_cat-spumante","8":"first","9":"instock","10":"taxable","11":"shipping-taxable","12":"purchasable","13":"product-type-simple"},"acf":[],"yoast_head":"<!-- This site is optimized with the Yoast SEO plugin v26.4 - https:\/\/yoast.com\/wordpress\/plugins\/seo\/ -->\n<title>Brut Junior Ros\u00e8 - Lieselehof<\/title>\n<meta name=\"robots\" content=\"index, follow, max-snippet:-1, max-image-preview:large, max-video-preview:-1\" \/>\n<link rel=\"canonical\" href=\"https:\/\/lieselehof.com\/it\/wines\/spumante\/brut-junior-rose\/\" \/>\n<meta property=\"og:locale\" content=\"it_IT\" \/>\n<meta property=\"og:type\" content=\"article\" \/>\n<meta property=\"og:title\" content=\"Brut Junior Ros\u00e8 - Lieselehof\" \/>\n<meta property=\"og:description\" content=\"Invecchiato sui lieviti per 18 mesi. Rosa vibrante, rinfrescante e fruttato con bollicine splendidamente eleganti. Aromi audaci di lamponi maturi, anguria e mirtilli rossi.  Delizioso e versatile Si abbina magnificamente a antipasti e fragole. Perfetto per feste e serate romantiche.\" \/>\n<meta property=\"og:url\" content=\"https:\/\/lieselehof.com\/it\/wines\/spumante\/brut-junior-rose\/\" \/>\n<meta property=\"og:site_name\" content=\"Lieselehof\" \/>\n<meta property=\"article:publisher\" content=\"https:\/\/www.facebook.com\/lieselehof\" \/>\n<meta property=\"article:modified_time\" content=\"2025-04-30T14:44:19+00:00\" \/>\n<meta property=\"og:image\" content=\"https:\/\/lieselehof.com\/wp-content\/uploads\/2024\/12\/brut-rose-junior.webp\" \/>\n\t<meta property=\"og:image:width\" content=\"948\" \/>\n\t<meta property=\"og:image:height\" content=\"2560\" \/>\n\t<meta property=\"og:image:type\" content=\"image\/webp\" \/>\n<meta name=\"twitter:card\" content=\"summary_large_image\" \/>\n<meta name=\"twitter:label1\" content=\"Tempo di lettura stimato\" \/>\n\t<meta name=\"twitter:data1\" content=\"1 minuto\" \/>\n<script type=\"application\/ld+json\" class=\"yoast-schema-graph\">{\"@context\":\"https:\/\/schema.org\",\"@graph\":[{\"@type\":\"WebPage\",\"@id\":\"https:\/\/lieselehof.com\/it\/wines\/spumante\/brut-junior-rose\/\",\"url\":\"https:\/\/lieselehof.com\/it\/wines\/spumante\/brut-junior-rose\/\",\"name\":\"Brut Junior Ros\u00e8 - Lieselehof\",\"isPartOf\":{\"@id\":\"https:\/\/lieselehof.com\/it\/#website\"},\"primaryImageOfPage\":{\"@id\":\"https:\/\/lieselehof.com\/it\/wines\/spumante\/brut-junior-rose\/#primaryimage\"},\"image\":{\"@id\":\"https:\/\/lieselehof.com\/it\/wines\/spumante\/brut-junior-rose\/#primaryimage\"},\"thumbnailUrl\":\"https:\/\/lieselehof.com\/wp-content\/uploads\/2024\/12\/brut-rose-junior.webp\",\"datePublished\":\"2024-12-11T10:58:16+00:00\",\"dateModified\":\"2025-04-30T14:44:19+00:00\",\"breadcrumb\":{\"@id\":\"https:\/\/lieselehof.com\/it\/wines\/spumante\/brut-junior-rose\/#breadcrumb\"},\"inLanguage\":\"it-IT\",\"potentialAction\":[{\"@type\":\"ReadAction\",\"target\":[\"https:\/\/lieselehof.com\/it\/wines\/spumante\/brut-junior-rose\/\"]}]},{\"@type\":\"ImageObject\",\"inLanguage\":\"it-IT\",\"@id\":\"https:\/\/lieselehof.com\/it\/wines\/spumante\/brut-junior-rose\/#primaryimage\",\"url\":\"https:\/\/lieselehof.com\/wp-content\/uploads\/2024\/12\/brut-rose-junior.webp\",\"contentUrl\":\"https:\/\/lieselehof.com\/wp-content\/uploads\/2024\/12\/brut-rose-junior.webp\",\"width\":948,\"height\":2560},{\"@type\":\"BreadcrumbList\",\"@id\":\"https:\/\/lieselehof.com\/it\/wines\/spumante\/brut-junior-rose\/#breadcrumb\",\"itemListElement\":[{\"@type\":\"ListItem\",\"position\":1,\"name\":\"home\",\"item\":\"https:\/\/lieselehof.com\/it\/\"},{\"@type\":\"ListItem\",\"position\":2,\"name\":\"Vini\",\"item\":\"https:\/\/lieselehof.com\/it\/vini\/\"},{\"@type\":\"ListItem\",\"position\":3,\"name\":\"Spumante\",\"item\":\"https:\/\/lieselehof.com\/it\/categoria\/spumante\/\"},{\"@type\":\"ListItem\",\"position\":4,\"name\":\"Brut Junior Ros\u00e8\"}]},{\"@type\":\"WebSite\",\"@id\":\"https:\/\/lieselehof.com\/it\/#website\",\"url\":\"https:\/\/lieselehof.com\/it\/\",\"name\":\"Lieselehof\",\"description\":\"Quality Wines\",\"publisher\":{\"@id\":\"https:\/\/lieselehof.com\/it\/#organization\"},\"potentialAction\":[{\"@type\":\"SearchAction\",\"target\":{\"@type\":\"EntryPoint\",\"urlTemplate\":\"https:\/\/lieselehof.com\/it\/?s={search_term_string}\"},\"query-input\":{\"@type\":\"PropertyValueSpecification\",\"valueRequired\":true,\"valueName\":\"search_term_string\"}}],\"inLanguage\":\"it-IT\"},{\"@type\":\"Organization\",\"@id\":\"https:\/\/lieselehof.com\/it\/#organization\",\"name\":\"Lieselehof\",\"url\":\"https:\/\/lieselehof.com\/it\/\",\"logo\":{\"@type\":\"ImageObject\",\"inLanguage\":\"it-IT\",\"@id\":\"https:\/\/lieselehof.com\/it\/#\/schema\/logo\/image\/\",\"url\":\"https:\/\/lieselehof.com\/wp-content\/uploads\/lieselehof-logo.svg\",\"contentUrl\":\"https:\/\/lieselehof.com\/wp-content\/uploads\/lieselehof-logo.svg\",\"width\":240,\"height\":124,\"caption\":\"Lieselehof\"},\"image\":{\"@id\":\"https:\/\/lieselehof.com\/it\/#\/schema\/logo\/image\/\"},\"sameAs\":[\"https:\/\/www.facebook.com\/lieselehof\",\"https:\/\/www.instagram.com\/lieselehof_tenuta\/\"]}]}<\/script>\n<!-- \/ Yoast SEO plugin. -->","yoast_head_json":{"title":"Brut Junior Ros\u00e8 - Lieselehof","robots":{"index":"index","follow":"follow","max-snippet":"max-snippet:-1","max-image-preview":"max-image-preview:large","max-video-preview":"max-video-preview:-1"},"canonical":"https:\/\/lieselehof.com\/it\/wines\/spumante\/brut-junior-rose\/","og_locale":"it_IT","og_type":"article","og_title":"Brut Junior Ros\u00e8 - Lieselehof","og_description":"Invecchiato sui lieviti per 18 mesi. Rosa vibrante, rinfrescante e fruttato con bollicine splendidamente eleganti. Aromi audaci di lamponi maturi, anguria e mirtilli rossi.  Delizioso e versatile Si abbina magnificamente a antipasti e fragole. Perfetto per feste e serate romantiche.","og_url":"https:\/\/lieselehof.com\/it\/wines\/spumante\/brut-junior-rose\/","og_site_name":"Lieselehof","article_publisher":"https:\/\/www.facebook.com\/lieselehof","article_modified_time":"2025-04-30T14:44:19+00:00","og_image":[{"width":948,"height":2560,"url":"https:\/\/lieselehof.com\/wp-content\/uploads\/2024\/12\/brut-rose-junior.webp","type":"image\/webp"}],"twitter_card":"summary_large_image","twitter_misc":{"Tempo di lettura stimato":"1 minuto"},"schema":{"@context":"https:\/\/schema.org","@graph":[{"@type":"WebPage","@id":"https:\/\/lieselehof.com\/it\/wines\/spumante\/brut-junior-rose\/","url":"https:\/\/lieselehof.com\/it\/wines\/spumante\/brut-junior-rose\/","name":"Brut Junior Ros\u00e8 - Lieselehof","isPartOf":{"@id":"https:\/\/lieselehof.com\/it\/#website"},"primaryImageOfPage":{"@id":"https:\/\/lieselehof.com\/it\/wines\/spumante\/brut-junior-rose\/#primaryimage"},"image":{"@id":"https:\/\/lieselehof.com\/it\/wines\/spumante\/brut-junior-rose\/#primaryimage"},"thumbnailUrl":"https:\/\/lieselehof.com\/wp-content\/uploads\/2024\/12\/brut-rose-junior.webp","datePublished":"2024-12-11T10:58:16+00:00","dateModified":"2025-04-30T14:44:19+00:00","breadcrumb":{"@id":"https:\/\/lieselehof.com\/it\/wines\/spumante\/brut-junior-rose\/#breadcrumb"},"inLanguage":"it-IT","potentialAction":[{"@type":"ReadAction","target":["https:\/\/lieselehof.com\/it\/wines\/spumante\/brut-junior-rose\/"]}]},{"@type":"ImageObject","inLanguage":"it-IT","@id":"https:\/\/lieselehof.com\/it\/wines\/spumante\/brut-junior-rose\/#primaryimage","url":"https:\/\/lieselehof.com\/wp-content\/uploads\/2024\/12\/brut-rose-junior.webp","contentUrl":"https:\/\/lieselehof.com\/wp-content\/uploads\/2024\/12\/brut-rose-junior.webp","width":948,"height":2560},{"@type":"BreadcrumbList","@id":"https:\/\/lieselehof.com\/it\/wines\/spumante\/brut-junior-rose\/#breadcrumb","itemListElement":[{"@type":"ListItem","position":1,"name":"home","item":"https:\/\/lieselehof.com\/it\/"},{"@type":"ListItem","position":2,"name":"Vini","item":"https:\/\/lieselehof.com\/it\/vini\/"},{"@type":"ListItem","position":3,"name":"Spumante","item":"https:\/\/lieselehof.com\/it\/categoria\/spumante\/"},{"@type":"ListItem","position":4,"name":"Brut Junior Ros\u00e8"}]},{"@type":"WebSite","@id":"https:\/\/lieselehof.com\/it\/#website","url":"https:\/\/lieselehof.com\/it\/","name":"Lieselehof","description":"Quality Wines","publisher":{"@id":"https:\/\/lieselehof.com\/it\/#organization"},"potentialAction":[{"@type":"SearchAction","target":{"@type":"EntryPoint","urlTemplate":"https:\/\/lieselehof.com\/it\/?s={search_term_string}"},"query-input":{"@type":"PropertyValueSpecification","valueRequired":true,"valueName":"search_term_string"}}],"inLanguage":"it-IT"},{"@type":"Organization","@id":"https:\/\/lieselehof.com\/it\/#organization","name":"Lieselehof","url":"https:\/\/lieselehof.com\/it\/","logo":{"@type":"ImageObject","inLanguage":"it-IT","@id":"https:\/\/lieselehof.com\/it\/#\/schema\/logo\/image\/","url":"https:\/\/lieselehof.com\/wp-content\/uploads\/lieselehof-logo.svg","contentUrl":"https:\/\/lieselehof.com\/wp-content\/uploads\/lieselehof-logo.svg","width":240,"height":124,"caption":"Lieselehof"},"image":{"@id":"https:\/\/lieselehof.com\/it\/#\/schema\/logo\/image\/"},"sameAs":["https:\/\/www.facebook.com\/lieselehof","https:\/\/www.instagram.com\/lieselehof_tenuta\/"]}]}},"jetpack_sharing_enabled":true,"_links":{"self":[{"href":"https:\/\/lieselehof.com\/it\/wp-json\/wp\/v2\/product\/31246","targetHints":{"allow":["GET"]}}],"collection":[{"href":"https:\/\/lieselehof.com\/it\/wp-json\/wp\/v2\/product"}],"about":[{"href":"https:\/\/lieselehof.com\/it\/wp-json\/wp\/v2\/types\/product"}],"version-history":[{"count":4,"href":"https:\/\/lieselehof.com\/it\/wp-json\/wp\/v2\/product\/31246\/revisions"}],"predecessor-version":[{"id":31328,"href":"https:\/\/lieselehof.com\/it\/wp-json\/wp\/v2\/product\/31246\/revisions\/31328"}],"wp:featuredmedia":[{"embeddable":true,"href":"https:\/\/lieselehof.com\/it\/wp-json\/wp\/v2\/media\/31241"}],"wp:attachment":[{"href":"https:\/\/lieselehof.com\/it\/wp-json\/wp\/v2\/media?parent=31246"}],"wp:term":[{"taxonomy":"product_brand","embeddable":true,"href":"https:\/\/lieselehof.com\/it\/wp-json\/wp\/v2\/product_brand?post=31246"},{"taxonomy":"product_cat","embeddable":true,"href":"https:\/\/lieselehof.com\/it\/wp-json\/wp\/v2\/product_cat?post=31246"},{"taxonomy":"product_tag","embeddable":true,"href":"https:\/\/lieselehof.com\/it\/wp-json\/wp\/v2\/product_tag?post=31246"}],"curies":[{"name":"wp","href":"https:\/\/api.w.org\/{rel}","templated":true}]}}