{"id":31235,"date":"2024-12-11T11:49:53","date_gmt":"2024-12-11T10:49:53","guid":{"rendered":"https:\/\/lieselehof.com\/?post_type=product&#038;p=31235"},"modified":"2025-04-30T17:26:30","modified_gmt":"2025-04-30T15:26:30","slug":"brut-junior","status":"publish","type":"product","link":"https:\/\/lieselehof.com\/it\/wines\/spumante\/brut-junior\/","title":{"rendered":"Brut Junior"},"content":{"rendered":"<p><strong>Origine:<\/strong> Souvignier gris \u00e8 il risultato di 200 anni di incroci, eseguiti da una decina di istituti agrari e universit\u00e0 in Europa. I genitori sono Seyval x Z\u00e4hringer. Fa parte della famiglia dei Piwi, sono vitigni resistenti alle malattie fungine. In anni normali non deve essere trattato.<\/p>\n<p>&nbsp;<\/p>\n<p><strong>Sviluppo:<\/strong> forte e verticale<\/p>\n<p>&nbsp;<\/p>\n<p><strong>Rendimento:<\/strong> per ogni rame ci sono due grappoli di dimensione media. Per migliorare la qualit\u00e0 del vino il carico della vite non deve superare 1,8 chilogrammi a pianta. Con questa resa riusciamo a produrre spumanti di qualit\u00e0 eccezionale.<\/p>\n<p>&nbsp;<\/p>\n<p><strong>Resa:<\/strong> medio-elevata<\/p>\n<p>&nbsp;<\/p>\n<p><strong>Maturazione:<\/strong> media poco dopo del Pinot bianco o Chardonnay<\/p>\n<p>&nbsp;<\/p>\n<p><strong>Zucchero:<\/strong> 18\u00b0 &#8211; 19\u00b0 Babo<\/p>\n<p>&nbsp;<\/p>\n<p><strong>Metodo Lieselehof:<\/strong> ancestrale con sboccatura. Nessun\u2019aggiunta di zucchero di canna o barbabietola. 24 mesi sui lieviti.<\/p>\n<p>&nbsp;<\/p>\n<p><strong>Spumante:<\/strong> il bouquet \u00e8 secco e fresco con bollicine meravigliosamente eleganti. Aromi di miele, buccia di limone, lime, datteri.<\/p>\n<p>&nbsp;<\/p>\n<p><strong>Abbinamenti:<\/strong> Giovane e dinamico, perfetto per aperitivo, tempura, formaggi cremosi e sushi.<\/p>\n<p>&nbsp;<\/p>\n<p><strong>Temperatura di servizio:<\/strong> 8\u00b0C nella stagione fredda anche 10\u00b0C<\/p>\n<p>&nbsp;<\/p>\n<p><strong>Invecchiamento:<\/strong> fino a 10 anni<\/p>\n","protected":false},"excerpt":{"rendered":"<p>Invecchiato sui lieviti per 18 mesi. Secco e fresco con bollicine splendidamente eleganti. Aromi di pesca fragrante, biscotto e panna.   <strong>Giovane e dinamico, perfetto per un aperitivo, tempura, formaggi cremosi e sushi.<\/strong><\/p>\n","protected":false},"featured_media":31233,"template":"","meta":{"_acf_changed":false,"inline_featured_image":false},"product_brand":[],"product_cat":[82],"product_tag":[],"class_list":{"0":"post-31235","1":"product","2":"type-product","3":"status-publish","4":"has-post-thumbnail","6":"product_cat-spumante","8":"first","9":"instock","10":"taxable","11":"shipping-taxable","12":"purchasable","13":"product-type-simple"},"acf":[],"yoast_head":"<!-- This site is optimized with the Yoast SEO plugin v26.4 - https:\/\/yoast.com\/wordpress\/plugins\/seo\/ -->\n<title>Brut Junior - Lieselehof<\/title>\n<meta name=\"robots\" content=\"index, follow, max-snippet:-1, max-image-preview:large, max-video-preview:-1\" \/>\n<link rel=\"canonical\" href=\"https:\/\/lieselehof.com\/it\/wines\/spumante\/brut-junior\/\" \/>\n<meta property=\"og:locale\" content=\"it_IT\" \/>\n<meta property=\"og:type\" content=\"article\" \/>\n<meta property=\"og:title\" content=\"Brut Junior - Lieselehof\" \/>\n<meta property=\"og:description\" content=\"Invecchiato sui lieviti per 18 mesi. Secco e fresco con bollicine splendidamente eleganti. Aromi di pesca fragrante, biscotto e panna.  Giovane e dinamico, perfetto per un aperitivo, tempura, formaggi cremosi e sushi.\" \/>\n<meta property=\"og:url\" content=\"https:\/\/lieselehof.com\/it\/wines\/spumante\/brut-junior\/\" \/>\n<meta property=\"og:site_name\" content=\"Lieselehof\" \/>\n<meta property=\"article:publisher\" content=\"https:\/\/www.facebook.com\/lieselehof\" \/>\n<meta property=\"article:modified_time\" content=\"2025-04-30T15:26:30+00:00\" \/>\n<meta property=\"og:image\" content=\"https:\/\/lieselehof.com\/wp-content\/uploads\/2024\/12\/brut-junior.webp\" \/>\n\t<meta property=\"og:image:width\" content=\"948\" \/>\n\t<meta property=\"og:image:height\" content=\"2560\" \/>\n\t<meta property=\"og:image:type\" content=\"image\/webp\" \/>\n<meta name=\"twitter:card\" content=\"summary_large_image\" \/>\n<meta name=\"twitter:label1\" content=\"Tempo di lettura stimato\" \/>\n\t<meta name=\"twitter:data1\" content=\"1 minuto\" \/>\n<script type=\"application\/ld+json\" class=\"yoast-schema-graph\">{\"@context\":\"https:\/\/schema.org\",\"@graph\":[{\"@type\":\"WebPage\",\"@id\":\"https:\/\/lieselehof.com\/it\/wines\/spumante\/brut-junior\/\",\"url\":\"https:\/\/lieselehof.com\/it\/wines\/spumante\/brut-junior\/\",\"name\":\"Brut Junior - Lieselehof\",\"isPartOf\":{\"@id\":\"https:\/\/lieselehof.com\/it\/#website\"},\"primaryImageOfPage\":{\"@id\":\"https:\/\/lieselehof.com\/it\/wines\/spumante\/brut-junior\/#primaryimage\"},\"image\":{\"@id\":\"https:\/\/lieselehof.com\/it\/wines\/spumante\/brut-junior\/#primaryimage\"},\"thumbnailUrl\":\"https:\/\/lieselehof.com\/wp-content\/uploads\/2024\/12\/brut-junior.webp\",\"datePublished\":\"2024-12-11T10:49:53+00:00\",\"dateModified\":\"2025-04-30T15:26:30+00:00\",\"breadcrumb\":{\"@id\":\"https:\/\/lieselehof.com\/it\/wines\/spumante\/brut-junior\/#breadcrumb\"},\"inLanguage\":\"it-IT\",\"potentialAction\":[{\"@type\":\"ReadAction\",\"target\":[\"https:\/\/lieselehof.com\/it\/wines\/spumante\/brut-junior\/\"]}]},{\"@type\":\"ImageObject\",\"inLanguage\":\"it-IT\",\"@id\":\"https:\/\/lieselehof.com\/it\/wines\/spumante\/brut-junior\/#primaryimage\",\"url\":\"https:\/\/lieselehof.com\/wp-content\/uploads\/2024\/12\/brut-junior.webp\",\"contentUrl\":\"https:\/\/lieselehof.com\/wp-content\/uploads\/2024\/12\/brut-junior.webp\",\"width\":948,\"height\":2560},{\"@type\":\"BreadcrumbList\",\"@id\":\"https:\/\/lieselehof.com\/it\/wines\/spumante\/brut-junior\/#breadcrumb\",\"itemListElement\":[{\"@type\":\"ListItem\",\"position\":1,\"name\":\"home\",\"item\":\"https:\/\/lieselehof.com\/it\/\"},{\"@type\":\"ListItem\",\"position\":2,\"name\":\"Vini\",\"item\":\"https:\/\/lieselehof.com\/it\/vini\/\"},{\"@type\":\"ListItem\",\"position\":3,\"name\":\"Spumante\",\"item\":\"https:\/\/lieselehof.com\/it\/categoria\/spumante\/\"},{\"@type\":\"ListItem\",\"position\":4,\"name\":\"Brut Junior\"}]},{\"@type\":\"WebSite\",\"@id\":\"https:\/\/lieselehof.com\/it\/#website\",\"url\":\"https:\/\/lieselehof.com\/it\/\",\"name\":\"Lieselehof\",\"description\":\"Quality Wines\",\"publisher\":{\"@id\":\"https:\/\/lieselehof.com\/it\/#organization\"},\"potentialAction\":[{\"@type\":\"SearchAction\",\"target\":{\"@type\":\"EntryPoint\",\"urlTemplate\":\"https:\/\/lieselehof.com\/it\/?s={search_term_string}\"},\"query-input\":{\"@type\":\"PropertyValueSpecification\",\"valueRequired\":true,\"valueName\":\"search_term_string\"}}],\"inLanguage\":\"it-IT\"},{\"@type\":\"Organization\",\"@id\":\"https:\/\/lieselehof.com\/it\/#organization\",\"name\":\"Lieselehof\",\"url\":\"https:\/\/lieselehof.com\/it\/\",\"logo\":{\"@type\":\"ImageObject\",\"inLanguage\":\"it-IT\",\"@id\":\"https:\/\/lieselehof.com\/it\/#\/schema\/logo\/image\/\",\"url\":\"https:\/\/lieselehof.com\/wp-content\/uploads\/lieselehof-logo.svg\",\"contentUrl\":\"https:\/\/lieselehof.com\/wp-content\/uploads\/lieselehof-logo.svg\",\"width\":240,\"height\":124,\"caption\":\"Lieselehof\"},\"image\":{\"@id\":\"https:\/\/lieselehof.com\/it\/#\/schema\/logo\/image\/\"},\"sameAs\":[\"https:\/\/www.facebook.com\/lieselehof\",\"https:\/\/www.instagram.com\/lieselehof_tenuta\/\"]}]}<\/script>\n<!-- \/ Yoast SEO plugin. -->","yoast_head_json":{"title":"Brut Junior - Lieselehof","robots":{"index":"index","follow":"follow","max-snippet":"max-snippet:-1","max-image-preview":"max-image-preview:large","max-video-preview":"max-video-preview:-1"},"canonical":"https:\/\/lieselehof.com\/it\/wines\/spumante\/brut-junior\/","og_locale":"it_IT","og_type":"article","og_title":"Brut Junior - Lieselehof","og_description":"Invecchiato sui lieviti per 18 mesi. Secco e fresco con bollicine splendidamente eleganti. Aromi di pesca fragrante, biscotto e panna.  Giovane e dinamico, perfetto per un aperitivo, tempura, formaggi cremosi e sushi.","og_url":"https:\/\/lieselehof.com\/it\/wines\/spumante\/brut-junior\/","og_site_name":"Lieselehof","article_publisher":"https:\/\/www.facebook.com\/lieselehof","article_modified_time":"2025-04-30T15:26:30+00:00","og_image":[{"width":948,"height":2560,"url":"https:\/\/lieselehof.com\/wp-content\/uploads\/2024\/12\/brut-junior.webp","type":"image\/webp"}],"twitter_card":"summary_large_image","twitter_misc":{"Tempo di lettura stimato":"1 minuto"},"schema":{"@context":"https:\/\/schema.org","@graph":[{"@type":"WebPage","@id":"https:\/\/lieselehof.com\/it\/wines\/spumante\/brut-junior\/","url":"https:\/\/lieselehof.com\/it\/wines\/spumante\/brut-junior\/","name":"Brut Junior - Lieselehof","isPartOf":{"@id":"https:\/\/lieselehof.com\/it\/#website"},"primaryImageOfPage":{"@id":"https:\/\/lieselehof.com\/it\/wines\/spumante\/brut-junior\/#primaryimage"},"image":{"@id":"https:\/\/lieselehof.com\/it\/wines\/spumante\/brut-junior\/#primaryimage"},"thumbnailUrl":"https:\/\/lieselehof.com\/wp-content\/uploads\/2024\/12\/brut-junior.webp","datePublished":"2024-12-11T10:49:53+00:00","dateModified":"2025-04-30T15:26:30+00:00","breadcrumb":{"@id":"https:\/\/lieselehof.com\/it\/wines\/spumante\/brut-junior\/#breadcrumb"},"inLanguage":"it-IT","potentialAction":[{"@type":"ReadAction","target":["https:\/\/lieselehof.com\/it\/wines\/spumante\/brut-junior\/"]}]},{"@type":"ImageObject","inLanguage":"it-IT","@id":"https:\/\/lieselehof.com\/it\/wines\/spumante\/brut-junior\/#primaryimage","url":"https:\/\/lieselehof.com\/wp-content\/uploads\/2024\/12\/brut-junior.webp","contentUrl":"https:\/\/lieselehof.com\/wp-content\/uploads\/2024\/12\/brut-junior.webp","width":948,"height":2560},{"@type":"BreadcrumbList","@id":"https:\/\/lieselehof.com\/it\/wines\/spumante\/brut-junior\/#breadcrumb","itemListElement":[{"@type":"ListItem","position":1,"name":"home","item":"https:\/\/lieselehof.com\/it\/"},{"@type":"ListItem","position":2,"name":"Vini","item":"https:\/\/lieselehof.com\/it\/vini\/"},{"@type":"ListItem","position":3,"name":"Spumante","item":"https:\/\/lieselehof.com\/it\/categoria\/spumante\/"},{"@type":"ListItem","position":4,"name":"Brut Junior"}]},{"@type":"WebSite","@id":"https:\/\/lieselehof.com\/it\/#website","url":"https:\/\/lieselehof.com\/it\/","name":"Lieselehof","description":"Quality Wines","publisher":{"@id":"https:\/\/lieselehof.com\/it\/#organization"},"potentialAction":[{"@type":"SearchAction","target":{"@type":"EntryPoint","urlTemplate":"https:\/\/lieselehof.com\/it\/?s={search_term_string}"},"query-input":{"@type":"PropertyValueSpecification","valueRequired":true,"valueName":"search_term_string"}}],"inLanguage":"it-IT"},{"@type":"Organization","@id":"https:\/\/lieselehof.com\/it\/#organization","name":"Lieselehof","url":"https:\/\/lieselehof.com\/it\/","logo":{"@type":"ImageObject","inLanguage":"it-IT","@id":"https:\/\/lieselehof.com\/it\/#\/schema\/logo\/image\/","url":"https:\/\/lieselehof.com\/wp-content\/uploads\/lieselehof-logo.svg","contentUrl":"https:\/\/lieselehof.com\/wp-content\/uploads\/lieselehof-logo.svg","width":240,"height":124,"caption":"Lieselehof"},"image":{"@id":"https:\/\/lieselehof.com\/it\/#\/schema\/logo\/image\/"},"sameAs":["https:\/\/www.facebook.com\/lieselehof","https:\/\/www.instagram.com\/lieselehof_tenuta\/"]}]}},"jetpack_sharing_enabled":true,"_links":{"self":[{"href":"https:\/\/lieselehof.com\/it\/wp-json\/wp\/v2\/product\/31235","targetHints":{"allow":["GET"]}}],"collection":[{"href":"https:\/\/lieselehof.com\/it\/wp-json\/wp\/v2\/product"}],"about":[{"href":"https:\/\/lieselehof.com\/it\/wp-json\/wp\/v2\/types\/product"}],"version-history":[{"count":4,"href":"https:\/\/lieselehof.com\/it\/wp-json\/wp\/v2\/product\/31235\/revisions"}],"predecessor-version":[{"id":31354,"href":"https:\/\/lieselehof.com\/it\/wp-json\/wp\/v2\/product\/31235\/revisions\/31354"}],"wp:featuredmedia":[{"embeddable":true,"href":"https:\/\/lieselehof.com\/it\/wp-json\/wp\/v2\/media\/31233"}],"wp:attachment":[{"href":"https:\/\/lieselehof.com\/it\/wp-json\/wp\/v2\/media?parent=31235"}],"wp:term":[{"taxonomy":"product_brand","embeddable":true,"href":"https:\/\/lieselehof.com\/it\/wp-json\/wp\/v2\/product_brand?post=31235"},{"taxonomy":"product_cat","embeddable":true,"href":"https:\/\/lieselehof.com\/it\/wp-json\/wp\/v2\/product_cat?post=31235"},{"taxonomy":"product_tag","embeddable":true,"href":"https:\/\/lieselehof.com\/it\/wp-json\/wp\/v2\/product_tag?post=31235"}],"curies":[{"name":"wp","href":"https:\/\/api.w.org\/{rel}","templated":true}]}}