{"id":31226,"date":"2024-12-11T10:33:31","date_gmt":"2024-12-11T09:33:31","guid":{"rendered":"https:\/\/lieselehof.com\/?post_type=product&#038;p=31226"},"modified":"2025-04-30T17:26:55","modified_gmt":"2025-04-30T15:26:55","slug":"pinot-noir-rose-forget-me-not","status":"publish","type":"product","link":"https:\/\/lieselehof.com\/it\/wines\/classic\/pinot-noir-rose-forget-me-not\/","title":{"rendered":"Pinot Noir Ros\u00e8 Forget Me Not"},"content":{"rendered":"<p><strong>Origine:<\/strong> 60% Souvignier gris \u00e8 il risultato di duecento anni di incroci, eseguiti da una decina di istituti agrari e universit\u00e0 in Europa. I genitori sono Seyval x Z\u00e4hringer. Fa parte della famiglia dei Piwi. Sono vitigni resistenti alle malattie fungine, in anni normali non deve essere trattati. Il 40% \u00e8 Pino nero.<\/p>\n<p>&nbsp;<\/p>\n<p><strong>Sviluppo:<\/strong> forte e verticale sia per il Souvignier gris e il Pinot nero<\/p>\n<p>&nbsp;<\/p>\n<p><strong>Rendimento:<\/strong> Per migliorare la qualit\u00e0 del vino, il carico della vite non deve superare 1,8 kg per il Souvignier gris e 1,5 kg a pianta per il Pinot nero. Con questa resa riusciamo a produrre un vino di qualit\u00e0 eccezionale.<\/p>\n<p>&nbsp;<\/p>\n<p><strong>Maturazione:<\/strong> Il Souvignier gris matura una settimana dopo il Pinot nero, il Pinot matura con lo Chardonnay.<\/p>\n<p>&nbsp;<\/p>\n<p><strong>Zucchero:<\/strong> sia per il Pinot nero e lo Souvignier gris 18\u00b0 &#8211; 19\u00b0 Babo<\/p>\n<p>&nbsp;<\/p>\n<p><strong>Vino:<\/strong> il bouquet \u00e8 dolce e fruttato con aromi di ciliegia e fragola, lamponi e mirtilli rossi. Nel palato l\u2019elegante freschezza e morbidezza camminano di pari passo.<\/p>\n<p>&nbsp;<\/p>\n<p><strong>Abbinamenti:<\/strong> Giovane e dinamico, fruttato, perfetto per aperitivo, la pizza, ottimo con antipasti di pesce, con piatti ricchi ma delicati come i risotti, con alcuni salumi, con le carni bianche, i piatti di verdure ma anche i dolci con la frutta.<\/p>\n<p>&nbsp;<\/p>\n<p><strong>Temperatura di servizio:<\/strong> 10\u00b0C nella stagione fredda anche 12\u00b0C<\/p>\n<p>&nbsp;<\/p>\n<p><strong>Invecchiamento:<\/strong> fino a 3 anni<\/p>\n","protected":false},"excerpt":{"rendered":"<p>Un bellissimo Pinot Noir Ros\u00e9 delicato ed elegante con i classici accattivanti aromi di ciliegie, fragole, lamponi e mirtilli rossi Con solo il 12% di alcol, questo fresco Pinot Noir ti invita sempre a berne un altro bicchiere.<br \/> <strong>Perfetto per un aperitivo e per alcuni antipasti leggeri e piatti mediterranei.<\/strong><\/p>\n","protected":false},"featured_media":31223,"template":"","meta":{"_acf_changed":false,"inline_featured_image":false},"product_brand":[],"product_cat":[87],"product_tag":[],"class_list":{"0":"post-31226","1":"product","2":"type-product","3":"status-publish","4":"has-post-thumbnail","6":"product_cat-classic","8":"first","9":"instock","10":"taxable","11":"shipping-taxable","12":"purchasable","13":"product-type-simple"},"acf":[],"yoast_head":"<!-- This site is optimized with the Yoast SEO plugin v26.4 - https:\/\/yoast.com\/wordpress\/plugins\/seo\/ -->\n<title>Pinot Noir Ros\u00e8 Forget Me Not - Lieselehof<\/title>\n<meta name=\"robots\" content=\"index, follow, max-snippet:-1, max-image-preview:large, max-video-preview:-1\" \/>\n<link rel=\"canonical\" href=\"https:\/\/lieselehof.com\/it\/wines\/classic\/pinot-noir-rose-forget-me-not\/\" \/>\n<meta property=\"og:locale\" content=\"it_IT\" \/>\n<meta property=\"og:type\" content=\"article\" \/>\n<meta property=\"og:title\" content=\"Pinot Noir Ros\u00e8 Forget Me Not - Lieselehof\" \/>\n<meta property=\"og:description\" content=\"Un bellissimo Pinot Noir Ros\u00e9 delicato ed elegante con i classici accattivanti aromi di ciliegie, fragole, lamponi e mirtilli rossi Con solo il 12% di alcol, questo fresco Pinot Noir ti invita sempre a berne un altro bicchiere. Perfetto per un aperitivo e per alcuni antipasti leggeri e piatti mediterranei.\" \/>\n<meta property=\"og:url\" content=\"https:\/\/lieselehof.com\/it\/wines\/classic\/pinot-noir-rose-forget-me-not\/\" \/>\n<meta property=\"og:site_name\" content=\"Lieselehof\" \/>\n<meta property=\"article:publisher\" content=\"https:\/\/www.facebook.com\/lieselehof\" \/>\n<meta property=\"article:modified_time\" content=\"2025-04-30T15:26:55+00:00\" \/>\n<meta property=\"og:image\" content=\"https:\/\/lieselehof.com\/wp-content\/uploads\/2024\/12\/pinot-noir-rose-forget-me-not.webp\" \/>\n\t<meta property=\"og:image:width\" content=\"948\" \/>\n\t<meta property=\"og:image:height\" content=\"2560\" \/>\n\t<meta property=\"og:image:type\" content=\"image\/webp\" \/>\n<meta name=\"twitter:card\" content=\"summary_large_image\" \/>\n<meta name=\"twitter:label1\" content=\"Tempo di lettura stimato\" \/>\n\t<meta name=\"twitter:data1\" content=\"1 minuto\" \/>\n<script type=\"application\/ld+json\" class=\"yoast-schema-graph\">{\"@context\":\"https:\/\/schema.org\",\"@graph\":[{\"@type\":\"WebPage\",\"@id\":\"https:\/\/lieselehof.com\/it\/wines\/classic\/pinot-noir-rose-forget-me-not\/\",\"url\":\"https:\/\/lieselehof.com\/it\/wines\/classic\/pinot-noir-rose-forget-me-not\/\",\"name\":\"Pinot Noir Ros\u00e8 Forget Me Not - Lieselehof\",\"isPartOf\":{\"@id\":\"https:\/\/lieselehof.com\/it\/#website\"},\"primaryImageOfPage\":{\"@id\":\"https:\/\/lieselehof.com\/it\/wines\/classic\/pinot-noir-rose-forget-me-not\/#primaryimage\"},\"image\":{\"@id\":\"https:\/\/lieselehof.com\/it\/wines\/classic\/pinot-noir-rose-forget-me-not\/#primaryimage\"},\"thumbnailUrl\":\"https:\/\/lieselehof.com\/wp-content\/uploads\/2024\/12\/pinot-noir-rose-forget-me-not.webp\",\"datePublished\":\"2024-12-11T09:33:31+00:00\",\"dateModified\":\"2025-04-30T15:26:55+00:00\",\"breadcrumb\":{\"@id\":\"https:\/\/lieselehof.com\/it\/wines\/classic\/pinot-noir-rose-forget-me-not\/#breadcrumb\"},\"inLanguage\":\"it-IT\",\"potentialAction\":[{\"@type\":\"ReadAction\",\"target\":[\"https:\/\/lieselehof.com\/it\/wines\/classic\/pinot-noir-rose-forget-me-not\/\"]}]},{\"@type\":\"ImageObject\",\"inLanguage\":\"it-IT\",\"@id\":\"https:\/\/lieselehof.com\/it\/wines\/classic\/pinot-noir-rose-forget-me-not\/#primaryimage\",\"url\":\"https:\/\/lieselehof.com\/wp-content\/uploads\/2024\/12\/pinot-noir-rose-forget-me-not.webp\",\"contentUrl\":\"https:\/\/lieselehof.com\/wp-content\/uploads\/2024\/12\/pinot-noir-rose-forget-me-not.webp\",\"width\":948,\"height\":2560},{\"@type\":\"BreadcrumbList\",\"@id\":\"https:\/\/lieselehof.com\/it\/wines\/classic\/pinot-noir-rose-forget-me-not\/#breadcrumb\",\"itemListElement\":[{\"@type\":\"ListItem\",\"position\":1,\"name\":\"home\",\"item\":\"https:\/\/lieselehof.com\/it\/\"},{\"@type\":\"ListItem\",\"position\":2,\"name\":\"Vini\",\"item\":\"https:\/\/lieselehof.com\/it\/vini\/\"},{\"@type\":\"ListItem\",\"position\":3,\"name\":\"Classic\",\"item\":\"https:\/\/lieselehof.com\/it\/categoria\/classic\/\"},{\"@type\":\"ListItem\",\"position\":4,\"name\":\"Pinot Noir Ros\u00e8 Forget Me Not\"}]},{\"@type\":\"WebSite\",\"@id\":\"https:\/\/lieselehof.com\/it\/#website\",\"url\":\"https:\/\/lieselehof.com\/it\/\",\"name\":\"Lieselehof\",\"description\":\"Quality Wines\",\"publisher\":{\"@id\":\"https:\/\/lieselehof.com\/it\/#organization\"},\"potentialAction\":[{\"@type\":\"SearchAction\",\"target\":{\"@type\":\"EntryPoint\",\"urlTemplate\":\"https:\/\/lieselehof.com\/it\/?s={search_term_string}\"},\"query-input\":{\"@type\":\"PropertyValueSpecification\",\"valueRequired\":true,\"valueName\":\"search_term_string\"}}],\"inLanguage\":\"it-IT\"},{\"@type\":\"Organization\",\"@id\":\"https:\/\/lieselehof.com\/it\/#organization\",\"name\":\"Lieselehof\",\"url\":\"https:\/\/lieselehof.com\/it\/\",\"logo\":{\"@type\":\"ImageObject\",\"inLanguage\":\"it-IT\",\"@id\":\"https:\/\/lieselehof.com\/it\/#\/schema\/logo\/image\/\",\"url\":\"https:\/\/lieselehof.com\/wp-content\/uploads\/lieselehof-logo.svg\",\"contentUrl\":\"https:\/\/lieselehof.com\/wp-content\/uploads\/lieselehof-logo.svg\",\"width\":240,\"height\":124,\"caption\":\"Lieselehof\"},\"image\":{\"@id\":\"https:\/\/lieselehof.com\/it\/#\/schema\/logo\/image\/\"},\"sameAs\":[\"https:\/\/www.facebook.com\/lieselehof\",\"https:\/\/www.instagram.com\/lieselehof_tenuta\/\"]}]}<\/script>\n<!-- \/ Yoast SEO plugin. -->","yoast_head_json":{"title":"Pinot Noir Ros\u00e8 Forget Me Not - Lieselehof","robots":{"index":"index","follow":"follow","max-snippet":"max-snippet:-1","max-image-preview":"max-image-preview:large","max-video-preview":"max-video-preview:-1"},"canonical":"https:\/\/lieselehof.com\/it\/wines\/classic\/pinot-noir-rose-forget-me-not\/","og_locale":"it_IT","og_type":"article","og_title":"Pinot Noir Ros\u00e8 Forget Me Not - Lieselehof","og_description":"Un bellissimo Pinot Noir Ros\u00e9 delicato ed elegante con i classici accattivanti aromi di ciliegie, fragole, lamponi e mirtilli rossi Con solo il 12% di alcol, questo fresco Pinot Noir ti invita sempre a berne un altro bicchiere. Perfetto per un aperitivo e per alcuni antipasti leggeri e piatti mediterranei.","og_url":"https:\/\/lieselehof.com\/it\/wines\/classic\/pinot-noir-rose-forget-me-not\/","og_site_name":"Lieselehof","article_publisher":"https:\/\/www.facebook.com\/lieselehof","article_modified_time":"2025-04-30T15:26:55+00:00","og_image":[{"width":948,"height":2560,"url":"https:\/\/lieselehof.com\/wp-content\/uploads\/2024\/12\/pinot-noir-rose-forget-me-not.webp","type":"image\/webp"}],"twitter_card":"summary_large_image","twitter_misc":{"Tempo di lettura stimato":"1 minuto"},"schema":{"@context":"https:\/\/schema.org","@graph":[{"@type":"WebPage","@id":"https:\/\/lieselehof.com\/it\/wines\/classic\/pinot-noir-rose-forget-me-not\/","url":"https:\/\/lieselehof.com\/it\/wines\/classic\/pinot-noir-rose-forget-me-not\/","name":"Pinot Noir Ros\u00e8 Forget Me Not - Lieselehof","isPartOf":{"@id":"https:\/\/lieselehof.com\/it\/#website"},"primaryImageOfPage":{"@id":"https:\/\/lieselehof.com\/it\/wines\/classic\/pinot-noir-rose-forget-me-not\/#primaryimage"},"image":{"@id":"https:\/\/lieselehof.com\/it\/wines\/classic\/pinot-noir-rose-forget-me-not\/#primaryimage"},"thumbnailUrl":"https:\/\/lieselehof.com\/wp-content\/uploads\/2024\/12\/pinot-noir-rose-forget-me-not.webp","datePublished":"2024-12-11T09:33:31+00:00","dateModified":"2025-04-30T15:26:55+00:00","breadcrumb":{"@id":"https:\/\/lieselehof.com\/it\/wines\/classic\/pinot-noir-rose-forget-me-not\/#breadcrumb"},"inLanguage":"it-IT","potentialAction":[{"@type":"ReadAction","target":["https:\/\/lieselehof.com\/it\/wines\/classic\/pinot-noir-rose-forget-me-not\/"]}]},{"@type":"ImageObject","inLanguage":"it-IT","@id":"https:\/\/lieselehof.com\/it\/wines\/classic\/pinot-noir-rose-forget-me-not\/#primaryimage","url":"https:\/\/lieselehof.com\/wp-content\/uploads\/2024\/12\/pinot-noir-rose-forget-me-not.webp","contentUrl":"https:\/\/lieselehof.com\/wp-content\/uploads\/2024\/12\/pinot-noir-rose-forget-me-not.webp","width":948,"height":2560},{"@type":"BreadcrumbList","@id":"https:\/\/lieselehof.com\/it\/wines\/classic\/pinot-noir-rose-forget-me-not\/#breadcrumb","itemListElement":[{"@type":"ListItem","position":1,"name":"home","item":"https:\/\/lieselehof.com\/it\/"},{"@type":"ListItem","position":2,"name":"Vini","item":"https:\/\/lieselehof.com\/it\/vini\/"},{"@type":"ListItem","position":3,"name":"Classic","item":"https:\/\/lieselehof.com\/it\/categoria\/classic\/"},{"@type":"ListItem","position":4,"name":"Pinot Noir Ros\u00e8 Forget Me Not"}]},{"@type":"WebSite","@id":"https:\/\/lieselehof.com\/it\/#website","url":"https:\/\/lieselehof.com\/it\/","name":"Lieselehof","description":"Quality Wines","publisher":{"@id":"https:\/\/lieselehof.com\/it\/#organization"},"potentialAction":[{"@type":"SearchAction","target":{"@type":"EntryPoint","urlTemplate":"https:\/\/lieselehof.com\/it\/?s={search_term_string}"},"query-input":{"@type":"PropertyValueSpecification","valueRequired":true,"valueName":"search_term_string"}}],"inLanguage":"it-IT"},{"@type":"Organization","@id":"https:\/\/lieselehof.com\/it\/#organization","name":"Lieselehof","url":"https:\/\/lieselehof.com\/it\/","logo":{"@type":"ImageObject","inLanguage":"it-IT","@id":"https:\/\/lieselehof.com\/it\/#\/schema\/logo\/image\/","url":"https:\/\/lieselehof.com\/wp-content\/uploads\/lieselehof-logo.svg","contentUrl":"https:\/\/lieselehof.com\/wp-content\/uploads\/lieselehof-logo.svg","width":240,"height":124,"caption":"Lieselehof"},"image":{"@id":"https:\/\/lieselehof.com\/it\/#\/schema\/logo\/image\/"},"sameAs":["https:\/\/www.facebook.com\/lieselehof","https:\/\/www.instagram.com\/lieselehof_tenuta\/"]}]}},"jetpack_sharing_enabled":true,"_links":{"self":[{"href":"https:\/\/lieselehof.com\/it\/wp-json\/wp\/v2\/product\/31226","targetHints":{"allow":["GET"]}}],"collection":[{"href":"https:\/\/lieselehof.com\/it\/wp-json\/wp\/v2\/product"}],"about":[{"href":"https:\/\/lieselehof.com\/it\/wp-json\/wp\/v2\/types\/product"}],"version-history":[{"count":2,"href":"https:\/\/lieselehof.com\/it\/wp-json\/wp\/v2\/product\/31226\/revisions"}],"predecessor-version":[{"id":31350,"href":"https:\/\/lieselehof.com\/it\/wp-json\/wp\/v2\/product\/31226\/revisions\/31350"}],"wp:featuredmedia":[{"embeddable":true,"href":"https:\/\/lieselehof.com\/it\/wp-json\/wp\/v2\/media\/31223"}],"wp:attachment":[{"href":"https:\/\/lieselehof.com\/it\/wp-json\/wp\/v2\/media?parent=31226"}],"wp:term":[{"taxonomy":"product_brand","embeddable":true,"href":"https:\/\/lieselehof.com\/it\/wp-json\/wp\/v2\/product_brand?post=31226"},{"taxonomy":"product_cat","embeddable":true,"href":"https:\/\/lieselehof.com\/it\/wp-json\/wp\/v2\/product_cat?post=31226"},{"taxonomy":"product_tag","embeddable":true,"href":"https:\/\/lieselehof.com\/it\/wp-json\/wp\/v2\/product_tag?post=31226"}],"curies":[{"name":"wp","href":"https:\/\/api.w.org\/{rel}","templated":true}]}}