{"id":31203,"date":"2024-12-11T09:39:29","date_gmt":"2024-12-11T08:39:29","guid":{"rendered":"https:\/\/lieselehof.com\/wines\/senza-categoria\/sauvignon-blanc\/"},"modified":"2025-04-30T17:27:44","modified_gmt":"2025-04-30T15:27:44","slug":"sauvignon-blanc","status":"publish","type":"product","link":"https:\/\/lieselehof.com\/it\/wines\/classic\/sauvignon-blanc\/","title":{"rendered":"Sauvignon Blanc"},"content":{"rendered":"<p><strong>Origine:<\/strong> Questo antichissimo vitigno proveniente dalla Francia fu introdotto in Alto Adige nel XIX secolo. Il Sauvignon Blanc \u00e8 oggi una delle principali variet\u00e0 bianche della regione e gode di una crescente popolarit\u00e0.<\/p>\n<p>&nbsp;<\/p>\n<p><strong>Sviluppo:<\/strong> forte e piuttosto verticale. Germogliamento medio-tardiva. Fioritura media.<\/p>\n<p>&nbsp;<\/p>\n<p><strong>Rendimento:<\/strong> per ogni rame ci sono due grappoli di dimensione media. Per migliorare la qualit\u00e0 del vino il carico della vite non deve superare 1.5 chilogrammi a pianta. Con questa resa riusciamo a produrre vini di qualit\u00e0 eccezionale.<\/p>\n<p>&nbsp;<\/p>\n<p><strong>Resa:<\/strong> medio-elevata<\/p>\n<p>&nbsp;<\/p>\n<p><strong>Maturazione:<\/strong> media con il Pinot bianco e Chardonnay<\/p>\n<p>&nbsp;<\/p>\n<p><strong>Zucchero:<\/strong> 18,5\u00b0 &#8211; 19,5\u00b0 Babo<\/p>\n<p>&nbsp;<\/p>\n<p><strong>Vino:<\/strong> Qui produce particolarmente bene i suoi tipici frutti primari come l&#8217;uva spina, il frutto della passione, il sambuco e il ribes nero accompagnati da note erbacee.<\/p>\n<p>&nbsp;<\/p>\n<p><strong>Abbinamenti:<\/strong> Il Sauvignon Blanc, con le sue note erbacee e la sua complessit\u00e0 aromatica, si sposa bene con i cibi speziati, pesce, crostacei e formaggi freschi in particolare quelli di capra. Si accompagna bene con la cucina vegetariana, asparagi ma anche con carni bianche come pollo, tacchino e coniglio.<\/p>\n<p>&nbsp;<\/p>\n<p><strong>Temperatura di servizio:<\/strong> 12\u00b0C nella stagione fredda anche 13\u00b0C<\/p>\n<p>&nbsp;<\/p>\n<p><strong>Invecchiamento:<\/strong> fino a 5 anni<\/p>\n","protected":false},"excerpt":{"rendered":"<p>Vivace, fresco e rinfrescante con grande mineralit\u00e0. Profumi di frutto della passione, uva spina e agrumi.  <strong>Si abbina bene a frutti di mare, pasta leggera e asparagi.<\/strong><\/p>\n","protected":false},"featured_media":31269,"template":"","meta":{"_acf_changed":false,"inline_featured_image":false},"product_brand":[],"product_cat":[87],"product_tag":[],"class_list":{"0":"post-31203","1":"product","2":"type-product","3":"status-publish","4":"has-post-thumbnail","6":"product_cat-classic","8":"first","9":"outofstock","10":"taxable","11":"shipping-taxable","12":"purchasable","13":"product-type-simple"},"acf":[],"yoast_head":"<!-- This site is optimized with the Yoast SEO plugin v26.4 - https:\/\/yoast.com\/wordpress\/plugins\/seo\/ -->\n<title>Sauvignon Blanc - Lieselehof<\/title>\n<meta name=\"robots\" content=\"index, follow, max-snippet:-1, max-image-preview:large, max-video-preview:-1\" \/>\n<link rel=\"canonical\" href=\"https:\/\/lieselehof.com\/it\/wines\/classic\/sauvignon-blanc\/\" \/>\n<meta property=\"og:locale\" content=\"it_IT\" \/>\n<meta property=\"og:type\" content=\"article\" \/>\n<meta property=\"og:title\" content=\"Sauvignon Blanc - Lieselehof\" \/>\n<meta property=\"og:description\" content=\"Vivace, fresco e rinfrescante con grande mineralit\u00e0. Profumi di frutto della passione, uva spina e agrumi. Si abbina bene a frutti di mare, pasta leggera e asparagi.\" \/>\n<meta property=\"og:url\" content=\"https:\/\/lieselehof.com\/it\/wines\/classic\/sauvignon-blanc\/\" \/>\n<meta property=\"og:site_name\" content=\"Lieselehof\" \/>\n<meta property=\"article:publisher\" content=\"https:\/\/www.facebook.com\/lieselehof\" \/>\n<meta property=\"article:modified_time\" content=\"2025-04-30T15:27:44+00:00\" \/>\n<meta property=\"og:image\" content=\"https:\/\/lieselehof.com\/wp-content\/uploads\/2024\/12\/sauvignon-retouschiert.webp\" \/>\n\t<meta property=\"og:image:width\" content=\"948\" \/>\n\t<meta property=\"og:image:height\" content=\"2560\" \/>\n\t<meta property=\"og:image:type\" content=\"image\/webp\" \/>\n<meta name=\"twitter:card\" content=\"summary_large_image\" \/>\n<meta name=\"twitter:label1\" content=\"Tempo di lettura stimato\" \/>\n\t<meta name=\"twitter:data1\" content=\"1 minuto\" \/>\n<script type=\"application\/ld+json\" class=\"yoast-schema-graph\">{\"@context\":\"https:\/\/schema.org\",\"@graph\":[{\"@type\":\"WebPage\",\"@id\":\"https:\/\/lieselehof.com\/it\/wines\/classic\/sauvignon-blanc\/\",\"url\":\"https:\/\/lieselehof.com\/it\/wines\/classic\/sauvignon-blanc\/\",\"name\":\"Sauvignon Blanc - Lieselehof\",\"isPartOf\":{\"@id\":\"https:\/\/lieselehof.com\/it\/#website\"},\"primaryImageOfPage\":{\"@id\":\"https:\/\/lieselehof.com\/it\/wines\/classic\/sauvignon-blanc\/#primaryimage\"},\"image\":{\"@id\":\"https:\/\/lieselehof.com\/it\/wines\/classic\/sauvignon-blanc\/#primaryimage\"},\"thumbnailUrl\":\"https:\/\/lieselehof.com\/wp-content\/uploads\/2024\/12\/sauvignon-retouschiert.webp\",\"datePublished\":\"2024-12-11T08:39:29+00:00\",\"dateModified\":\"2025-04-30T15:27:44+00:00\",\"breadcrumb\":{\"@id\":\"https:\/\/lieselehof.com\/it\/wines\/classic\/sauvignon-blanc\/#breadcrumb\"},\"inLanguage\":\"it-IT\",\"potentialAction\":[{\"@type\":\"ReadAction\",\"target\":[\"https:\/\/lieselehof.com\/it\/wines\/classic\/sauvignon-blanc\/\"]}]},{\"@type\":\"ImageObject\",\"inLanguage\":\"it-IT\",\"@id\":\"https:\/\/lieselehof.com\/it\/wines\/classic\/sauvignon-blanc\/#primaryimage\",\"url\":\"https:\/\/lieselehof.com\/wp-content\/uploads\/2024\/12\/sauvignon-retouschiert.webp\",\"contentUrl\":\"https:\/\/lieselehof.com\/wp-content\/uploads\/2024\/12\/sauvignon-retouschiert.webp\",\"width\":948,\"height\":2560},{\"@type\":\"BreadcrumbList\",\"@id\":\"https:\/\/lieselehof.com\/it\/wines\/classic\/sauvignon-blanc\/#breadcrumb\",\"itemListElement\":[{\"@type\":\"ListItem\",\"position\":1,\"name\":\"home\",\"item\":\"https:\/\/lieselehof.com\/it\/\"},{\"@type\":\"ListItem\",\"position\":2,\"name\":\"Vini\",\"item\":\"https:\/\/lieselehof.com\/it\/vini\/\"},{\"@type\":\"ListItem\",\"position\":3,\"name\":\"Classic\",\"item\":\"https:\/\/lieselehof.com\/it\/categoria\/classic\/\"},{\"@type\":\"ListItem\",\"position\":4,\"name\":\"Sauvignon Blanc\"}]},{\"@type\":\"WebSite\",\"@id\":\"https:\/\/lieselehof.com\/it\/#website\",\"url\":\"https:\/\/lieselehof.com\/it\/\",\"name\":\"Lieselehof\",\"description\":\"Quality Wines\",\"publisher\":{\"@id\":\"https:\/\/lieselehof.com\/it\/#organization\"},\"potentialAction\":[{\"@type\":\"SearchAction\",\"target\":{\"@type\":\"EntryPoint\",\"urlTemplate\":\"https:\/\/lieselehof.com\/it\/?s={search_term_string}\"},\"query-input\":{\"@type\":\"PropertyValueSpecification\",\"valueRequired\":true,\"valueName\":\"search_term_string\"}}],\"inLanguage\":\"it-IT\"},{\"@type\":\"Organization\",\"@id\":\"https:\/\/lieselehof.com\/it\/#organization\",\"name\":\"Lieselehof\",\"url\":\"https:\/\/lieselehof.com\/it\/\",\"logo\":{\"@type\":\"ImageObject\",\"inLanguage\":\"it-IT\",\"@id\":\"https:\/\/lieselehof.com\/it\/#\/schema\/logo\/image\/\",\"url\":\"https:\/\/lieselehof.com\/wp-content\/uploads\/lieselehof-logo.svg\",\"contentUrl\":\"https:\/\/lieselehof.com\/wp-content\/uploads\/lieselehof-logo.svg\",\"width\":240,\"height\":124,\"caption\":\"Lieselehof\"},\"image\":{\"@id\":\"https:\/\/lieselehof.com\/it\/#\/schema\/logo\/image\/\"},\"sameAs\":[\"https:\/\/www.facebook.com\/lieselehof\",\"https:\/\/www.instagram.com\/lieselehof_tenuta\/\"]}]}<\/script>\n<!-- \/ Yoast SEO plugin. -->","yoast_head_json":{"title":"Sauvignon Blanc - Lieselehof","robots":{"index":"index","follow":"follow","max-snippet":"max-snippet:-1","max-image-preview":"max-image-preview:large","max-video-preview":"max-video-preview:-1"},"canonical":"https:\/\/lieselehof.com\/it\/wines\/classic\/sauvignon-blanc\/","og_locale":"it_IT","og_type":"article","og_title":"Sauvignon Blanc - Lieselehof","og_description":"Vivace, fresco e rinfrescante con grande mineralit\u00e0. Profumi di frutto della passione, uva spina e agrumi. Si abbina bene a frutti di mare, pasta leggera e asparagi.","og_url":"https:\/\/lieselehof.com\/it\/wines\/classic\/sauvignon-blanc\/","og_site_name":"Lieselehof","article_publisher":"https:\/\/www.facebook.com\/lieselehof","article_modified_time":"2025-04-30T15:27:44+00:00","og_image":[{"width":948,"height":2560,"url":"https:\/\/lieselehof.com\/wp-content\/uploads\/2024\/12\/sauvignon-retouschiert.webp","type":"image\/webp"}],"twitter_card":"summary_large_image","twitter_misc":{"Tempo di lettura stimato":"1 minuto"},"schema":{"@context":"https:\/\/schema.org","@graph":[{"@type":"WebPage","@id":"https:\/\/lieselehof.com\/it\/wines\/classic\/sauvignon-blanc\/","url":"https:\/\/lieselehof.com\/it\/wines\/classic\/sauvignon-blanc\/","name":"Sauvignon Blanc - Lieselehof","isPartOf":{"@id":"https:\/\/lieselehof.com\/it\/#website"},"primaryImageOfPage":{"@id":"https:\/\/lieselehof.com\/it\/wines\/classic\/sauvignon-blanc\/#primaryimage"},"image":{"@id":"https:\/\/lieselehof.com\/it\/wines\/classic\/sauvignon-blanc\/#primaryimage"},"thumbnailUrl":"https:\/\/lieselehof.com\/wp-content\/uploads\/2024\/12\/sauvignon-retouschiert.webp","datePublished":"2024-12-11T08:39:29+00:00","dateModified":"2025-04-30T15:27:44+00:00","breadcrumb":{"@id":"https:\/\/lieselehof.com\/it\/wines\/classic\/sauvignon-blanc\/#breadcrumb"},"inLanguage":"it-IT","potentialAction":[{"@type":"ReadAction","target":["https:\/\/lieselehof.com\/it\/wines\/classic\/sauvignon-blanc\/"]}]},{"@type":"ImageObject","inLanguage":"it-IT","@id":"https:\/\/lieselehof.com\/it\/wines\/classic\/sauvignon-blanc\/#primaryimage","url":"https:\/\/lieselehof.com\/wp-content\/uploads\/2024\/12\/sauvignon-retouschiert.webp","contentUrl":"https:\/\/lieselehof.com\/wp-content\/uploads\/2024\/12\/sauvignon-retouschiert.webp","width":948,"height":2560},{"@type":"BreadcrumbList","@id":"https:\/\/lieselehof.com\/it\/wines\/classic\/sauvignon-blanc\/#breadcrumb","itemListElement":[{"@type":"ListItem","position":1,"name":"home","item":"https:\/\/lieselehof.com\/it\/"},{"@type":"ListItem","position":2,"name":"Vini","item":"https:\/\/lieselehof.com\/it\/vini\/"},{"@type":"ListItem","position":3,"name":"Classic","item":"https:\/\/lieselehof.com\/it\/categoria\/classic\/"},{"@type":"ListItem","position":4,"name":"Sauvignon Blanc"}]},{"@type":"WebSite","@id":"https:\/\/lieselehof.com\/it\/#website","url":"https:\/\/lieselehof.com\/it\/","name":"Lieselehof","description":"Quality Wines","publisher":{"@id":"https:\/\/lieselehof.com\/it\/#organization"},"potentialAction":[{"@type":"SearchAction","target":{"@type":"EntryPoint","urlTemplate":"https:\/\/lieselehof.com\/it\/?s={search_term_string}"},"query-input":{"@type":"PropertyValueSpecification","valueRequired":true,"valueName":"search_term_string"}}],"inLanguage":"it-IT"},{"@type":"Organization","@id":"https:\/\/lieselehof.com\/it\/#organization","name":"Lieselehof","url":"https:\/\/lieselehof.com\/it\/","logo":{"@type":"ImageObject","inLanguage":"it-IT","@id":"https:\/\/lieselehof.com\/it\/#\/schema\/logo\/image\/","url":"https:\/\/lieselehof.com\/wp-content\/uploads\/lieselehof-logo.svg","contentUrl":"https:\/\/lieselehof.com\/wp-content\/uploads\/lieselehof-logo.svg","width":240,"height":124,"caption":"Lieselehof"},"image":{"@id":"https:\/\/lieselehof.com\/it\/#\/schema\/logo\/image\/"},"sameAs":["https:\/\/www.facebook.com\/lieselehof","https:\/\/www.instagram.com\/lieselehof_tenuta\/"]}]}},"jetpack_sharing_enabled":true,"_links":{"self":[{"href":"https:\/\/lieselehof.com\/it\/wp-json\/wp\/v2\/product\/31203","targetHints":{"allow":["GET"]}}],"collection":[{"href":"https:\/\/lieselehof.com\/it\/wp-json\/wp\/v2\/product"}],"about":[{"href":"https:\/\/lieselehof.com\/it\/wp-json\/wp\/v2\/types\/product"}],"version-history":[{"count":3,"href":"https:\/\/lieselehof.com\/it\/wp-json\/wp\/v2\/product\/31203\/revisions"}],"predecessor-version":[{"id":31343,"href":"https:\/\/lieselehof.com\/it\/wp-json\/wp\/v2\/product\/31203\/revisions\/31343"}],"wp:featuredmedia":[{"embeddable":true,"href":"https:\/\/lieselehof.com\/it\/wp-json\/wp\/v2\/media\/31269"}],"wp:attachment":[{"href":"https:\/\/lieselehof.com\/it\/wp-json\/wp\/v2\/media?parent=31203"}],"wp:term":[{"taxonomy":"product_brand","embeddable":true,"href":"https:\/\/lieselehof.com\/it\/wp-json\/wp\/v2\/product_brand?post=31203"},{"taxonomy":"product_cat","embeddable":true,"href":"https:\/\/lieselehof.com\/it\/wp-json\/wp\/v2\/product_cat?post=31203"},{"taxonomy":"product_tag","embeddable":true,"href":"https:\/\/lieselehof.com\/it\/wp-json\/wp\/v2\/product_tag?post=31203"}],"curies":[{"name":"wp","href":"https:\/\/api.w.org\/{rel}","templated":true}]}}