{"id":9463,"date":"2022-11-03T13:16:39","date_gmt":"2022-11-03T12:16:39","guid":{"rendered":"https:\/\/lieselehof.com\/wines\/unkategorisiert\/julian\/"},"modified":"2025-04-30T17:31:23","modified_gmt":"2025-04-30T15:31:23","slug":"julian","status":"publish","type":"product","link":"https:\/\/lieselehof.com\/de\/wines\/classic\/julian\/","title":{"rendered":"Julian"},"content":{"rendered":"<p><strong>Herkunft:<\/strong> Die wei\u00dfe Rebsorte Bronner geht auf das Jahr 1975 zuru\u0308ck. Es handelt sich um eine Kreuzung von (Seyve-Villard 5-276 x (Riesling x Rul\u00e4nder)) und (Zaraya Severa x Saint Laurent) des staatlichen Weinbauinstitutes Freiburg. Die Sorte zeichnet sich durch eine gute Resistenz gegen den echten und falschen Mehltau aus. Sie braucht in normalen Jahren nicht gespritzt zu werden.   <\/p>\n<p>&nbsp;<\/p>\n<p><strong>Wuchs:<\/strong> Kr\u00e4ftig und ziemlich aufrecht.<\/p>\n<p>&nbsp;<\/p>\n<p><strong>Ertrag:<\/strong> Pro Trieb stehen 2-3 mittelgro\u00dfe, meistens geschulterte Trauben mit mittelgro\u00dfen Beeren. Fu\u0308r beste Weinqualit\u00e4t sollte die Stockbelastung 1,2 kg nicht u\u0308berschreiten. <\/p>\n<p>&nbsp;<\/p>\n<p><strong>Ertrag:<\/strong> Pro Trieb stehen 2-3 mittelgro\u00dfe, meistens geschulterte Trauben mit mittelgro\u00dfen Beeren. Fu\u0308r beste Weinqualit\u00e4t sollte die Stockbelastung 1,2 kg nicht u\u0308berschreiten.<\/p>\n<p>&nbsp;<\/p>\n<p><strong>Mostgewicht:<\/strong> 19\u00b0 &#8211; 19,5\u00b0 KMW<\/p>\n<p>&nbsp;<\/p>\n<p><strong>Wein:<\/strong> Komplexe Aromen erinnern an Honig und Pfirsich (Riesling Kreuzung) aber auch an Lychee, Grapefruit und an feine Wildkr\u00e4uter. Der Wein ist konzentriert, mineralisch und hat mit sch\u00f6ner Kraft und Fu\u0308lle eine harmonische Struktur mit langem Abgang. Hervorragender vollmundiger Aperitiv Wein.   <\/p>\n<p>&nbsp;<\/p>\n<p><strong>Passt gut zu wei\u00dfem Fleisch und gut gewu\u0308rzten Fisch. Ideal auch zur asiatischen Ku\u0308che.<\/strong> <\/p>\n<p>&nbsp;<\/p>\n<p><strong>Trinktemperatur:<\/strong> 12\u00b0, im Winter auch bis zu 13\u00b0<\/p>\n","protected":false},"excerpt":{"rendered":"<p>Die Reben wachsen auf tonhaltigem, von Kalkstein durchdrungenem schottrigem Lehm. Mit seinen feinen florealen Aromen erinnert Julian an Pfirsich, Lychee und Grapefruit. Er ist goldgelb, mit sch\u00f6ner F\u00fclle und sehr guter Struktur.   <strong>Hervorragender Aperitif. Passt gut zu wei\u00dfem Fleisch und gut gew\u00fcrztem Fisch, ideal zur asiatischen K\u00fcche.<\/strong><\/p>\n","protected":false},"featured_media":6856,"template":"","meta":{"_acf_changed":false,"inline_featured_image":false},"product_brand":[],"product_cat":[85],"product_tag":[],"class_list":{"0":"post-9463","1":"product","2":"type-product","3":"status-publish","4":"has-post-thumbnail","6":"product_cat-classic","8":"first","9":"instock","10":"taxable","11":"shipping-taxable","12":"purchasable","13":"product-type-simple"},"acf":[],"yoast_head":"<!-- This site is optimized with the Yoast SEO plugin v26.4 - https:\/\/yoast.com\/wordpress\/plugins\/seo\/ -->\n<title>Julian - Lieselehof<\/title>\n<meta name=\"robots\" content=\"index, follow, max-snippet:-1, max-image-preview:large, max-video-preview:-1\" \/>\n<link rel=\"canonical\" href=\"https:\/\/lieselehof.com\/de\/wines\/classic\/julian\/\" \/>\n<meta property=\"og:locale\" content=\"de_DE\" \/>\n<meta property=\"og:type\" content=\"article\" \/>\n<meta property=\"og:title\" content=\"Julian - Lieselehof\" \/>\n<meta property=\"og:description\" content=\"Die Reben wachsen auf tonhaltigem, von Kalkstein durchdrungenem schottrigem Lehm. Mit seinen feinen florealen Aromen erinnert Julian an Pfirsich, Lychee und Grapefruit. Er ist goldgelb, mit sch\u00f6ner F\u00fclle und sehr guter Struktur.  Hervorragender Aperitif. Passt gut zu wei\u00dfem Fleisch und gut gew\u00fcrztem Fisch, ideal zur asiatischen K\u00fcche.\" \/>\n<meta property=\"og:url\" content=\"https:\/\/lieselehof.com\/de\/wines\/classic\/julian\/\" \/>\n<meta property=\"og:site_name\" content=\"Lieselehof\" \/>\n<meta property=\"article:publisher\" content=\"https:\/\/www.facebook.com\/lieselehof\" \/>\n<meta property=\"article:modified_time\" content=\"2025-04-30T15:31:23+00:00\" \/>\n<meta property=\"og:image\" content=\"https:\/\/lieselehof.com\/wp-content\/uploads\/2022\/11\/lieselehof-julian-e1687793390257.webp\" \/>\n\t<meta property=\"og:image:width\" content=\"1081\" \/>\n\t<meta property=\"og:image:height\" content=\"2560\" \/>\n\t<meta property=\"og:image:type\" content=\"image\/webp\" \/>\n<meta name=\"twitter:card\" content=\"summary_large_image\" \/>\n<meta name=\"twitter:label1\" content=\"Gesch\u00e4tzte Lesezeit\" \/>\n\t<meta name=\"twitter:data1\" content=\"1\u00a0Minute\" \/>\n<script type=\"application\/ld+json\" class=\"yoast-schema-graph\">{\"@context\":\"https:\/\/schema.org\",\"@graph\":[{\"@type\":\"WebPage\",\"@id\":\"https:\/\/lieselehof.com\/de\/wines\/classic\/julian\/\",\"url\":\"https:\/\/lieselehof.com\/de\/wines\/classic\/julian\/\",\"name\":\"Julian - Lieselehof\",\"isPartOf\":{\"@id\":\"https:\/\/lieselehof.com\/de\/#website\"},\"primaryImageOfPage\":{\"@id\":\"https:\/\/lieselehof.com\/de\/wines\/classic\/julian\/#primaryimage\"},\"image\":{\"@id\":\"https:\/\/lieselehof.com\/de\/wines\/classic\/julian\/#primaryimage\"},\"thumbnailUrl\":\"https:\/\/lieselehof.com\/wp-content\/uploads\/2022\/11\/lieselehof-julian-e1687793390257.webp\",\"datePublished\":\"2022-11-03T12:16:39+00:00\",\"dateModified\":\"2025-04-30T15:31:23+00:00\",\"breadcrumb\":{\"@id\":\"https:\/\/lieselehof.com\/de\/wines\/classic\/julian\/#breadcrumb\"},\"inLanguage\":\"de\",\"potentialAction\":[{\"@type\":\"ReadAction\",\"target\":[\"https:\/\/lieselehof.com\/de\/wines\/classic\/julian\/\"]}]},{\"@type\":\"ImageObject\",\"inLanguage\":\"de\",\"@id\":\"https:\/\/lieselehof.com\/de\/wines\/classic\/julian\/#primaryimage\",\"url\":\"https:\/\/lieselehof.com\/wp-content\/uploads\/2022\/11\/lieselehof-julian-e1687793390257.webp\",\"contentUrl\":\"https:\/\/lieselehof.com\/wp-content\/uploads\/2022\/11\/lieselehof-julian-e1687793390257.webp\",\"width\":1081,\"height\":2560},{\"@type\":\"BreadcrumbList\",\"@id\":\"https:\/\/lieselehof.com\/de\/wines\/classic\/julian\/#breadcrumb\",\"itemListElement\":[{\"@type\":\"ListItem\",\"position\":1,\"name\":\"home\",\"item\":\"https:\/\/lieselehof.com\/de\/\"},{\"@type\":\"ListItem\",\"position\":2,\"name\":\"Weine\",\"item\":\"https:\/\/lieselehof.com\/de\/weine\/\"},{\"@type\":\"ListItem\",\"position\":3,\"name\":\"Classic\",\"item\":\"https:\/\/lieselehof.com\/de\/kategorie\/classic\/\"},{\"@type\":\"ListItem\",\"position\":4,\"name\":\"Julian\"}]},{\"@type\":\"WebSite\",\"@id\":\"https:\/\/lieselehof.com\/de\/#website\",\"url\":\"https:\/\/lieselehof.com\/de\/\",\"name\":\"Lieselehof\",\"description\":\"Quality Wines\",\"publisher\":{\"@id\":\"https:\/\/lieselehof.com\/de\/#organization\"},\"potentialAction\":[{\"@type\":\"SearchAction\",\"target\":{\"@type\":\"EntryPoint\",\"urlTemplate\":\"https:\/\/lieselehof.com\/de\/?s={search_term_string}\"},\"query-input\":{\"@type\":\"PropertyValueSpecification\",\"valueRequired\":true,\"valueName\":\"search_term_string\"}}],\"inLanguage\":\"de\"},{\"@type\":\"Organization\",\"@id\":\"https:\/\/lieselehof.com\/de\/#organization\",\"name\":\"Lieselehof\",\"url\":\"https:\/\/lieselehof.com\/de\/\",\"logo\":{\"@type\":\"ImageObject\",\"inLanguage\":\"de\",\"@id\":\"https:\/\/lieselehof.com\/de\/#\/schema\/logo\/image\/\",\"url\":\"https:\/\/lieselehof.com\/wp-content\/uploads\/lieselehof-logo.svg\",\"contentUrl\":\"https:\/\/lieselehof.com\/wp-content\/uploads\/lieselehof-logo.svg\",\"width\":240,\"height\":124,\"caption\":\"Lieselehof\"},\"image\":{\"@id\":\"https:\/\/lieselehof.com\/de\/#\/schema\/logo\/image\/\"},\"sameAs\":[\"https:\/\/www.facebook.com\/lieselehof\",\"https:\/\/www.instagram.com\/lieselehof_tenuta\/\"]}]}<\/script>\n<!-- \/ Yoast SEO plugin. -->","yoast_head_json":{"title":"Julian - Lieselehof","robots":{"index":"index","follow":"follow","max-snippet":"max-snippet:-1","max-image-preview":"max-image-preview:large","max-video-preview":"max-video-preview:-1"},"canonical":"https:\/\/lieselehof.com\/de\/wines\/classic\/julian\/","og_locale":"de_DE","og_type":"article","og_title":"Julian - Lieselehof","og_description":"Die Reben wachsen auf tonhaltigem, von Kalkstein durchdrungenem schottrigem Lehm. Mit seinen feinen florealen Aromen erinnert Julian an Pfirsich, Lychee und Grapefruit. Er ist goldgelb, mit sch\u00f6ner F\u00fclle und sehr guter Struktur.  Hervorragender Aperitif. Passt gut zu wei\u00dfem Fleisch und gut gew\u00fcrztem Fisch, ideal zur asiatischen K\u00fcche.","og_url":"https:\/\/lieselehof.com\/de\/wines\/classic\/julian\/","og_site_name":"Lieselehof","article_publisher":"https:\/\/www.facebook.com\/lieselehof","article_modified_time":"2025-04-30T15:31:23+00:00","og_image":[{"width":1081,"height":2560,"url":"https:\/\/lieselehof.com\/wp-content\/uploads\/2022\/11\/lieselehof-julian-e1687793390257.webp","type":"image\/webp"}],"twitter_card":"summary_large_image","twitter_misc":{"Gesch\u00e4tzte Lesezeit":"1\u00a0Minute"},"schema":{"@context":"https:\/\/schema.org","@graph":[{"@type":"WebPage","@id":"https:\/\/lieselehof.com\/de\/wines\/classic\/julian\/","url":"https:\/\/lieselehof.com\/de\/wines\/classic\/julian\/","name":"Julian - Lieselehof","isPartOf":{"@id":"https:\/\/lieselehof.com\/de\/#website"},"primaryImageOfPage":{"@id":"https:\/\/lieselehof.com\/de\/wines\/classic\/julian\/#primaryimage"},"image":{"@id":"https:\/\/lieselehof.com\/de\/wines\/classic\/julian\/#primaryimage"},"thumbnailUrl":"https:\/\/lieselehof.com\/wp-content\/uploads\/2022\/11\/lieselehof-julian-e1687793390257.webp","datePublished":"2022-11-03T12:16:39+00:00","dateModified":"2025-04-30T15:31:23+00:00","breadcrumb":{"@id":"https:\/\/lieselehof.com\/de\/wines\/classic\/julian\/#breadcrumb"},"inLanguage":"de","potentialAction":[{"@type":"ReadAction","target":["https:\/\/lieselehof.com\/de\/wines\/classic\/julian\/"]}]},{"@type":"ImageObject","inLanguage":"de","@id":"https:\/\/lieselehof.com\/de\/wines\/classic\/julian\/#primaryimage","url":"https:\/\/lieselehof.com\/wp-content\/uploads\/2022\/11\/lieselehof-julian-e1687793390257.webp","contentUrl":"https:\/\/lieselehof.com\/wp-content\/uploads\/2022\/11\/lieselehof-julian-e1687793390257.webp","width":1081,"height":2560},{"@type":"BreadcrumbList","@id":"https:\/\/lieselehof.com\/de\/wines\/classic\/julian\/#breadcrumb","itemListElement":[{"@type":"ListItem","position":1,"name":"home","item":"https:\/\/lieselehof.com\/de\/"},{"@type":"ListItem","position":2,"name":"Weine","item":"https:\/\/lieselehof.com\/de\/weine\/"},{"@type":"ListItem","position":3,"name":"Classic","item":"https:\/\/lieselehof.com\/de\/kategorie\/classic\/"},{"@type":"ListItem","position":4,"name":"Julian"}]},{"@type":"WebSite","@id":"https:\/\/lieselehof.com\/de\/#website","url":"https:\/\/lieselehof.com\/de\/","name":"Lieselehof","description":"Quality Wines","publisher":{"@id":"https:\/\/lieselehof.com\/de\/#organization"},"potentialAction":[{"@type":"SearchAction","target":{"@type":"EntryPoint","urlTemplate":"https:\/\/lieselehof.com\/de\/?s={search_term_string}"},"query-input":{"@type":"PropertyValueSpecification","valueRequired":true,"valueName":"search_term_string"}}],"inLanguage":"de"},{"@type":"Organization","@id":"https:\/\/lieselehof.com\/de\/#organization","name":"Lieselehof","url":"https:\/\/lieselehof.com\/de\/","logo":{"@type":"ImageObject","inLanguage":"de","@id":"https:\/\/lieselehof.com\/de\/#\/schema\/logo\/image\/","url":"https:\/\/lieselehof.com\/wp-content\/uploads\/lieselehof-logo.svg","contentUrl":"https:\/\/lieselehof.com\/wp-content\/uploads\/lieselehof-logo.svg","width":240,"height":124,"caption":"Lieselehof"},"image":{"@id":"https:\/\/lieselehof.com\/de\/#\/schema\/logo\/image\/"},"sameAs":["https:\/\/www.facebook.com\/lieselehof","https:\/\/www.instagram.com\/lieselehof_tenuta\/"]}]}},"jetpack_sharing_enabled":true,"_links":{"self":[{"href":"https:\/\/lieselehof.com\/de\/wp-json\/wp\/v2\/product\/9463","targetHints":{"allow":["GET"]}}],"collection":[{"href":"https:\/\/lieselehof.com\/de\/wp-json\/wp\/v2\/product"}],"about":[{"href":"https:\/\/lieselehof.com\/de\/wp-json\/wp\/v2\/types\/product"}],"version-history":[{"count":1,"href":"https:\/\/lieselehof.com\/de\/wp-json\/wp\/v2\/product\/9463\/revisions"}],"predecessor-version":[{"id":31315,"href":"https:\/\/lieselehof.com\/de\/wp-json\/wp\/v2\/product\/9463\/revisions\/31315"}],"wp:featuredmedia":[{"embeddable":true,"href":"https:\/\/lieselehof.com\/de\/wp-json\/wp\/v2\/media\/6856"}],"wp:attachment":[{"href":"https:\/\/lieselehof.com\/de\/wp-json\/wp\/v2\/media?parent=9463"}],"wp:term":[{"taxonomy":"product_brand","embeddable":true,"href":"https:\/\/lieselehof.com\/de\/wp-json\/wp\/v2\/product_brand?post=9463"},{"taxonomy":"product_cat","embeddable":true,"href":"https:\/\/lieselehof.com\/de\/wp-json\/wp\/v2\/product_cat?post=9463"},{"taxonomy":"product_tag","embeddable":true,"href":"https:\/\/lieselehof.com\/de\/wp-json\/wp\/v2\/product_tag?post=9463"}],"curies":[{"name":"wp","href":"https:\/\/api.w.org\/{rel}","templated":true}]}}