{"id":9462,"date":"2022-11-03T15:51:00","date_gmt":"2022-11-03T14:51:00","guid":{"rendered":"https:\/\/lieselehof.com\/wines\/unkategorisiert\/weissburgunder\/"},"modified":"2025-04-30T17:30:59","modified_gmt":"2025-04-30T15:30:59","slug":"weissburgunder","status":"publish","type":"product","link":"https:\/\/lieselehof.com\/de\/wines\/classic\/weissburgunder\/","title":{"rendered":"Weissburgunder"},"content":{"rendered":"<p><strong>Herkunft:<\/strong> Die Sorte wird erstmals um 1400 urkundlich erw\u00e4hnt. Das Herkunftsland ist Burgund in Frankreich (Pinot blanc). In Su\u0308dtirol werden auf ca. 500 ha Fl\u00e4che Wei\u00dfburgunder angebaut.  <\/p>\n<p>&nbsp;<\/p>\n<p><strong>Anspru\u0308che an die Lage und Boden:<\/strong> Der Wei\u00dfburgunder gedeiht in unserer Gegend am besten von 400 bis auf 600 mt Meeresh\u00f6he. Morgensonnige Lagen erm\u00f6glichen den engbeerigen Trauben ein schnelles Austrocknen vom Morgentau. Die Lese kann somit hinausgez\u00f6gert werden, damit ein genu\u0308gend hoher Zuckergehalt von mindestens 18\u00b0 KMW erreicht werden kann. Unser Wei\u00dfburgunder reift in der Lage Kardatsch auf 500m Meeresh\u00f6he. Die Reben wurden 1985 nach dem Pergola System gepflanzt. Der kalkhaltige Lehm-Ton Boden verleiht dem Wein ein wundersch\u00f6nes, mineralisches Bukett.   <\/p>\n<p>&nbsp;<\/p>\n<p><strong>Wuchs:<\/strong> Mittelstark bis kr\u00e4ftig<\/p>\n<p>&nbsp;<\/p>\n<p><strong>Ertrag:<\/strong> Die Wei\u00dfburgunder Traube ist mittelgro\u00df, die Beerenanordnung ist kompakt. Mit einer Ertragsregulierung auf nur 60 Hektoliter Wein pro Hektar (hl\/ha) erreichen wir den Idealertrag.<\/p>\n<p>&nbsp;<\/p>\n<p><strong>Ernte:<\/strong> 2. H\u00e4lfte im September<\/p>\n<p>&nbsp;<\/p>\n<p><strong>Mostgewicht (Zuckergehalt):<\/strong> 18\u00b0 bis 19\u00b0<\/p>\n<p>&nbsp;<\/p>\n<p><strong>Wein:<\/strong> Unser Wei\u00dfburgunder ist ein ausdruckstarker, rassiger mit sch\u00f6n eingebundenen satten Fruchtaromen, gereifter Wei\u00dfwein. Langer Abgang. Hervorragender Aperitiv Wein. <\/p>\n<p>&nbsp;<\/p>\n<p><strong>Speisenbegleiter:<\/strong> Vorzu\u0308glicher Tischbegleiter zu wei\u00dfen Fleisch und zu Su\u0308\u00df und Salzwasser Fischgerichten.<\/p>\n<p>&nbsp;<\/p>\n<p><strong>Trinktemperatur:<\/strong> 11-13\u00b0C<\/p>\n","protected":false},"excerpt":{"rendered":"<p>Die Reben stehen auf tonhaltigem, leicht schottrigem, von Kalkgestein durchzogenem, Lehmboden. Unser Wei\u00dfburgunder ist mit sch\u00f6n eingebundenen Fruchtaromen wie Birne, Apfel und die Wei\u00dfdornbl\u00fcte, ausdrucksstark. Hervorragend als Aperitif.    <strong>Vorz\u00fcglicher Tischbegleiter zu wei\u00dfem Fleisch und S\u00fc\u00dfwasser Fischgerichten.<\/strong><\/p>\n","protected":false},"featured_media":6874,"template":"","meta":{"_acf_changed":false,"inline_featured_image":false},"product_brand":[],"product_cat":[85],"product_tag":[],"class_list":{"0":"post-9462","1":"product","2":"type-product","3":"status-publish","4":"has-post-thumbnail","6":"product_cat-classic","8":"first","9":"instock","10":"taxable","11":"shipping-taxable","12":"purchasable","13":"product-type-simple"},"acf":[],"yoast_head":"<!-- This site is optimized with the Yoast SEO plugin v26.4 - https:\/\/yoast.com\/wordpress\/plugins\/seo\/ -->\n<title>Weissburgunder - Lieselehof<\/title>\n<meta name=\"robots\" content=\"index, follow, max-snippet:-1, max-image-preview:large, max-video-preview:-1\" \/>\n<link rel=\"canonical\" href=\"https:\/\/lieselehof.com\/de\/wines\/classic\/weissburgunder\/\" \/>\n<meta property=\"og:locale\" content=\"de_DE\" \/>\n<meta property=\"og:type\" content=\"article\" \/>\n<meta property=\"og:title\" content=\"Weissburgunder - Lieselehof\" \/>\n<meta property=\"og:description\" content=\"Die Reben stehen auf tonhaltigem, leicht schottrigem, von Kalkgestein durchzogenem, Lehmboden. Unser Wei\u00dfburgunder ist mit sch\u00f6n eingebundenen Fruchtaromen wie Birne, Apfel und die Wei\u00dfdornbl\u00fcte, ausdrucksstark. Hervorragend als Aperitif.  Vorz\u00fcglicher Tischbegleiter zu wei\u00dfem Fleisch und S\u00fc\u00dfwasser Fischgerichten.\" \/>\n<meta property=\"og:url\" content=\"https:\/\/lieselehof.com\/de\/wines\/classic\/weissburgunder\/\" \/>\n<meta property=\"og:site_name\" content=\"Lieselehof\" \/>\n<meta property=\"article:publisher\" content=\"https:\/\/www.facebook.com\/lieselehof\" \/>\n<meta property=\"article:modified_time\" content=\"2025-04-30T15:30:59+00:00\" \/>\n<meta property=\"og:image\" content=\"https:\/\/lieselehof.com\/wp-content\/uploads\/2022\/11\/lieselehof-weissburgunder.webp\" \/>\n\t<meta property=\"og:image:width\" content=\"948\" \/>\n\t<meta property=\"og:image:height\" content=\"2560\" \/>\n\t<meta property=\"og:image:type\" content=\"image\/webp\" \/>\n<meta name=\"twitter:card\" content=\"summary_large_image\" \/>\n<meta name=\"twitter:label1\" content=\"Gesch\u00e4tzte Lesezeit\" \/>\n\t<meta name=\"twitter:data1\" content=\"1\u00a0Minute\" \/>\n<script type=\"application\/ld+json\" class=\"yoast-schema-graph\">{\"@context\":\"https:\/\/schema.org\",\"@graph\":[{\"@type\":\"WebPage\",\"@id\":\"https:\/\/lieselehof.com\/de\/wines\/classic\/weissburgunder\/\",\"url\":\"https:\/\/lieselehof.com\/de\/wines\/classic\/weissburgunder\/\",\"name\":\"Weissburgunder - Lieselehof\",\"isPartOf\":{\"@id\":\"https:\/\/lieselehof.com\/de\/#website\"},\"primaryImageOfPage\":{\"@id\":\"https:\/\/lieselehof.com\/de\/wines\/classic\/weissburgunder\/#primaryimage\"},\"image\":{\"@id\":\"https:\/\/lieselehof.com\/de\/wines\/classic\/weissburgunder\/#primaryimage\"},\"thumbnailUrl\":\"https:\/\/lieselehof.com\/wp-content\/uploads\/2022\/11\/lieselehof-weissburgunder.webp\",\"datePublished\":\"2022-11-03T14:51:00+00:00\",\"dateModified\":\"2025-04-30T15:30:59+00:00\",\"breadcrumb\":{\"@id\":\"https:\/\/lieselehof.com\/de\/wines\/classic\/weissburgunder\/#breadcrumb\"},\"inLanguage\":\"de\",\"potentialAction\":[{\"@type\":\"ReadAction\",\"target\":[\"https:\/\/lieselehof.com\/de\/wines\/classic\/weissburgunder\/\"]}]},{\"@type\":\"ImageObject\",\"inLanguage\":\"de\",\"@id\":\"https:\/\/lieselehof.com\/de\/wines\/classic\/weissburgunder\/#primaryimage\",\"url\":\"https:\/\/lieselehof.com\/wp-content\/uploads\/2022\/11\/lieselehof-weissburgunder.webp\",\"contentUrl\":\"https:\/\/lieselehof.com\/wp-content\/uploads\/2022\/11\/lieselehof-weissburgunder.webp\",\"width\":948,\"height\":2560},{\"@type\":\"BreadcrumbList\",\"@id\":\"https:\/\/lieselehof.com\/de\/wines\/classic\/weissburgunder\/#breadcrumb\",\"itemListElement\":[{\"@type\":\"ListItem\",\"position\":1,\"name\":\"home\",\"item\":\"https:\/\/lieselehof.com\/de\/\"},{\"@type\":\"ListItem\",\"position\":2,\"name\":\"Weine\",\"item\":\"https:\/\/lieselehof.com\/de\/weine\/\"},{\"@type\":\"ListItem\",\"position\":3,\"name\":\"Classic\",\"item\":\"https:\/\/lieselehof.com\/de\/kategorie\/classic\/\"},{\"@type\":\"ListItem\",\"position\":4,\"name\":\"Weissburgunder\"}]},{\"@type\":\"WebSite\",\"@id\":\"https:\/\/lieselehof.com\/de\/#website\",\"url\":\"https:\/\/lieselehof.com\/de\/\",\"name\":\"Lieselehof\",\"description\":\"Quality Wines\",\"publisher\":{\"@id\":\"https:\/\/lieselehof.com\/de\/#organization\"},\"potentialAction\":[{\"@type\":\"SearchAction\",\"target\":{\"@type\":\"EntryPoint\",\"urlTemplate\":\"https:\/\/lieselehof.com\/de\/?s={search_term_string}\"},\"query-input\":{\"@type\":\"PropertyValueSpecification\",\"valueRequired\":true,\"valueName\":\"search_term_string\"}}],\"inLanguage\":\"de\"},{\"@type\":\"Organization\",\"@id\":\"https:\/\/lieselehof.com\/de\/#organization\",\"name\":\"Lieselehof\",\"url\":\"https:\/\/lieselehof.com\/de\/\",\"logo\":{\"@type\":\"ImageObject\",\"inLanguage\":\"de\",\"@id\":\"https:\/\/lieselehof.com\/de\/#\/schema\/logo\/image\/\",\"url\":\"https:\/\/lieselehof.com\/wp-content\/uploads\/lieselehof-logo.svg\",\"contentUrl\":\"https:\/\/lieselehof.com\/wp-content\/uploads\/lieselehof-logo.svg\",\"width\":240,\"height\":124,\"caption\":\"Lieselehof\"},\"image\":{\"@id\":\"https:\/\/lieselehof.com\/de\/#\/schema\/logo\/image\/\"},\"sameAs\":[\"https:\/\/www.facebook.com\/lieselehof\",\"https:\/\/www.instagram.com\/lieselehof_tenuta\/\"]}]}<\/script>\n<!-- \/ Yoast SEO plugin. -->","yoast_head_json":{"title":"Weissburgunder - Lieselehof","robots":{"index":"index","follow":"follow","max-snippet":"max-snippet:-1","max-image-preview":"max-image-preview:large","max-video-preview":"max-video-preview:-1"},"canonical":"https:\/\/lieselehof.com\/de\/wines\/classic\/weissburgunder\/","og_locale":"de_DE","og_type":"article","og_title":"Weissburgunder - Lieselehof","og_description":"Die Reben stehen auf tonhaltigem, leicht schottrigem, von Kalkgestein durchzogenem, Lehmboden. Unser Wei\u00dfburgunder ist mit sch\u00f6n eingebundenen Fruchtaromen wie Birne, Apfel und die Wei\u00dfdornbl\u00fcte, ausdrucksstark. Hervorragend als Aperitif.  Vorz\u00fcglicher Tischbegleiter zu wei\u00dfem Fleisch und S\u00fc\u00dfwasser Fischgerichten.","og_url":"https:\/\/lieselehof.com\/de\/wines\/classic\/weissburgunder\/","og_site_name":"Lieselehof","article_publisher":"https:\/\/www.facebook.com\/lieselehof","article_modified_time":"2025-04-30T15:30:59+00:00","og_image":[{"width":948,"height":2560,"url":"https:\/\/lieselehof.com\/wp-content\/uploads\/2022\/11\/lieselehof-weissburgunder.webp","type":"image\/webp"}],"twitter_card":"summary_large_image","twitter_misc":{"Gesch\u00e4tzte Lesezeit":"1\u00a0Minute"},"schema":{"@context":"https:\/\/schema.org","@graph":[{"@type":"WebPage","@id":"https:\/\/lieselehof.com\/de\/wines\/classic\/weissburgunder\/","url":"https:\/\/lieselehof.com\/de\/wines\/classic\/weissburgunder\/","name":"Weissburgunder - Lieselehof","isPartOf":{"@id":"https:\/\/lieselehof.com\/de\/#website"},"primaryImageOfPage":{"@id":"https:\/\/lieselehof.com\/de\/wines\/classic\/weissburgunder\/#primaryimage"},"image":{"@id":"https:\/\/lieselehof.com\/de\/wines\/classic\/weissburgunder\/#primaryimage"},"thumbnailUrl":"https:\/\/lieselehof.com\/wp-content\/uploads\/2022\/11\/lieselehof-weissburgunder.webp","datePublished":"2022-11-03T14:51:00+00:00","dateModified":"2025-04-30T15:30:59+00:00","breadcrumb":{"@id":"https:\/\/lieselehof.com\/de\/wines\/classic\/weissburgunder\/#breadcrumb"},"inLanguage":"de","potentialAction":[{"@type":"ReadAction","target":["https:\/\/lieselehof.com\/de\/wines\/classic\/weissburgunder\/"]}]},{"@type":"ImageObject","inLanguage":"de","@id":"https:\/\/lieselehof.com\/de\/wines\/classic\/weissburgunder\/#primaryimage","url":"https:\/\/lieselehof.com\/wp-content\/uploads\/2022\/11\/lieselehof-weissburgunder.webp","contentUrl":"https:\/\/lieselehof.com\/wp-content\/uploads\/2022\/11\/lieselehof-weissburgunder.webp","width":948,"height":2560},{"@type":"BreadcrumbList","@id":"https:\/\/lieselehof.com\/de\/wines\/classic\/weissburgunder\/#breadcrumb","itemListElement":[{"@type":"ListItem","position":1,"name":"home","item":"https:\/\/lieselehof.com\/de\/"},{"@type":"ListItem","position":2,"name":"Weine","item":"https:\/\/lieselehof.com\/de\/weine\/"},{"@type":"ListItem","position":3,"name":"Classic","item":"https:\/\/lieselehof.com\/de\/kategorie\/classic\/"},{"@type":"ListItem","position":4,"name":"Weissburgunder"}]},{"@type":"WebSite","@id":"https:\/\/lieselehof.com\/de\/#website","url":"https:\/\/lieselehof.com\/de\/","name":"Lieselehof","description":"Quality Wines","publisher":{"@id":"https:\/\/lieselehof.com\/de\/#organization"},"potentialAction":[{"@type":"SearchAction","target":{"@type":"EntryPoint","urlTemplate":"https:\/\/lieselehof.com\/de\/?s={search_term_string}"},"query-input":{"@type":"PropertyValueSpecification","valueRequired":true,"valueName":"search_term_string"}}],"inLanguage":"de"},{"@type":"Organization","@id":"https:\/\/lieselehof.com\/de\/#organization","name":"Lieselehof","url":"https:\/\/lieselehof.com\/de\/","logo":{"@type":"ImageObject","inLanguage":"de","@id":"https:\/\/lieselehof.com\/de\/#\/schema\/logo\/image\/","url":"https:\/\/lieselehof.com\/wp-content\/uploads\/lieselehof-logo.svg","contentUrl":"https:\/\/lieselehof.com\/wp-content\/uploads\/lieselehof-logo.svg","width":240,"height":124,"caption":"Lieselehof"},"image":{"@id":"https:\/\/lieselehof.com\/de\/#\/schema\/logo\/image\/"},"sameAs":["https:\/\/www.facebook.com\/lieselehof","https:\/\/www.instagram.com\/lieselehof_tenuta\/"]}]}},"jetpack_sharing_enabled":true,"_links":{"self":[{"href":"https:\/\/lieselehof.com\/de\/wp-json\/wp\/v2\/product\/9462","targetHints":{"allow":["GET"]}}],"collection":[{"href":"https:\/\/lieselehof.com\/de\/wp-json\/wp\/v2\/product"}],"about":[{"href":"https:\/\/lieselehof.com\/de\/wp-json\/wp\/v2\/types\/product"}],"version-history":[{"count":4,"href":"https:\/\/lieselehof.com\/de\/wp-json\/wp\/v2\/product\/9462\/revisions"}],"predecessor-version":[{"id":31318,"href":"https:\/\/lieselehof.com\/de\/wp-json\/wp\/v2\/product\/9462\/revisions\/31318"}],"wp:featuredmedia":[{"embeddable":true,"href":"https:\/\/lieselehof.com\/de\/wp-json\/wp\/v2\/media\/6874"}],"wp:attachment":[{"href":"https:\/\/lieselehof.com\/de\/wp-json\/wp\/v2\/media?parent=9462"}],"wp:term":[{"taxonomy":"product_brand","embeddable":true,"href":"https:\/\/lieselehof.com\/de\/wp-json\/wp\/v2\/product_brand?post=9462"},{"taxonomy":"product_cat","embeddable":true,"href":"https:\/\/lieselehof.com\/de\/wp-json\/wp\/v2\/product_cat?post=9462"},{"taxonomy":"product_tag","embeddable":true,"href":"https:\/\/lieselehof.com\/de\/wp-json\/wp\/v2\/product_tag?post=9462"}],"curies":[{"name":"wp","href":"https:\/\/api.w.org\/{rel}","templated":true}]}}