{"id":9458,"date":"2023-06-27T11:43:24","date_gmt":"2023-06-27T09:43:24","guid":{"rendered":"https:\/\/lieselehof.com\/wines\/unkategorisiert\/vino-del-passo\/"},"modified":"2025-04-30T17:30:33","modified_gmt":"2025-04-30T15:30:33","slug":"vino-del-passo","status":"publish","type":"product","link":"https:\/\/lieselehof.com\/de\/wines\/excellence\/vino-del-passo\/","title":{"rendered":"Vino del Passo"},"content":{"rendered":"<p><strong>Herkunft:<\/strong> Bei der wei\u00dfen Rebsorte SOLARIS handelt es sich um eine Kreuzung von (Seyve-Villard 5-276 x (Riesling x Rul\u00e4nder)) und (Zaraya Severa x Muscat Ottonel). Die Sorte zeichnet sich durch eine gute Resistenz gegen den echten und falschen Mehltau aus. Sie braucht in normalen Jahren nicht gespritzt zu werden.<\/p>\n<p>&nbsp;<\/p>\n<p><strong>Anspru\u0308che an die Lage und B\u00f6den (Terroir):<\/strong> Die Sorte SOLARIS ist in ihren Anspru\u0308chen schwer mit einer anderen Rebsorte zu vergleichen, sie ist etwas Besonderes. In Su\u0308dtirol eignen sich lehmige, Feuchtigkeit zuru\u0308ckhaltende B\u00f6den u\u0308ber 700mt Meeresh\u00f6he. Unsere SOLARIS Trauben reifen auf einer Almwiese am Mendelpass auf 1200-1300mt Meeresh\u00f6he. Die Reben wurden im Jahr 2008 gepflanzt.<\/p>\n<p>&nbsp;<\/p>\n<p><strong>Ertrag:<\/strong> In dieser H\u00f6he stehen pro Trieb nur ein bis zwei sehr kleine Tr\u00e4ubchen mit kleinen Beeren. Fu\u0308r beste Weinqualit\u00e4t darf die Stockbelastung 0,4- 0,5 kg nicht u\u0308berschreiten. Es braucht also die Trauben von mindestens zwei Rebst\u00f6cken um eine Flasche Wein zu erhalten.<\/p>\n<p>&nbsp;<\/p>\n<p><strong>Reifezeitpunkt \u2013 Lese:<\/strong> Von Mitte bis Ende Oktober<\/p>\n<p>&nbsp;<\/p>\n<p><strong>Mostgewicht<\/strong> von 17\u00b0 &#8211; 19\u00b0 KMW<\/p>\n<p>&nbsp;<\/p>\n<p><strong>Wein:<\/strong> Komplexe Aromen erinnern an Zitronen, pfeffrig muskiert nach Ananas, Honig und Pfirsich und an feines Almheu und Wildkr\u00e4uter. Der Wein ist konzentriert, mineralisch mit mitbestimmender S\u00e4ure und hat mit gro\u00dfer Kraft und Fu\u0308lle eine harmonische Struktur mit langem Abgang. Hervorragender vollmundiger Aperitiv Wein. Passt gut zu wei\u00dfem Fleisch und gut gewu\u0308rzten Fisch, Krustentieren und hervorragend zu allen Salaten. Ideal auch zur asiatischen Ku\u0308che.<\/p>\n<p>&nbsp;<\/p>\n<p><strong>Trinktemperatur:<\/strong> 12\u00b0C, im Winter auch bis zu 13\u00b0C<\/p>\n","protected":false},"excerpt":{"rendered":"<p>Der Boden ist eisen- und kalkhaltig, roter Ton mit wenig Schotter durchsetzt. Komplexe Aromen von Zitronen, pfeffrig muskiert, Ananas, Pfirsich und Wildkr\u00e4uter. Der Wein ist mineralisch, mit einer mitbestimmenden S\u00e4ure und hat eine harmonische Struktur mit langem Abgang.  <strong> Passend zu wei\u00dfem Fleisch, gew\u00fcrztem Fisch, zu Salaten und asiatischen Gerichten. <\/strong><\/p>\n","protected":false},"featured_media":6858,"template":"","meta":{"_acf_changed":false,"inline_featured_image":false},"product_brand":[],"product_cat":[83],"product_tag":[],"class_list":{"0":"post-9458","1":"product","2":"type-product","3":"status-publish","4":"has-post-thumbnail","6":"product_cat-excellence","8":"first","9":"instock","10":"taxable","11":"shipping-taxable","12":"purchasable","13":"product-type-simple"},"acf":[],"yoast_head":"<!-- This site is optimized with the Yoast SEO plugin v26.4 - https:\/\/yoast.com\/wordpress\/plugins\/seo\/ -->\n<title>Vino del Passo - Lieselehof<\/title>\n<meta name=\"robots\" content=\"index, follow, max-snippet:-1, max-image-preview:large, max-video-preview:-1\" \/>\n<link rel=\"canonical\" href=\"https:\/\/lieselehof.com\/de\/wines\/excellence\/vino-del-passo\/\" \/>\n<meta property=\"og:locale\" content=\"de_DE\" \/>\n<meta property=\"og:type\" content=\"article\" \/>\n<meta property=\"og:title\" content=\"Vino del Passo - Lieselehof\" \/>\n<meta property=\"og:description\" content=\"Der Boden ist eisen- und kalkhaltig, roter Ton mit wenig Schotter durchsetzt. Komplexe Aromen von Zitronen, pfeffrig muskiert, Ananas, Pfirsich und Wildkr\u00e4uter. Der Wein ist mineralisch, mit einer mitbestimmenden S\u00e4ure und hat eine harmonische Struktur mit langem Abgang.  Passend zu wei\u00dfem Fleisch, gew\u00fcrztem Fisch, zu Salaten und asiatischen Gerichten.\" \/>\n<meta property=\"og:url\" content=\"https:\/\/lieselehof.com\/de\/wines\/excellence\/vino-del-passo\/\" \/>\n<meta property=\"og:site_name\" content=\"Lieselehof\" \/>\n<meta property=\"article:publisher\" content=\"https:\/\/www.facebook.com\/lieselehof\" \/>\n<meta property=\"article:modified_time\" content=\"2025-04-30T15:30:33+00:00\" \/>\n<meta property=\"og:image\" content=\"https:\/\/lieselehof.com\/wp-content\/uploads\/2023\/06\/lieselehof-vino-del-passo.webp\" \/>\n\t<meta property=\"og:image:width\" content=\"948\" \/>\n\t<meta property=\"og:image:height\" content=\"2560\" \/>\n\t<meta property=\"og:image:type\" content=\"image\/webp\" \/>\n<meta name=\"twitter:card\" content=\"summary_large_image\" \/>\n<meta name=\"twitter:label1\" content=\"Gesch\u00e4tzte Lesezeit\" \/>\n\t<meta name=\"twitter:data1\" content=\"1\u00a0Minute\" \/>\n<script type=\"application\/ld+json\" class=\"yoast-schema-graph\">{\"@context\":\"https:\/\/schema.org\",\"@graph\":[{\"@type\":\"WebPage\",\"@id\":\"https:\/\/lieselehof.com\/de\/wines\/excellence\/vino-del-passo\/\",\"url\":\"https:\/\/lieselehof.com\/de\/wines\/excellence\/vino-del-passo\/\",\"name\":\"Vino del Passo - Lieselehof\",\"isPartOf\":{\"@id\":\"https:\/\/lieselehof.com\/de\/#website\"},\"primaryImageOfPage\":{\"@id\":\"https:\/\/lieselehof.com\/de\/wines\/excellence\/vino-del-passo\/#primaryimage\"},\"image\":{\"@id\":\"https:\/\/lieselehof.com\/de\/wines\/excellence\/vino-del-passo\/#primaryimage\"},\"thumbnailUrl\":\"https:\/\/lieselehof.com\/wp-content\/uploads\/2023\/06\/lieselehof-vino-del-passo.webp\",\"datePublished\":\"2023-06-27T09:43:24+00:00\",\"dateModified\":\"2025-04-30T15:30:33+00:00\",\"breadcrumb\":{\"@id\":\"https:\/\/lieselehof.com\/de\/wines\/excellence\/vino-del-passo\/#breadcrumb\"},\"inLanguage\":\"de\",\"potentialAction\":[{\"@type\":\"ReadAction\",\"target\":[\"https:\/\/lieselehof.com\/de\/wines\/excellence\/vino-del-passo\/\"]}]},{\"@type\":\"ImageObject\",\"inLanguage\":\"de\",\"@id\":\"https:\/\/lieselehof.com\/de\/wines\/excellence\/vino-del-passo\/#primaryimage\",\"url\":\"https:\/\/lieselehof.com\/wp-content\/uploads\/2023\/06\/lieselehof-vino-del-passo.webp\",\"contentUrl\":\"https:\/\/lieselehof.com\/wp-content\/uploads\/2023\/06\/lieselehof-vino-del-passo.webp\",\"width\":948,\"height\":2560},{\"@type\":\"BreadcrumbList\",\"@id\":\"https:\/\/lieselehof.com\/de\/wines\/excellence\/vino-del-passo\/#breadcrumb\",\"itemListElement\":[{\"@type\":\"ListItem\",\"position\":1,\"name\":\"home\",\"item\":\"https:\/\/lieselehof.com\/de\/\"},{\"@type\":\"ListItem\",\"position\":2,\"name\":\"Weine\",\"item\":\"https:\/\/lieselehof.com\/de\/weine\/\"},{\"@type\":\"ListItem\",\"position\":3,\"name\":\"Excellence\",\"item\":\"https:\/\/lieselehof.com\/de\/kategorie\/excellence\/\"},{\"@type\":\"ListItem\",\"position\":4,\"name\":\"Vino del Passo\"}]},{\"@type\":\"WebSite\",\"@id\":\"https:\/\/lieselehof.com\/de\/#website\",\"url\":\"https:\/\/lieselehof.com\/de\/\",\"name\":\"Lieselehof\",\"description\":\"Quality Wines\",\"publisher\":{\"@id\":\"https:\/\/lieselehof.com\/de\/#organization\"},\"potentialAction\":[{\"@type\":\"SearchAction\",\"target\":{\"@type\":\"EntryPoint\",\"urlTemplate\":\"https:\/\/lieselehof.com\/de\/?s={search_term_string}\"},\"query-input\":{\"@type\":\"PropertyValueSpecification\",\"valueRequired\":true,\"valueName\":\"search_term_string\"}}],\"inLanguage\":\"de\"},{\"@type\":\"Organization\",\"@id\":\"https:\/\/lieselehof.com\/de\/#organization\",\"name\":\"Lieselehof\",\"url\":\"https:\/\/lieselehof.com\/de\/\",\"logo\":{\"@type\":\"ImageObject\",\"inLanguage\":\"de\",\"@id\":\"https:\/\/lieselehof.com\/de\/#\/schema\/logo\/image\/\",\"url\":\"https:\/\/lieselehof.com\/wp-content\/uploads\/lieselehof-logo.svg\",\"contentUrl\":\"https:\/\/lieselehof.com\/wp-content\/uploads\/lieselehof-logo.svg\",\"width\":240,\"height\":124,\"caption\":\"Lieselehof\"},\"image\":{\"@id\":\"https:\/\/lieselehof.com\/de\/#\/schema\/logo\/image\/\"},\"sameAs\":[\"https:\/\/www.facebook.com\/lieselehof\",\"https:\/\/www.instagram.com\/lieselehof_tenuta\/\"]}]}<\/script>\n<!-- \/ Yoast SEO plugin. -->","yoast_head_json":{"title":"Vino del Passo - Lieselehof","robots":{"index":"index","follow":"follow","max-snippet":"max-snippet:-1","max-image-preview":"max-image-preview:large","max-video-preview":"max-video-preview:-1"},"canonical":"https:\/\/lieselehof.com\/de\/wines\/excellence\/vino-del-passo\/","og_locale":"de_DE","og_type":"article","og_title":"Vino del Passo - Lieselehof","og_description":"Der Boden ist eisen- und kalkhaltig, roter Ton mit wenig Schotter durchsetzt. Komplexe Aromen von Zitronen, pfeffrig muskiert, Ananas, Pfirsich und Wildkr\u00e4uter. Der Wein ist mineralisch, mit einer mitbestimmenden S\u00e4ure und hat eine harmonische Struktur mit langem Abgang.  Passend zu wei\u00dfem Fleisch, gew\u00fcrztem Fisch, zu Salaten und asiatischen Gerichten.","og_url":"https:\/\/lieselehof.com\/de\/wines\/excellence\/vino-del-passo\/","og_site_name":"Lieselehof","article_publisher":"https:\/\/www.facebook.com\/lieselehof","article_modified_time":"2025-04-30T15:30:33+00:00","og_image":[{"width":948,"height":2560,"url":"https:\/\/lieselehof.com\/wp-content\/uploads\/2023\/06\/lieselehof-vino-del-passo.webp","type":"image\/webp"}],"twitter_card":"summary_large_image","twitter_misc":{"Gesch\u00e4tzte Lesezeit":"1\u00a0Minute"},"schema":{"@context":"https:\/\/schema.org","@graph":[{"@type":"WebPage","@id":"https:\/\/lieselehof.com\/de\/wines\/excellence\/vino-del-passo\/","url":"https:\/\/lieselehof.com\/de\/wines\/excellence\/vino-del-passo\/","name":"Vino del Passo - Lieselehof","isPartOf":{"@id":"https:\/\/lieselehof.com\/de\/#website"},"primaryImageOfPage":{"@id":"https:\/\/lieselehof.com\/de\/wines\/excellence\/vino-del-passo\/#primaryimage"},"image":{"@id":"https:\/\/lieselehof.com\/de\/wines\/excellence\/vino-del-passo\/#primaryimage"},"thumbnailUrl":"https:\/\/lieselehof.com\/wp-content\/uploads\/2023\/06\/lieselehof-vino-del-passo.webp","datePublished":"2023-06-27T09:43:24+00:00","dateModified":"2025-04-30T15:30:33+00:00","breadcrumb":{"@id":"https:\/\/lieselehof.com\/de\/wines\/excellence\/vino-del-passo\/#breadcrumb"},"inLanguage":"de","potentialAction":[{"@type":"ReadAction","target":["https:\/\/lieselehof.com\/de\/wines\/excellence\/vino-del-passo\/"]}]},{"@type":"ImageObject","inLanguage":"de","@id":"https:\/\/lieselehof.com\/de\/wines\/excellence\/vino-del-passo\/#primaryimage","url":"https:\/\/lieselehof.com\/wp-content\/uploads\/2023\/06\/lieselehof-vino-del-passo.webp","contentUrl":"https:\/\/lieselehof.com\/wp-content\/uploads\/2023\/06\/lieselehof-vino-del-passo.webp","width":948,"height":2560},{"@type":"BreadcrumbList","@id":"https:\/\/lieselehof.com\/de\/wines\/excellence\/vino-del-passo\/#breadcrumb","itemListElement":[{"@type":"ListItem","position":1,"name":"home","item":"https:\/\/lieselehof.com\/de\/"},{"@type":"ListItem","position":2,"name":"Weine","item":"https:\/\/lieselehof.com\/de\/weine\/"},{"@type":"ListItem","position":3,"name":"Excellence","item":"https:\/\/lieselehof.com\/de\/kategorie\/excellence\/"},{"@type":"ListItem","position":4,"name":"Vino del Passo"}]},{"@type":"WebSite","@id":"https:\/\/lieselehof.com\/de\/#website","url":"https:\/\/lieselehof.com\/de\/","name":"Lieselehof","description":"Quality Wines","publisher":{"@id":"https:\/\/lieselehof.com\/de\/#organization"},"potentialAction":[{"@type":"SearchAction","target":{"@type":"EntryPoint","urlTemplate":"https:\/\/lieselehof.com\/de\/?s={search_term_string}"},"query-input":{"@type":"PropertyValueSpecification","valueRequired":true,"valueName":"search_term_string"}}],"inLanguage":"de"},{"@type":"Organization","@id":"https:\/\/lieselehof.com\/de\/#organization","name":"Lieselehof","url":"https:\/\/lieselehof.com\/de\/","logo":{"@type":"ImageObject","inLanguage":"de","@id":"https:\/\/lieselehof.com\/de\/#\/schema\/logo\/image\/","url":"https:\/\/lieselehof.com\/wp-content\/uploads\/lieselehof-logo.svg","contentUrl":"https:\/\/lieselehof.com\/wp-content\/uploads\/lieselehof-logo.svg","width":240,"height":124,"caption":"Lieselehof"},"image":{"@id":"https:\/\/lieselehof.com\/de\/#\/schema\/logo\/image\/"},"sameAs":["https:\/\/www.facebook.com\/lieselehof","https:\/\/www.instagram.com\/lieselehof_tenuta\/"]}]}},"jetpack_sharing_enabled":true,"_links":{"self":[{"href":"https:\/\/lieselehof.com\/de\/wp-json\/wp\/v2\/product\/9458","targetHints":{"allow":["GET"]}}],"collection":[{"href":"https:\/\/lieselehof.com\/de\/wp-json\/wp\/v2\/product"}],"about":[{"href":"https:\/\/lieselehof.com\/de\/wp-json\/wp\/v2\/types\/product"}],"version-history":[{"count":1,"href":"https:\/\/lieselehof.com\/de\/wp-json\/wp\/v2\/product\/9458\/revisions"}],"predecessor-version":[{"id":31335,"href":"https:\/\/lieselehof.com\/de\/wp-json\/wp\/v2\/product\/9458\/revisions\/31335"}],"wp:featuredmedia":[{"embeddable":true,"href":"https:\/\/lieselehof.com\/de\/wp-json\/wp\/v2\/media\/6858"}],"wp:attachment":[{"href":"https:\/\/lieselehof.com\/de\/wp-json\/wp\/v2\/media?parent=9458"}],"wp:term":[{"taxonomy":"product_brand","embeddable":true,"href":"https:\/\/lieselehof.com\/de\/wp-json\/wp\/v2\/product_brand?post=9458"},{"taxonomy":"product_cat","embeddable":true,"href":"https:\/\/lieselehof.com\/de\/wp-json\/wp\/v2\/product_cat?post=9458"},{"taxonomy":"product_tag","embeddable":true,"href":"https:\/\/lieselehof.com\/de\/wp-json\/wp\/v2\/product_tag?post=9458"}],"curies":[{"name":"wp","href":"https:\/\/api.w.org\/{rel}","templated":true}]}}