{"id":9457,"date":"2023-06-27T11:57:51","date_gmt":"2023-06-27T09:57:51","guid":{"rendered":"https:\/\/lieselehof.com\/wines\/unkategorisiert\/julian-orange\/"},"modified":"2025-04-30T17:30:06","modified_gmt":"2025-04-30T15:30:06","slug":"julian-orange","status":"publish","type":"product","link":"https:\/\/lieselehof.com\/de\/wines\/excellence\/julian-orange\/","title":{"rendered":"Julian Orange"},"content":{"rendered":"<p><strong>Rebsorten:<\/strong> Der Gro\u00dfteil Bronner und verschiedene Rebsorten aus unserem Weinrebenmuseum.<\/p>\n<p>&nbsp;<\/p>\n<p><strong>Terroir:<\/strong> Unser \u201eJulian Orange\u201c reift im Weinberg \u201eLavardi und Kardatsch\u201c in Kaltern auf 450 bis 500 m Meeresh\u00f6he. Steiniger Boden mit kalkhaltigem Lehm ist eine hervorragende Bedingung fu\u0308r intensive und aromatische Wei\u00dfweine. Die Bronner Reben wurden 2002 gepflanzt. In der Regel keine Pflanzenschutzbehandlungen.   <\/p>\n<p>&nbsp;<\/p>\n<p><strong>Ertrag:<\/strong> Au\u00dfergew\u00f6hnliche Qualit\u00e4t des Julian Orange, mit maximal 1,5 kg Trauben pro Rebstock.<\/p>\n<p>&nbsp;<\/p>\n<p><strong>Lesezeitpunkt:<\/strong> Mitte bis Ende September<\/p>\n<p>&nbsp;<\/p>\n<p><strong>Weinbeschreibung:<\/strong> Als Maische, spontan vergorener Wei\u00dfwein, im Holz gereift, pr\u00e4sentiert er sich ausgesprochen aromatisch, leicht gerbstoffhaltig, vollmundig und wu\u0308rzig. Geeignet fu\u0308r lange Lagerung. Sehr harmonisches Bouquet, elegant, weich und starker Charakter. Der Wein fu\u0308r besondere Anl\u00e4sse. Er ist konzentriert mit komplexer Struktur. Er pr\u00e4sentiert sich intensiv und voll am Gaumen mit einer elegant mineralischen Note und einer lebendigen S\u00e4ure im Abgang.      <\/p>\n<p>&nbsp;<\/p>\n<p><strong>Empfehlung:<\/strong> Vorspeisen, Fleisch, Fisch und asiatische Ku\u0308che. Julian Orange ist ein Allrounder.<\/p>\n<p>&nbsp;<\/p>\n<p><strong>Serviertemperatur:<\/strong> 13 \u00b0C<\/p>\n","protected":false},"excerpt":{"rendered":"<p>Julian Orange\u201c reift im Weinberg \u201eLavardi und Kardatsch\u201c in Kaltern auf 450 bis 500 m Meeresh\u00f6he. Die Reben waschen auf tonhaltigem, von Kalkstein durchdrungenem schottrigem Lehm. Als Maische, spontan vergorener Wei\u00dfwein, im Holz gereift, pr\u00e4sentiert er sich ausgesprochen aromatisch, leicht gerbstoffhaltig, vollmundig und w\u00fcrzig. Sehr harmonisches Bouquet, elegant, weich und starker Charakter. Der Wein f\u00fcr besondere Anl\u00e4sse.    <strong>Passend zu Vorspeisen, Fleisch, Fisch und asiatische K\u00fcche. Julian Orange ist ein Allrounder. <\/strong><\/p>\n","protected":false},"featured_media":6860,"template":"","meta":{"_acf_changed":false,"inline_featured_image":false},"product_brand":[],"product_cat":[83],"product_tag":[],"class_list":{"0":"post-9457","1":"product","2":"type-product","3":"status-publish","4":"has-post-thumbnail","6":"product_cat-excellence","8":"first","9":"instock","10":"taxable","11":"shipping-taxable","12":"purchasable","13":"product-type-simple"},"acf":[],"yoast_head":"<!-- This site is optimized with the Yoast SEO plugin v26.4 - https:\/\/yoast.com\/wordpress\/plugins\/seo\/ -->\n<title>Julian Orange - Lieselehof<\/title>\n<meta name=\"robots\" content=\"index, follow, max-snippet:-1, max-image-preview:large, max-video-preview:-1\" \/>\n<link rel=\"canonical\" href=\"https:\/\/lieselehof.com\/de\/wines\/excellence\/julian-orange\/\" \/>\n<meta property=\"og:locale\" content=\"de_DE\" \/>\n<meta property=\"og:type\" content=\"article\" \/>\n<meta property=\"og:title\" content=\"Julian Orange - Lieselehof\" \/>\n<meta property=\"og:description\" content=\"Julian Orange\u201c reift im Weinberg \u201eLavardi und Kardatsch\u201c in Kaltern auf 450 bis 500 m Meeresh\u00f6he. Die Reben waschen auf tonhaltigem, von Kalkstein durchdrungenem schottrigem Lehm. Als Maische, spontan vergorener Wei\u00dfwein, im Holz gereift, pr\u00e4sentiert er sich ausgesprochen aromatisch, leicht gerbstoffhaltig, vollmundig und w\u00fcrzig. Sehr harmonisches Bouquet, elegant, weich und starker Charakter. Der Wein f\u00fcr besondere Anl\u00e4sse.  Passend zu Vorspeisen, Fleisch, Fisch und asiatische K\u00fcche. Julian Orange ist ein Allrounder.\" \/>\n<meta property=\"og:url\" content=\"https:\/\/lieselehof.com\/de\/wines\/excellence\/julian-orange\/\" \/>\n<meta property=\"og:site_name\" content=\"Lieselehof\" \/>\n<meta property=\"article:publisher\" content=\"https:\/\/www.facebook.com\/lieselehof\" \/>\n<meta property=\"article:modified_time\" content=\"2025-04-30T15:30:06+00:00\" \/>\n<meta property=\"og:image\" content=\"https:\/\/lieselehof.com\/wp-content\/uploads\/2023\/06\/lieselehof-julian-orange.webp\" \/>\n\t<meta property=\"og:image:width\" content=\"948\" \/>\n\t<meta property=\"og:image:height\" content=\"2560\" \/>\n\t<meta property=\"og:image:type\" content=\"image\/webp\" \/>\n<meta name=\"twitter:card\" content=\"summary_large_image\" \/>\n<meta name=\"twitter:label1\" content=\"Gesch\u00e4tzte Lesezeit\" \/>\n\t<meta name=\"twitter:data1\" content=\"1\u00a0Minute\" \/>\n<script type=\"application\/ld+json\" class=\"yoast-schema-graph\">{\"@context\":\"https:\/\/schema.org\",\"@graph\":[{\"@type\":\"WebPage\",\"@id\":\"https:\/\/lieselehof.com\/de\/wines\/excellence\/julian-orange\/\",\"url\":\"https:\/\/lieselehof.com\/de\/wines\/excellence\/julian-orange\/\",\"name\":\"Julian Orange - Lieselehof\",\"isPartOf\":{\"@id\":\"https:\/\/lieselehof.com\/de\/#website\"},\"primaryImageOfPage\":{\"@id\":\"https:\/\/lieselehof.com\/de\/wines\/excellence\/julian-orange\/#primaryimage\"},\"image\":{\"@id\":\"https:\/\/lieselehof.com\/de\/wines\/excellence\/julian-orange\/#primaryimage\"},\"thumbnailUrl\":\"https:\/\/lieselehof.com\/wp-content\/uploads\/2023\/06\/lieselehof-julian-orange.webp\",\"datePublished\":\"2023-06-27T09:57:51+00:00\",\"dateModified\":\"2025-04-30T15:30:06+00:00\",\"breadcrumb\":{\"@id\":\"https:\/\/lieselehof.com\/de\/wines\/excellence\/julian-orange\/#breadcrumb\"},\"inLanguage\":\"de\",\"potentialAction\":[{\"@type\":\"ReadAction\",\"target\":[\"https:\/\/lieselehof.com\/de\/wines\/excellence\/julian-orange\/\"]}]},{\"@type\":\"ImageObject\",\"inLanguage\":\"de\",\"@id\":\"https:\/\/lieselehof.com\/de\/wines\/excellence\/julian-orange\/#primaryimage\",\"url\":\"https:\/\/lieselehof.com\/wp-content\/uploads\/2023\/06\/lieselehof-julian-orange.webp\",\"contentUrl\":\"https:\/\/lieselehof.com\/wp-content\/uploads\/2023\/06\/lieselehof-julian-orange.webp\",\"width\":948,\"height\":2560},{\"@type\":\"BreadcrumbList\",\"@id\":\"https:\/\/lieselehof.com\/de\/wines\/excellence\/julian-orange\/#breadcrumb\",\"itemListElement\":[{\"@type\":\"ListItem\",\"position\":1,\"name\":\"home\",\"item\":\"https:\/\/lieselehof.com\/de\/\"},{\"@type\":\"ListItem\",\"position\":2,\"name\":\"Weine\",\"item\":\"https:\/\/lieselehof.com\/de\/weine\/\"},{\"@type\":\"ListItem\",\"position\":3,\"name\":\"Excellence\",\"item\":\"https:\/\/lieselehof.com\/de\/kategorie\/excellence\/\"},{\"@type\":\"ListItem\",\"position\":4,\"name\":\"Julian Orange\"}]},{\"@type\":\"WebSite\",\"@id\":\"https:\/\/lieselehof.com\/de\/#website\",\"url\":\"https:\/\/lieselehof.com\/de\/\",\"name\":\"Lieselehof\",\"description\":\"Quality Wines\",\"publisher\":{\"@id\":\"https:\/\/lieselehof.com\/de\/#organization\"},\"potentialAction\":[{\"@type\":\"SearchAction\",\"target\":{\"@type\":\"EntryPoint\",\"urlTemplate\":\"https:\/\/lieselehof.com\/de\/?s={search_term_string}\"},\"query-input\":{\"@type\":\"PropertyValueSpecification\",\"valueRequired\":true,\"valueName\":\"search_term_string\"}}],\"inLanguage\":\"de\"},{\"@type\":\"Organization\",\"@id\":\"https:\/\/lieselehof.com\/de\/#organization\",\"name\":\"Lieselehof\",\"url\":\"https:\/\/lieselehof.com\/de\/\",\"logo\":{\"@type\":\"ImageObject\",\"inLanguage\":\"de\",\"@id\":\"https:\/\/lieselehof.com\/de\/#\/schema\/logo\/image\/\",\"url\":\"https:\/\/lieselehof.com\/wp-content\/uploads\/lieselehof-logo.svg\",\"contentUrl\":\"https:\/\/lieselehof.com\/wp-content\/uploads\/lieselehof-logo.svg\",\"width\":240,\"height\":124,\"caption\":\"Lieselehof\"},\"image\":{\"@id\":\"https:\/\/lieselehof.com\/de\/#\/schema\/logo\/image\/\"},\"sameAs\":[\"https:\/\/www.facebook.com\/lieselehof\",\"https:\/\/www.instagram.com\/lieselehof_tenuta\/\"]}]}<\/script>\n<!-- \/ Yoast SEO plugin. -->","yoast_head_json":{"title":"Julian Orange - Lieselehof","robots":{"index":"index","follow":"follow","max-snippet":"max-snippet:-1","max-image-preview":"max-image-preview:large","max-video-preview":"max-video-preview:-1"},"canonical":"https:\/\/lieselehof.com\/de\/wines\/excellence\/julian-orange\/","og_locale":"de_DE","og_type":"article","og_title":"Julian Orange - Lieselehof","og_description":"Julian Orange\u201c reift im Weinberg \u201eLavardi und Kardatsch\u201c in Kaltern auf 450 bis 500 m Meeresh\u00f6he. Die Reben waschen auf tonhaltigem, von Kalkstein durchdrungenem schottrigem Lehm. Als Maische, spontan vergorener Wei\u00dfwein, im Holz gereift, pr\u00e4sentiert er sich ausgesprochen aromatisch, leicht gerbstoffhaltig, vollmundig und w\u00fcrzig. Sehr harmonisches Bouquet, elegant, weich und starker Charakter. Der Wein f\u00fcr besondere Anl\u00e4sse.  Passend zu Vorspeisen, Fleisch, Fisch und asiatische K\u00fcche. Julian Orange ist ein Allrounder.","og_url":"https:\/\/lieselehof.com\/de\/wines\/excellence\/julian-orange\/","og_site_name":"Lieselehof","article_publisher":"https:\/\/www.facebook.com\/lieselehof","article_modified_time":"2025-04-30T15:30:06+00:00","og_image":[{"width":948,"height":2560,"url":"https:\/\/lieselehof.com\/wp-content\/uploads\/2023\/06\/lieselehof-julian-orange.webp","type":"image\/webp"}],"twitter_card":"summary_large_image","twitter_misc":{"Gesch\u00e4tzte Lesezeit":"1\u00a0Minute"},"schema":{"@context":"https:\/\/schema.org","@graph":[{"@type":"WebPage","@id":"https:\/\/lieselehof.com\/de\/wines\/excellence\/julian-orange\/","url":"https:\/\/lieselehof.com\/de\/wines\/excellence\/julian-orange\/","name":"Julian Orange - Lieselehof","isPartOf":{"@id":"https:\/\/lieselehof.com\/de\/#website"},"primaryImageOfPage":{"@id":"https:\/\/lieselehof.com\/de\/wines\/excellence\/julian-orange\/#primaryimage"},"image":{"@id":"https:\/\/lieselehof.com\/de\/wines\/excellence\/julian-orange\/#primaryimage"},"thumbnailUrl":"https:\/\/lieselehof.com\/wp-content\/uploads\/2023\/06\/lieselehof-julian-orange.webp","datePublished":"2023-06-27T09:57:51+00:00","dateModified":"2025-04-30T15:30:06+00:00","breadcrumb":{"@id":"https:\/\/lieselehof.com\/de\/wines\/excellence\/julian-orange\/#breadcrumb"},"inLanguage":"de","potentialAction":[{"@type":"ReadAction","target":["https:\/\/lieselehof.com\/de\/wines\/excellence\/julian-orange\/"]}]},{"@type":"ImageObject","inLanguage":"de","@id":"https:\/\/lieselehof.com\/de\/wines\/excellence\/julian-orange\/#primaryimage","url":"https:\/\/lieselehof.com\/wp-content\/uploads\/2023\/06\/lieselehof-julian-orange.webp","contentUrl":"https:\/\/lieselehof.com\/wp-content\/uploads\/2023\/06\/lieselehof-julian-orange.webp","width":948,"height":2560},{"@type":"BreadcrumbList","@id":"https:\/\/lieselehof.com\/de\/wines\/excellence\/julian-orange\/#breadcrumb","itemListElement":[{"@type":"ListItem","position":1,"name":"home","item":"https:\/\/lieselehof.com\/de\/"},{"@type":"ListItem","position":2,"name":"Weine","item":"https:\/\/lieselehof.com\/de\/weine\/"},{"@type":"ListItem","position":3,"name":"Excellence","item":"https:\/\/lieselehof.com\/de\/kategorie\/excellence\/"},{"@type":"ListItem","position":4,"name":"Julian Orange"}]},{"@type":"WebSite","@id":"https:\/\/lieselehof.com\/de\/#website","url":"https:\/\/lieselehof.com\/de\/","name":"Lieselehof","description":"Quality Wines","publisher":{"@id":"https:\/\/lieselehof.com\/de\/#organization"},"potentialAction":[{"@type":"SearchAction","target":{"@type":"EntryPoint","urlTemplate":"https:\/\/lieselehof.com\/de\/?s={search_term_string}"},"query-input":{"@type":"PropertyValueSpecification","valueRequired":true,"valueName":"search_term_string"}}],"inLanguage":"de"},{"@type":"Organization","@id":"https:\/\/lieselehof.com\/de\/#organization","name":"Lieselehof","url":"https:\/\/lieselehof.com\/de\/","logo":{"@type":"ImageObject","inLanguage":"de","@id":"https:\/\/lieselehof.com\/de\/#\/schema\/logo\/image\/","url":"https:\/\/lieselehof.com\/wp-content\/uploads\/lieselehof-logo.svg","contentUrl":"https:\/\/lieselehof.com\/wp-content\/uploads\/lieselehof-logo.svg","width":240,"height":124,"caption":"Lieselehof"},"image":{"@id":"https:\/\/lieselehof.com\/de\/#\/schema\/logo\/image\/"},"sameAs":["https:\/\/www.facebook.com\/lieselehof","https:\/\/www.instagram.com\/lieselehof_tenuta\/"]}]}},"jetpack_sharing_enabled":true,"_links":{"self":[{"href":"https:\/\/lieselehof.com\/de\/wp-json\/wp\/v2\/product\/9457","targetHints":{"allow":["GET"]}}],"collection":[{"href":"https:\/\/lieselehof.com\/de\/wp-json\/wp\/v2\/product"}],"about":[{"href":"https:\/\/lieselehof.com\/de\/wp-json\/wp\/v2\/types\/product"}],"version-history":[{"count":1,"href":"https:\/\/lieselehof.com\/de\/wp-json\/wp\/v2\/product\/9457\/revisions"}],"predecessor-version":[{"id":31333,"href":"https:\/\/lieselehof.com\/de\/wp-json\/wp\/v2\/product\/9457\/revisions\/31333"}],"wp:featuredmedia":[{"embeddable":true,"href":"https:\/\/lieselehof.com\/de\/wp-json\/wp\/v2\/media\/6860"}],"wp:attachment":[{"href":"https:\/\/lieselehof.com\/de\/wp-json\/wp\/v2\/media?parent=9457"}],"wp:term":[{"taxonomy":"product_brand","embeddable":true,"href":"https:\/\/lieselehof.com\/de\/wp-json\/wp\/v2\/product_brand?post=9457"},{"taxonomy":"product_cat","embeddable":true,"href":"https:\/\/lieselehof.com\/de\/wp-json\/wp\/v2\/product_cat?post=9457"},{"taxonomy":"product_tag","embeddable":true,"href":"https:\/\/lieselehof.com\/de\/wp-json\/wp\/v2\/product_tag?post=9457"}],"curies":[{"name":"wp","href":"https:\/\/api.w.org\/{rel}","templated":true}]}}