{"id":9449,"date":"2023-07-18T18:04:10","date_gmt":"2023-07-18T16:04:10","guid":{"rendered":"https:\/\/lieselehof.com\/wines\/unkategorisiert\/brut-rose\/"},"modified":"2025-04-30T17:28:01","modified_gmt":"2025-04-30T15:28:01","slug":"brut-rose","status":"publish","type":"product","link":"https:\/\/lieselehof.com\/de\/wines\/sekt\/brut-rose\/","title":{"rendered":"Brut Ros\u00e8"},"content":{"rendered":"<p><strong>Herkunft:<\/strong> 80 % Blauburgunder, 20 % Souvignier Gris. Die Souvignier gris Rebe ist das Ergebnis einer zweihundertj\u00e4hrigen Kreuzungsarbeit, die von einem Dutzend Landwirtschaftsinstituten und Universit\u00e4ten in Europa durchgef\u00fchrt wurde. Die Eltern sind Seyval x Z\u00e4hringer. Sie geh\u00f6rt zur Familie der Piwi-Reben und ist gegen Pilzkrankheiten resistent. In normalen Jahren ist keine Behandlung erforderlich. Ideal f\u00fcr den Bioanbau.<\/p>\n<p>&nbsp;<\/p>\n<p><strong>Entwicklung:<\/strong> stark und vertikal<\/p>\n<p>&nbsp;<\/p>\n<p><strong>Ertrag:<\/strong> Um die Qualit\u00e4t des Weines zu verbessern, darf die Rebenlast pro Pflanze beim Pinot Noir 1,5 kg und beim Souvignier gris 1,8 kg nicht \u00fcberschreiten. Mit dieser Ausbeute sind wir in der Lage, Schaumweine von au\u00dfergew\u00f6hnlicher Qualit\u00e4t zu produzieren.<\/p>\n<p>&nbsp;<\/p>\n<p><strong>Reifung:<\/strong> Blauburgunder reift mit Wei\u00dfburgunder und Chardonnay, Souvignier gris eine Woche sp\u00e4ter.<\/p>\n<p>&nbsp;<\/p>\n<p><strong>Zucker:<\/strong> sowohl f\u00fcr Blauburgunder als auch f\u00fcr Souvignier Gris 18\u00b0 &#8211; 19\u00b0 KMW (90 \u2013 95 \u00d6chsle)<\/p>\n<p>&nbsp;<\/p>\n<p><strong>Lieselehof Methode:<\/strong> Die alte franz\u00f6sische und nat\u00fcrliche \u201eM\u00e9thode rurale\u201c Flascheng\u00e4rung mit Degorgieren. Ohne Zusatz von Rohr- oder R\u00fcbenzucker. Dieser Ros\u00e8 Sekt war 24 Monate auf der Hefe in der Flasche.<\/p>\n<p>&nbsp;<\/p>\n<p><strong>Sekt:<\/strong> Das Bouquet ist elegant, s\u00fc\u00df und fruchtig mit wunderbar eleganter Perlage. Aromen von Erdbeere und Himbeere. Am Gaumen wird die elegante Frische durch Sahnegeb\u00e4ck erg\u00e4nzt. Gedacht als elegant, fruchtig, dynamischer Begleiter.<\/p>\n<p>&nbsp;<\/p>\n<p><strong>Speisenbegleiter:<\/strong> Perfekt f\u00fcr Aperitifs, Tempura, cremigen K\u00e4se und Sushi. Wir empfehlen ihn zu einem kr\u00e4ftigen Fischgericht, wie zum Beispiel einer Dorade in Salz mit Kirschtomaten oder einem Ceviche, aber auch zu einem Club Sandwich und, die Serviertemperatur leicht erh\u00f6hend, zu einem Beerendessert.<\/p>\n<p>&nbsp;<\/p>\n<p><strong>Serviertemperatur:<\/strong> 8\u00b0C in der kalten Jahreszeit 10\u00b0C<\/p>\n<p>&nbsp;<\/p>\n<p><strong>Lagerf\u00e4higkeit:<\/strong> 15 Jahre<\/p>\n","protected":false},"excerpt":{"rendered":"<p>In der Nase komplexe Aromen von Himbeeren und Erdbeeren mit lebendiger S\u00e4ure. Am Gaumen konzentriert und mineralisch. Ein starker harmonischer K\u00f6rper, der in einem langen Abgang endet.   <strong>Ausgezeichneter prickelnder Aperitif.<\/strong><\/p>\n","protected":false},"featured_media":6967,"template":"","meta":{"_acf_changed":false,"inline_featured_image":false},"product_brand":[],"product_cat":[80],"product_tag":[],"class_list":{"0":"post-9449","1":"product","2":"type-product","3":"status-publish","4":"has-post-thumbnail","6":"product_cat-sekt","8":"first","9":"instock","10":"taxable","11":"shipping-taxable","12":"purchasable","13":"product-type-simple"},"acf":[],"yoast_head":"<!-- This site is optimized with the Yoast SEO plugin v26.4 - https:\/\/yoast.com\/wordpress\/plugins\/seo\/ -->\n<title>Brut Ros\u00e8 - Lieselehof<\/title>\n<meta name=\"robots\" content=\"index, follow, max-snippet:-1, max-image-preview:large, max-video-preview:-1\" \/>\n<link rel=\"canonical\" href=\"https:\/\/lieselehof.com\/de\/wines\/sekt\/brut-rose\/\" \/>\n<meta property=\"og:locale\" content=\"de_DE\" \/>\n<meta property=\"og:type\" content=\"article\" \/>\n<meta property=\"og:title\" content=\"Brut Ros\u00e8 - Lieselehof\" \/>\n<meta property=\"og:description\" content=\"In der Nase komplexe Aromen von Himbeeren und Erdbeeren mit lebendiger S\u00e4ure. Am Gaumen konzentriert und mineralisch. Ein starker harmonischer K\u00f6rper, der in einem langen Abgang endet.  Ausgezeichneter prickelnder Aperitif.\" \/>\n<meta property=\"og:url\" content=\"https:\/\/lieselehof.com\/de\/wines\/sekt\/brut-rose\/\" \/>\n<meta property=\"og:site_name\" content=\"Lieselehof\" \/>\n<meta property=\"article:publisher\" content=\"https:\/\/www.facebook.com\/lieselehof\" \/>\n<meta property=\"article:modified_time\" content=\"2025-04-30T15:28:01+00:00\" \/>\n<meta property=\"og:image\" content=\"https:\/\/lieselehof.com\/wp-content\/uploads\/2023\/07\/lieselehof-brut-rose.webp\" \/>\n\t<meta property=\"og:image:width\" content=\"948\" \/>\n\t<meta property=\"og:image:height\" content=\"2560\" \/>\n\t<meta property=\"og:image:type\" content=\"image\/webp\" \/>\n<meta name=\"twitter:card\" content=\"summary_large_image\" \/>\n<meta name=\"twitter:label1\" content=\"Gesch\u00e4tzte Lesezeit\" \/>\n\t<meta name=\"twitter:data1\" content=\"1\u00a0Minute\" \/>\n<script type=\"application\/ld+json\" class=\"yoast-schema-graph\">{\"@context\":\"https:\/\/schema.org\",\"@graph\":[{\"@type\":\"WebPage\",\"@id\":\"https:\/\/lieselehof.com\/de\/wines\/sekt\/brut-rose\/\",\"url\":\"https:\/\/lieselehof.com\/de\/wines\/sekt\/brut-rose\/\",\"name\":\"Brut Ros\u00e8 - Lieselehof\",\"isPartOf\":{\"@id\":\"https:\/\/lieselehof.com\/de\/#website\"},\"primaryImageOfPage\":{\"@id\":\"https:\/\/lieselehof.com\/de\/wines\/sekt\/brut-rose\/#primaryimage\"},\"image\":{\"@id\":\"https:\/\/lieselehof.com\/de\/wines\/sekt\/brut-rose\/#primaryimage\"},\"thumbnailUrl\":\"https:\/\/lieselehof.com\/wp-content\/uploads\/2023\/07\/lieselehof-brut-rose.webp\",\"datePublished\":\"2023-07-18T16:04:10+00:00\",\"dateModified\":\"2025-04-30T15:28:01+00:00\",\"breadcrumb\":{\"@id\":\"https:\/\/lieselehof.com\/de\/wines\/sekt\/brut-rose\/#breadcrumb\"},\"inLanguage\":\"de\",\"potentialAction\":[{\"@type\":\"ReadAction\",\"target\":[\"https:\/\/lieselehof.com\/de\/wines\/sekt\/brut-rose\/\"]}]},{\"@type\":\"ImageObject\",\"inLanguage\":\"de\",\"@id\":\"https:\/\/lieselehof.com\/de\/wines\/sekt\/brut-rose\/#primaryimage\",\"url\":\"https:\/\/lieselehof.com\/wp-content\/uploads\/2023\/07\/lieselehof-brut-rose.webp\",\"contentUrl\":\"https:\/\/lieselehof.com\/wp-content\/uploads\/2023\/07\/lieselehof-brut-rose.webp\",\"width\":948,\"height\":2560},{\"@type\":\"BreadcrumbList\",\"@id\":\"https:\/\/lieselehof.com\/de\/wines\/sekt\/brut-rose\/#breadcrumb\",\"itemListElement\":[{\"@type\":\"ListItem\",\"position\":1,\"name\":\"home\",\"item\":\"https:\/\/lieselehof.com\/de\/\"},{\"@type\":\"ListItem\",\"position\":2,\"name\":\"Weine\",\"item\":\"https:\/\/lieselehof.com\/de\/weine\/\"},{\"@type\":\"ListItem\",\"position\":3,\"name\":\"Sekt\",\"item\":\"https:\/\/lieselehof.com\/de\/kategorie\/sekt\/\"},{\"@type\":\"ListItem\",\"position\":4,\"name\":\"Brut Ros\u00e8\"}]},{\"@type\":\"WebSite\",\"@id\":\"https:\/\/lieselehof.com\/de\/#website\",\"url\":\"https:\/\/lieselehof.com\/de\/\",\"name\":\"Lieselehof\",\"description\":\"Quality Wines\",\"publisher\":{\"@id\":\"https:\/\/lieselehof.com\/de\/#organization\"},\"potentialAction\":[{\"@type\":\"SearchAction\",\"target\":{\"@type\":\"EntryPoint\",\"urlTemplate\":\"https:\/\/lieselehof.com\/de\/?s={search_term_string}\"},\"query-input\":{\"@type\":\"PropertyValueSpecification\",\"valueRequired\":true,\"valueName\":\"search_term_string\"}}],\"inLanguage\":\"de\"},{\"@type\":\"Organization\",\"@id\":\"https:\/\/lieselehof.com\/de\/#organization\",\"name\":\"Lieselehof\",\"url\":\"https:\/\/lieselehof.com\/de\/\",\"logo\":{\"@type\":\"ImageObject\",\"inLanguage\":\"de\",\"@id\":\"https:\/\/lieselehof.com\/de\/#\/schema\/logo\/image\/\",\"url\":\"https:\/\/lieselehof.com\/wp-content\/uploads\/lieselehof-logo.svg\",\"contentUrl\":\"https:\/\/lieselehof.com\/wp-content\/uploads\/lieselehof-logo.svg\",\"width\":240,\"height\":124,\"caption\":\"Lieselehof\"},\"image\":{\"@id\":\"https:\/\/lieselehof.com\/de\/#\/schema\/logo\/image\/\"},\"sameAs\":[\"https:\/\/www.facebook.com\/lieselehof\",\"https:\/\/www.instagram.com\/lieselehof_tenuta\/\"]}]}<\/script>\n<!-- \/ Yoast SEO plugin. -->","yoast_head_json":{"title":"Brut Ros\u00e8 - Lieselehof","robots":{"index":"index","follow":"follow","max-snippet":"max-snippet:-1","max-image-preview":"max-image-preview:large","max-video-preview":"max-video-preview:-1"},"canonical":"https:\/\/lieselehof.com\/de\/wines\/sekt\/brut-rose\/","og_locale":"de_DE","og_type":"article","og_title":"Brut Ros\u00e8 - Lieselehof","og_description":"In der Nase komplexe Aromen von Himbeeren und Erdbeeren mit lebendiger S\u00e4ure. Am Gaumen konzentriert und mineralisch. Ein starker harmonischer K\u00f6rper, der in einem langen Abgang endet.  Ausgezeichneter prickelnder Aperitif.","og_url":"https:\/\/lieselehof.com\/de\/wines\/sekt\/brut-rose\/","og_site_name":"Lieselehof","article_publisher":"https:\/\/www.facebook.com\/lieselehof","article_modified_time":"2025-04-30T15:28:01+00:00","og_image":[{"width":948,"height":2560,"url":"https:\/\/lieselehof.com\/wp-content\/uploads\/2023\/07\/lieselehof-brut-rose.webp","type":"image\/webp"}],"twitter_card":"summary_large_image","twitter_misc":{"Gesch\u00e4tzte Lesezeit":"1\u00a0Minute"},"schema":{"@context":"https:\/\/schema.org","@graph":[{"@type":"WebPage","@id":"https:\/\/lieselehof.com\/de\/wines\/sekt\/brut-rose\/","url":"https:\/\/lieselehof.com\/de\/wines\/sekt\/brut-rose\/","name":"Brut Ros\u00e8 - Lieselehof","isPartOf":{"@id":"https:\/\/lieselehof.com\/de\/#website"},"primaryImageOfPage":{"@id":"https:\/\/lieselehof.com\/de\/wines\/sekt\/brut-rose\/#primaryimage"},"image":{"@id":"https:\/\/lieselehof.com\/de\/wines\/sekt\/brut-rose\/#primaryimage"},"thumbnailUrl":"https:\/\/lieselehof.com\/wp-content\/uploads\/2023\/07\/lieselehof-brut-rose.webp","datePublished":"2023-07-18T16:04:10+00:00","dateModified":"2025-04-30T15:28:01+00:00","breadcrumb":{"@id":"https:\/\/lieselehof.com\/de\/wines\/sekt\/brut-rose\/#breadcrumb"},"inLanguage":"de","potentialAction":[{"@type":"ReadAction","target":["https:\/\/lieselehof.com\/de\/wines\/sekt\/brut-rose\/"]}]},{"@type":"ImageObject","inLanguage":"de","@id":"https:\/\/lieselehof.com\/de\/wines\/sekt\/brut-rose\/#primaryimage","url":"https:\/\/lieselehof.com\/wp-content\/uploads\/2023\/07\/lieselehof-brut-rose.webp","contentUrl":"https:\/\/lieselehof.com\/wp-content\/uploads\/2023\/07\/lieselehof-brut-rose.webp","width":948,"height":2560},{"@type":"BreadcrumbList","@id":"https:\/\/lieselehof.com\/de\/wines\/sekt\/brut-rose\/#breadcrumb","itemListElement":[{"@type":"ListItem","position":1,"name":"home","item":"https:\/\/lieselehof.com\/de\/"},{"@type":"ListItem","position":2,"name":"Weine","item":"https:\/\/lieselehof.com\/de\/weine\/"},{"@type":"ListItem","position":3,"name":"Sekt","item":"https:\/\/lieselehof.com\/de\/kategorie\/sekt\/"},{"@type":"ListItem","position":4,"name":"Brut Ros\u00e8"}]},{"@type":"WebSite","@id":"https:\/\/lieselehof.com\/de\/#website","url":"https:\/\/lieselehof.com\/de\/","name":"Lieselehof","description":"Quality Wines","publisher":{"@id":"https:\/\/lieselehof.com\/de\/#organization"},"potentialAction":[{"@type":"SearchAction","target":{"@type":"EntryPoint","urlTemplate":"https:\/\/lieselehof.com\/de\/?s={search_term_string}"},"query-input":{"@type":"PropertyValueSpecification","valueRequired":true,"valueName":"search_term_string"}}],"inLanguage":"de"},{"@type":"Organization","@id":"https:\/\/lieselehof.com\/de\/#organization","name":"Lieselehof","url":"https:\/\/lieselehof.com\/de\/","logo":{"@type":"ImageObject","inLanguage":"de","@id":"https:\/\/lieselehof.com\/de\/#\/schema\/logo\/image\/","url":"https:\/\/lieselehof.com\/wp-content\/uploads\/lieselehof-logo.svg","contentUrl":"https:\/\/lieselehof.com\/wp-content\/uploads\/lieselehof-logo.svg","width":240,"height":124,"caption":"Lieselehof"},"image":{"@id":"https:\/\/lieselehof.com\/de\/#\/schema\/logo\/image\/"},"sameAs":["https:\/\/www.facebook.com\/lieselehof","https:\/\/www.instagram.com\/lieselehof_tenuta\/"]}]}},"jetpack_sharing_enabled":true,"_links":{"self":[{"href":"https:\/\/lieselehof.com\/de\/wp-json\/wp\/v2\/product\/9449","targetHints":{"allow":["GET"]}}],"collection":[{"href":"https:\/\/lieselehof.com\/de\/wp-json\/wp\/v2\/product"}],"about":[{"href":"https:\/\/lieselehof.com\/de\/wp-json\/wp\/v2\/types\/product"}],"version-history":[{"count":1,"href":"https:\/\/lieselehof.com\/de\/wp-json\/wp\/v2\/product\/9449\/revisions"}],"predecessor-version":[{"id":31356,"href":"https:\/\/lieselehof.com\/de\/wp-json\/wp\/v2\/product\/9449\/revisions\/31356"}],"wp:featuredmedia":[{"embeddable":true,"href":"https:\/\/lieselehof.com\/de\/wp-json\/wp\/v2\/media\/6967"}],"wp:attachment":[{"href":"https:\/\/lieselehof.com\/de\/wp-json\/wp\/v2\/media?parent=9449"}],"wp:term":[{"taxonomy":"product_brand","embeddable":true,"href":"https:\/\/lieselehof.com\/de\/wp-json\/wp\/v2\/product_brand?post=9449"},{"taxonomy":"product_cat","embeddable":true,"href":"https:\/\/lieselehof.com\/de\/wp-json\/wp\/v2\/product_cat?post=9449"},{"taxonomy":"product_tag","embeddable":true,"href":"https:\/\/lieselehof.com\/de\/wp-json\/wp\/v2\/product_tag?post=9449"}],"curies":[{"name":"wp","href":"https:\/\/api.w.org\/{rel}","templated":true}]}}