{"id":31650,"date":"2025-10-06T11:18:58","date_gmt":"2025-10-06T09:18:58","guid":{"rendered":"https:\/\/lieselehof.com\/?post_type=product&#038;p=31650"},"modified":"2025-10-06T11:34:44","modified_gmt":"2025-10-06T09:34:44","slug":"nine","status":"publish","type":"product","link":"https:\/\/lieselehof.com\/de\/wines\/classic\/nine\/","title":{"rendered":"Nine \u2013 9% vol."},"content":{"rendered":"<p>Frisch, leicht &amp; elegant \u2013 PIWI-Cuv\u00e9e, biologisch, nachhaltig und modern.<\/p>\n<p>&nbsp;<\/p>\n<p>Die Reben wachsen auf kiesigem Lehmboden mit Kalkanteilen. Mit seinen zarten Bl\u00fctenaromen, Muskatnoten und feinen Fruchtnuancen zeigt sich Nine frisch, leicht und elegant. Am Gaumen lebendig, blumig &amp; fruchtig mit einem erfrischenden, anhaltenden Finale.<\/p>\n<p>Ein charaktervoller Wein mit nur 9 % vol.<\/p>\n<p>&nbsp;<\/p>\n<p><strong>Speiseempfehlung:<\/strong> Ein gro\u00dfartiger Aperitif, der anschlie\u00dfend perfekt zu Vorspeisen, Salaten, Gefl\u00fcgelgerichten und asiatischer K\u00fcche passt. Eigentlich ein Super Allroundler, perfekt f\u00fcr jede Gelegenheit.<\/p>\n<p>&nbsp;<\/p>\n<p><strong>Serviertemperatur:<\/strong> 12 \u00b0C<\/p>\n<p>&nbsp;<\/p>\n<p><strong>Lagerf\u00e4higkeit:<\/strong> bis zu 3 Jahre<\/p>\n","protected":false},"excerpt":{"rendered":"<p>Geschaffen f\u00fcr eine neue Generation von Weinliebhabern \u2013 modern, authentisch, vollst\u00e4ndig biologisch und in nachhaltigem Weinbau verwurzelt. <strong>Ein gro\u00dfartiger Aperitif, der anschlie\u00dfend perfekt zu Vorspeisen, Salaten, Gefl\u00fcgelgerichten und asiatischer K\u00fcche passt. Eigentlich ein Super Allroundler, perfekt f\u00fcr jede Gelegenheit.<\/strong><\/p>\n","protected":false},"featured_media":31639,"template":"","meta":{"_acf_changed":false,"inline_featured_image":false},"product_brand":[],"product_cat":[85],"product_tag":[],"class_list":{"0":"post-31650","1":"product","2":"type-product","3":"status-publish","4":"has-post-thumbnail","6":"product_cat-classic","8":"first","9":"instock","10":"taxable","11":"shipping-taxable","12":"purchasable","13":"product-type-simple"},"acf":[],"yoast_head":"<!-- This site is optimized with the Yoast SEO plugin v26.4 - https:\/\/yoast.com\/wordpress\/plugins\/seo\/ -->\n<title>Nine \u2013 9% vol. - Lieselehof<\/title>\n<meta name=\"robots\" content=\"index, follow, max-snippet:-1, max-image-preview:large, max-video-preview:-1\" \/>\n<link rel=\"canonical\" href=\"https:\/\/lieselehof.com\/de\/wines\/classic\/nine\/\" \/>\n<meta property=\"og:locale\" content=\"de_DE\" \/>\n<meta property=\"og:type\" content=\"article\" \/>\n<meta property=\"og:title\" content=\"Nine \u2013 9% vol. - Lieselehof\" \/>\n<meta property=\"og:description\" content=\"Geschaffen f\u00fcr eine neue Generation von Weinliebhabern \u2013 modern, authentisch, vollst\u00e4ndig biologisch und in nachhaltigem Weinbau verwurzelt. Ein gro\u00dfartiger Aperitif, der anschlie\u00dfend perfekt zu Vorspeisen, Salaten, Gefl\u00fcgelgerichten und asiatischer K\u00fcche passt. Eigentlich ein Super Allroundler, perfekt f\u00fcr jede Gelegenheit.\" \/>\n<meta property=\"og:url\" content=\"https:\/\/lieselehof.com\/de\/wines\/classic\/nine\/\" \/>\n<meta property=\"og:site_name\" content=\"Lieselehof\" \/>\n<meta property=\"article:publisher\" content=\"https:\/\/www.facebook.com\/lieselehof\" \/>\n<meta property=\"article:modified_time\" content=\"2025-10-06T09:34:44+00:00\" \/>\n<meta property=\"og:image\" content=\"https:\/\/lieselehof.com\/wp-content\/uploads\/2025\/10\/lieselehof-nine.webp\" \/>\n\t<meta property=\"og:image:width\" content=\"1\" \/>\n\t<meta property=\"og:image:height\" content=\"1\" \/>\n\t<meta property=\"og:image:type\" content=\"image\/webp\" \/>\n<meta name=\"twitter:card\" content=\"summary_large_image\" \/>\n<meta name=\"twitter:label1\" content=\"Gesch\u00e4tzte Lesezeit\" \/>\n\t<meta name=\"twitter:data1\" content=\"1\u00a0Minute\" \/>\n<script type=\"application\/ld+json\" class=\"yoast-schema-graph\">{\"@context\":\"https:\/\/schema.org\",\"@graph\":[{\"@type\":\"WebPage\",\"@id\":\"https:\/\/lieselehof.com\/de\/wines\/classic\/nine\/\",\"url\":\"https:\/\/lieselehof.com\/de\/wines\/classic\/nine\/\",\"name\":\"Nine \u2013 9% vol. - Lieselehof\",\"isPartOf\":{\"@id\":\"https:\/\/lieselehof.com\/de\/#website\"},\"primaryImageOfPage\":{\"@id\":\"https:\/\/lieselehof.com\/de\/wines\/classic\/nine\/#primaryimage\"},\"image\":{\"@id\":\"https:\/\/lieselehof.com\/de\/wines\/classic\/nine\/#primaryimage\"},\"thumbnailUrl\":\"https:\/\/lieselehof.com\/wp-content\/uploads\/2025\/10\/lieselehof-nine.webp\",\"datePublished\":\"2025-10-06T09:18:58+00:00\",\"dateModified\":\"2025-10-06T09:34:44+00:00\",\"breadcrumb\":{\"@id\":\"https:\/\/lieselehof.com\/de\/wines\/classic\/nine\/#breadcrumb\"},\"inLanguage\":\"de\",\"potentialAction\":[{\"@type\":\"ReadAction\",\"target\":[\"https:\/\/lieselehof.com\/de\/wines\/classic\/nine\/\"]}]},{\"@type\":\"ImageObject\",\"inLanguage\":\"de\",\"@id\":\"https:\/\/lieselehof.com\/de\/wines\/classic\/nine\/#primaryimage\",\"url\":\"https:\/\/lieselehof.com\/wp-content\/uploads\/2025\/10\/lieselehof-nine.webp\",\"contentUrl\":\"https:\/\/lieselehof.com\/wp-content\/uploads\/2025\/10\/lieselehof-nine.webp\"},{\"@type\":\"BreadcrumbList\",\"@id\":\"https:\/\/lieselehof.com\/de\/wines\/classic\/nine\/#breadcrumb\",\"itemListElement\":[{\"@type\":\"ListItem\",\"position\":1,\"name\":\"home\",\"item\":\"https:\/\/lieselehof.com\/de\/\"},{\"@type\":\"ListItem\",\"position\":2,\"name\":\"Weine\",\"item\":\"https:\/\/lieselehof.com\/de\/weine\/\"},{\"@type\":\"ListItem\",\"position\":3,\"name\":\"Classic\",\"item\":\"https:\/\/lieselehof.com\/de\/kategorie\/classic\/\"},{\"@type\":\"ListItem\",\"position\":4,\"name\":\"Nine \u2013 9% vol.\"}]},{\"@type\":\"WebSite\",\"@id\":\"https:\/\/lieselehof.com\/de\/#website\",\"url\":\"https:\/\/lieselehof.com\/de\/\",\"name\":\"Lieselehof\",\"description\":\"Quality Wines\",\"publisher\":{\"@id\":\"https:\/\/lieselehof.com\/de\/#organization\"},\"potentialAction\":[{\"@type\":\"SearchAction\",\"target\":{\"@type\":\"EntryPoint\",\"urlTemplate\":\"https:\/\/lieselehof.com\/de\/?s={search_term_string}\"},\"query-input\":{\"@type\":\"PropertyValueSpecification\",\"valueRequired\":true,\"valueName\":\"search_term_string\"}}],\"inLanguage\":\"de\"},{\"@type\":\"Organization\",\"@id\":\"https:\/\/lieselehof.com\/de\/#organization\",\"name\":\"Lieselehof\",\"url\":\"https:\/\/lieselehof.com\/de\/\",\"logo\":{\"@type\":\"ImageObject\",\"inLanguage\":\"de\",\"@id\":\"https:\/\/lieselehof.com\/de\/#\/schema\/logo\/image\/\",\"url\":\"https:\/\/lieselehof.com\/wp-content\/uploads\/lieselehof-logo.svg\",\"contentUrl\":\"https:\/\/lieselehof.com\/wp-content\/uploads\/lieselehof-logo.svg\",\"width\":240,\"height\":124,\"caption\":\"Lieselehof\"},\"image\":{\"@id\":\"https:\/\/lieselehof.com\/de\/#\/schema\/logo\/image\/\"},\"sameAs\":[\"https:\/\/www.facebook.com\/lieselehof\",\"https:\/\/www.instagram.com\/lieselehof_tenuta\/\"]}]}<\/script>\n<!-- \/ Yoast SEO plugin. -->","yoast_head_json":{"title":"Nine \u2013 9% vol. - Lieselehof","robots":{"index":"index","follow":"follow","max-snippet":"max-snippet:-1","max-image-preview":"max-image-preview:large","max-video-preview":"max-video-preview:-1"},"canonical":"https:\/\/lieselehof.com\/de\/wines\/classic\/nine\/","og_locale":"de_DE","og_type":"article","og_title":"Nine \u2013 9% vol. - Lieselehof","og_description":"Geschaffen f\u00fcr eine neue Generation von Weinliebhabern \u2013 modern, authentisch, vollst\u00e4ndig biologisch und in nachhaltigem Weinbau verwurzelt. Ein gro\u00dfartiger Aperitif, der anschlie\u00dfend perfekt zu Vorspeisen, Salaten, Gefl\u00fcgelgerichten und asiatischer K\u00fcche passt. Eigentlich ein Super Allroundler, perfekt f\u00fcr jede Gelegenheit.","og_url":"https:\/\/lieselehof.com\/de\/wines\/classic\/nine\/","og_site_name":"Lieselehof","article_publisher":"https:\/\/www.facebook.com\/lieselehof","article_modified_time":"2025-10-06T09:34:44+00:00","og_image":[{"url":"https:\/\/lieselehof.com\/wp-content\/uploads\/2025\/10\/lieselehof-nine.webp","width":1,"height":1,"type":"image\/webp"}],"twitter_card":"summary_large_image","twitter_misc":{"Gesch\u00e4tzte Lesezeit":"1\u00a0Minute"},"schema":{"@context":"https:\/\/schema.org","@graph":[{"@type":"WebPage","@id":"https:\/\/lieselehof.com\/de\/wines\/classic\/nine\/","url":"https:\/\/lieselehof.com\/de\/wines\/classic\/nine\/","name":"Nine \u2013 9% vol. - Lieselehof","isPartOf":{"@id":"https:\/\/lieselehof.com\/de\/#website"},"primaryImageOfPage":{"@id":"https:\/\/lieselehof.com\/de\/wines\/classic\/nine\/#primaryimage"},"image":{"@id":"https:\/\/lieselehof.com\/de\/wines\/classic\/nine\/#primaryimage"},"thumbnailUrl":"https:\/\/lieselehof.com\/wp-content\/uploads\/2025\/10\/lieselehof-nine.webp","datePublished":"2025-10-06T09:18:58+00:00","dateModified":"2025-10-06T09:34:44+00:00","breadcrumb":{"@id":"https:\/\/lieselehof.com\/de\/wines\/classic\/nine\/#breadcrumb"},"inLanguage":"de","potentialAction":[{"@type":"ReadAction","target":["https:\/\/lieselehof.com\/de\/wines\/classic\/nine\/"]}]},{"@type":"ImageObject","inLanguage":"de","@id":"https:\/\/lieselehof.com\/de\/wines\/classic\/nine\/#primaryimage","url":"https:\/\/lieselehof.com\/wp-content\/uploads\/2025\/10\/lieselehof-nine.webp","contentUrl":"https:\/\/lieselehof.com\/wp-content\/uploads\/2025\/10\/lieselehof-nine.webp"},{"@type":"BreadcrumbList","@id":"https:\/\/lieselehof.com\/de\/wines\/classic\/nine\/#breadcrumb","itemListElement":[{"@type":"ListItem","position":1,"name":"home","item":"https:\/\/lieselehof.com\/de\/"},{"@type":"ListItem","position":2,"name":"Weine","item":"https:\/\/lieselehof.com\/de\/weine\/"},{"@type":"ListItem","position":3,"name":"Classic","item":"https:\/\/lieselehof.com\/de\/kategorie\/classic\/"},{"@type":"ListItem","position":4,"name":"Nine \u2013 9% vol."}]},{"@type":"WebSite","@id":"https:\/\/lieselehof.com\/de\/#website","url":"https:\/\/lieselehof.com\/de\/","name":"Lieselehof","description":"Quality Wines","publisher":{"@id":"https:\/\/lieselehof.com\/de\/#organization"},"potentialAction":[{"@type":"SearchAction","target":{"@type":"EntryPoint","urlTemplate":"https:\/\/lieselehof.com\/de\/?s={search_term_string}"},"query-input":{"@type":"PropertyValueSpecification","valueRequired":true,"valueName":"search_term_string"}}],"inLanguage":"de"},{"@type":"Organization","@id":"https:\/\/lieselehof.com\/de\/#organization","name":"Lieselehof","url":"https:\/\/lieselehof.com\/de\/","logo":{"@type":"ImageObject","inLanguage":"de","@id":"https:\/\/lieselehof.com\/de\/#\/schema\/logo\/image\/","url":"https:\/\/lieselehof.com\/wp-content\/uploads\/lieselehof-logo.svg","contentUrl":"https:\/\/lieselehof.com\/wp-content\/uploads\/lieselehof-logo.svg","width":240,"height":124,"caption":"Lieselehof"},"image":{"@id":"https:\/\/lieselehof.com\/de\/#\/schema\/logo\/image\/"},"sameAs":["https:\/\/www.facebook.com\/lieselehof","https:\/\/www.instagram.com\/lieselehof_tenuta\/"]}]}},"jetpack_sharing_enabled":true,"_links":{"self":[{"href":"https:\/\/lieselehof.com\/de\/wp-json\/wp\/v2\/product\/31650","targetHints":{"allow":["GET"]}}],"collection":[{"href":"https:\/\/lieselehof.com\/de\/wp-json\/wp\/v2\/product"}],"about":[{"href":"https:\/\/lieselehof.com\/de\/wp-json\/wp\/v2\/types\/product"}],"version-history":[{"count":2,"href":"https:\/\/lieselehof.com\/de\/wp-json\/wp\/v2\/product\/31650\/revisions"}],"predecessor-version":[{"id":31657,"href":"https:\/\/lieselehof.com\/de\/wp-json\/wp\/v2\/product\/31650\/revisions\/31657"}],"wp:featuredmedia":[{"embeddable":true,"href":"https:\/\/lieselehof.com\/de\/wp-json\/wp\/v2\/media\/31639"}],"wp:attachment":[{"href":"https:\/\/lieselehof.com\/de\/wp-json\/wp\/v2\/media?parent=31650"}],"wp:term":[{"taxonomy":"product_brand","embeddable":true,"href":"https:\/\/lieselehof.com\/de\/wp-json\/wp\/v2\/product_brand?post=31650"},{"taxonomy":"product_cat","embeddable":true,"href":"https:\/\/lieselehof.com\/de\/wp-json\/wp\/v2\/product_cat?post=31650"},{"taxonomy":"product_tag","embeddable":true,"href":"https:\/\/lieselehof.com\/de\/wp-json\/wp\/v2\/product_tag?post=31650"}],"curies":[{"name":"wp","href":"https:\/\/api.w.org\/{rel}","templated":true}]}}