{"id":31438,"date":"2025-04-30T16:24:34","date_gmt":"2025-04-30T14:24:34","guid":{"rendered":"https:\/\/lieselehof.com\/?post_type=product&#038;p=31438"},"modified":"2025-10-02T10:14:49","modified_gmt":"2025-10-02T08:14:49","slug":"extra-brut-75","status":"publish","type":"product","link":"https:\/\/lieselehof.com\/de\/wines\/sekt\/extra-brut-75\/","title":{"rendered":"Extra Brut 75"},"content":{"rendered":"<p><strong>Rebsorte:<\/strong> Souvignier Gris<\/p>\n<p>&nbsp;<\/p>\n<p><strong>Herkunft:<\/strong> Das Ergebnis von zwei Jahrhunderten Z\u00fcchtungsarbeit, durchgef\u00fchrt von einer Vielzahl europ\u00e4ischer landwirtschaftlicher Institute und Universit\u00e4ten. Die Elternsorten sind Seyval \u00d7 Z\u00e4hringer. Souvignier Gris geh\u00f6rt zur Piwi-Familie und ist resistent gegen Pilzkrankheiten. Dadurch sind keine chemischen Behandlungen im Weinberg erforderlich \u2013 perfekt f\u00fcr den biologischen Anbau.<\/p>\n<p>&nbsp;<\/p>\n<p><strong>Wuchs:<\/strong> Kr\u00e4ftig und aufrecht<\/p>\n<p>&nbsp;<\/p>\n<p><strong>Ertrag:<\/strong> Zwei mittelgro\u00dfe Trauben pro Trieb. Zur Qualit\u00e4tssteigerung darf die Traubenlast pro Rebe 1,8 Kilogramm nicht \u00fcberschreiten. Diese sorgf\u00e4ltige Ertragsregulierung erm\u00f6glicht die Herstellung von Schaumweinen von au\u00dfergew\u00f6hnlicher Qualit\u00e4t.<\/p>\n<p>&nbsp;<\/p>\n<p><strong>Lieselehof-Methode:<\/strong> \u201eM\u00e9thode rurale\u201c mit Degorgieren. Keine Zugabe von Rohr- oder R\u00fcbenzucker. 75 Monate auf der Hefe gereift.<\/p>\n<p>&nbsp;<\/p>\n<p><strong>Vinifikation:<\/strong> Basiswein-Jahrgang: 2018, Zweite G\u00e4rung: In der Flasche, Hefelagerung: 75 Monate, Degorgier Datum: M\u00e4rz 2025<\/p>\n<p>&nbsp;<\/p>\n<p><strong>Reifezeit der Trauben: <\/strong>Mittel, etwa eine Woche nach Wei\u00dfburgunder oder Chardonnay.<\/p>\n<p>&nbsp;<\/p>\n<p><strong>Mostgewicht der Trauben: <\/strong>18\u00b0\u201319\u00b0 KMW (90\u201395\u00b0 Oechsle)<\/p>\n<p>&nbsp;<\/p>\n<p><strong>Verkostungsnotizen:<\/strong><\/p>\n<p>&nbsp;<\/p>\n<p><strong>Farbe:<\/strong> Blassgolden mit feiner, anhaltender Perlage<\/p>\n<p>&nbsp;<\/p>\n<p><strong>Bouquet: <\/strong>Intensiv elegante Aromen entfalten sich in Schichten \u2013 Noten von ger\u00f6steter Brioche, Mandeln, getrockneten Aprikosen, wei\u00dfen Bl\u00fcten und einer feinen Mineralit\u00e4t. Aber auch Sahne und Konditoreinoten. Ein Hauch von Zitrusfr\u00fcchten und reifen Obstgartenfr\u00fcchten bleibt im Duft erhalten.<\/p>\n<p>&nbsp;<\/p>\n<p><strong>Gaumen: <\/strong>Knochentrocken, mit brillanter Frische und einem unglaublich langen Abgang. Die Textur ist raffiniert und gleichzeitig lebendig, mit der perfekten Balance zwischen der cremigen F\u00fclle der Hefealterung und pr\u00e4ziser Klarheit. Aromen von gebackenen \u00c4pfeln, Haseln\u00fcssen und einem Hauch salziger Mineralit\u00e4t vervollst\u00e4ndigen das Geschmackserlebnis.<\/p>\n<p>&nbsp;<\/p>\n<p><strong>Speiseempfehlungen: <\/strong>Ideal f\u00fcr besondere Anl\u00e4sse. Hervorragend zu Austern, edlen Meeresfr\u00fcchten, gereiftem Parmesan, Tr\u00fcffelgerichten und haute Cuisine.<\/p>\n<p>&nbsp;<\/p>\n<p><strong>Serviertemperatur:<\/strong> 8\u00b0C, in der kalten Jahreszeit 10\u00b0C<\/p>\n<p>&nbsp;<\/p>\n<p><strong>Lagerpotenzial:<\/strong> bis zu 10 Jahre<\/p>\n","protected":false},"excerpt":{"rendered":"<p>Ein Meisterwerk an Geduld und Pr\u00e4zision: Dieser Extrabrut offenbart nach \u00fcber f\u00fcnf Jahren Hefelagerung, au\u00dfergew\u00f6hnliche Tiefe und Finesse. Die lange Reifezeit verleiht dem Wein eine bemerkenswerte Komplexit\u00e4t, eine cremige Textur und eine wundersch\u00f6n feine Perlage. <strong>Ideal f\u00fcr besondere Anl\u00e4sse. Hervorragend zu Austern, edlen Meeresfr\u00fcchten, gereiftem Parmesan, Tr\u00fcffelgerichten und haute Cuisine.<\/strong><\/p>\n","protected":false},"featured_media":31428,"template":"","meta":{"_acf_changed":false,"inline_featured_image":false},"product_brand":[],"product_cat":[80],"product_tag":[],"class_list":{"0":"post-31438","1":"product","2":"type-product","3":"status-publish","4":"has-post-thumbnail","6":"product_cat-sekt","8":"first","9":"instock","10":"taxable","11":"shipping-taxable","12":"purchasable","13":"product-type-simple"},"acf":[],"yoast_head":"<!-- This site is optimized with the Yoast SEO plugin v26.4 - https:\/\/yoast.com\/wordpress\/plugins\/seo\/ -->\n<title>Extra Brut 75 - Lieselehof<\/title>\n<meta name=\"robots\" content=\"index, follow, max-snippet:-1, max-image-preview:large, max-video-preview:-1\" \/>\n<link rel=\"canonical\" href=\"https:\/\/lieselehof.com\/de\/wines\/sekt\/extra-brut-75\/\" \/>\n<meta property=\"og:locale\" content=\"de_DE\" \/>\n<meta property=\"og:type\" content=\"article\" \/>\n<meta property=\"og:title\" content=\"Extra Brut 75 - Lieselehof\" \/>\n<meta property=\"og:description\" content=\"Ein Meisterwerk an Geduld und Pr\u00e4zision: Dieser Extrabrut offenbart nach \u00fcber f\u00fcnf Jahren Hefelagerung, au\u00dfergew\u00f6hnliche Tiefe und Finesse. Die lange Reifezeit verleiht dem Wein eine bemerkenswerte Komplexit\u00e4t, eine cremige Textur und eine wundersch\u00f6n feine Perlage. Ideal f\u00fcr besondere Anl\u00e4sse. Hervorragend zu Austern, edlen Meeresfr\u00fcchten, gereiftem Parmesan, Tr\u00fcffelgerichten und haute Cuisine.\" \/>\n<meta property=\"og:url\" content=\"https:\/\/lieselehof.com\/de\/wines\/sekt\/extra-brut-75\/\" \/>\n<meta property=\"og:site_name\" content=\"Lieselehof\" \/>\n<meta property=\"article:publisher\" content=\"https:\/\/www.facebook.com\/lieselehof\" \/>\n<meta property=\"article:modified_time\" content=\"2025-10-02T08:14:49+00:00\" \/>\n<meta property=\"og:image\" content=\"https:\/\/lieselehof.com\/wp-content\/uploads\/2025\/04\/lieselehof-extra-brut-75.webp\" \/>\n\t<meta property=\"og:image:width\" content=\"948\" \/>\n\t<meta property=\"og:image:height\" content=\"2560\" \/>\n\t<meta property=\"og:image:type\" content=\"image\/webp\" \/>\n<meta name=\"twitter:card\" content=\"summary_large_image\" \/>\n<meta name=\"twitter:label1\" content=\"Gesch\u00e4tzte Lesezeit\" \/>\n\t<meta name=\"twitter:data1\" content=\"1\u00a0Minute\" \/>\n<script type=\"application\/ld+json\" class=\"yoast-schema-graph\">{\"@context\":\"https:\/\/schema.org\",\"@graph\":[{\"@type\":\"WebPage\",\"@id\":\"https:\/\/lieselehof.com\/de\/wines\/sekt\/extra-brut-75\/\",\"url\":\"https:\/\/lieselehof.com\/de\/wines\/sekt\/extra-brut-75\/\",\"name\":\"Extra Brut 75 - Lieselehof\",\"isPartOf\":{\"@id\":\"https:\/\/lieselehof.com\/de\/#website\"},\"primaryImageOfPage\":{\"@id\":\"https:\/\/lieselehof.com\/de\/wines\/sekt\/extra-brut-75\/#primaryimage\"},\"image\":{\"@id\":\"https:\/\/lieselehof.com\/de\/wines\/sekt\/extra-brut-75\/#primaryimage\"},\"thumbnailUrl\":\"https:\/\/lieselehof.com\/wp-content\/uploads\/2025\/04\/lieselehof-extra-brut-75.webp\",\"datePublished\":\"2025-04-30T14:24:34+00:00\",\"dateModified\":\"2025-10-02T08:14:49+00:00\",\"breadcrumb\":{\"@id\":\"https:\/\/lieselehof.com\/de\/wines\/sekt\/extra-brut-75\/#breadcrumb\"},\"inLanguage\":\"de\",\"potentialAction\":[{\"@type\":\"ReadAction\",\"target\":[\"https:\/\/lieselehof.com\/de\/wines\/sekt\/extra-brut-75\/\"]}]},{\"@type\":\"ImageObject\",\"inLanguage\":\"de\",\"@id\":\"https:\/\/lieselehof.com\/de\/wines\/sekt\/extra-brut-75\/#primaryimage\",\"url\":\"https:\/\/lieselehof.com\/wp-content\/uploads\/2025\/04\/lieselehof-extra-brut-75.webp\",\"contentUrl\":\"https:\/\/lieselehof.com\/wp-content\/uploads\/2025\/04\/lieselehof-extra-brut-75.webp\",\"width\":948,\"height\":2560},{\"@type\":\"BreadcrumbList\",\"@id\":\"https:\/\/lieselehof.com\/de\/wines\/sekt\/extra-brut-75\/#breadcrumb\",\"itemListElement\":[{\"@type\":\"ListItem\",\"position\":1,\"name\":\"home\",\"item\":\"https:\/\/lieselehof.com\/de\/\"},{\"@type\":\"ListItem\",\"position\":2,\"name\":\"Weine\",\"item\":\"https:\/\/lieselehof.com\/de\/weine\/\"},{\"@type\":\"ListItem\",\"position\":3,\"name\":\"Sekt\",\"item\":\"https:\/\/lieselehof.com\/de\/kategorie\/sekt\/\"},{\"@type\":\"ListItem\",\"position\":4,\"name\":\"Extra Brut 75\"}]},{\"@type\":\"WebSite\",\"@id\":\"https:\/\/lieselehof.com\/de\/#website\",\"url\":\"https:\/\/lieselehof.com\/de\/\",\"name\":\"Lieselehof\",\"description\":\"Quality Wines\",\"publisher\":{\"@id\":\"https:\/\/lieselehof.com\/de\/#organization\"},\"potentialAction\":[{\"@type\":\"SearchAction\",\"target\":{\"@type\":\"EntryPoint\",\"urlTemplate\":\"https:\/\/lieselehof.com\/de\/?s={search_term_string}\"},\"query-input\":{\"@type\":\"PropertyValueSpecification\",\"valueRequired\":true,\"valueName\":\"search_term_string\"}}],\"inLanguage\":\"de\"},{\"@type\":\"Organization\",\"@id\":\"https:\/\/lieselehof.com\/de\/#organization\",\"name\":\"Lieselehof\",\"url\":\"https:\/\/lieselehof.com\/de\/\",\"logo\":{\"@type\":\"ImageObject\",\"inLanguage\":\"de\",\"@id\":\"https:\/\/lieselehof.com\/de\/#\/schema\/logo\/image\/\",\"url\":\"https:\/\/lieselehof.com\/wp-content\/uploads\/lieselehof-logo.svg\",\"contentUrl\":\"https:\/\/lieselehof.com\/wp-content\/uploads\/lieselehof-logo.svg\",\"width\":240,\"height\":124,\"caption\":\"Lieselehof\"},\"image\":{\"@id\":\"https:\/\/lieselehof.com\/de\/#\/schema\/logo\/image\/\"},\"sameAs\":[\"https:\/\/www.facebook.com\/lieselehof\",\"https:\/\/www.instagram.com\/lieselehof_tenuta\/\"]}]}<\/script>\n<!-- \/ Yoast SEO plugin. -->","yoast_head_json":{"title":"Extra Brut 75 - Lieselehof","robots":{"index":"index","follow":"follow","max-snippet":"max-snippet:-1","max-image-preview":"max-image-preview:large","max-video-preview":"max-video-preview:-1"},"canonical":"https:\/\/lieselehof.com\/de\/wines\/sekt\/extra-brut-75\/","og_locale":"de_DE","og_type":"article","og_title":"Extra Brut 75 - Lieselehof","og_description":"Ein Meisterwerk an Geduld und Pr\u00e4zision: Dieser Extrabrut offenbart nach \u00fcber f\u00fcnf Jahren Hefelagerung, au\u00dfergew\u00f6hnliche Tiefe und Finesse. Die lange Reifezeit verleiht dem Wein eine bemerkenswerte Komplexit\u00e4t, eine cremige Textur und eine wundersch\u00f6n feine Perlage. Ideal f\u00fcr besondere Anl\u00e4sse. Hervorragend zu Austern, edlen Meeresfr\u00fcchten, gereiftem Parmesan, Tr\u00fcffelgerichten und haute Cuisine.","og_url":"https:\/\/lieselehof.com\/de\/wines\/sekt\/extra-brut-75\/","og_site_name":"Lieselehof","article_publisher":"https:\/\/www.facebook.com\/lieselehof","article_modified_time":"2025-10-02T08:14:49+00:00","og_image":[{"width":948,"height":2560,"url":"https:\/\/lieselehof.com\/wp-content\/uploads\/2025\/04\/lieselehof-extra-brut-75.webp","type":"image\/webp"}],"twitter_card":"summary_large_image","twitter_misc":{"Gesch\u00e4tzte Lesezeit":"1\u00a0Minute"},"schema":{"@context":"https:\/\/schema.org","@graph":[{"@type":"WebPage","@id":"https:\/\/lieselehof.com\/de\/wines\/sekt\/extra-brut-75\/","url":"https:\/\/lieselehof.com\/de\/wines\/sekt\/extra-brut-75\/","name":"Extra Brut 75 - Lieselehof","isPartOf":{"@id":"https:\/\/lieselehof.com\/de\/#website"},"primaryImageOfPage":{"@id":"https:\/\/lieselehof.com\/de\/wines\/sekt\/extra-brut-75\/#primaryimage"},"image":{"@id":"https:\/\/lieselehof.com\/de\/wines\/sekt\/extra-brut-75\/#primaryimage"},"thumbnailUrl":"https:\/\/lieselehof.com\/wp-content\/uploads\/2025\/04\/lieselehof-extra-brut-75.webp","datePublished":"2025-04-30T14:24:34+00:00","dateModified":"2025-10-02T08:14:49+00:00","breadcrumb":{"@id":"https:\/\/lieselehof.com\/de\/wines\/sekt\/extra-brut-75\/#breadcrumb"},"inLanguage":"de","potentialAction":[{"@type":"ReadAction","target":["https:\/\/lieselehof.com\/de\/wines\/sekt\/extra-brut-75\/"]}]},{"@type":"ImageObject","inLanguage":"de","@id":"https:\/\/lieselehof.com\/de\/wines\/sekt\/extra-brut-75\/#primaryimage","url":"https:\/\/lieselehof.com\/wp-content\/uploads\/2025\/04\/lieselehof-extra-brut-75.webp","contentUrl":"https:\/\/lieselehof.com\/wp-content\/uploads\/2025\/04\/lieselehof-extra-brut-75.webp","width":948,"height":2560},{"@type":"BreadcrumbList","@id":"https:\/\/lieselehof.com\/de\/wines\/sekt\/extra-brut-75\/#breadcrumb","itemListElement":[{"@type":"ListItem","position":1,"name":"home","item":"https:\/\/lieselehof.com\/de\/"},{"@type":"ListItem","position":2,"name":"Weine","item":"https:\/\/lieselehof.com\/de\/weine\/"},{"@type":"ListItem","position":3,"name":"Sekt","item":"https:\/\/lieselehof.com\/de\/kategorie\/sekt\/"},{"@type":"ListItem","position":4,"name":"Extra Brut 75"}]},{"@type":"WebSite","@id":"https:\/\/lieselehof.com\/de\/#website","url":"https:\/\/lieselehof.com\/de\/","name":"Lieselehof","description":"Quality Wines","publisher":{"@id":"https:\/\/lieselehof.com\/de\/#organization"},"potentialAction":[{"@type":"SearchAction","target":{"@type":"EntryPoint","urlTemplate":"https:\/\/lieselehof.com\/de\/?s={search_term_string}"},"query-input":{"@type":"PropertyValueSpecification","valueRequired":true,"valueName":"search_term_string"}}],"inLanguage":"de"},{"@type":"Organization","@id":"https:\/\/lieselehof.com\/de\/#organization","name":"Lieselehof","url":"https:\/\/lieselehof.com\/de\/","logo":{"@type":"ImageObject","inLanguage":"de","@id":"https:\/\/lieselehof.com\/de\/#\/schema\/logo\/image\/","url":"https:\/\/lieselehof.com\/wp-content\/uploads\/lieselehof-logo.svg","contentUrl":"https:\/\/lieselehof.com\/wp-content\/uploads\/lieselehof-logo.svg","width":240,"height":124,"caption":"Lieselehof"},"image":{"@id":"https:\/\/lieselehof.com\/de\/#\/schema\/logo\/image\/"},"sameAs":["https:\/\/www.facebook.com\/lieselehof","https:\/\/www.instagram.com\/lieselehof_tenuta\/"]}]}},"jetpack_sharing_enabled":true,"_links":{"self":[{"href":"https:\/\/lieselehof.com\/de\/wp-json\/wp\/v2\/product\/31438","targetHints":{"allow":["GET"]}}],"collection":[{"href":"https:\/\/lieselehof.com\/de\/wp-json\/wp\/v2\/product"}],"about":[{"href":"https:\/\/lieselehof.com\/de\/wp-json\/wp\/v2\/types\/product"}],"version-history":[{"count":3,"href":"https:\/\/lieselehof.com\/de\/wp-json\/wp\/v2\/product\/31438\/revisions"}],"predecessor-version":[{"id":31653,"href":"https:\/\/lieselehof.com\/de\/wp-json\/wp\/v2\/product\/31438\/revisions\/31653"}],"wp:featuredmedia":[{"embeddable":true,"href":"https:\/\/lieselehof.com\/de\/wp-json\/wp\/v2\/media\/31428"}],"wp:attachment":[{"href":"https:\/\/lieselehof.com\/de\/wp-json\/wp\/v2\/media?parent=31438"}],"wp:term":[{"taxonomy":"product_brand","embeddable":true,"href":"https:\/\/lieselehof.com\/de\/wp-json\/wp\/v2\/product_brand?post=31438"},{"taxonomy":"product_cat","embeddable":true,"href":"https:\/\/lieselehof.com\/de\/wp-json\/wp\/v2\/product_cat?post=31438"},{"taxonomy":"product_tag","embeddable":true,"href":"https:\/\/lieselehof.com\/de\/wp-json\/wp\/v2\/product_tag?post=31438"}],"curies":[{"name":"wp","href":"https:\/\/api.w.org\/{rel}","templated":true}]}}