{"id":31371,"date":"2025-02-25T16:16:39","date_gmt":"2025-02-25T15:16:39","guid":{"rendered":"https:\/\/lieselehof.com\/?post_type=product&#038;p=31371"},"modified":"2025-04-30T13:40:46","modified_gmt":"2025-04-30T11:40:46","slug":"special-edition-gold","status":"publish","type":"product","link":"https:\/\/lieselehof.com\/de\/wines\/sekt\/special-edition-gold\/","title":{"rendered":"Special Edition Gold"},"content":{"rendered":"<p><strong>Rebsorte:<\/strong> Souvignier Gris<\/p>\n<p>&nbsp;<\/p>\n<p><strong>Ertrag:<\/strong> ha: 9 Tonnen pro Hektar<\/p>\n<p>&nbsp;<\/p>\n<p><strong>Lage:<\/strong> 250 m.\u00fc.d.M. Kalterer See, Italien<\/p>\n<p>&nbsp;<\/p>\n<p><strong>Pflanzjahr:<\/strong> 2012<\/p>\n<p>&nbsp;<\/p>\n<p><strong>Boden:<\/strong> kiesiger roter Lehm.<\/p>\n<p>&nbsp;<\/p>\n<p><strong>Ertrag:<\/strong> Es gibt zwei mittelgro\u00dfe Trauben pro Trieb. Um die Qualit\u00e4t des Weines zu steigern, darf die Traubenlast pro Rebstock 1,8 Kilogramm nicht \u00fcberschreiten. So k\u00f6nnen wir Schaumweine von au\u00dfergew\u00f6hnliche Hoher Qualit\u00e4t produzieren.<\/p>\n<p>&nbsp;<\/p>\n<p><strong>Reife:<\/strong> mittel, eine Woche nach Pinot Blanc oder Chardonnay. Die Rebst\u00f6cke wurden vom ersten Tag an in italienischem Boden mit gr\u00f6\u00dfter Sorgfalt biologisch behandelt. Die Rebst\u00f6cke kamen nie mit Herbiziden oder Pestiziden in Ber\u00fchrung. Mit dem prestigreichen \u201eGreen Mountain Wine\u201c Label zertifiziert und der EU f\u00fcr Nachhaltigkeit und Bioqualit\u00e4t. Von Hand verarbeitet, wird jede Traube bei der Ernte, die Anfang September stattfindet, sorgf\u00e4ltig ausgew\u00e4hlt.<\/p>\n<p>&nbsp;<\/p>\n<p><strong>Lieselehof-Methode:<\/strong> \u201eMetode rural\u201c mit Degorgieren. Kein zugesetzter Rohr- oder R\u00fcbenzucker. Dadurch bleibt das Produkt so nat\u00fcrlich wie m\u00f6glich. 55 Monate auf der Hefe.<\/p>\n<p>&nbsp;<\/p>\n<p><strong>Verkostungsprofil:<\/strong> Der Lieselehof Special Edition Gold Schaumwein ist ein wahres Meisterwerk der Handwerkskunst und besticht vom ersten Einschenken an mit seinem strahlenden goldenen Farbton und einer sehr feinen Perlage.<\/p>\n<p>&nbsp;<\/p>\n<p>In der Nase bietet er ein wundersch\u00f6n trockenes und doch komplexes Bouquet, das Schichten von honigs\u00fc\u00dfen Pfirsichen, sonnengereiften Aprikosen, Zitronenschale, Limette und einem zarten Hauch von Datteln enth\u00fcllt.<\/p>\n<p>&nbsp;<\/p>\n<p>W\u00e4hrend er den Gaumen schmeichelt, kitzelt eine lebhafte Spritzigkeit die Sinne und tr\u00e4gt raffinierte Noten von Brioche, Buttergeb\u00e4ck und frischer Sahne mit sich, die elegant mit seinem reichen Fruchtprofil verwoben sind. Das Mundgef\u00fchl ist seidig und dennoch belebend und bietet eine harmonische Balance aus frischer S\u00e4ure und cremiger Tiefe, was jeden Schluck zu einem exquisiten Genuss macht.<\/p>\n<p>&nbsp;<\/p>\n<p>Der Abgang ist lang und raffiniert und hinterl\u00e4sst ein anhaltendes, vertr\u00e4umtes Gef\u00fchl, das Lust auf mehr macht.<\/p>\n<p>&nbsp;<\/p>\n<p>Er passt gut zu Meeresfr\u00fcchten, Schalentieren, Aufschnitt, Tempura, Sushi und Fleischtartar.<\/p>\n<p>&nbsp;<\/p>\n<p>Ein unvergesslicher Schaumwein, perfekt, um jede Feier, jeden besonderen Anlass oder jeden Moment mit purem Genuss zu veredeln.<\/p>\n<p>&nbsp;<\/p>\n<p><strong>Serviertemperatur:<\/strong> 8\u00b0C-10\u00b0C<\/p>\n<p>&nbsp;<\/p>\n<p><strong>Lagerpotential:<\/strong> 20 Jahre<\/p>\n","protected":false},"excerpt":{"rendered":"<p>Der Lieselehof Special Edition Gold ist ein exklusiver Bio-Schaumwein, der in einer extrem limitierten Menge von <strong>nur 848 Flaschen<\/strong> produziert wird.<\/p>\n","protected":false},"featured_media":31361,"template":"","meta":{"_acf_changed":false,"inline_featured_image":false},"product_brand":[],"product_cat":[80],"product_tag":[102],"class_list":{"0":"post-31371","1":"product","2":"type-product","3":"status-publish","4":"has-post-thumbnail","6":"product_cat-sekt","7":"product_tag-special-edition-gold-de","9":"first","10":"instock","11":"taxable","12":"shipping-taxable","13":"product-type-simple"},"acf":[],"yoast_head":"<!-- This site is optimized with the Yoast SEO plugin v26.4 - https:\/\/yoast.com\/wordpress\/plugins\/seo\/ -->\n<title>Special Edition Gold - Lieselehof<\/title>\n<meta name=\"robots\" content=\"index, follow, max-snippet:-1, max-image-preview:large, max-video-preview:-1\" \/>\n<link rel=\"canonical\" href=\"https:\/\/lieselehof.com\/de\/wines\/sekt\/special-edition-gold\/\" \/>\n<meta property=\"og:locale\" content=\"de_DE\" \/>\n<meta property=\"og:type\" content=\"article\" \/>\n<meta property=\"og:title\" content=\"Special Edition Gold - Lieselehof\" \/>\n<meta property=\"og:description\" content=\"Der Lieselehof Special Edition Gold ist ein exklusiver Bio-Schaumwein, der in einer extrem limitierten Menge von nur 848 Flaschen produziert wird.\" \/>\n<meta property=\"og:url\" content=\"https:\/\/lieselehof.com\/de\/wines\/sekt\/special-edition-gold\/\" \/>\n<meta property=\"og:site_name\" content=\"Lieselehof\" \/>\n<meta property=\"article:publisher\" content=\"https:\/\/www.facebook.com\/lieselehof\" \/>\n<meta property=\"article:modified_time\" content=\"2025-04-30T11:40:46+00:00\" \/>\n<meta property=\"og:image\" content=\"https:\/\/lieselehof.com\/wp-content\/uploads\/2025\/02\/special-edition-gold.webp\" \/>\n\t<meta property=\"og:image:width\" content=\"948\" \/>\n\t<meta property=\"og:image:height\" content=\"2560\" \/>\n\t<meta property=\"og:image:type\" content=\"image\/webp\" \/>\n<meta name=\"twitter:card\" content=\"summary_large_image\" \/>\n<meta name=\"twitter:label1\" content=\"Gesch\u00e4tzte Lesezeit\" \/>\n\t<meta name=\"twitter:data1\" content=\"2\u00a0Minuten\" \/>\n<script type=\"application\/ld+json\" class=\"yoast-schema-graph\">{\"@context\":\"https:\/\/schema.org\",\"@graph\":[{\"@type\":\"WebPage\",\"@id\":\"https:\/\/lieselehof.com\/de\/wines\/sekt\/special-edition-gold\/\",\"url\":\"https:\/\/lieselehof.com\/de\/wines\/sekt\/special-edition-gold\/\",\"name\":\"Special Edition Gold - Lieselehof\",\"isPartOf\":{\"@id\":\"https:\/\/lieselehof.com\/de\/#website\"},\"primaryImageOfPage\":{\"@id\":\"https:\/\/lieselehof.com\/de\/wines\/sekt\/special-edition-gold\/#primaryimage\"},\"image\":{\"@id\":\"https:\/\/lieselehof.com\/de\/wines\/sekt\/special-edition-gold\/#primaryimage\"},\"thumbnailUrl\":\"https:\/\/lieselehof.com\/wp-content\/uploads\/2025\/02\/special-edition-gold.webp\",\"datePublished\":\"2025-02-25T15:16:39+00:00\",\"dateModified\":\"2025-04-30T11:40:46+00:00\",\"breadcrumb\":{\"@id\":\"https:\/\/lieselehof.com\/de\/wines\/sekt\/special-edition-gold\/#breadcrumb\"},\"inLanguage\":\"de\",\"potentialAction\":[{\"@type\":\"ReadAction\",\"target\":[\"https:\/\/lieselehof.com\/de\/wines\/sekt\/special-edition-gold\/\"]}]},{\"@type\":\"ImageObject\",\"inLanguage\":\"de\",\"@id\":\"https:\/\/lieselehof.com\/de\/wines\/sekt\/special-edition-gold\/#primaryimage\",\"url\":\"https:\/\/lieselehof.com\/wp-content\/uploads\/2025\/02\/special-edition-gold.webp\",\"contentUrl\":\"https:\/\/lieselehof.com\/wp-content\/uploads\/2025\/02\/special-edition-gold.webp\",\"width\":948,\"height\":2560},{\"@type\":\"BreadcrumbList\",\"@id\":\"https:\/\/lieselehof.com\/de\/wines\/sekt\/special-edition-gold\/#breadcrumb\",\"itemListElement\":[{\"@type\":\"ListItem\",\"position\":1,\"name\":\"home\",\"item\":\"https:\/\/lieselehof.com\/de\/\"},{\"@type\":\"ListItem\",\"position\":2,\"name\":\"Weine\",\"item\":\"https:\/\/lieselehof.com\/de\/weine\/\"},{\"@type\":\"ListItem\",\"position\":3,\"name\":\"Sekt\",\"item\":\"https:\/\/lieselehof.com\/de\/kategorie\/sekt\/\"},{\"@type\":\"ListItem\",\"position\":4,\"name\":\"Special Edition Gold\"}]},{\"@type\":\"WebSite\",\"@id\":\"https:\/\/lieselehof.com\/de\/#website\",\"url\":\"https:\/\/lieselehof.com\/de\/\",\"name\":\"Lieselehof\",\"description\":\"Quality Wines\",\"publisher\":{\"@id\":\"https:\/\/lieselehof.com\/de\/#organization\"},\"potentialAction\":[{\"@type\":\"SearchAction\",\"target\":{\"@type\":\"EntryPoint\",\"urlTemplate\":\"https:\/\/lieselehof.com\/de\/?s={search_term_string}\"},\"query-input\":{\"@type\":\"PropertyValueSpecification\",\"valueRequired\":true,\"valueName\":\"search_term_string\"}}],\"inLanguage\":\"de\"},{\"@type\":\"Organization\",\"@id\":\"https:\/\/lieselehof.com\/de\/#organization\",\"name\":\"Lieselehof\",\"url\":\"https:\/\/lieselehof.com\/de\/\",\"logo\":{\"@type\":\"ImageObject\",\"inLanguage\":\"de\",\"@id\":\"https:\/\/lieselehof.com\/de\/#\/schema\/logo\/image\/\",\"url\":\"https:\/\/lieselehof.com\/wp-content\/uploads\/lieselehof-logo.svg\",\"contentUrl\":\"https:\/\/lieselehof.com\/wp-content\/uploads\/lieselehof-logo.svg\",\"width\":240,\"height\":124,\"caption\":\"Lieselehof\"},\"image\":{\"@id\":\"https:\/\/lieselehof.com\/de\/#\/schema\/logo\/image\/\"},\"sameAs\":[\"https:\/\/www.facebook.com\/lieselehof\",\"https:\/\/www.instagram.com\/lieselehof_tenuta\/\"]}]}<\/script>\n<!-- \/ Yoast SEO plugin. -->","yoast_head_json":{"title":"Special Edition Gold - Lieselehof","robots":{"index":"index","follow":"follow","max-snippet":"max-snippet:-1","max-image-preview":"max-image-preview:large","max-video-preview":"max-video-preview:-1"},"canonical":"https:\/\/lieselehof.com\/de\/wines\/sekt\/special-edition-gold\/","og_locale":"de_DE","og_type":"article","og_title":"Special Edition Gold - Lieselehof","og_description":"Der Lieselehof Special Edition Gold ist ein exklusiver Bio-Schaumwein, der in einer extrem limitierten Menge von nur 848 Flaschen produziert wird.","og_url":"https:\/\/lieselehof.com\/de\/wines\/sekt\/special-edition-gold\/","og_site_name":"Lieselehof","article_publisher":"https:\/\/www.facebook.com\/lieselehof","article_modified_time":"2025-04-30T11:40:46+00:00","og_image":[{"width":948,"height":2560,"url":"https:\/\/lieselehof.com\/wp-content\/uploads\/2025\/02\/special-edition-gold.webp","type":"image\/webp"}],"twitter_card":"summary_large_image","twitter_misc":{"Gesch\u00e4tzte Lesezeit":"2\u00a0Minuten"},"schema":{"@context":"https:\/\/schema.org","@graph":[{"@type":"WebPage","@id":"https:\/\/lieselehof.com\/de\/wines\/sekt\/special-edition-gold\/","url":"https:\/\/lieselehof.com\/de\/wines\/sekt\/special-edition-gold\/","name":"Special Edition Gold - Lieselehof","isPartOf":{"@id":"https:\/\/lieselehof.com\/de\/#website"},"primaryImageOfPage":{"@id":"https:\/\/lieselehof.com\/de\/wines\/sekt\/special-edition-gold\/#primaryimage"},"image":{"@id":"https:\/\/lieselehof.com\/de\/wines\/sekt\/special-edition-gold\/#primaryimage"},"thumbnailUrl":"https:\/\/lieselehof.com\/wp-content\/uploads\/2025\/02\/special-edition-gold.webp","datePublished":"2025-02-25T15:16:39+00:00","dateModified":"2025-04-30T11:40:46+00:00","breadcrumb":{"@id":"https:\/\/lieselehof.com\/de\/wines\/sekt\/special-edition-gold\/#breadcrumb"},"inLanguage":"de","potentialAction":[{"@type":"ReadAction","target":["https:\/\/lieselehof.com\/de\/wines\/sekt\/special-edition-gold\/"]}]},{"@type":"ImageObject","inLanguage":"de","@id":"https:\/\/lieselehof.com\/de\/wines\/sekt\/special-edition-gold\/#primaryimage","url":"https:\/\/lieselehof.com\/wp-content\/uploads\/2025\/02\/special-edition-gold.webp","contentUrl":"https:\/\/lieselehof.com\/wp-content\/uploads\/2025\/02\/special-edition-gold.webp","width":948,"height":2560},{"@type":"BreadcrumbList","@id":"https:\/\/lieselehof.com\/de\/wines\/sekt\/special-edition-gold\/#breadcrumb","itemListElement":[{"@type":"ListItem","position":1,"name":"home","item":"https:\/\/lieselehof.com\/de\/"},{"@type":"ListItem","position":2,"name":"Weine","item":"https:\/\/lieselehof.com\/de\/weine\/"},{"@type":"ListItem","position":3,"name":"Sekt","item":"https:\/\/lieselehof.com\/de\/kategorie\/sekt\/"},{"@type":"ListItem","position":4,"name":"Special Edition Gold"}]},{"@type":"WebSite","@id":"https:\/\/lieselehof.com\/de\/#website","url":"https:\/\/lieselehof.com\/de\/","name":"Lieselehof","description":"Quality Wines","publisher":{"@id":"https:\/\/lieselehof.com\/de\/#organization"},"potentialAction":[{"@type":"SearchAction","target":{"@type":"EntryPoint","urlTemplate":"https:\/\/lieselehof.com\/de\/?s={search_term_string}"},"query-input":{"@type":"PropertyValueSpecification","valueRequired":true,"valueName":"search_term_string"}}],"inLanguage":"de"},{"@type":"Organization","@id":"https:\/\/lieselehof.com\/de\/#organization","name":"Lieselehof","url":"https:\/\/lieselehof.com\/de\/","logo":{"@type":"ImageObject","inLanguage":"de","@id":"https:\/\/lieselehof.com\/de\/#\/schema\/logo\/image\/","url":"https:\/\/lieselehof.com\/wp-content\/uploads\/lieselehof-logo.svg","contentUrl":"https:\/\/lieselehof.com\/wp-content\/uploads\/lieselehof-logo.svg","width":240,"height":124,"caption":"Lieselehof"},"image":{"@id":"https:\/\/lieselehof.com\/de\/#\/schema\/logo\/image\/"},"sameAs":["https:\/\/www.facebook.com\/lieselehof","https:\/\/www.instagram.com\/lieselehof_tenuta\/"]}]}},"jetpack_sharing_enabled":true,"_links":{"self":[{"href":"https:\/\/lieselehof.com\/de\/wp-json\/wp\/v2\/product\/31371","targetHints":{"allow":["GET"]}}],"collection":[{"href":"https:\/\/lieselehof.com\/de\/wp-json\/wp\/v2\/product"}],"about":[{"href":"https:\/\/lieselehof.com\/de\/wp-json\/wp\/v2\/types\/product"}],"version-history":[{"count":1,"href":"https:\/\/lieselehof.com\/de\/wp-json\/wp\/v2\/product\/31371\/revisions"}],"predecessor-version":[{"id":31372,"href":"https:\/\/lieselehof.com\/de\/wp-json\/wp\/v2\/product\/31371\/revisions\/31372"}],"wp:featuredmedia":[{"embeddable":true,"href":"https:\/\/lieselehof.com\/de\/wp-json\/wp\/v2\/media\/31361"}],"wp:attachment":[{"href":"https:\/\/lieselehof.com\/de\/wp-json\/wp\/v2\/media?parent=31371"}],"wp:term":[{"taxonomy":"product_brand","embeddable":true,"href":"https:\/\/lieselehof.com\/de\/wp-json\/wp\/v2\/product_brand?post=31371"},{"taxonomy":"product_cat","embeddable":true,"href":"https:\/\/lieselehof.com\/de\/wp-json\/wp\/v2\/product_cat?post=31371"},{"taxonomy":"product_tag","embeddable":true,"href":"https:\/\/lieselehof.com\/de\/wp-json\/wp\/v2\/product_tag?post=31371"}],"curies":[{"name":"wp","href":"https:\/\/api.w.org\/{rel}","templated":true}]}}