{"id":31243,"date":"2024-12-11T11:58:16","date_gmt":"2024-12-11T10:58:16","guid":{"rendered":"https:\/\/lieselehof.com\/?post_type=product&#038;p=31243"},"modified":"2025-04-30T16:43:44","modified_gmt":"2025-04-30T14:43:44","slug":"brut-junior-rose","status":"publish","type":"product","link":"https:\/\/lieselehof.com\/de\/wines\/sekt\/brut-junior-rose\/","title":{"rendered":"Brut Junior Ros\u00e8"},"content":{"rendered":"<p><strong>Herkunft:<\/strong> 80 % Blauburgunder, 20 % Souvignier Gris. Diese Piwi Rebe ist das Ergebnis einer zweihundertj\u00e4hrigen Kreuzungsarbeit, die von einem Dutzend Landwirtschaftsinstituten und Universit\u00e4ten in Europa durchgef\u00fchrt wurde. Die Eltern sind Seyval x Z\u00e4hringer. Sie ist resistent gegen Pilzkrankheiten. In normalen Jahren ist keine Behandlung erforderlich. Ideal f\u00fcr den Bioanbau.<\/p>\n<p>&nbsp;<\/p>\n<p><strong>Entwicklung:<\/strong> stark und vertikal<\/p>\n<p>&nbsp;<\/p>\n<p><strong>Ertrag:<\/strong> Um die Qualit\u00e4t des Weines zu verbessern, darf die Rebenlast pro Pflanze beim Blauburgunder 1,5 kg und beim Souvignier gris 1,8 kg nicht \u00fcberschreiten. Mit dieser Ausbeute sind wir in der Lage, Schaumweine von h\u00f6chster Qualit\u00e4t zu produzieren.<\/p>\n<p>&nbsp;<\/p>\n<p><strong>Reifung:<\/strong> Blauburgunder reift mit dem Wei\u00dfburgunder und Chardonnay, Souvignier gris reift eine Woche sp\u00e4ter<\/p>\n<p>&nbsp;<\/p>\n<p><strong>Zucker:<\/strong> 18\u00b0 &#8211; 19\u00b0 KMW (90 \u2013 95 \u00d6chsle)<\/p>\n<p>&nbsp;<\/p>\n<p><strong>Lieselehof Methode:<\/strong> Die nat\u00fcrliche und alte franz\u00f6sische \u201eM\u00e9thode rurale\u201c mit Degorgieren. Ohne Zusatz von Rohr- oder R\u00fcbenzucker. Dieser Ros\u00e8 Sekt war 18 Monate auf der Hefe in der Flasche.<\/p>\n<p>&nbsp;<\/p>\n<p><strong>Sekt:<\/strong> Das Bouquet ist sehr fruchtig und frisch. Aromen von Erdbeere, Himbeere und Kirsche umschmeicheln die Sinne. Im Gaumen auch sehr fruchtig, elegant, es gesellt sich Zitrone dazu. Langes Finale.<\/p>\n<p>&nbsp;<\/p>\n<p><strong>Speisenbegleiter:<\/strong> Jung und dynamisch, fruchtig, perfekt f\u00fcr Aperitifs, Tempura, cremigen K\u00e4se und Sushi. Vorz\u00fcglich auch zu allen s\u00fc\u00dfen Nachtischen mit Obst und Schokolade.<\/p>\n<p>&nbsp;<\/p>\n<p><strong>Serviertemperatur:<\/strong> 8\u00b0C in der kalten Jahreszeit 10\u00b0C<\/p>\n<p>&nbsp;<\/p>\n<p><strong>Lagerf\u00e4higkeit:<\/strong> 10 Jahre<\/p>\n","protected":false},"excerpt":{"rendered":"<p>18 Monate auf der Hefe gereift. Strahlendes Pink, erfrischend und fruchtig mit wunderbar eleganten Perlage. Kr\u00e4ftige Aromen von reifen Himbeeren, Wassermelonen und Preiselbeeren. Herrlich und vielseitig passt wunderbar zu leichten Vorspeisen, Aufschnitt &amp; Erdbeeren. Perfekt f\u00fcr Feiern und romantische Abende.    <strong>Herrlich und vielseitig passt wunderbar zu leichten Vorspeisen, Aufschnitt &amp; Erdbeeren. Perfekt f\u00fcr <br \/>Perfekt f\u00fcr Feiern und romantische Abende.<\/strong><\/p>\n","protected":false},"featured_media":31240,"template":"","meta":{"_acf_changed":false,"inline_featured_image":false},"product_brand":[],"product_cat":[80],"product_tag":[],"class_list":{"0":"post-31243","1":"product","2":"type-product","3":"status-publish","4":"has-post-thumbnail","6":"product_cat-sekt","8":"first","9":"instock","10":"taxable","11":"shipping-taxable","12":"purchasable","13":"product-type-simple"},"acf":[],"yoast_head":"<!-- This site is optimized with the Yoast SEO plugin v26.4 - https:\/\/yoast.com\/wordpress\/plugins\/seo\/ -->\n<title>Brut Junior Ros\u00e8 - Lieselehof<\/title>\n<meta name=\"robots\" content=\"index, follow, max-snippet:-1, max-image-preview:large, max-video-preview:-1\" \/>\n<link rel=\"canonical\" href=\"https:\/\/lieselehof.com\/de\/wines\/sekt\/brut-junior-rose\/\" \/>\n<meta property=\"og:locale\" content=\"de_DE\" \/>\n<meta property=\"og:type\" content=\"article\" \/>\n<meta property=\"og:title\" content=\"Brut Junior Ros\u00e8 - Lieselehof\" \/>\n<meta property=\"og:description\" content=\"18 Monate auf der Hefe gereift. Strahlendes Pink, erfrischend und fruchtig mit wunderbar eleganten Perlage. Kr\u00e4ftige Aromen von reifen Himbeeren, Wassermelonen und Preiselbeeren. Herrlich und vielseitig passt wunderbar zu leichten Vorspeisen, Aufschnitt &amp; Erdbeeren. Perfekt f\u00fcr Feiern und romantische Abende.  Herrlich und vielseitig passt wunderbar zu leichten Vorspeisen, Aufschnitt &amp; Erdbeeren. Perfekt f\u00fcr Perfekt f\u00fcr Feiern und romantische Abende.\" \/>\n<meta property=\"og:url\" content=\"https:\/\/lieselehof.com\/de\/wines\/sekt\/brut-junior-rose\/\" \/>\n<meta property=\"og:site_name\" content=\"Lieselehof\" \/>\n<meta property=\"article:publisher\" content=\"https:\/\/www.facebook.com\/lieselehof\" \/>\n<meta property=\"article:modified_time\" content=\"2025-04-30T14:43:44+00:00\" \/>\n<meta property=\"og:image\" content=\"https:\/\/lieselehof.com\/wp-content\/uploads\/2024\/12\/brut-rose-junior.webp\" \/>\n\t<meta property=\"og:image:width\" content=\"948\" \/>\n\t<meta property=\"og:image:height\" content=\"2560\" \/>\n\t<meta property=\"og:image:type\" content=\"image\/webp\" \/>\n<meta name=\"twitter:card\" content=\"summary_large_image\" \/>\n<meta name=\"twitter:label1\" content=\"Gesch\u00e4tzte Lesezeit\" \/>\n\t<meta name=\"twitter:data1\" content=\"1\u00a0Minute\" \/>\n<script type=\"application\/ld+json\" class=\"yoast-schema-graph\">{\"@context\":\"https:\/\/schema.org\",\"@graph\":[{\"@type\":\"WebPage\",\"@id\":\"https:\/\/lieselehof.com\/de\/wines\/sekt\/brut-junior-rose\/\",\"url\":\"https:\/\/lieselehof.com\/de\/wines\/sekt\/brut-junior-rose\/\",\"name\":\"Brut Junior Ros\u00e8 - Lieselehof\",\"isPartOf\":{\"@id\":\"https:\/\/lieselehof.com\/de\/#website\"},\"primaryImageOfPage\":{\"@id\":\"https:\/\/lieselehof.com\/de\/wines\/sekt\/brut-junior-rose\/#primaryimage\"},\"image\":{\"@id\":\"https:\/\/lieselehof.com\/de\/wines\/sekt\/brut-junior-rose\/#primaryimage\"},\"thumbnailUrl\":\"https:\/\/lieselehof.com\/wp-content\/uploads\/2024\/12\/brut-rose-junior.webp\",\"datePublished\":\"2024-12-11T10:58:16+00:00\",\"dateModified\":\"2025-04-30T14:43:44+00:00\",\"breadcrumb\":{\"@id\":\"https:\/\/lieselehof.com\/de\/wines\/sekt\/brut-junior-rose\/#breadcrumb\"},\"inLanguage\":\"de\",\"potentialAction\":[{\"@type\":\"ReadAction\",\"target\":[\"https:\/\/lieselehof.com\/de\/wines\/sekt\/brut-junior-rose\/\"]}]},{\"@type\":\"ImageObject\",\"inLanguage\":\"de\",\"@id\":\"https:\/\/lieselehof.com\/de\/wines\/sekt\/brut-junior-rose\/#primaryimage\",\"url\":\"https:\/\/lieselehof.com\/wp-content\/uploads\/2024\/12\/brut-rose-junior.webp\",\"contentUrl\":\"https:\/\/lieselehof.com\/wp-content\/uploads\/2024\/12\/brut-rose-junior.webp\",\"width\":948,\"height\":2560},{\"@type\":\"BreadcrumbList\",\"@id\":\"https:\/\/lieselehof.com\/de\/wines\/sekt\/brut-junior-rose\/#breadcrumb\",\"itemListElement\":[{\"@type\":\"ListItem\",\"position\":1,\"name\":\"home\",\"item\":\"https:\/\/lieselehof.com\/de\/\"},{\"@type\":\"ListItem\",\"position\":2,\"name\":\"Weine\",\"item\":\"https:\/\/lieselehof.com\/de\/weine\/\"},{\"@type\":\"ListItem\",\"position\":3,\"name\":\"Sekt\",\"item\":\"https:\/\/lieselehof.com\/de\/kategorie\/sekt\/\"},{\"@type\":\"ListItem\",\"position\":4,\"name\":\"Brut Junior Ros\u00e8\"}]},{\"@type\":\"WebSite\",\"@id\":\"https:\/\/lieselehof.com\/de\/#website\",\"url\":\"https:\/\/lieselehof.com\/de\/\",\"name\":\"Lieselehof\",\"description\":\"Quality Wines\",\"publisher\":{\"@id\":\"https:\/\/lieselehof.com\/de\/#organization\"},\"potentialAction\":[{\"@type\":\"SearchAction\",\"target\":{\"@type\":\"EntryPoint\",\"urlTemplate\":\"https:\/\/lieselehof.com\/de\/?s={search_term_string}\"},\"query-input\":{\"@type\":\"PropertyValueSpecification\",\"valueRequired\":true,\"valueName\":\"search_term_string\"}}],\"inLanguage\":\"de\"},{\"@type\":\"Organization\",\"@id\":\"https:\/\/lieselehof.com\/de\/#organization\",\"name\":\"Lieselehof\",\"url\":\"https:\/\/lieselehof.com\/de\/\",\"logo\":{\"@type\":\"ImageObject\",\"inLanguage\":\"de\",\"@id\":\"https:\/\/lieselehof.com\/de\/#\/schema\/logo\/image\/\",\"url\":\"https:\/\/lieselehof.com\/wp-content\/uploads\/lieselehof-logo.svg\",\"contentUrl\":\"https:\/\/lieselehof.com\/wp-content\/uploads\/lieselehof-logo.svg\",\"width\":240,\"height\":124,\"caption\":\"Lieselehof\"},\"image\":{\"@id\":\"https:\/\/lieselehof.com\/de\/#\/schema\/logo\/image\/\"},\"sameAs\":[\"https:\/\/www.facebook.com\/lieselehof\",\"https:\/\/www.instagram.com\/lieselehof_tenuta\/\"]}]}<\/script>\n<!-- \/ Yoast SEO plugin. -->","yoast_head_json":{"title":"Brut Junior Ros\u00e8 - Lieselehof","robots":{"index":"index","follow":"follow","max-snippet":"max-snippet:-1","max-image-preview":"max-image-preview:large","max-video-preview":"max-video-preview:-1"},"canonical":"https:\/\/lieselehof.com\/de\/wines\/sekt\/brut-junior-rose\/","og_locale":"de_DE","og_type":"article","og_title":"Brut Junior Ros\u00e8 - Lieselehof","og_description":"18 Monate auf der Hefe gereift. Strahlendes Pink, erfrischend und fruchtig mit wunderbar eleganten Perlage. Kr\u00e4ftige Aromen von reifen Himbeeren, Wassermelonen und Preiselbeeren. Herrlich und vielseitig passt wunderbar zu leichten Vorspeisen, Aufschnitt &amp; Erdbeeren. Perfekt f\u00fcr Feiern und romantische Abende.  Herrlich und vielseitig passt wunderbar zu leichten Vorspeisen, Aufschnitt &amp; Erdbeeren. Perfekt f\u00fcr Perfekt f\u00fcr Feiern und romantische Abende.","og_url":"https:\/\/lieselehof.com\/de\/wines\/sekt\/brut-junior-rose\/","og_site_name":"Lieselehof","article_publisher":"https:\/\/www.facebook.com\/lieselehof","article_modified_time":"2025-04-30T14:43:44+00:00","og_image":[{"width":948,"height":2560,"url":"https:\/\/lieselehof.com\/wp-content\/uploads\/2024\/12\/brut-rose-junior.webp","type":"image\/webp"}],"twitter_card":"summary_large_image","twitter_misc":{"Gesch\u00e4tzte Lesezeit":"1\u00a0Minute"},"schema":{"@context":"https:\/\/schema.org","@graph":[{"@type":"WebPage","@id":"https:\/\/lieselehof.com\/de\/wines\/sekt\/brut-junior-rose\/","url":"https:\/\/lieselehof.com\/de\/wines\/sekt\/brut-junior-rose\/","name":"Brut Junior Ros\u00e8 - Lieselehof","isPartOf":{"@id":"https:\/\/lieselehof.com\/de\/#website"},"primaryImageOfPage":{"@id":"https:\/\/lieselehof.com\/de\/wines\/sekt\/brut-junior-rose\/#primaryimage"},"image":{"@id":"https:\/\/lieselehof.com\/de\/wines\/sekt\/brut-junior-rose\/#primaryimage"},"thumbnailUrl":"https:\/\/lieselehof.com\/wp-content\/uploads\/2024\/12\/brut-rose-junior.webp","datePublished":"2024-12-11T10:58:16+00:00","dateModified":"2025-04-30T14:43:44+00:00","breadcrumb":{"@id":"https:\/\/lieselehof.com\/de\/wines\/sekt\/brut-junior-rose\/#breadcrumb"},"inLanguage":"de","potentialAction":[{"@type":"ReadAction","target":["https:\/\/lieselehof.com\/de\/wines\/sekt\/brut-junior-rose\/"]}]},{"@type":"ImageObject","inLanguage":"de","@id":"https:\/\/lieselehof.com\/de\/wines\/sekt\/brut-junior-rose\/#primaryimage","url":"https:\/\/lieselehof.com\/wp-content\/uploads\/2024\/12\/brut-rose-junior.webp","contentUrl":"https:\/\/lieselehof.com\/wp-content\/uploads\/2024\/12\/brut-rose-junior.webp","width":948,"height":2560},{"@type":"BreadcrumbList","@id":"https:\/\/lieselehof.com\/de\/wines\/sekt\/brut-junior-rose\/#breadcrumb","itemListElement":[{"@type":"ListItem","position":1,"name":"home","item":"https:\/\/lieselehof.com\/de\/"},{"@type":"ListItem","position":2,"name":"Weine","item":"https:\/\/lieselehof.com\/de\/weine\/"},{"@type":"ListItem","position":3,"name":"Sekt","item":"https:\/\/lieselehof.com\/de\/kategorie\/sekt\/"},{"@type":"ListItem","position":4,"name":"Brut Junior Ros\u00e8"}]},{"@type":"WebSite","@id":"https:\/\/lieselehof.com\/de\/#website","url":"https:\/\/lieselehof.com\/de\/","name":"Lieselehof","description":"Quality Wines","publisher":{"@id":"https:\/\/lieselehof.com\/de\/#organization"},"potentialAction":[{"@type":"SearchAction","target":{"@type":"EntryPoint","urlTemplate":"https:\/\/lieselehof.com\/de\/?s={search_term_string}"},"query-input":{"@type":"PropertyValueSpecification","valueRequired":true,"valueName":"search_term_string"}}],"inLanguage":"de"},{"@type":"Organization","@id":"https:\/\/lieselehof.com\/de\/#organization","name":"Lieselehof","url":"https:\/\/lieselehof.com\/de\/","logo":{"@type":"ImageObject","inLanguage":"de","@id":"https:\/\/lieselehof.com\/de\/#\/schema\/logo\/image\/","url":"https:\/\/lieselehof.com\/wp-content\/uploads\/lieselehof-logo.svg","contentUrl":"https:\/\/lieselehof.com\/wp-content\/uploads\/lieselehof-logo.svg","width":240,"height":124,"caption":"Lieselehof"},"image":{"@id":"https:\/\/lieselehof.com\/de\/#\/schema\/logo\/image\/"},"sameAs":["https:\/\/www.facebook.com\/lieselehof","https:\/\/www.instagram.com\/lieselehof_tenuta\/"]}]}},"jetpack_sharing_enabled":true,"_links":{"self":[{"href":"https:\/\/lieselehof.com\/de\/wp-json\/wp\/v2\/product\/31243","targetHints":{"allow":["GET"]}}],"collection":[{"href":"https:\/\/lieselehof.com\/de\/wp-json\/wp\/v2\/product"}],"about":[{"href":"https:\/\/lieselehof.com\/de\/wp-json\/wp\/v2\/types\/product"}],"version-history":[{"count":4,"href":"https:\/\/lieselehof.com\/de\/wp-json\/wp\/v2\/product\/31243\/revisions"}],"predecessor-version":[{"id":31327,"href":"https:\/\/lieselehof.com\/de\/wp-json\/wp\/v2\/product\/31243\/revisions\/31327"}],"wp:featuredmedia":[{"embeddable":true,"href":"https:\/\/lieselehof.com\/de\/wp-json\/wp\/v2\/media\/31240"}],"wp:attachment":[{"href":"https:\/\/lieselehof.com\/de\/wp-json\/wp\/v2\/media?parent=31243"}],"wp:term":[{"taxonomy":"product_brand","embeddable":true,"href":"https:\/\/lieselehof.com\/de\/wp-json\/wp\/v2\/product_brand?post=31243"},{"taxonomy":"product_cat","embeddable":true,"href":"https:\/\/lieselehof.com\/de\/wp-json\/wp\/v2\/product_cat?post=31243"},{"taxonomy":"product_tag","embeddable":true,"href":"https:\/\/lieselehof.com\/de\/wp-json\/wp\/v2\/product_tag?post=31243"}],"curies":[{"name":"wp","href":"https:\/\/api.w.org\/{rel}","templated":true}]}}