{"id":31234,"date":"2024-12-11T11:49:53","date_gmt":"2024-12-11T10:49:53","guid":{"rendered":"https:\/\/lieselehof.com\/?post_type=product&#038;p=31234"},"modified":"2025-04-30T17:26:18","modified_gmt":"2025-04-30T15:26:18","slug":"brut-junior","status":"publish","type":"product","link":"https:\/\/lieselehof.com\/de\/wines\/sekt\/brut-junior\/","title":{"rendered":"Brut Junior"},"content":{"rendered":"<p><strong>Herkunft:<\/strong> Souvignier gris Rebe. Sie ist das Ergebnis einer zweihundertj\u00e4hrigen Kreuzungsarbeit, die von einem Dutzend Landwirtschaftsinstitute und Universit\u00e4ten in Europa durchgef\u00fchrt wurde. Die Eltern sind Seyval x Z\u00e4hringer. Sie geh\u00f6rt zur Familie der Piwi-Reben und ist resistent gegen Pilzkrankheiten. In normalen Jahren ist keine Behandlung erforderlich. Ideal f\u00fcr den Bioanbau.<\/p>\n<p><br data-mce-bogus=\"1\"><\/p>\n<p><strong>Entwickeln:<\/strong> stark und vertikal<\/p>\n<p><br data-mce-bogus=\"1\"><\/p>\n<p><strong>Ertrag:<\/strong> Pro Trieb gibt es zwei mittelgro\u00dfe Trauben. Um die Qualit\u00e4t des Weines zu steigern, darf die Rebenlast pro Stock 1,8 Kilogramm nicht \u00fcberschreiten. Mit dieser Ausbeute sind wir in der Lage, Schaumweine von au\u00dfergew\u00f6hnlicher Qualit\u00e4t zu produzieren.<\/p>\n<p><br data-mce-bogus=\"1\"><\/p>\n<p><strong>Wuchs:<\/strong> mittelhoch.<\/p>\n<p><br data-mce-bogus=\"1\"><\/p>\n<p><strong>Reife:<\/strong> mittel, eine Woche nach Wei\u00dfburgunder oder Chardonnay<\/p>\n<p><br data-mce-bogus=\"1\"><\/p>\n<p><strong>Zucker:<\/strong> 18\u00b0 &#8211; 19\u00b0 KMW (90 \u2013 95 \u00d6chsle)<\/p>\n<p><br data-mce-bogus=\"1\"><\/p>\n<p><strong>Lieselehof Methode:<\/strong> \u201eMetode rurale\u201c mit Degorgieren. Ohne Zusatz von Rohr- oder R\u00fcbenzucker. 24 Monate auf der Hefe.<\/p>\n<p><br data-mce-bogus=\"1\"><\/p>\n<p><strong>Sekt:<\/strong> Das Bouquet ist trocken und frisch mit wunderbar eleganter Perlage. Aromen von Honig, Zitronenschale, Limette, Datteln.<\/p>\n<p><br data-mce-bogus=\"1\"><\/p>\n<p><strong>Speisebegleiter:<\/strong> Jung und dynamisch, perfekt f\u00fcr Aperitifs, Tempura, cremigem K\u00e4se und Sushi, Charcuterie &amp; Tartare<\/p>\n<p><br data-mce-bogus=\"1\"><\/p>\n<p><strong>Serviertemperatur:<\/strong> 8\u00b0C, in der kalten Jahreszeit 10\u00b0C<\/p>\n<p><br data-mce-bogus=\"1\"><\/p>\n<p><strong>Lagerf\u00e4higkeit:<\/strong> bis zu 10 Jahre<\/p>\n","protected":false},"excerpt":{"rendered":"<p>18 Monate auf der Hefe gereift. Trocken und frisch mit wunderbar eleganten Perlage. Aromen von duftendem Pfirsich, Kekse und Sahne. <strong>Jugendlich und dynamisch, perfekt f\u00fcr einen Aperitif, Meeresfr\u00fcchten, Aufschnitt, Tempura, cremigen K\u00e4se und Sushi.<\/strong><\/p>\n","protected":false},"featured_media":31232,"template":"","meta":{"_acf_changed":false,"inline_featured_image":false},"product_brand":[],"product_cat":[80],"product_tag":[],"class_list":{"0":"post-31234","1":"product","2":"type-product","3":"status-publish","4":"has-post-thumbnail","6":"product_cat-sekt","8":"first","9":"instock","10":"taxable","11":"shipping-taxable","12":"purchasable","13":"product-type-simple"},"acf":[],"yoast_head":"<!-- This site is optimized with the Yoast SEO plugin v26.4 - https:\/\/yoast.com\/wordpress\/plugins\/seo\/ -->\n<title>Brut Junior - Lieselehof<\/title>\n<meta name=\"robots\" content=\"index, follow, max-snippet:-1, max-image-preview:large, max-video-preview:-1\" \/>\n<link rel=\"canonical\" href=\"https:\/\/lieselehof.com\/de\/wines\/sekt\/brut-junior\/\" \/>\n<meta property=\"og:locale\" content=\"de_DE\" \/>\n<meta property=\"og:type\" content=\"article\" \/>\n<meta property=\"og:title\" content=\"Brut Junior - Lieselehof\" \/>\n<meta property=\"og:description\" content=\"18 Monate auf der Hefe gereift. Trocken und frisch mit wunderbar eleganten Perlage. Aromen von duftendem Pfirsich, Kekse und Sahne. Jugendlich und dynamisch, perfekt f\u00fcr einen Aperitif, Meeresfr\u00fcchten, Aufschnitt, Tempura, cremigen K\u00e4se und Sushi.\" \/>\n<meta property=\"og:url\" content=\"https:\/\/lieselehof.com\/de\/wines\/sekt\/brut-junior\/\" \/>\n<meta property=\"og:site_name\" content=\"Lieselehof\" \/>\n<meta property=\"article:publisher\" content=\"https:\/\/www.facebook.com\/lieselehof\" \/>\n<meta property=\"article:modified_time\" content=\"2025-04-30T15:26:18+00:00\" \/>\n<meta property=\"og:image\" content=\"https:\/\/lieselehof.com\/wp-content\/uploads\/2024\/12\/brut-junior.webp\" \/>\n\t<meta property=\"og:image:width\" content=\"948\" \/>\n\t<meta property=\"og:image:height\" content=\"2560\" \/>\n\t<meta property=\"og:image:type\" content=\"image\/webp\" \/>\n<meta name=\"twitter:card\" content=\"summary_large_image\" \/>\n<meta name=\"twitter:label1\" content=\"Gesch\u00e4tzte Lesezeit\" \/>\n\t<meta name=\"twitter:data1\" content=\"1\u00a0Minute\" \/>\n<script type=\"application\/ld+json\" class=\"yoast-schema-graph\">{\"@context\":\"https:\/\/schema.org\",\"@graph\":[{\"@type\":\"WebPage\",\"@id\":\"https:\/\/lieselehof.com\/de\/wines\/sekt\/brut-junior\/\",\"url\":\"https:\/\/lieselehof.com\/de\/wines\/sekt\/brut-junior\/\",\"name\":\"Brut Junior - Lieselehof\",\"isPartOf\":{\"@id\":\"https:\/\/lieselehof.com\/de\/#website\"},\"primaryImageOfPage\":{\"@id\":\"https:\/\/lieselehof.com\/de\/wines\/sekt\/brut-junior\/#primaryimage\"},\"image\":{\"@id\":\"https:\/\/lieselehof.com\/de\/wines\/sekt\/brut-junior\/#primaryimage\"},\"thumbnailUrl\":\"https:\/\/lieselehof.com\/wp-content\/uploads\/2024\/12\/brut-junior.webp\",\"datePublished\":\"2024-12-11T10:49:53+00:00\",\"dateModified\":\"2025-04-30T15:26:18+00:00\",\"breadcrumb\":{\"@id\":\"https:\/\/lieselehof.com\/de\/wines\/sekt\/brut-junior\/#breadcrumb\"},\"inLanguage\":\"de\",\"potentialAction\":[{\"@type\":\"ReadAction\",\"target\":[\"https:\/\/lieselehof.com\/de\/wines\/sekt\/brut-junior\/\"]}]},{\"@type\":\"ImageObject\",\"inLanguage\":\"de\",\"@id\":\"https:\/\/lieselehof.com\/de\/wines\/sekt\/brut-junior\/#primaryimage\",\"url\":\"https:\/\/lieselehof.com\/wp-content\/uploads\/2024\/12\/brut-junior.webp\",\"contentUrl\":\"https:\/\/lieselehof.com\/wp-content\/uploads\/2024\/12\/brut-junior.webp\",\"width\":948,\"height\":2560},{\"@type\":\"BreadcrumbList\",\"@id\":\"https:\/\/lieselehof.com\/de\/wines\/sekt\/brut-junior\/#breadcrumb\",\"itemListElement\":[{\"@type\":\"ListItem\",\"position\":1,\"name\":\"home\",\"item\":\"https:\/\/lieselehof.com\/de\/\"},{\"@type\":\"ListItem\",\"position\":2,\"name\":\"Weine\",\"item\":\"https:\/\/lieselehof.com\/de\/weine\/\"},{\"@type\":\"ListItem\",\"position\":3,\"name\":\"Sekt\",\"item\":\"https:\/\/lieselehof.com\/de\/kategorie\/sekt\/\"},{\"@type\":\"ListItem\",\"position\":4,\"name\":\"Brut Junior\"}]},{\"@type\":\"WebSite\",\"@id\":\"https:\/\/lieselehof.com\/de\/#website\",\"url\":\"https:\/\/lieselehof.com\/de\/\",\"name\":\"Lieselehof\",\"description\":\"Quality Wines\",\"publisher\":{\"@id\":\"https:\/\/lieselehof.com\/de\/#organization\"},\"potentialAction\":[{\"@type\":\"SearchAction\",\"target\":{\"@type\":\"EntryPoint\",\"urlTemplate\":\"https:\/\/lieselehof.com\/de\/?s={search_term_string}\"},\"query-input\":{\"@type\":\"PropertyValueSpecification\",\"valueRequired\":true,\"valueName\":\"search_term_string\"}}],\"inLanguage\":\"de\"},{\"@type\":\"Organization\",\"@id\":\"https:\/\/lieselehof.com\/de\/#organization\",\"name\":\"Lieselehof\",\"url\":\"https:\/\/lieselehof.com\/de\/\",\"logo\":{\"@type\":\"ImageObject\",\"inLanguage\":\"de\",\"@id\":\"https:\/\/lieselehof.com\/de\/#\/schema\/logo\/image\/\",\"url\":\"https:\/\/lieselehof.com\/wp-content\/uploads\/lieselehof-logo.svg\",\"contentUrl\":\"https:\/\/lieselehof.com\/wp-content\/uploads\/lieselehof-logo.svg\",\"width\":240,\"height\":124,\"caption\":\"Lieselehof\"},\"image\":{\"@id\":\"https:\/\/lieselehof.com\/de\/#\/schema\/logo\/image\/\"},\"sameAs\":[\"https:\/\/www.facebook.com\/lieselehof\",\"https:\/\/www.instagram.com\/lieselehof_tenuta\/\"]}]}<\/script>\n<!-- \/ Yoast SEO plugin. -->","yoast_head_json":{"title":"Brut Junior - Lieselehof","robots":{"index":"index","follow":"follow","max-snippet":"max-snippet:-1","max-image-preview":"max-image-preview:large","max-video-preview":"max-video-preview:-1"},"canonical":"https:\/\/lieselehof.com\/de\/wines\/sekt\/brut-junior\/","og_locale":"de_DE","og_type":"article","og_title":"Brut Junior - Lieselehof","og_description":"18 Monate auf der Hefe gereift. Trocken und frisch mit wunderbar eleganten Perlage. Aromen von duftendem Pfirsich, Kekse und Sahne. Jugendlich und dynamisch, perfekt f\u00fcr einen Aperitif, Meeresfr\u00fcchten, Aufschnitt, Tempura, cremigen K\u00e4se und Sushi.","og_url":"https:\/\/lieselehof.com\/de\/wines\/sekt\/brut-junior\/","og_site_name":"Lieselehof","article_publisher":"https:\/\/www.facebook.com\/lieselehof","article_modified_time":"2025-04-30T15:26:18+00:00","og_image":[{"width":948,"height":2560,"url":"https:\/\/lieselehof.com\/wp-content\/uploads\/2024\/12\/brut-junior.webp","type":"image\/webp"}],"twitter_card":"summary_large_image","twitter_misc":{"Gesch\u00e4tzte Lesezeit":"1\u00a0Minute"},"schema":{"@context":"https:\/\/schema.org","@graph":[{"@type":"WebPage","@id":"https:\/\/lieselehof.com\/de\/wines\/sekt\/brut-junior\/","url":"https:\/\/lieselehof.com\/de\/wines\/sekt\/brut-junior\/","name":"Brut Junior - Lieselehof","isPartOf":{"@id":"https:\/\/lieselehof.com\/de\/#website"},"primaryImageOfPage":{"@id":"https:\/\/lieselehof.com\/de\/wines\/sekt\/brut-junior\/#primaryimage"},"image":{"@id":"https:\/\/lieselehof.com\/de\/wines\/sekt\/brut-junior\/#primaryimage"},"thumbnailUrl":"https:\/\/lieselehof.com\/wp-content\/uploads\/2024\/12\/brut-junior.webp","datePublished":"2024-12-11T10:49:53+00:00","dateModified":"2025-04-30T15:26:18+00:00","breadcrumb":{"@id":"https:\/\/lieselehof.com\/de\/wines\/sekt\/brut-junior\/#breadcrumb"},"inLanguage":"de","potentialAction":[{"@type":"ReadAction","target":["https:\/\/lieselehof.com\/de\/wines\/sekt\/brut-junior\/"]}]},{"@type":"ImageObject","inLanguage":"de","@id":"https:\/\/lieselehof.com\/de\/wines\/sekt\/brut-junior\/#primaryimage","url":"https:\/\/lieselehof.com\/wp-content\/uploads\/2024\/12\/brut-junior.webp","contentUrl":"https:\/\/lieselehof.com\/wp-content\/uploads\/2024\/12\/brut-junior.webp","width":948,"height":2560},{"@type":"BreadcrumbList","@id":"https:\/\/lieselehof.com\/de\/wines\/sekt\/brut-junior\/#breadcrumb","itemListElement":[{"@type":"ListItem","position":1,"name":"home","item":"https:\/\/lieselehof.com\/de\/"},{"@type":"ListItem","position":2,"name":"Weine","item":"https:\/\/lieselehof.com\/de\/weine\/"},{"@type":"ListItem","position":3,"name":"Sekt","item":"https:\/\/lieselehof.com\/de\/kategorie\/sekt\/"},{"@type":"ListItem","position":4,"name":"Brut Junior"}]},{"@type":"WebSite","@id":"https:\/\/lieselehof.com\/de\/#website","url":"https:\/\/lieselehof.com\/de\/","name":"Lieselehof","description":"Quality Wines","publisher":{"@id":"https:\/\/lieselehof.com\/de\/#organization"},"potentialAction":[{"@type":"SearchAction","target":{"@type":"EntryPoint","urlTemplate":"https:\/\/lieselehof.com\/de\/?s={search_term_string}"},"query-input":{"@type":"PropertyValueSpecification","valueRequired":true,"valueName":"search_term_string"}}],"inLanguage":"de"},{"@type":"Organization","@id":"https:\/\/lieselehof.com\/de\/#organization","name":"Lieselehof","url":"https:\/\/lieselehof.com\/de\/","logo":{"@type":"ImageObject","inLanguage":"de","@id":"https:\/\/lieselehof.com\/de\/#\/schema\/logo\/image\/","url":"https:\/\/lieselehof.com\/wp-content\/uploads\/lieselehof-logo.svg","contentUrl":"https:\/\/lieselehof.com\/wp-content\/uploads\/lieselehof-logo.svg","width":240,"height":124,"caption":"Lieselehof"},"image":{"@id":"https:\/\/lieselehof.com\/de\/#\/schema\/logo\/image\/"},"sameAs":["https:\/\/www.facebook.com\/lieselehof","https:\/\/www.instagram.com\/lieselehof_tenuta\/"]}]}},"jetpack_sharing_enabled":true,"_links":{"self":[{"href":"https:\/\/lieselehof.com\/de\/wp-json\/wp\/v2\/product\/31234","targetHints":{"allow":["GET"]}}],"collection":[{"href":"https:\/\/lieselehof.com\/de\/wp-json\/wp\/v2\/product"}],"about":[{"href":"https:\/\/lieselehof.com\/de\/wp-json\/wp\/v2\/types\/product"}],"version-history":[{"count":5,"href":"https:\/\/lieselehof.com\/de\/wp-json\/wp\/v2\/product\/31234\/revisions"}],"predecessor-version":[{"id":31353,"href":"https:\/\/lieselehof.com\/de\/wp-json\/wp\/v2\/product\/31234\/revisions\/31353"}],"wp:featuredmedia":[{"embeddable":true,"href":"https:\/\/lieselehof.com\/de\/wp-json\/wp\/v2\/media\/31232"}],"wp:attachment":[{"href":"https:\/\/lieselehof.com\/de\/wp-json\/wp\/v2\/media?parent=31234"}],"wp:term":[{"taxonomy":"product_brand","embeddable":true,"href":"https:\/\/lieselehof.com\/de\/wp-json\/wp\/v2\/product_brand?post=31234"},{"taxonomy":"product_cat","embeddable":true,"href":"https:\/\/lieselehof.com\/de\/wp-json\/wp\/v2\/product_cat?post=31234"},{"taxonomy":"product_tag","embeddable":true,"href":"https:\/\/lieselehof.com\/de\/wp-json\/wp\/v2\/product_tag?post=31234"}],"curies":[{"name":"wp","href":"https:\/\/api.w.org\/{rel}","templated":true}]}}