{"id":31225,"date":"2024-12-11T10:33:31","date_gmt":"2024-12-11T09:33:31","guid":{"rendered":"https:\/\/lieselehof.com\/?post_type=product&#038;p=31225"},"modified":"2025-04-30T17:26:42","modified_gmt":"2025-04-30T15:26:42","slug":"pinot-noir-rose-forget-me-not","status":"publish","type":"product","link":"https:\/\/lieselehof.com\/de\/wines\/classic\/pinot-noir-rose-forget-me-not\/","title":{"rendered":"Pinot Noir Ros\u00e8 Forget Me Not"},"content":{"rendered":"<p><strong>Herkunft:<\/strong> 60 % Souvignier gris, diese Rebe ist das Ergebnis einer zweihundertj\u00e4hrigen Kreuzungsarbeit, die von einem Dutzend Landwirtschaftsinstituten und Universit\u00e4ten in Europa durchgef\u00fchrt wurde. Die Eltern sind Seyval x Z\u00e4hringer. Es handelt sich um Piwi-Qualit\u00e4t. Souvignier gris ist gegen Pilzkrankheiten resistent, in normalen Jahren muss die Rebe nicht behandelt werden. 40 % der Trauben sind Blauburgunder (Pinot noir).<\/p>\n<p>&nbsp;<\/p>\n<p><strong>Wachstum:<\/strong> stark und vertikal, sowohl f\u00fcr den Souvignier gris als auch f\u00fcr den Pinot noir<\/p>\n<p>&nbsp;<\/p>\n<p><strong>Ertrag:<\/strong> Um die Qualit\u00e4t des Weines zu verbessern, darf die Rebenlast beim Souvignier gris 1,8 kg und beim Pinot noir 1,5 kg pro Pflanze nicht \u00fcberschreiten. Mit dieser Erntemenge sind wir in der Lage, einen Wein von au\u00dfergew\u00f6hnlicher Qualit\u00e4t zu erzeugen.<\/p>\n<p>&nbsp;<\/p>\n<p><strong>Reifung:<\/strong> Der Souvignier gris reift eine Woche nach dem Blauburgunder. Der reift mit dem Wei\u00dfburgunder und Chardonnay.<\/p>\n<p>&nbsp;<\/p>\n<p><strong>Zucker:<\/strong> 18\u00b0 &#8211; 19\u00b0 KMW (90 \u2013 95 \u00d6chsle)<\/p>\n<p>&nbsp;<\/p>\n<p><strong>Wein:<\/strong> Das Bouquet ist s\u00fc\u00df und fruchtig mit Aromen von Kirschen und Erdbeeren, Himbeere und Preiselbeere. Am Gaumen gehen elegante Frische und Weichheit Hand in Hand.<\/p>\n<p>&nbsp;<\/p>\n<p><strong>Speissebegleiter:<\/strong> Jung und dynamisch, fruchtig, perfekt als Aperitif. Zu Pizza, ausgezeichnet zu Fischvorspeisen, zu reichen, aber delikaten Gerichten wie Risotto, zu einigen Wurstwaren, zu wei\u00dfem Fleisch, Gem\u00fcsegerichten, aber auch zu Desserts mit Obst.<\/p>\n<p>&nbsp;<\/p>\n<p><strong>Serviertemperatur:<\/strong> 10\u00b0C in der kalten Jahreszeit 12\u00b0C<\/p>\n<p>&nbsp;<\/p>\n<p><strong>Lagerf\u00e4higkeit:<\/strong> 3 Jahre<\/p>\n","protected":false},"excerpt":{"rendered":"<p>Ein wundersch\u00f6ner, zarter und eleganter Pinot Noir Ros\u00e9 mit den klassischen, ansprechenden Aromen von Kirschen, Erdbeeren, Himbeeren und Preiselbeeren. Mit nur 12 % Alkohol l\u00e4dt dieser frische Pinot Noir immer dazu ein, noch ein Glas zu trinken. <strong>Perfekt f\u00fcr einen Aperitif einige leichte Vorspeisen und mediterrane Gerichte.<\/strong><\/p>\n","protected":false},"featured_media":31222,"template":"","meta":{"_acf_changed":false,"inline_featured_image":false},"product_brand":[],"product_cat":[85],"product_tag":[],"class_list":{"0":"post-31225","1":"product","2":"type-product","3":"status-publish","4":"has-post-thumbnail","6":"product_cat-classic","8":"first","9":"instock","10":"taxable","11":"shipping-taxable","12":"purchasable","13":"product-type-simple"},"acf":[],"yoast_head":"<!-- This site is optimized with the Yoast SEO plugin v26.4 - https:\/\/yoast.com\/wordpress\/plugins\/seo\/ -->\n<title>Pinot Noir Ros\u00e8 Forget Me Not - Lieselehof<\/title>\n<meta name=\"robots\" content=\"index, follow, max-snippet:-1, max-image-preview:large, max-video-preview:-1\" \/>\n<link rel=\"canonical\" href=\"https:\/\/lieselehof.com\/de\/wines\/classic\/pinot-noir-rose-forget-me-not\/\" \/>\n<meta property=\"og:locale\" content=\"de_DE\" \/>\n<meta property=\"og:type\" content=\"article\" \/>\n<meta property=\"og:title\" content=\"Pinot Noir Ros\u00e8 Forget Me Not - Lieselehof\" \/>\n<meta property=\"og:description\" content=\"Ein wundersch\u00f6ner, zarter und eleganter Pinot Noir Ros\u00e9 mit den klassischen, ansprechenden Aromen von Kirschen, Erdbeeren, Himbeeren und Preiselbeeren. Mit nur 12 % Alkohol l\u00e4dt dieser frische Pinot Noir immer dazu ein, noch ein Glas zu trinken. Perfekt f\u00fcr einen Aperitif einige leichte Vorspeisen und mediterrane Gerichte.\" \/>\n<meta property=\"og:url\" content=\"https:\/\/lieselehof.com\/de\/wines\/classic\/pinot-noir-rose-forget-me-not\/\" \/>\n<meta property=\"og:site_name\" content=\"Lieselehof\" \/>\n<meta property=\"article:publisher\" content=\"https:\/\/www.facebook.com\/lieselehof\" \/>\n<meta property=\"article:modified_time\" content=\"2025-04-30T15:26:42+00:00\" \/>\n<meta property=\"og:image\" content=\"https:\/\/lieselehof.com\/wp-content\/uploads\/2024\/12\/pinot-noir-rose-forget-me-not.webp\" \/>\n\t<meta property=\"og:image:width\" content=\"948\" \/>\n\t<meta property=\"og:image:height\" content=\"2560\" \/>\n\t<meta property=\"og:image:type\" content=\"image\/webp\" \/>\n<meta name=\"twitter:card\" content=\"summary_large_image\" \/>\n<meta name=\"twitter:label1\" content=\"Gesch\u00e4tzte Lesezeit\" \/>\n\t<meta name=\"twitter:data1\" content=\"1\u00a0Minute\" \/>\n<script type=\"application\/ld+json\" class=\"yoast-schema-graph\">{\"@context\":\"https:\/\/schema.org\",\"@graph\":[{\"@type\":\"WebPage\",\"@id\":\"https:\/\/lieselehof.com\/de\/wines\/classic\/pinot-noir-rose-forget-me-not\/\",\"url\":\"https:\/\/lieselehof.com\/de\/wines\/classic\/pinot-noir-rose-forget-me-not\/\",\"name\":\"Pinot Noir Ros\u00e8 Forget Me Not - Lieselehof\",\"isPartOf\":{\"@id\":\"https:\/\/lieselehof.com\/de\/#website\"},\"primaryImageOfPage\":{\"@id\":\"https:\/\/lieselehof.com\/de\/wines\/classic\/pinot-noir-rose-forget-me-not\/#primaryimage\"},\"image\":{\"@id\":\"https:\/\/lieselehof.com\/de\/wines\/classic\/pinot-noir-rose-forget-me-not\/#primaryimage\"},\"thumbnailUrl\":\"https:\/\/lieselehof.com\/wp-content\/uploads\/2024\/12\/pinot-noir-rose-forget-me-not.webp\",\"datePublished\":\"2024-12-11T09:33:31+00:00\",\"dateModified\":\"2025-04-30T15:26:42+00:00\",\"breadcrumb\":{\"@id\":\"https:\/\/lieselehof.com\/de\/wines\/classic\/pinot-noir-rose-forget-me-not\/#breadcrumb\"},\"inLanguage\":\"de\",\"potentialAction\":[{\"@type\":\"ReadAction\",\"target\":[\"https:\/\/lieselehof.com\/de\/wines\/classic\/pinot-noir-rose-forget-me-not\/\"]}]},{\"@type\":\"ImageObject\",\"inLanguage\":\"de\",\"@id\":\"https:\/\/lieselehof.com\/de\/wines\/classic\/pinot-noir-rose-forget-me-not\/#primaryimage\",\"url\":\"https:\/\/lieselehof.com\/wp-content\/uploads\/2024\/12\/pinot-noir-rose-forget-me-not.webp\",\"contentUrl\":\"https:\/\/lieselehof.com\/wp-content\/uploads\/2024\/12\/pinot-noir-rose-forget-me-not.webp\",\"width\":948,\"height\":2560},{\"@type\":\"BreadcrumbList\",\"@id\":\"https:\/\/lieselehof.com\/de\/wines\/classic\/pinot-noir-rose-forget-me-not\/#breadcrumb\",\"itemListElement\":[{\"@type\":\"ListItem\",\"position\":1,\"name\":\"home\",\"item\":\"https:\/\/lieselehof.com\/de\/\"},{\"@type\":\"ListItem\",\"position\":2,\"name\":\"Weine\",\"item\":\"https:\/\/lieselehof.com\/de\/weine\/\"},{\"@type\":\"ListItem\",\"position\":3,\"name\":\"Classic\",\"item\":\"https:\/\/lieselehof.com\/de\/kategorie\/classic\/\"},{\"@type\":\"ListItem\",\"position\":4,\"name\":\"Pinot Noir Ros\u00e8 Forget Me Not\"}]},{\"@type\":\"WebSite\",\"@id\":\"https:\/\/lieselehof.com\/de\/#website\",\"url\":\"https:\/\/lieselehof.com\/de\/\",\"name\":\"Lieselehof\",\"description\":\"Quality Wines\",\"publisher\":{\"@id\":\"https:\/\/lieselehof.com\/de\/#organization\"},\"potentialAction\":[{\"@type\":\"SearchAction\",\"target\":{\"@type\":\"EntryPoint\",\"urlTemplate\":\"https:\/\/lieselehof.com\/de\/?s={search_term_string}\"},\"query-input\":{\"@type\":\"PropertyValueSpecification\",\"valueRequired\":true,\"valueName\":\"search_term_string\"}}],\"inLanguage\":\"de\"},{\"@type\":\"Organization\",\"@id\":\"https:\/\/lieselehof.com\/de\/#organization\",\"name\":\"Lieselehof\",\"url\":\"https:\/\/lieselehof.com\/de\/\",\"logo\":{\"@type\":\"ImageObject\",\"inLanguage\":\"de\",\"@id\":\"https:\/\/lieselehof.com\/de\/#\/schema\/logo\/image\/\",\"url\":\"https:\/\/lieselehof.com\/wp-content\/uploads\/lieselehof-logo.svg\",\"contentUrl\":\"https:\/\/lieselehof.com\/wp-content\/uploads\/lieselehof-logo.svg\",\"width\":240,\"height\":124,\"caption\":\"Lieselehof\"},\"image\":{\"@id\":\"https:\/\/lieselehof.com\/de\/#\/schema\/logo\/image\/\"},\"sameAs\":[\"https:\/\/www.facebook.com\/lieselehof\",\"https:\/\/www.instagram.com\/lieselehof_tenuta\/\"]}]}<\/script>\n<!-- \/ Yoast SEO plugin. -->","yoast_head_json":{"title":"Pinot Noir Ros\u00e8 Forget Me Not - Lieselehof","robots":{"index":"index","follow":"follow","max-snippet":"max-snippet:-1","max-image-preview":"max-image-preview:large","max-video-preview":"max-video-preview:-1"},"canonical":"https:\/\/lieselehof.com\/de\/wines\/classic\/pinot-noir-rose-forget-me-not\/","og_locale":"de_DE","og_type":"article","og_title":"Pinot Noir Ros\u00e8 Forget Me Not - Lieselehof","og_description":"Ein wundersch\u00f6ner, zarter und eleganter Pinot Noir Ros\u00e9 mit den klassischen, ansprechenden Aromen von Kirschen, Erdbeeren, Himbeeren und Preiselbeeren. Mit nur 12 % Alkohol l\u00e4dt dieser frische Pinot Noir immer dazu ein, noch ein Glas zu trinken. Perfekt f\u00fcr einen Aperitif einige leichte Vorspeisen und mediterrane Gerichte.","og_url":"https:\/\/lieselehof.com\/de\/wines\/classic\/pinot-noir-rose-forget-me-not\/","og_site_name":"Lieselehof","article_publisher":"https:\/\/www.facebook.com\/lieselehof","article_modified_time":"2025-04-30T15:26:42+00:00","og_image":[{"width":948,"height":2560,"url":"https:\/\/lieselehof.com\/wp-content\/uploads\/2024\/12\/pinot-noir-rose-forget-me-not.webp","type":"image\/webp"}],"twitter_card":"summary_large_image","twitter_misc":{"Gesch\u00e4tzte Lesezeit":"1\u00a0Minute"},"schema":{"@context":"https:\/\/schema.org","@graph":[{"@type":"WebPage","@id":"https:\/\/lieselehof.com\/de\/wines\/classic\/pinot-noir-rose-forget-me-not\/","url":"https:\/\/lieselehof.com\/de\/wines\/classic\/pinot-noir-rose-forget-me-not\/","name":"Pinot Noir Ros\u00e8 Forget Me Not - Lieselehof","isPartOf":{"@id":"https:\/\/lieselehof.com\/de\/#website"},"primaryImageOfPage":{"@id":"https:\/\/lieselehof.com\/de\/wines\/classic\/pinot-noir-rose-forget-me-not\/#primaryimage"},"image":{"@id":"https:\/\/lieselehof.com\/de\/wines\/classic\/pinot-noir-rose-forget-me-not\/#primaryimage"},"thumbnailUrl":"https:\/\/lieselehof.com\/wp-content\/uploads\/2024\/12\/pinot-noir-rose-forget-me-not.webp","datePublished":"2024-12-11T09:33:31+00:00","dateModified":"2025-04-30T15:26:42+00:00","breadcrumb":{"@id":"https:\/\/lieselehof.com\/de\/wines\/classic\/pinot-noir-rose-forget-me-not\/#breadcrumb"},"inLanguage":"de","potentialAction":[{"@type":"ReadAction","target":["https:\/\/lieselehof.com\/de\/wines\/classic\/pinot-noir-rose-forget-me-not\/"]}]},{"@type":"ImageObject","inLanguage":"de","@id":"https:\/\/lieselehof.com\/de\/wines\/classic\/pinot-noir-rose-forget-me-not\/#primaryimage","url":"https:\/\/lieselehof.com\/wp-content\/uploads\/2024\/12\/pinot-noir-rose-forget-me-not.webp","contentUrl":"https:\/\/lieselehof.com\/wp-content\/uploads\/2024\/12\/pinot-noir-rose-forget-me-not.webp","width":948,"height":2560},{"@type":"BreadcrumbList","@id":"https:\/\/lieselehof.com\/de\/wines\/classic\/pinot-noir-rose-forget-me-not\/#breadcrumb","itemListElement":[{"@type":"ListItem","position":1,"name":"home","item":"https:\/\/lieselehof.com\/de\/"},{"@type":"ListItem","position":2,"name":"Weine","item":"https:\/\/lieselehof.com\/de\/weine\/"},{"@type":"ListItem","position":3,"name":"Classic","item":"https:\/\/lieselehof.com\/de\/kategorie\/classic\/"},{"@type":"ListItem","position":4,"name":"Pinot Noir Ros\u00e8 Forget Me Not"}]},{"@type":"WebSite","@id":"https:\/\/lieselehof.com\/de\/#website","url":"https:\/\/lieselehof.com\/de\/","name":"Lieselehof","description":"Quality Wines","publisher":{"@id":"https:\/\/lieselehof.com\/de\/#organization"},"potentialAction":[{"@type":"SearchAction","target":{"@type":"EntryPoint","urlTemplate":"https:\/\/lieselehof.com\/de\/?s={search_term_string}"},"query-input":{"@type":"PropertyValueSpecification","valueRequired":true,"valueName":"search_term_string"}}],"inLanguage":"de"},{"@type":"Organization","@id":"https:\/\/lieselehof.com\/de\/#organization","name":"Lieselehof","url":"https:\/\/lieselehof.com\/de\/","logo":{"@type":"ImageObject","inLanguage":"de","@id":"https:\/\/lieselehof.com\/de\/#\/schema\/logo\/image\/","url":"https:\/\/lieselehof.com\/wp-content\/uploads\/lieselehof-logo.svg","contentUrl":"https:\/\/lieselehof.com\/wp-content\/uploads\/lieselehof-logo.svg","width":240,"height":124,"caption":"Lieselehof"},"image":{"@id":"https:\/\/lieselehof.com\/de\/#\/schema\/logo\/image\/"},"sameAs":["https:\/\/www.facebook.com\/lieselehof","https:\/\/www.instagram.com\/lieselehof_tenuta\/"]}]}},"jetpack_sharing_enabled":true,"_links":{"self":[{"href":"https:\/\/lieselehof.com\/de\/wp-json\/wp\/v2\/product\/31225","targetHints":{"allow":["GET"]}}],"collection":[{"href":"https:\/\/lieselehof.com\/de\/wp-json\/wp\/v2\/product"}],"about":[{"href":"https:\/\/lieselehof.com\/de\/wp-json\/wp\/v2\/types\/product"}],"version-history":[{"count":2,"href":"https:\/\/lieselehof.com\/de\/wp-json\/wp\/v2\/product\/31225\/revisions"}],"predecessor-version":[{"id":31349,"href":"https:\/\/lieselehof.com\/de\/wp-json\/wp\/v2\/product\/31225\/revisions\/31349"}],"wp:featuredmedia":[{"embeddable":true,"href":"https:\/\/lieselehof.com\/de\/wp-json\/wp\/v2\/media\/31222"}],"wp:attachment":[{"href":"https:\/\/lieselehof.com\/de\/wp-json\/wp\/v2\/media?parent=31225"}],"wp:term":[{"taxonomy":"product_brand","embeddable":true,"href":"https:\/\/lieselehof.com\/de\/wp-json\/wp\/v2\/product_brand?post=31225"},{"taxonomy":"product_cat","embeddable":true,"href":"https:\/\/lieselehof.com\/de\/wp-json\/wp\/v2\/product_cat?post=31225"},{"taxonomy":"product_tag","embeddable":true,"href":"https:\/\/lieselehof.com\/de\/wp-json\/wp\/v2\/product_tag?post=31225"}],"curies":[{"name":"wp","href":"https:\/\/api.w.org\/{rel}","templated":true}]}}