{"id":31218,"date":"2024-12-11T10:21:58","date_gmt":"2024-12-11T09:21:58","guid":{"rendered":"https:\/\/lieselehof.com\/wines\/unkategorisiert\/lagrein-gamsbluat\/"},"modified":"2025-04-30T17:27:07","modified_gmt":"2025-04-30T15:27:07","slug":"lagrein-gamsbluat","status":"publish","type":"product","link":"https:\/\/lieselehof.com\/de\/wines\/classic\/lagrein-gamsbluat\/","title":{"rendered":"Lagrein Gamsbluat"},"content":{"rendered":"<p><strong>Herkunft:<\/strong> Lagrein ist eine autochthone S\u00fcdtiroler Rebsorte. Die bevorzugten B\u00f6den der Rebe sind kalkhaltig-lehmige B\u00f6den mit kiesigem Untergrund in der N\u00e4he des Kalterer Sees.<\/p>\n<p>&nbsp;<\/p>\n<p><strong>Entwicklung:<\/strong> kr\u00e4ftiger Wuchs, erst vertikal, aber wenn die Triebe einen Meter \u00fcberschreiten, biegen sie sich und legen sich hin.<\/p>\n<p>&nbsp;<\/p>\n<p><strong>Ertrag:<\/strong> Pro Trieb gibt es zwei mittelgro\u00dfe Trauben. Um absolute Qualit\u00e4tsweine zu erzeugen, darf die Rebenbelastung 1,8 Kilogramm pro Stock, nicht \u00fcberschreiten.<\/p>\n<p>&nbsp;<\/p>\n<p><strong>Wuchs:<\/strong> mittelhoch.<\/p>\n<p>&nbsp;<\/p>\n<p><strong>Reife:<\/strong> sp\u00e4t, kurz vor Cabernet Sauvignon<\/p>\n<p>&nbsp;<\/p>\n<p><strong>Mostgewicht (Zuckergehalt):<\/strong> 19\u00b0 &#8211; 20\u00b0 KMW (90-100 \u00d6chsle)<\/p>\n<p>&nbsp;<\/p>\n<p><strong>Wein:<\/strong> Das Bouquet ist intensiv. Lagrein hat s\u00fc\u00dfe Noten von dunklen Fr\u00fcchten, Pilzen und Unterholz, au\u00dferdem mit Ankl\u00e4ngen von Schokolade und Kakao. Er ist vollmundig, sehr lebendig mit w\u00fcrzigen Noten und samtigen Tanninen. Pfeffer und Lakritz sind ebenfalls sehr pr\u00e4sent, werden jedoch von einer warmen Frucht begleitet, die den gesamten Mund umh\u00fcllt.<\/p>\n<p>&nbsp;<\/p>\n<p><strong>Speisenbegleiter:<\/strong> Gut zu K\u00e4se und vielen Fleischsorten, von Wild bis Schweinebraten. Durch seine pfeffrige Note passt dieser Wein auch gut zu typischen Tiroler Gerichten, wie beispielsweise Speck- oder Speckkn\u00f6deln oder Sauerkraut mit Speck und Rippchen.<\/p>\n<p>&nbsp;<\/p>\n<p><strong>Serviertemperatur:<\/strong> 18\u00b0C in der kalten Jahreszeit 19\u00b0C<\/p>\n<p>&nbsp;<\/p>\n<p><strong>Lagerf\u00e4higkeit:<\/strong> 8 Jahre<\/p>\n","protected":false},"excerpt":{"rendered":"<p>Reichhaltig, dunkel und fruchtig. Aromen von Schwarzkirsche, Brombeere und Pflaume. Noten von schwarzem Pfeffer, Nelken, Tabak, und hochwertigem Leder.   <strong>Passt perfekt zu Fleischspezialit\u00e4ten, Wild, Aufschnitt und gereiftem K\u00e4se.<\/strong><\/p>\n","protected":false},"featured_media":31265,"template":"","meta":{"_acf_changed":false,"inline_featured_image":false},"product_brand":[],"product_cat":[85],"product_tag":[],"class_list":{"0":"post-31218","1":"product","2":"type-product","3":"status-publish","4":"has-post-thumbnail","6":"product_cat-classic","8":"first","9":"instock","10":"taxable","11":"shipping-taxable","12":"purchasable","13":"product-type-simple"},"acf":[],"yoast_head":"<!-- This site is optimized with the Yoast SEO plugin v26.4 - https:\/\/yoast.com\/wordpress\/plugins\/seo\/ -->\n<title>Lagrein Gamsbluat - Lieselehof<\/title>\n<meta name=\"robots\" content=\"index, follow, max-snippet:-1, max-image-preview:large, max-video-preview:-1\" \/>\n<link rel=\"canonical\" href=\"https:\/\/lieselehof.com\/de\/wines\/classic\/lagrein-gamsbluat\/\" \/>\n<meta property=\"og:locale\" content=\"de_DE\" \/>\n<meta property=\"og:type\" content=\"article\" \/>\n<meta property=\"og:title\" content=\"Lagrein Gamsbluat - Lieselehof\" \/>\n<meta property=\"og:description\" content=\"Reichhaltig, dunkel und fruchtig. Aromen von Schwarzkirsche, Brombeere und Pflaume. Noten von schwarzem Pfeffer, Nelken, Tabak, und hochwertigem Leder.  Passt perfekt zu Fleischspezialit\u00e4ten, Wild, Aufschnitt und gereiftem K\u00e4se.\" \/>\n<meta property=\"og:url\" content=\"https:\/\/lieselehof.com\/de\/wines\/classic\/lagrein-gamsbluat\/\" \/>\n<meta property=\"og:site_name\" content=\"Lieselehof\" \/>\n<meta property=\"article:publisher\" content=\"https:\/\/www.facebook.com\/lieselehof\" \/>\n<meta property=\"article:modified_time\" content=\"2025-04-30T15:27:07+00:00\" \/>\n<meta property=\"og:image\" content=\"https:\/\/lieselehof.com\/wp-content\/uploads\/2024\/12\/gamsbluat-retouschiert.webp\" \/>\n\t<meta property=\"og:image:width\" content=\"948\" \/>\n\t<meta property=\"og:image:height\" content=\"2560\" \/>\n\t<meta property=\"og:image:type\" content=\"image\/webp\" \/>\n<meta name=\"twitter:card\" content=\"summary_large_image\" \/>\n<meta name=\"twitter:label1\" content=\"Gesch\u00e4tzte Lesezeit\" \/>\n\t<meta name=\"twitter:data1\" content=\"1\u00a0Minute\" \/>\n<script type=\"application\/ld+json\" class=\"yoast-schema-graph\">{\"@context\":\"https:\/\/schema.org\",\"@graph\":[{\"@type\":\"WebPage\",\"@id\":\"https:\/\/lieselehof.com\/de\/wines\/classic\/lagrein-gamsbluat\/\",\"url\":\"https:\/\/lieselehof.com\/de\/wines\/classic\/lagrein-gamsbluat\/\",\"name\":\"Lagrein Gamsbluat - Lieselehof\",\"isPartOf\":{\"@id\":\"https:\/\/lieselehof.com\/de\/#website\"},\"primaryImageOfPage\":{\"@id\":\"https:\/\/lieselehof.com\/de\/wines\/classic\/lagrein-gamsbluat\/#primaryimage\"},\"image\":{\"@id\":\"https:\/\/lieselehof.com\/de\/wines\/classic\/lagrein-gamsbluat\/#primaryimage\"},\"thumbnailUrl\":\"https:\/\/lieselehof.com\/wp-content\/uploads\/2024\/12\/gamsbluat-retouschiert.webp\",\"datePublished\":\"2024-12-11T09:21:58+00:00\",\"dateModified\":\"2025-04-30T15:27:07+00:00\",\"breadcrumb\":{\"@id\":\"https:\/\/lieselehof.com\/de\/wines\/classic\/lagrein-gamsbluat\/#breadcrumb\"},\"inLanguage\":\"de\",\"potentialAction\":[{\"@type\":\"ReadAction\",\"target\":[\"https:\/\/lieselehof.com\/de\/wines\/classic\/lagrein-gamsbluat\/\"]}]},{\"@type\":\"ImageObject\",\"inLanguage\":\"de\",\"@id\":\"https:\/\/lieselehof.com\/de\/wines\/classic\/lagrein-gamsbluat\/#primaryimage\",\"url\":\"https:\/\/lieselehof.com\/wp-content\/uploads\/2024\/12\/gamsbluat-retouschiert.webp\",\"contentUrl\":\"https:\/\/lieselehof.com\/wp-content\/uploads\/2024\/12\/gamsbluat-retouschiert.webp\",\"width\":948,\"height\":2560},{\"@type\":\"BreadcrumbList\",\"@id\":\"https:\/\/lieselehof.com\/de\/wines\/classic\/lagrein-gamsbluat\/#breadcrumb\",\"itemListElement\":[{\"@type\":\"ListItem\",\"position\":1,\"name\":\"home\",\"item\":\"https:\/\/lieselehof.com\/de\/\"},{\"@type\":\"ListItem\",\"position\":2,\"name\":\"Weine\",\"item\":\"https:\/\/lieselehof.com\/de\/weine\/\"},{\"@type\":\"ListItem\",\"position\":3,\"name\":\"Classic\",\"item\":\"https:\/\/lieselehof.com\/de\/kategorie\/classic\/\"},{\"@type\":\"ListItem\",\"position\":4,\"name\":\"Lagrein Gamsbluat\"}]},{\"@type\":\"WebSite\",\"@id\":\"https:\/\/lieselehof.com\/de\/#website\",\"url\":\"https:\/\/lieselehof.com\/de\/\",\"name\":\"Lieselehof\",\"description\":\"Quality Wines\",\"publisher\":{\"@id\":\"https:\/\/lieselehof.com\/de\/#organization\"},\"potentialAction\":[{\"@type\":\"SearchAction\",\"target\":{\"@type\":\"EntryPoint\",\"urlTemplate\":\"https:\/\/lieselehof.com\/de\/?s={search_term_string}\"},\"query-input\":{\"@type\":\"PropertyValueSpecification\",\"valueRequired\":true,\"valueName\":\"search_term_string\"}}],\"inLanguage\":\"de\"},{\"@type\":\"Organization\",\"@id\":\"https:\/\/lieselehof.com\/de\/#organization\",\"name\":\"Lieselehof\",\"url\":\"https:\/\/lieselehof.com\/de\/\",\"logo\":{\"@type\":\"ImageObject\",\"inLanguage\":\"de\",\"@id\":\"https:\/\/lieselehof.com\/de\/#\/schema\/logo\/image\/\",\"url\":\"https:\/\/lieselehof.com\/wp-content\/uploads\/lieselehof-logo.svg\",\"contentUrl\":\"https:\/\/lieselehof.com\/wp-content\/uploads\/lieselehof-logo.svg\",\"width\":240,\"height\":124,\"caption\":\"Lieselehof\"},\"image\":{\"@id\":\"https:\/\/lieselehof.com\/de\/#\/schema\/logo\/image\/\"},\"sameAs\":[\"https:\/\/www.facebook.com\/lieselehof\",\"https:\/\/www.instagram.com\/lieselehof_tenuta\/\"]}]}<\/script>\n<!-- \/ Yoast SEO plugin. -->","yoast_head_json":{"title":"Lagrein Gamsbluat - Lieselehof","robots":{"index":"index","follow":"follow","max-snippet":"max-snippet:-1","max-image-preview":"max-image-preview:large","max-video-preview":"max-video-preview:-1"},"canonical":"https:\/\/lieselehof.com\/de\/wines\/classic\/lagrein-gamsbluat\/","og_locale":"de_DE","og_type":"article","og_title":"Lagrein Gamsbluat - Lieselehof","og_description":"Reichhaltig, dunkel und fruchtig. Aromen von Schwarzkirsche, Brombeere und Pflaume. Noten von schwarzem Pfeffer, Nelken, Tabak, und hochwertigem Leder.  Passt perfekt zu Fleischspezialit\u00e4ten, Wild, Aufschnitt und gereiftem K\u00e4se.","og_url":"https:\/\/lieselehof.com\/de\/wines\/classic\/lagrein-gamsbluat\/","og_site_name":"Lieselehof","article_publisher":"https:\/\/www.facebook.com\/lieselehof","article_modified_time":"2025-04-30T15:27:07+00:00","og_image":[{"width":948,"height":2560,"url":"https:\/\/lieselehof.com\/wp-content\/uploads\/2024\/12\/gamsbluat-retouschiert.webp","type":"image\/webp"}],"twitter_card":"summary_large_image","twitter_misc":{"Gesch\u00e4tzte Lesezeit":"1\u00a0Minute"},"schema":{"@context":"https:\/\/schema.org","@graph":[{"@type":"WebPage","@id":"https:\/\/lieselehof.com\/de\/wines\/classic\/lagrein-gamsbluat\/","url":"https:\/\/lieselehof.com\/de\/wines\/classic\/lagrein-gamsbluat\/","name":"Lagrein Gamsbluat - Lieselehof","isPartOf":{"@id":"https:\/\/lieselehof.com\/de\/#website"},"primaryImageOfPage":{"@id":"https:\/\/lieselehof.com\/de\/wines\/classic\/lagrein-gamsbluat\/#primaryimage"},"image":{"@id":"https:\/\/lieselehof.com\/de\/wines\/classic\/lagrein-gamsbluat\/#primaryimage"},"thumbnailUrl":"https:\/\/lieselehof.com\/wp-content\/uploads\/2024\/12\/gamsbluat-retouschiert.webp","datePublished":"2024-12-11T09:21:58+00:00","dateModified":"2025-04-30T15:27:07+00:00","breadcrumb":{"@id":"https:\/\/lieselehof.com\/de\/wines\/classic\/lagrein-gamsbluat\/#breadcrumb"},"inLanguage":"de","potentialAction":[{"@type":"ReadAction","target":["https:\/\/lieselehof.com\/de\/wines\/classic\/lagrein-gamsbluat\/"]}]},{"@type":"ImageObject","inLanguage":"de","@id":"https:\/\/lieselehof.com\/de\/wines\/classic\/lagrein-gamsbluat\/#primaryimage","url":"https:\/\/lieselehof.com\/wp-content\/uploads\/2024\/12\/gamsbluat-retouschiert.webp","contentUrl":"https:\/\/lieselehof.com\/wp-content\/uploads\/2024\/12\/gamsbluat-retouschiert.webp","width":948,"height":2560},{"@type":"BreadcrumbList","@id":"https:\/\/lieselehof.com\/de\/wines\/classic\/lagrein-gamsbluat\/#breadcrumb","itemListElement":[{"@type":"ListItem","position":1,"name":"home","item":"https:\/\/lieselehof.com\/de\/"},{"@type":"ListItem","position":2,"name":"Weine","item":"https:\/\/lieselehof.com\/de\/weine\/"},{"@type":"ListItem","position":3,"name":"Classic","item":"https:\/\/lieselehof.com\/de\/kategorie\/classic\/"},{"@type":"ListItem","position":4,"name":"Lagrein Gamsbluat"}]},{"@type":"WebSite","@id":"https:\/\/lieselehof.com\/de\/#website","url":"https:\/\/lieselehof.com\/de\/","name":"Lieselehof","description":"Quality Wines","publisher":{"@id":"https:\/\/lieselehof.com\/de\/#organization"},"potentialAction":[{"@type":"SearchAction","target":{"@type":"EntryPoint","urlTemplate":"https:\/\/lieselehof.com\/de\/?s={search_term_string}"},"query-input":{"@type":"PropertyValueSpecification","valueRequired":true,"valueName":"search_term_string"}}],"inLanguage":"de"},{"@type":"Organization","@id":"https:\/\/lieselehof.com\/de\/#organization","name":"Lieselehof","url":"https:\/\/lieselehof.com\/de\/","logo":{"@type":"ImageObject","inLanguage":"de","@id":"https:\/\/lieselehof.com\/de\/#\/schema\/logo\/image\/","url":"https:\/\/lieselehof.com\/wp-content\/uploads\/lieselehof-logo.svg","contentUrl":"https:\/\/lieselehof.com\/wp-content\/uploads\/lieselehof-logo.svg","width":240,"height":124,"caption":"Lieselehof"},"image":{"@id":"https:\/\/lieselehof.com\/de\/#\/schema\/logo\/image\/"},"sameAs":["https:\/\/www.facebook.com\/lieselehof","https:\/\/www.instagram.com\/lieselehof_tenuta\/"]}]}},"jetpack_sharing_enabled":true,"_links":{"self":[{"href":"https:\/\/lieselehof.com\/de\/wp-json\/wp\/v2\/product\/31218","targetHints":{"allow":["GET"]}}],"collection":[{"href":"https:\/\/lieselehof.com\/de\/wp-json\/wp\/v2\/product"}],"about":[{"href":"https:\/\/lieselehof.com\/de\/wp-json\/wp\/v2\/types\/product"}],"version-history":[{"count":8,"href":"https:\/\/lieselehof.com\/de\/wp-json\/wp\/v2\/product\/31218\/revisions"}],"predecessor-version":[{"id":31322,"href":"https:\/\/lieselehof.com\/de\/wp-json\/wp\/v2\/product\/31218\/revisions\/31322"}],"wp:featuredmedia":[{"embeddable":true,"href":"https:\/\/lieselehof.com\/de\/wp-json\/wp\/v2\/media\/31265"}],"wp:attachment":[{"href":"https:\/\/lieselehof.com\/de\/wp-json\/wp\/v2\/media?parent=31218"}],"wp:term":[{"taxonomy":"product_brand","embeddable":true,"href":"https:\/\/lieselehof.com\/de\/wp-json\/wp\/v2\/product_brand?post=31218"},{"taxonomy":"product_cat","embeddable":true,"href":"https:\/\/lieselehof.com\/de\/wp-json\/wp\/v2\/product_cat?post=31218"},{"taxonomy":"product_tag","embeddable":true,"href":"https:\/\/lieselehof.com\/de\/wp-json\/wp\/v2\/product_tag?post=31218"}],"curies":[{"name":"wp","href":"https:\/\/api.w.org\/{rel}","templated":true}]}}