{"id":31202,"date":"2024-12-11T09:39:29","date_gmt":"2024-12-11T08:39:29","guid":{"rendered":"https:\/\/lieselehof.com\/wines\/unkategorisiert\/sauvignon-blanc\/"},"modified":"2025-04-30T17:27:32","modified_gmt":"2025-04-30T15:27:32","slug":"sauvignon-blanc","status":"publish","type":"product","link":"https:\/\/lieselehof.com\/de\/wines\/classic\/sauvignon-blanc\/","title":{"rendered":"Sauvignon Blanc"},"content":{"rendered":"<p><strong>Herkunft:<\/strong> Diese alte, aus Frankreich stammende Rebsorte wurde im sp\u00e4ten 19. Jahrhundert in S\u00fcdtirol eingef\u00fchrt. Sauvignon Blanc ist heute eine der f\u00fchrenden Wei\u00dfweinsorten der Region und erfreut sich wachsender Beliebtheit.<\/p>\n<p>&nbsp;<\/p>\n<p><strong>Entwicklung:<\/strong> kr\u00e4ftig und eher vertikal. Mittelsp\u00e4ter Austrieb. Mittlere Bl\u00fcte.<\/p>\n<p>&nbsp;<\/p>\n<p><strong>Ertrag:<\/strong> Pro Trieb gibt es zwei mittelgro\u00dfe Trauben. Um die Qualit\u00e4t des Weines zu steigern, darf die Rebenlast pro Stock 1,5 Kilogramm nicht \u00fcberschreiten. Mit diesem Ertrag sind wir in der Lage, Weine von au\u00dfergew\u00f6hnlicher Qualit\u00e4t zu erzeugen.<\/p>\n<p>&nbsp;<\/p>\n<p><strong>Wuchs:<\/strong> mittelhoch<\/p>\n<p>&nbsp;<\/p>\n<p><strong>Reife:<\/strong> mittel mit Wei\u00dfburgunder und Chardonnay<\/p>\n<p>&nbsp;<\/p>\n<p><strong>Zucker:<\/strong> 18,5\u00b0 &#8211; 19,5\u00b0 KMW (93 \u2013 97 \u00d6chsle)<\/p>\n<p>&nbsp;<\/p>\n<p><strong>Wein:<\/strong> Hier entwickelt er seine typischen Prim\u00e4rfr\u00fcchte wie Stachelbeere, Passionsfrucht, Holunder und schwarze Johannisbeere besonders gut, begleitet von Kr\u00e4uternoten. Mit Weinen, die von frisch, grasig und knackig bis vollmundig und intensiv reichen, ist er eine aufstrebende wei\u00dfe Rebsorte in S\u00fcdtirol.<\/p>\n<p>&nbsp;<\/p>\n<p><strong>Speissenbegleiter:<\/strong> Sauvignon Blanc mit seinen Kr\u00e4uternoten und seiner aromatischen Komplexit\u00e4t passt gut zu w\u00fcrzigen Speisen, Fisch, Schalentieren und Frischk\u00e4se, insbesondere Ziegenk\u00e4se. Auch zur vegetarischen K\u00fcche, zu Spargel sowie zu hellem Fleisch wie Huhn, Pute und Kaninchen.<\/p>\n<p>&nbsp;<\/p>\n<p><strong>Serviertemperatur:<\/strong> 12\u00b0C in der kalten Jahreszeit 13\u00b0C<\/p>\n<p>&nbsp;<\/p>\n<p><strong>Lagerf\u00e4higkeit:<\/strong> 3 Jahre<\/p>\n","protected":false},"excerpt":{"rendered":"<p>Lebhaft knackig und erfrischend mit gro\u00dfartiger Mineralit\u00e4t. Aromen von Passionsfrucht, Stachelbeere und Zitrusfr\u00fcchten.  <strong>Passt sehr gut zu Meeresfr\u00fcchten, leichter Pasta und Spargel.<\/strong><\/p>\n","protected":false},"featured_media":31268,"template":"","meta":{"_acf_changed":false,"inline_featured_image":false},"product_brand":[],"product_cat":[85],"product_tag":[],"class_list":{"0":"post-31202","1":"product","2":"type-product","3":"status-publish","4":"has-post-thumbnail","6":"product_cat-classic","8":"first","9":"outofstock","10":"taxable","11":"shipping-taxable","12":"purchasable","13":"product-type-simple"},"acf":[],"yoast_head":"<!-- This site is optimized with the Yoast SEO plugin v26.4 - https:\/\/yoast.com\/wordpress\/plugins\/seo\/ -->\n<title>Sauvignon Blanc - Lieselehof<\/title>\n<meta name=\"robots\" content=\"index, follow, max-snippet:-1, max-image-preview:large, max-video-preview:-1\" \/>\n<link rel=\"canonical\" href=\"https:\/\/lieselehof.com\/de\/wines\/classic\/sauvignon-blanc\/\" \/>\n<meta property=\"og:locale\" content=\"de_DE\" \/>\n<meta property=\"og:type\" content=\"article\" \/>\n<meta property=\"og:title\" content=\"Sauvignon Blanc - Lieselehof\" \/>\n<meta property=\"og:description\" content=\"Lebhaft knackig und erfrischend mit gro\u00dfartiger Mineralit\u00e4t. Aromen von Passionsfrucht, Stachelbeere und Zitrusfr\u00fcchten. Passt sehr gut zu Meeresfr\u00fcchten, leichter Pasta und Spargel.\" \/>\n<meta property=\"og:url\" content=\"https:\/\/lieselehof.com\/de\/wines\/classic\/sauvignon-blanc\/\" \/>\n<meta property=\"og:site_name\" content=\"Lieselehof\" \/>\n<meta property=\"article:publisher\" content=\"https:\/\/www.facebook.com\/lieselehof\" \/>\n<meta property=\"article:modified_time\" content=\"2025-04-30T15:27:32+00:00\" \/>\n<meta property=\"og:image\" content=\"https:\/\/lieselehof.com\/wp-content\/uploads\/2024\/12\/sauvignon-retouschiert.webp\" \/>\n\t<meta property=\"og:image:width\" content=\"948\" \/>\n\t<meta property=\"og:image:height\" content=\"2560\" \/>\n\t<meta property=\"og:image:type\" content=\"image\/webp\" \/>\n<meta name=\"twitter:card\" content=\"summary_large_image\" \/>\n<meta name=\"twitter:label1\" content=\"Gesch\u00e4tzte Lesezeit\" \/>\n\t<meta name=\"twitter:data1\" content=\"1\u00a0Minute\" \/>\n<script type=\"application\/ld+json\" class=\"yoast-schema-graph\">{\"@context\":\"https:\/\/schema.org\",\"@graph\":[{\"@type\":\"WebPage\",\"@id\":\"https:\/\/lieselehof.com\/de\/wines\/classic\/sauvignon-blanc\/\",\"url\":\"https:\/\/lieselehof.com\/de\/wines\/classic\/sauvignon-blanc\/\",\"name\":\"Sauvignon Blanc - Lieselehof\",\"isPartOf\":{\"@id\":\"https:\/\/lieselehof.com\/de\/#website\"},\"primaryImageOfPage\":{\"@id\":\"https:\/\/lieselehof.com\/de\/wines\/classic\/sauvignon-blanc\/#primaryimage\"},\"image\":{\"@id\":\"https:\/\/lieselehof.com\/de\/wines\/classic\/sauvignon-blanc\/#primaryimage\"},\"thumbnailUrl\":\"https:\/\/lieselehof.com\/wp-content\/uploads\/2024\/12\/sauvignon-retouschiert.webp\",\"datePublished\":\"2024-12-11T08:39:29+00:00\",\"dateModified\":\"2025-04-30T15:27:32+00:00\",\"breadcrumb\":{\"@id\":\"https:\/\/lieselehof.com\/de\/wines\/classic\/sauvignon-blanc\/#breadcrumb\"},\"inLanguage\":\"de\",\"potentialAction\":[{\"@type\":\"ReadAction\",\"target\":[\"https:\/\/lieselehof.com\/de\/wines\/classic\/sauvignon-blanc\/\"]}]},{\"@type\":\"ImageObject\",\"inLanguage\":\"de\",\"@id\":\"https:\/\/lieselehof.com\/de\/wines\/classic\/sauvignon-blanc\/#primaryimage\",\"url\":\"https:\/\/lieselehof.com\/wp-content\/uploads\/2024\/12\/sauvignon-retouschiert.webp\",\"contentUrl\":\"https:\/\/lieselehof.com\/wp-content\/uploads\/2024\/12\/sauvignon-retouschiert.webp\",\"width\":948,\"height\":2560},{\"@type\":\"BreadcrumbList\",\"@id\":\"https:\/\/lieselehof.com\/de\/wines\/classic\/sauvignon-blanc\/#breadcrumb\",\"itemListElement\":[{\"@type\":\"ListItem\",\"position\":1,\"name\":\"home\",\"item\":\"https:\/\/lieselehof.com\/de\/\"},{\"@type\":\"ListItem\",\"position\":2,\"name\":\"Weine\",\"item\":\"https:\/\/lieselehof.com\/de\/weine\/\"},{\"@type\":\"ListItem\",\"position\":3,\"name\":\"Classic\",\"item\":\"https:\/\/lieselehof.com\/de\/kategorie\/classic\/\"},{\"@type\":\"ListItem\",\"position\":4,\"name\":\"Sauvignon Blanc\"}]},{\"@type\":\"WebSite\",\"@id\":\"https:\/\/lieselehof.com\/de\/#website\",\"url\":\"https:\/\/lieselehof.com\/de\/\",\"name\":\"Lieselehof\",\"description\":\"Quality Wines\",\"publisher\":{\"@id\":\"https:\/\/lieselehof.com\/de\/#organization\"},\"potentialAction\":[{\"@type\":\"SearchAction\",\"target\":{\"@type\":\"EntryPoint\",\"urlTemplate\":\"https:\/\/lieselehof.com\/de\/?s={search_term_string}\"},\"query-input\":{\"@type\":\"PropertyValueSpecification\",\"valueRequired\":true,\"valueName\":\"search_term_string\"}}],\"inLanguage\":\"de\"},{\"@type\":\"Organization\",\"@id\":\"https:\/\/lieselehof.com\/de\/#organization\",\"name\":\"Lieselehof\",\"url\":\"https:\/\/lieselehof.com\/de\/\",\"logo\":{\"@type\":\"ImageObject\",\"inLanguage\":\"de\",\"@id\":\"https:\/\/lieselehof.com\/de\/#\/schema\/logo\/image\/\",\"url\":\"https:\/\/lieselehof.com\/wp-content\/uploads\/lieselehof-logo.svg\",\"contentUrl\":\"https:\/\/lieselehof.com\/wp-content\/uploads\/lieselehof-logo.svg\",\"width\":240,\"height\":124,\"caption\":\"Lieselehof\"},\"image\":{\"@id\":\"https:\/\/lieselehof.com\/de\/#\/schema\/logo\/image\/\"},\"sameAs\":[\"https:\/\/www.facebook.com\/lieselehof\",\"https:\/\/www.instagram.com\/lieselehof_tenuta\/\"]}]}<\/script>\n<!-- \/ Yoast SEO plugin. -->","yoast_head_json":{"title":"Sauvignon Blanc - Lieselehof","robots":{"index":"index","follow":"follow","max-snippet":"max-snippet:-1","max-image-preview":"max-image-preview:large","max-video-preview":"max-video-preview:-1"},"canonical":"https:\/\/lieselehof.com\/de\/wines\/classic\/sauvignon-blanc\/","og_locale":"de_DE","og_type":"article","og_title":"Sauvignon Blanc - Lieselehof","og_description":"Lebhaft knackig und erfrischend mit gro\u00dfartiger Mineralit\u00e4t. Aromen von Passionsfrucht, Stachelbeere und Zitrusfr\u00fcchten. Passt sehr gut zu Meeresfr\u00fcchten, leichter Pasta und Spargel.","og_url":"https:\/\/lieselehof.com\/de\/wines\/classic\/sauvignon-blanc\/","og_site_name":"Lieselehof","article_publisher":"https:\/\/www.facebook.com\/lieselehof","article_modified_time":"2025-04-30T15:27:32+00:00","og_image":[{"width":948,"height":2560,"url":"https:\/\/lieselehof.com\/wp-content\/uploads\/2024\/12\/sauvignon-retouschiert.webp","type":"image\/webp"}],"twitter_card":"summary_large_image","twitter_misc":{"Gesch\u00e4tzte Lesezeit":"1\u00a0Minute"},"schema":{"@context":"https:\/\/schema.org","@graph":[{"@type":"WebPage","@id":"https:\/\/lieselehof.com\/de\/wines\/classic\/sauvignon-blanc\/","url":"https:\/\/lieselehof.com\/de\/wines\/classic\/sauvignon-blanc\/","name":"Sauvignon Blanc - Lieselehof","isPartOf":{"@id":"https:\/\/lieselehof.com\/de\/#website"},"primaryImageOfPage":{"@id":"https:\/\/lieselehof.com\/de\/wines\/classic\/sauvignon-blanc\/#primaryimage"},"image":{"@id":"https:\/\/lieselehof.com\/de\/wines\/classic\/sauvignon-blanc\/#primaryimage"},"thumbnailUrl":"https:\/\/lieselehof.com\/wp-content\/uploads\/2024\/12\/sauvignon-retouschiert.webp","datePublished":"2024-12-11T08:39:29+00:00","dateModified":"2025-04-30T15:27:32+00:00","breadcrumb":{"@id":"https:\/\/lieselehof.com\/de\/wines\/classic\/sauvignon-blanc\/#breadcrumb"},"inLanguage":"de","potentialAction":[{"@type":"ReadAction","target":["https:\/\/lieselehof.com\/de\/wines\/classic\/sauvignon-blanc\/"]}]},{"@type":"ImageObject","inLanguage":"de","@id":"https:\/\/lieselehof.com\/de\/wines\/classic\/sauvignon-blanc\/#primaryimage","url":"https:\/\/lieselehof.com\/wp-content\/uploads\/2024\/12\/sauvignon-retouschiert.webp","contentUrl":"https:\/\/lieselehof.com\/wp-content\/uploads\/2024\/12\/sauvignon-retouschiert.webp","width":948,"height":2560},{"@type":"BreadcrumbList","@id":"https:\/\/lieselehof.com\/de\/wines\/classic\/sauvignon-blanc\/#breadcrumb","itemListElement":[{"@type":"ListItem","position":1,"name":"home","item":"https:\/\/lieselehof.com\/de\/"},{"@type":"ListItem","position":2,"name":"Weine","item":"https:\/\/lieselehof.com\/de\/weine\/"},{"@type":"ListItem","position":3,"name":"Classic","item":"https:\/\/lieselehof.com\/de\/kategorie\/classic\/"},{"@type":"ListItem","position":4,"name":"Sauvignon Blanc"}]},{"@type":"WebSite","@id":"https:\/\/lieselehof.com\/de\/#website","url":"https:\/\/lieselehof.com\/de\/","name":"Lieselehof","description":"Quality Wines","publisher":{"@id":"https:\/\/lieselehof.com\/de\/#organization"},"potentialAction":[{"@type":"SearchAction","target":{"@type":"EntryPoint","urlTemplate":"https:\/\/lieselehof.com\/de\/?s={search_term_string}"},"query-input":{"@type":"PropertyValueSpecification","valueRequired":true,"valueName":"search_term_string"}}],"inLanguage":"de"},{"@type":"Organization","@id":"https:\/\/lieselehof.com\/de\/#organization","name":"Lieselehof","url":"https:\/\/lieselehof.com\/de\/","logo":{"@type":"ImageObject","inLanguage":"de","@id":"https:\/\/lieselehof.com\/de\/#\/schema\/logo\/image\/","url":"https:\/\/lieselehof.com\/wp-content\/uploads\/lieselehof-logo.svg","contentUrl":"https:\/\/lieselehof.com\/wp-content\/uploads\/lieselehof-logo.svg","width":240,"height":124,"caption":"Lieselehof"},"image":{"@id":"https:\/\/lieselehof.com\/de\/#\/schema\/logo\/image\/"},"sameAs":["https:\/\/www.facebook.com\/lieselehof","https:\/\/www.instagram.com\/lieselehof_tenuta\/"]}]}},"jetpack_sharing_enabled":true,"_links":{"self":[{"href":"https:\/\/lieselehof.com\/de\/wp-json\/wp\/v2\/product\/31202","targetHints":{"allow":["GET"]}}],"collection":[{"href":"https:\/\/lieselehof.com\/de\/wp-json\/wp\/v2\/product"}],"about":[{"href":"https:\/\/lieselehof.com\/de\/wp-json\/wp\/v2\/types\/product"}],"version-history":[{"count":3,"href":"https:\/\/lieselehof.com\/de\/wp-json\/wp\/v2\/product\/31202\/revisions"}],"predecessor-version":[{"id":31342,"href":"https:\/\/lieselehof.com\/de\/wp-json\/wp\/v2\/product\/31202\/revisions\/31342"}],"wp:featuredmedia":[{"embeddable":true,"href":"https:\/\/lieselehof.com\/de\/wp-json\/wp\/v2\/media\/31268"}],"wp:attachment":[{"href":"https:\/\/lieselehof.com\/de\/wp-json\/wp\/v2\/media?parent=31202"}],"wp:term":[{"taxonomy":"product_brand","embeddable":true,"href":"https:\/\/lieselehof.com\/de\/wp-json\/wp\/v2\/product_brand?post=31202"},{"taxonomy":"product_cat","embeddable":true,"href":"https:\/\/lieselehof.com\/de\/wp-json\/wp\/v2\/product_cat?post=31202"},{"taxonomy":"product_tag","embeddable":true,"href":"https:\/\/lieselehof.com\/de\/wp-json\/wp\/v2\/product_tag?post=31202"}],"curies":[{"name":"wp","href":"https:\/\/api.w.org\/{rel}","templated":true}]}}